{"id":20281,"date":"2021-06-15T02:00:00","date_gmt":"2021-06-15T00:00:00","guid":{"rendered":"https:\/\/forlagetpress.forenteforlag.no\/produkt\/skyggespillet-3\/"},"modified":"2026-03-03T18:46:18","modified_gmt":"2026-03-03T17:46:18","slug":"skyggespillet-3","status":"publish","type":"product","link":"https:\/\/staging.forenteforlag.no\/forlaget\/produkt\/skyggespillet-3\/","title":{"rendered":"Skyggespillet"},"content":{"rendered":"<p>Den 13. juli 1949 d\u00f8de Alfredo Reinhardt p\u00e5 Santo Spiritosykehuset i Vatikanet. D\u00f8ds\u00e5rsaken ble oppgitt som alvorlig leversvikt. Men pasienten var innlagt under falskt navn. I virkeligheten het han Otto von W\u00e4chter: h\u00f8ytst\u00e5ende SS-offiser, tidligere guvern\u00f8r for Galicia i dagens Ukraina og etters\u00f8kt for drapet p\u00e5 over 100 000 mennesker. Hva brakte ham til Roma? Og hvorfor d\u00f8de han? <\/p>\n<p>Den fremst\u00e5ende menneskerettighetsjuristen Philippe Sands debuterte som sakprosaforfatter med den internasjonale kritikersuksessen Tilbake til Lemberg i 2016. Der fortalte Sands historien om bestefaren Leo, som r\u00f8mte fra Lemberg akkurat i tide til \u00e5 unng\u00e5 nazistenes j\u00f8deforf\u00f8lgelser, og om den internasjonale juridiske prosessen for \u00e5 straffe tyskernes forbrytelser etter krigen. <\/p>\n<p>Det var under arbeidet med debutboka at Philippe Sands kom i kontakt med Horst W\u00e4chter. En vennlig gammel mann bosatt i et falleferdig slott i \u00d8sterrike &#8211; og s\u00f8nn av nazilederen som under krigen hadde hatt ansvaret for forf\u00f8lgelsen av Sands&#8217; slektninger i Lemberg: Otto von W\u00e4chter. Da SS-mannen d\u00f8de i Roma sommeren 1949, var han p\u00e5 flukt til Argentina &#8211; assistert av kardinal Alois Hudal, som etter krigen hjalp b\u00e5de Josef Mengele og Adolf Eichmann til Latin-Amerika. Av s\u00f8nnen Horst f\u00e5r Philippe Sands tilgang til et unikt materiale av brev, dagb\u00f8ker og dokumenter etter Otto von W\u00e4chter. I Skyggespillet kan Philippe Sands dermed for f\u00f8rste gang fortelle historien om de tyske fluktnettverkene i etterkrigs\u00e5rene innenfra, og om den storpolitiske dragkampen rundt flyktningene &#8211; i et Europa stadig mer preget av den kalde krigen. <\/p>\n<p>Men arkivet ga ogs\u00e5 tilgang til en annen verden: Livet i en ledende nazi-familie b\u00e5de f\u00f8r, under og etter krigen. Med kj\u00e6rligheten mellom Otto og kona Charlotte &#8211; hun som etter krigen gjorde alt for \u00e5 redde ektemannen, og familiens \u00e6re. Og med sp\u00f8rsm\u00e5lene til s\u00f8nnen Horst, som aldri har gitt opp tanken p\u00e5 faren som \u00aben god mann\u00bb. Hva innhentet Otto von W\u00e4chter til slutt? Skyggespille<\/p>\n","protected":false},"excerpt":{"rendered":"<p>Den 13. juli 1949 d\u00f8de Alfredo Reinhardt p\u00e5 Santo Spiritosykehuset i Vatikanet. D\u00f8ds\u00e5rsaken ble oppgitt som alvorlig leversvikt. Men pasienten var innlagt under falskt navn. I virkeligheten het han Otto von W\u00e4chter: h\u00f8ytst\u00e5ende SS-offiser, tidligere guvern\u00f8r for Galicia i dagens Ukraina og etters\u00f8kt for drapet p\u00e5 over 100 000 mennesker. Hva brakte ham til Roma? [&hellip;]<\/p>\n","protected":false},"featured_media":26434,"template":"","meta":{"_acf_changed":false,"inline_featured_image":false},"product_brand":[],"product_cat":[1781],"product_tag":[362],"class_list":{"0":"post-20281","1":"product","2":"type-product","3":"status-publish","4":"has-post-thumbnail","6":"product_cat-rabattkodekampanje","7":"product_tag-faglitteratur","9":"first","10":"instock","11":"shipping-taxable","12":"purchasable","13":"product-type-simple"},"acf":{"anmeldelse":[{"tekst_anmeldelser":"\u00abD\u00f8de Otto von W\u00e4chter naturlig eller for menneskeh\u00e5nd? Hvem kunne ha interesse av \u00e5 rydde ham av veien? J\u00f8diske milj\u00f8er? Russerne? Amerikanerne? Gamle fascister? Vatikanet? Philippe Sands har nok en gang laget god litteratur av v\u00e5r n\u00e6re historie, utrettelig borende [og] drivende fortalt.\u00bb","av_anmeldelser":"Geir Pollen","terningkast":false,"kilde":"Klassekampen"},{"tekst_anmeldelser":"\u00abSkyggespillet er en velskrevet og ikke minst nitid studie av uhyrlighetene, sett fra den andre siden. [...] Sands v\u00e5ger \u00e5 fremstille Otto og Charlotte von W\u00e4chter som flerdimensjonale mennesker, med en dyp og varig kj\u00e6rlighet til hverandre, mye utroskap til tross, samtidig som han aldri slipper grepet om deres ansvar, ideologien de holdt fast p\u00e5, og gjerningene de begge var ansvarlige for. Det er drivende dyktig gjort.\u00bb","av_anmeldelser":"Sven Egil Omdal","terningkast":"<i class=\"fa-solid fa-dice-five\"><\/i>","kilde":"Stavanger Aftenblad"},{"tekst_anmeldelser":"\u00abHer skal ikke konklusjonen p\u00e5 Otto von W\u00e4chters skjebne r\u00f8pes, for boka kan leses som en spennende thriller. Samspillet mellom amerikansk etterretning og Vatikanet avsl\u00f8rer en kynisme som er sjokkerende, om ikke overraskende. \u00abSkyggespillet\u00bb framst\u00e5r som et overbevisende eksempel p\u00e5 at historien om 2. verdenskrig aldri slutter \u00e5 fascinere. Christian Rugstad, som oversatte Sands f\u00f8rste bok, har igjen bidratt til en s\u00f8ml\u00f8s videreformidling.\u00bb","av_anmeldelser":"Inger Bentzrud","terningkast":"<i class=\"fa-solid fa-dice-five\"><\/i>","kilde":"Dagbladet"},{"tekst_anmeldelser":"\u00abEn bok man knuger, den er nesten umulig \u00e5 legge fra seg; en s\u00e6rdeles grundig og stramt komponert virkelighetsthriller.\u00bb","av_anmeldelser":"Ellen Sofie Lauritzen","terningkast":false,"kilde":"Dagens N\u00e6ringsliv"},{"tekst_anmeldelser":"\u00abSkyggespillet er ikke bare en bok om hendelser i fortiden, men om deres \u00f8deleggende etterliv i verden i dag. Boka er et svimlende stykke historie, fortalt med samme driv og spenning som en thriller.\u00bb","av_anmeldelser":"Rebecca Abrahams","terningkast":false,"kilde":"Financial Times"},{"tekst_anmeldelser":"\u00abDet skorter ikke p\u00e5 gode b\u00f8ker om annen verdenskrig, men jeg har knapt lest noen som makter \u00e5 levendegj\u00f8re personene og dilemmaene s\u00e5 godt som Sands. [...] Denne boken gir et eksklusivt innblikk i livet p\u00e5 innsiden av en h\u00f8yprofilert nazifamilie, i kaoset i Europa i \u00e5rene som fulgte, og i en s\u00f8nn som aldri klarer \u00e5 kjempe seg ut av sin fars skygge. Christian Rugstad har fulgt opp Sands bokbragd med en str\u00e5lende oversettelse.\u00bb","av_anmeldelser":"Erle Marie S\u00f8rheim","terningkast":false,"kilde":"Aftenposten"},{"tekst_anmeldelser":"\u00abHvis du har den legendariske New York-forleggeren Andr\u00e9 Schiffrin (1935\u20132013) som svigerfar og John le Carr\u00e9 som n\u00e6rmeste nabo og gir deg til \u00e5 skrive b\u00f8ker, b\u00f8r de v\u00e6re gode. B\u00f8kene til den britiske juristen Philippe Sands er det.\u00bb","av_anmeldelser":"Espen S\u00f8bye","terningkast":false,"kilde":"Morgenbladet"}]},"yoast_head":"<!-- This site is optimized with the Yoast SEO plugin v26.6 - https:\/\/yoast.com\/wordpress\/plugins\/seo\/ -->\n<title>Skyggespillet - Forlaget Press<\/title>\n<meta name=\"robots\" content=\"noindex, follow, max-snippet:-1, max-image-preview:large, max-video-preview:-1\" \/>\n<meta property=\"og:locale\" content=\"nb_NO\" \/>\n<meta property=\"og:type\" content=\"article\" \/>\n<meta property=\"og:title\" content=\"Skyggespillet - Forlaget Press\" \/>\n<meta property=\"og:description\" content=\"Den 13. juli 1949 d\u00f8de Alfredo Reinhardt p\u00e5 Santo Spiritosykehuset i Vatikanet. D\u00f8ds\u00e5rsaken ble oppgitt som alvorlig leversvikt. Men pasienten var innlagt under falskt navn. I virkeligheten het han Otto von W\u00e4chter: h\u00f8ytst\u00e5ende SS-offiser, tidligere guvern\u00f8r for Galicia i dagens Ukraina og etters\u00f8kt for drapet p\u00e5 over 100 000 mennesker. Hva brakte ham til Roma? [&hellip;]\" \/>\n<meta property=\"og:url\" content=\"https:\/\/staging.forenteforlag.no\/forlaget\/produkt\/skyggespillet-3\/\" \/>\n<meta property=\"og:site_name\" content=\"Forlaget Press\" \/>\n<meta property=\"article:publisher\" content=\"https:\/\/www.facebook.com\/Forlagetpress\" \/>\n<meta property=\"article:modified_time\" content=\"2026-03-03T17:46:18+00:00\" \/>\n<meta property=\"og:image\" content=\"https:\/\/staging.forenteforlag.no\/forlaget\/wp-content\/uploads\/sites\/3\/2026\/02\/9788232803996.jpg\" \/>\n\t<meta property=\"og:image:width\" content=\"720\" \/>\n\t<meta property=\"og:image:height\" content=\"1066\" \/>\n\t<meta property=\"og:image:type\" content=\"image\/jpeg\" \/>\n<meta name=\"twitter:card\" content=\"summary_large_image\" \/>\n<meta name=\"twitter:label1\" content=\"Ansl. lesetid\" \/>\n\t<meta name=\"twitter:data1\" content=\"2 minutter\" \/>\n<script type=\"application\/ld+json\" class=\"yoast-schema-graph\">{\"@context\":\"https:\/\/schema.org\",\"@graph\":[{\"@type\":\"WebPage\",\"@id\":\"https:\/\/staging.forenteforlag.no\/forlaget\/produkt\/skyggespillet-3\/\",\"url\":\"https:\/\/staging.forenteforlag.no\/forlaget\/produkt\/skyggespillet-3\/\",\"name\":\"Skyggespillet - Forlaget Press\",\"isPartOf\":{\"@id\":\"https:\/\/staging.forenteforlag.no\/forlaget\/#website\"},\"primaryImageOfPage\":{\"@id\":\"https:\/\/staging.forenteforlag.no\/forlaget\/produkt\/skyggespillet-3\/#primaryimage\"},\"image\":{\"@id\":\"https:\/\/staging.forenteforlag.no\/forlaget\/produkt\/skyggespillet-3\/#primaryimage\"},\"thumbnailUrl\":\"https:\/\/staging.forenteforlag.no\/forlaget\/wp-content\/uploads\/sites\/3\/2026\/02\/9788232803996.jpg\",\"datePublished\":\"2021-06-15T00:00:00+00:00\",\"dateModified\":\"2026-03-03T17:46:18+00:00\",\"breadcrumb\":{\"@id\":\"https:\/\/staging.forenteforlag.no\/forlaget\/produkt\/skyggespillet-3\/#breadcrumb\"},\"inLanguage\":\"nb-NO\",\"potentialAction\":[{\"@type\":\"ReadAction\",\"target\":[\"https:\/\/staging.forenteforlag.no\/forlaget\/produkt\/skyggespillet-3\/\"]}]},{\"@type\":\"ImageObject\",\"inLanguage\":\"nb-NO\",\"@id\":\"https:\/\/staging.forenteforlag.no\/forlaget\/produkt\/skyggespillet-3\/#primaryimage\",\"url\":\"https:\/\/staging.forenteforlag.no\/forlaget\/wp-content\/uploads\/sites\/3\/2026\/02\/9788232803996.jpg\",\"contentUrl\":\"https:\/\/staging.forenteforlag.no\/forlaget\/wp-content\/uploads\/sites\/3\/2026\/02\/9788232803996.jpg\",\"width\":720,\"height\":1066},{\"@type\":\"BreadcrumbList\",\"@id\":\"https:\/\/staging.forenteforlag.no\/forlaget\/produkt\/skyggespillet-3\/#breadcrumb\",\"itemListElement\":[{\"@type\":\"ListItem\",\"position\":1,\"name\":\"Hjem\",\"item\":\"https:\/\/staging.forenteforlag.no\/forlaget\/\"},{\"@type\":\"ListItem\",\"position\":2,\"name\":\"Alle b\u00f8ker\",\"item\":\"https:\/\/staging.forenteforlag.no\/forlaget\/butikk\/\"},{\"@type\":\"ListItem\",\"position\":3,\"name\":\"Skyggespillet\"}]},{\"@type\":\"WebSite\",\"@id\":\"https:\/\/staging.forenteforlag.no\/forlaget\/#website\",\"url\":\"https:\/\/staging.forenteforlag.no\/forlaget\/\",\"name\":\"Forlaget Press\",\"description\":\"\",\"publisher\":{\"@id\":\"https:\/\/staging.forenteforlag.no\/forlaget\/#organization\"},\"potentialAction\":[{\"@type\":\"SearchAction\",\"target\":{\"@type\":\"EntryPoint\",\"urlTemplate\":\"https:\/\/staging.forenteforlag.no\/forlaget\/?s={search_term_string}\"},\"query-input\":{\"@type\":\"PropertyValueSpecification\",\"valueRequired\":true,\"valueName\":\"search_term_string\"}}],\"inLanguage\":\"nb-NO\"},{\"@type\":\"Organization\",\"@id\":\"https:\/\/staging.forenteforlag.no\/forlaget\/#organization\",\"name\":\"Forlaget Press\",\"url\":\"https:\/\/staging.forenteforlag.no\/forlaget\/\",\"logo\":{\"@type\":\"ImageObject\",\"inLanguage\":\"nb-NO\",\"@id\":\"https:\/\/staging.forenteforlag.no\/forlaget\/#\/schema\/logo\/image\/\",\"url\":\"https:\/\/staging.forenteforlag.no\/forlaget\/wp-content\/uploads\/sites\/3\/2024\/09\/Press_logo.svg\",\"contentUrl\":\"https:\/\/staging.forenteforlag.no\/forlaget\/wp-content\/uploads\/sites\/3\/2024\/09\/Press_logo.svg\",\"width\":100,\"height\":100,\"caption\":\"Forlaget Press\"},\"image\":{\"@id\":\"https:\/\/staging.forenteforlag.no\/forlaget\/#\/schema\/logo\/image\/\"},\"sameAs\":[\"https:\/\/www.facebook.com\/Forlagetpress\"]}]}<\/script>\n<!-- \/ Yoast SEO plugin. -->","yoast_head_json":{"title":"Skyggespillet - Forlaget Press","robots":{"index":"noindex","follow":"follow","max-snippet":"max-snippet:-1","max-image-preview":"max-image-preview:large","max-video-preview":"max-video-preview:-1"},"og_locale":"nb_NO","og_type":"article","og_title":"Skyggespillet - Forlaget Press","og_description":"Den 13. juli 1949 d\u00f8de Alfredo Reinhardt p\u00e5 Santo Spiritosykehuset i Vatikanet. D\u00f8ds\u00e5rsaken ble oppgitt som alvorlig leversvikt. Men pasienten var innlagt under falskt navn. I virkeligheten het han Otto von W\u00e4chter: h\u00f8ytst\u00e5ende SS-offiser, tidligere guvern\u00f8r for Galicia i dagens Ukraina og etters\u00f8kt for drapet p\u00e5 over 100 000 mennesker. Hva brakte ham til Roma? [&hellip;]","og_url":"https:\/\/staging.forenteforlag.no\/forlaget\/produkt\/skyggespillet-3\/","og_site_name":"Forlaget Press","article_publisher":"https:\/\/www.facebook.com\/Forlagetpress","article_modified_time":"2026-03-03T17:46:18+00:00","og_image":[{"width":720,"height":1066,"url":"https:\/\/staging.forenteforlag.no\/forlaget\/wp-content\/uploads\/sites\/3\/2026\/02\/9788232803996.jpg","type":"image\/jpeg"}],"twitter_card":"summary_large_image","twitter_misc":{"Ansl. lesetid":"2 minutter"},"schema":{"@context":"https:\/\/schema.org","@graph":[{"@type":"WebPage","@id":"https:\/\/staging.forenteforlag.no\/forlaget\/produkt\/skyggespillet-3\/","url":"https:\/\/staging.forenteforlag.no\/forlaget\/produkt\/skyggespillet-3\/","name":"Skyggespillet - Forlaget Press","isPartOf":{"@id":"https:\/\/staging.forenteforlag.no\/forlaget\/#website"},"primaryImageOfPage":{"@id":"https:\/\/staging.forenteforlag.no\/forlaget\/produkt\/skyggespillet-3\/#primaryimage"},"image":{"@id":"https:\/\/staging.forenteforlag.no\/forlaget\/produkt\/skyggespillet-3\/#primaryimage"},"thumbnailUrl":"https:\/\/staging.forenteforlag.no\/forlaget\/wp-content\/uploads\/sites\/3\/2026\/02\/9788232803996.jpg","datePublished":"2021-06-15T00:00:00+00:00","dateModified":"2026-03-03T17:46:18+00:00","breadcrumb":{"@id":"https:\/\/staging.forenteforlag.no\/forlaget\/produkt\/skyggespillet-3\/#breadcrumb"},"inLanguage":"nb-NO","potentialAction":[{"@type":"ReadAction","target":["https:\/\/staging.forenteforlag.no\/forlaget\/produkt\/skyggespillet-3\/"]}]},{"@type":"ImageObject","inLanguage":"nb-NO","@id":"https:\/\/staging.forenteforlag.no\/forlaget\/produkt\/skyggespillet-3\/#primaryimage","url":"https:\/\/staging.forenteforlag.no\/forlaget\/wp-content\/uploads\/sites\/3\/2026\/02\/9788232803996.jpg","contentUrl":"https:\/\/staging.forenteforlag.no\/forlaget\/wp-content\/uploads\/sites\/3\/2026\/02\/9788232803996.jpg","width":720,"height":1066},{"@type":"BreadcrumbList","@id":"https:\/\/staging.forenteforlag.no\/forlaget\/produkt\/skyggespillet-3\/#breadcrumb","itemListElement":[{"@type":"ListItem","position":1,"name":"Hjem","item":"https:\/\/staging.forenteforlag.no\/forlaget\/"},{"@type":"ListItem","position":2,"name":"Alle b\u00f8ker","item":"https:\/\/staging.forenteforlag.no\/forlaget\/butikk\/"},{"@type":"ListItem","position":3,"name":"Skyggespillet"}]},{"@type":"WebSite","@id":"https:\/\/staging.forenteforlag.no\/forlaget\/#website","url":"https:\/\/staging.forenteforlag.no\/forlaget\/","name":"Forlaget Press","description":"","publisher":{"@id":"https:\/\/staging.forenteforlag.no\/forlaget\/#organization"},"potentialAction":[{"@type":"SearchAction","target":{"@type":"EntryPoint","urlTemplate":"https:\/\/staging.forenteforlag.no\/forlaget\/?s={search_term_string}"},"query-input":{"@type":"PropertyValueSpecification","valueRequired":true,"valueName":"search_term_string"}}],"inLanguage":"nb-NO"},{"@type":"Organization","@id":"https:\/\/staging.forenteforlag.no\/forlaget\/#organization","name":"Forlaget Press","url":"https:\/\/staging.forenteforlag.no\/forlaget\/","logo":{"@type":"ImageObject","inLanguage":"nb-NO","@id":"https:\/\/staging.forenteforlag.no\/forlaget\/#\/schema\/logo\/image\/","url":"https:\/\/staging.forenteforlag.no\/forlaget\/wp-content\/uploads\/sites\/3\/2024\/09\/Press_logo.svg","contentUrl":"https:\/\/staging.forenteforlag.no\/forlaget\/wp-content\/uploads\/sites\/3\/2024\/09\/Press_logo.svg","width":100,"height":100,"caption":"Forlaget Press"},"image":{"@id":"https:\/\/staging.forenteforlag.no\/forlaget\/#\/schema\/logo\/image\/"},"sameAs":["https:\/\/www.facebook.com\/Forlagetpress"]}]}},"_links":{"self":[{"href":"https:\/\/staging.forenteforlag.no\/forlaget\/wp-json\/wp\/v2\/product\/20281","targetHints":{"allow":["GET"]}}],"collection":[{"href":"https:\/\/staging.forenteforlag.no\/forlaget\/wp-json\/wp\/v2\/product"}],"about":[{"href":"https:\/\/staging.forenteforlag.no\/forlaget\/wp-json\/wp\/v2\/types\/product"}],"wp:featuredmedia":[{"embeddable":true,"href":"https:\/\/staging.forenteforlag.no\/forlaget\/wp-json\/wp\/v2\/media\/26434"}],"wp:attachment":[{"href":"https:\/\/staging.forenteforlag.no\/forlaget\/wp-json\/wp\/v2\/media?parent=20281"}],"wp:term":[{"taxonomy":"product_brand","embeddable":true,"href":"https:\/\/staging.forenteforlag.no\/forlaget\/wp-json\/wp\/v2\/product_brand?post=20281"},{"taxonomy":"product_cat","embeddable":true,"href":"https:\/\/staging.forenteforlag.no\/forlaget\/wp-json\/wp\/v2\/product_cat?post=20281"},{"taxonomy":"product_tag","embeddable":true,"href":"https:\/\/staging.forenteforlag.no\/forlaget\/wp-json\/wp\/v2\/product_tag?post=20281"}],"curies":[{"name":"wp","href":"https:\/\/api.w.org\/{rel}","templated":true}]}}