{"id":20270,"date":"2020-09-24T02:00:00","date_gmt":"2020-09-24T00:00:00","guid":{"rendered":"https:\/\/forlagetpress.forenteforlag.no\/produkt\/asiatisk\/"},"modified":"2026-03-04T13:50:38","modified_gmt":"2026-03-04T12:50:38","slug":"asiatisk","status":"publish","type":"product","link":"https:\/\/staging.forenteforlag.no\/forlaget\/produkt\/asiatisk\/","title":{"rendered":"Asiatisk"},"content":{"rendered":"<p>Alle elsker asiatisk mat. Men hvordan lage den selv hjemme? I Asiatisk. En kokebok tar Jan Robin Ektvedt oss med inn p\u00e5 det asiatiske kj\u00f8kkenet, og l\u00e6rer oss \u00e5 lage de beste rettene med inspirasjon fra Japan, Kina, Korea, Vietnam og Thailand. Jan Robin Ektvedt er tidligere medlem av kokkelandslaget, forfatter av suksesskokeboka Gatemat og kj\u00f8kkensjef p\u00e5 den sagnomsuste dumplingrestauranten The Golden Chimp i Oslo. I Asiatisk viser Jan Robin oss hvordan vi kan lage fantastisk asiatisk mat selv hjemme, med r\u00e5varer og ingredienser som er tilgjengelig i norske forretninger. <\/p>\n<p>Han tar oss med i asiabutikken og forklarer hvordan alle de spennende sausene og r\u00e5varene i hyllene egentlig smaker, hvordan de brukes, og hvilke produkter som er de beste og mest anvendelige. Han l\u00e6rer oss \u00e5 lage v\u00e5re egne nudler, ramen eller dumplings p\u00e5 hjemmekj\u00f8kkenet. Han viser oss hvordan vi kan mikse sammen de enkleste og beste asiatiske sausene til stir fry, gryter eller dipper. Og han gir oss oppskriftene p\u00e5 en lang rekke vidunderlige asiatiske retter, fra klassikere som v\u00e5rruller eller stekt ris til nye favoritter som dumplings med kongekrabbe, japanske grillspyd eller koreansk bibimpap. Asiatisk er en kokebok som kan fornye hjemmekj\u00f8kkenet ditt.<\/p>\n","protected":false},"excerpt":{"rendered":"<p>Alle elsker asiatisk mat. Men hvordan lage den selv hjemme? I Asiatisk. En kokebok tar Jan Robin Ektvedt oss med inn p\u00e5 det asiatiske kj\u00f8kkenet, og l\u00e6rer oss \u00e5 lage de beste rettene med inspirasjon fra Japan, Kina, Korea, Vietnam og Thailand. Jan Robin Ektvedt er tidligere medlem av kokkelandslaget, forfatter av suksesskokeboka Gatemat og [&hellip;]<\/p>\n","protected":false},"featured_media":26412,"template":"","meta":{"_acf_changed":false,"inline_featured_image":false},"product_brand":[],"product_cat":[1781],"product_tag":[979,362,464],"class_list":{"0":"post-20270","1":"product","2":"type-product","3":"status-publish","4":"has-post-thumbnail","6":"product_cat-rabattkodekampanje","7":"product_tag-asia","8":"product_tag-faglitteratur","9":"product_tag-kokeboker","11":"first","12":"instock","13":"shipping-taxable","14":"purchasable","15":"product-type-simple"},"acf":{"anmeldelse":[{"tekst_anmeldelser":"\u00abEn lekkerbisken av en kokebok for alle som elsker asiatisk mat. Her f\u00e5r du de beste tipsene om hvordan du kan lage asiatisk hjemme - med inspirasjon fra Japan, Kina, Korea, Vietnam og Thailand. Og de beste tipsene til r\u00e5varene og sausene som er i hylla i asiabutikken - og hvordan du skal bruke dem. Mannen bak er kj\u00f8kkensjefen p\u00e5 Oslos dumplingrestaurant The Golden Chimp.\u00bb","av_anmeldelser":"","terningkast":false,"kilde":"VG"},{"tekst_anmeldelser":"\u00abMannen bak Oslo-restauranten The Golden Shrimp l\u00e6rer oss kunsten \u00e5 lage dumplings og andre asiatiske favoritter hjemme, og ogs\u00e5 hvordan vi finner frem i vareutvalget asiatiske matbutikker. Til \u00e5 bli klok av.\u00bb","av_anmeldelser":"\u00c5rets beste kokeb\u00f8ker","terningkast":false,"kilde":"Adresseavisen"}]},"yoast_head":"<!-- This site is optimized with the Yoast SEO plugin v26.6 - https:\/\/yoast.com\/wordpress\/plugins\/seo\/ -->\n<title>Asiatisk - Forlaget Press<\/title>\n<meta name=\"robots\" content=\"noindex, follow, max-snippet:-1, max-image-preview:large, max-video-preview:-1\" \/>\n<meta property=\"og:locale\" content=\"nb_NO\" \/>\n<meta property=\"og:type\" content=\"article\" \/>\n<meta property=\"og:title\" content=\"Asiatisk - Forlaget Press\" \/>\n<meta property=\"og:description\" content=\"Alle elsker asiatisk mat. Men hvordan lage den selv hjemme? I Asiatisk. En kokebok tar Jan Robin Ektvedt oss med inn p\u00e5 det asiatiske kj\u00f8kkenet, og l\u00e6rer oss \u00e5 lage de beste rettene med inspirasjon fra Japan, Kina, Korea, Vietnam og Thailand. Jan Robin Ektvedt er tidligere medlem av kokkelandslaget, forfatter av suksesskokeboka Gatemat og [&hellip;]\" \/>\n<meta property=\"og:url\" content=\"https:\/\/staging.forenteforlag.no\/forlaget\/produkt\/asiatisk\/\" \/>\n<meta property=\"og:site_name\" content=\"Forlaget Press\" \/>\n<meta property=\"article:publisher\" content=\"https:\/\/www.facebook.com\/Forlagetpress\" \/>\n<meta property=\"article:modified_time\" content=\"2026-03-04T12:50:38+00:00\" \/>\n<meta property=\"og:image\" content=\"https:\/\/staging.forenteforlag.no\/forlaget\/wp-content\/uploads\/sites\/3\/2026\/02\/9788232803743.jpg\" \/>\n\t<meta property=\"og:image:width\" content=\"720\" \/>\n\t<meta property=\"og:image:height\" content=\"948\" \/>\n\t<meta property=\"og:image:type\" content=\"image\/jpeg\" \/>\n<meta name=\"twitter:card\" content=\"summary_large_image\" \/>\n<meta name=\"twitter:label1\" content=\"Ansl. lesetid\" \/>\n\t<meta name=\"twitter:data1\" content=\"1 minutt\" \/>\n<script type=\"application\/ld+json\" class=\"yoast-schema-graph\">{\"@context\":\"https:\/\/schema.org\",\"@graph\":[{\"@type\":\"WebPage\",\"@id\":\"https:\/\/staging.forenteforlag.no\/forlaget\/produkt\/asiatisk\/\",\"url\":\"https:\/\/staging.forenteforlag.no\/forlaget\/produkt\/asiatisk\/\",\"name\":\"Asiatisk - Forlaget Press\",\"isPartOf\":{\"@id\":\"https:\/\/staging.forenteforlag.no\/forlaget\/#website\"},\"primaryImageOfPage\":{\"@id\":\"https:\/\/staging.forenteforlag.no\/forlaget\/produkt\/asiatisk\/#primaryimage\"},\"image\":{\"@id\":\"https:\/\/staging.forenteforlag.no\/forlaget\/produkt\/asiatisk\/#primaryimage\"},\"thumbnailUrl\":\"https:\/\/staging.forenteforlag.no\/forlaget\/wp-content\/uploads\/sites\/3\/2026\/02\/9788232803743.jpg\",\"datePublished\":\"2020-09-24T00:00:00+00:00\",\"dateModified\":\"2026-03-04T12:50:38+00:00\",\"breadcrumb\":{\"@id\":\"https:\/\/staging.forenteforlag.no\/forlaget\/produkt\/asiatisk\/#breadcrumb\"},\"inLanguage\":\"nb-NO\",\"potentialAction\":[{\"@type\":\"ReadAction\",\"target\":[\"https:\/\/staging.forenteforlag.no\/forlaget\/produkt\/asiatisk\/\"]}]},{\"@type\":\"ImageObject\",\"inLanguage\":\"nb-NO\",\"@id\":\"https:\/\/staging.forenteforlag.no\/forlaget\/produkt\/asiatisk\/#primaryimage\",\"url\":\"https:\/\/staging.forenteforlag.no\/forlaget\/wp-content\/uploads\/sites\/3\/2026\/02\/9788232803743.jpg\",\"contentUrl\":\"https:\/\/staging.forenteforlag.no\/forlaget\/wp-content\/uploads\/sites\/3\/2026\/02\/9788232803743.jpg\",\"width\":720,\"height\":948},{\"@type\":\"BreadcrumbList\",\"@id\":\"https:\/\/staging.forenteforlag.no\/forlaget\/produkt\/asiatisk\/#breadcrumb\",\"itemListElement\":[{\"@type\":\"ListItem\",\"position\":1,\"name\":\"Hjem\",\"item\":\"https:\/\/staging.forenteforlag.no\/forlaget\/\"},{\"@type\":\"ListItem\",\"position\":2,\"name\":\"Alle b\u00f8ker\",\"item\":\"https:\/\/staging.forenteforlag.no\/forlaget\/butikk\/\"},{\"@type\":\"ListItem\",\"position\":3,\"name\":\"Asiatisk\"}]},{\"@type\":\"WebSite\",\"@id\":\"https:\/\/staging.forenteforlag.no\/forlaget\/#website\",\"url\":\"https:\/\/staging.forenteforlag.no\/forlaget\/\",\"name\":\"Forlaget Press\",\"description\":\"\",\"publisher\":{\"@id\":\"https:\/\/staging.forenteforlag.no\/forlaget\/#organization\"},\"potentialAction\":[{\"@type\":\"SearchAction\",\"target\":{\"@type\":\"EntryPoint\",\"urlTemplate\":\"https:\/\/staging.forenteforlag.no\/forlaget\/?s={search_term_string}\"},\"query-input\":{\"@type\":\"PropertyValueSpecification\",\"valueRequired\":true,\"valueName\":\"search_term_string\"}}],\"inLanguage\":\"nb-NO\"},{\"@type\":\"Organization\",\"@id\":\"https:\/\/staging.forenteforlag.no\/forlaget\/#organization\",\"name\":\"Forlaget Press\",\"url\":\"https:\/\/staging.forenteforlag.no\/forlaget\/\",\"logo\":{\"@type\":\"ImageObject\",\"inLanguage\":\"nb-NO\",\"@id\":\"https:\/\/staging.forenteforlag.no\/forlaget\/#\/schema\/logo\/image\/\",\"url\":\"https:\/\/staging.forenteforlag.no\/forlaget\/wp-content\/uploads\/sites\/3\/2024\/09\/Press_logo.svg\",\"contentUrl\":\"https:\/\/staging.forenteforlag.no\/forlaget\/wp-content\/uploads\/sites\/3\/2024\/09\/Press_logo.svg\",\"width\":100,\"height\":100,\"caption\":\"Forlaget Press\"},\"image\":{\"@id\":\"https:\/\/staging.forenteforlag.no\/forlaget\/#\/schema\/logo\/image\/\"},\"sameAs\":[\"https:\/\/www.facebook.com\/Forlagetpress\"]}]}<\/script>\n<!-- \/ Yoast SEO plugin. -->","yoast_head_json":{"title":"Asiatisk - Forlaget Press","robots":{"index":"noindex","follow":"follow","max-snippet":"max-snippet:-1","max-image-preview":"max-image-preview:large","max-video-preview":"max-video-preview:-1"},"og_locale":"nb_NO","og_type":"article","og_title":"Asiatisk - Forlaget Press","og_description":"Alle elsker asiatisk mat. Men hvordan lage den selv hjemme? I Asiatisk. En kokebok tar Jan Robin Ektvedt oss med inn p\u00e5 det asiatiske kj\u00f8kkenet, og l\u00e6rer oss \u00e5 lage de beste rettene med inspirasjon fra Japan, Kina, Korea, Vietnam og Thailand. Jan Robin Ektvedt er tidligere medlem av kokkelandslaget, forfatter av suksesskokeboka Gatemat og [&hellip;]","og_url":"https:\/\/staging.forenteforlag.no\/forlaget\/produkt\/asiatisk\/","og_site_name":"Forlaget Press","article_publisher":"https:\/\/www.facebook.com\/Forlagetpress","article_modified_time":"2026-03-04T12:50:38+00:00","og_image":[{"width":720,"height":948,"url":"https:\/\/staging.forenteforlag.no\/forlaget\/wp-content\/uploads\/sites\/3\/2026\/02\/9788232803743.jpg","type":"image\/jpeg"}],"twitter_card":"summary_large_image","twitter_misc":{"Ansl. lesetid":"1 minutt"},"schema":{"@context":"https:\/\/schema.org","@graph":[{"@type":"WebPage","@id":"https:\/\/staging.forenteforlag.no\/forlaget\/produkt\/asiatisk\/","url":"https:\/\/staging.forenteforlag.no\/forlaget\/produkt\/asiatisk\/","name":"Asiatisk - Forlaget Press","isPartOf":{"@id":"https:\/\/staging.forenteforlag.no\/forlaget\/#website"},"primaryImageOfPage":{"@id":"https:\/\/staging.forenteforlag.no\/forlaget\/produkt\/asiatisk\/#primaryimage"},"image":{"@id":"https:\/\/staging.forenteforlag.no\/forlaget\/produkt\/asiatisk\/#primaryimage"},"thumbnailUrl":"https:\/\/staging.forenteforlag.no\/forlaget\/wp-content\/uploads\/sites\/3\/2026\/02\/9788232803743.jpg","datePublished":"2020-09-24T00:00:00+00:00","dateModified":"2026-03-04T12:50:38+00:00","breadcrumb":{"@id":"https:\/\/staging.forenteforlag.no\/forlaget\/produkt\/asiatisk\/#breadcrumb"},"inLanguage":"nb-NO","potentialAction":[{"@type":"ReadAction","target":["https:\/\/staging.forenteforlag.no\/forlaget\/produkt\/asiatisk\/"]}]},{"@type":"ImageObject","inLanguage":"nb-NO","@id":"https:\/\/staging.forenteforlag.no\/forlaget\/produkt\/asiatisk\/#primaryimage","url":"https:\/\/staging.forenteforlag.no\/forlaget\/wp-content\/uploads\/sites\/3\/2026\/02\/9788232803743.jpg","contentUrl":"https:\/\/staging.forenteforlag.no\/forlaget\/wp-content\/uploads\/sites\/3\/2026\/02\/9788232803743.jpg","width":720,"height":948},{"@type":"BreadcrumbList","@id":"https:\/\/staging.forenteforlag.no\/forlaget\/produkt\/asiatisk\/#breadcrumb","itemListElement":[{"@type":"ListItem","position":1,"name":"Hjem","item":"https:\/\/staging.forenteforlag.no\/forlaget\/"},{"@type":"ListItem","position":2,"name":"Alle b\u00f8ker","item":"https:\/\/staging.forenteforlag.no\/forlaget\/butikk\/"},{"@type":"ListItem","position":3,"name":"Asiatisk"}]},{"@type":"WebSite","@id":"https:\/\/staging.forenteforlag.no\/forlaget\/#website","url":"https:\/\/staging.forenteforlag.no\/forlaget\/","name":"Forlaget Press","description":"","publisher":{"@id":"https:\/\/staging.forenteforlag.no\/forlaget\/#organization"},"potentialAction":[{"@type":"SearchAction","target":{"@type":"EntryPoint","urlTemplate":"https:\/\/staging.forenteforlag.no\/forlaget\/?s={search_term_string}"},"query-input":{"@type":"PropertyValueSpecification","valueRequired":true,"valueName":"search_term_string"}}],"inLanguage":"nb-NO"},{"@type":"Organization","@id":"https:\/\/staging.forenteforlag.no\/forlaget\/#organization","name":"Forlaget Press","url":"https:\/\/staging.forenteforlag.no\/forlaget\/","logo":{"@type":"ImageObject","inLanguage":"nb-NO","@id":"https:\/\/staging.forenteforlag.no\/forlaget\/#\/schema\/logo\/image\/","url":"https:\/\/staging.forenteforlag.no\/forlaget\/wp-content\/uploads\/sites\/3\/2024\/09\/Press_logo.svg","contentUrl":"https:\/\/staging.forenteforlag.no\/forlaget\/wp-content\/uploads\/sites\/3\/2024\/09\/Press_logo.svg","width":100,"height":100,"caption":"Forlaget Press"},"image":{"@id":"https:\/\/staging.forenteforlag.no\/forlaget\/#\/schema\/logo\/image\/"},"sameAs":["https:\/\/www.facebook.com\/Forlagetpress"]}]}},"_links":{"self":[{"href":"https:\/\/staging.forenteforlag.no\/forlaget\/wp-json\/wp\/v2\/product\/20270","targetHints":{"allow":["GET"]}}],"collection":[{"href":"https:\/\/staging.forenteforlag.no\/forlaget\/wp-json\/wp\/v2\/product"}],"about":[{"href":"https:\/\/staging.forenteforlag.no\/forlaget\/wp-json\/wp\/v2\/types\/product"}],"wp:featuredmedia":[{"embeddable":true,"href":"https:\/\/staging.forenteforlag.no\/forlaget\/wp-json\/wp\/v2\/media\/26412"}],"wp:attachment":[{"href":"https:\/\/staging.forenteforlag.no\/forlaget\/wp-json\/wp\/v2\/media?parent=20270"}],"wp:term":[{"taxonomy":"product_brand","embeddable":true,"href":"https:\/\/staging.forenteforlag.no\/forlaget\/wp-json\/wp\/v2\/product_brand?post=20270"},{"taxonomy":"product_cat","embeddable":true,"href":"https:\/\/staging.forenteforlag.no\/forlaget\/wp-json\/wp\/v2\/product_cat?post=20270"},{"taxonomy":"product_tag","embeddable":true,"href":"https:\/\/staging.forenteforlag.no\/forlaget\/wp-json\/wp\/v2\/product_tag?post=20270"}],"curies":[{"name":"wp","href":"https:\/\/api.w.org\/{rel}","templated":true}]}}