{"id":20261,"date":"2018-08-23T02:00:00","date_gmt":"2018-08-23T00:00:00","guid":{"rendered":"https:\/\/forlagetpress.forenteforlag.no\/produkt\/om-tyranni-4\/"},"modified":"2026-03-04T09:42:38","modified_gmt":"2026-03-04T08:42:38","slug":"om-tyranni-4","status":"publish","type":"product","link":"https:\/\/staging.forenteforlag.no\/forlaget\/produkt\/om-tyranni-4\/","title":{"rendered":"Om tyranni"},"content":{"rendered":"<p>Det politiske klimaet i USA og Europa er i endring og i 2017 st\u00e5r vi overfor trusler som minner om totalit\u00e6re tendenser som i ulike tapninger preget Europa i forrige \u00e5rhundre. Det er grunn til uro, bekrefter historikeren Timothy Snyder. F\u00e5 kjenner det 20. \u00e5rhundres overskridelser bedre enn ham. Historien gjentar seg ikke, men den kan vise vei. Derfor har han skrevet en guide i 20 kapitler om hva vi skal passe p\u00e5, og hva vi kan gj\u00f8re. I det tjuende \u00e5rhundre kollapset europeiske demokratier i fascisme, nazisme og kommunisme. Dette var bevegelser der lederne av de politiske partiene hevdet at de var gitt makten av folket og skulle v\u00e6re folkets stemme. De skulle beskytte folket mot trusler, gjerne av global art, de s\u00e5 bort fra fakta og lot halvsanne myter p\u00e5virke beslutninger. Europeisk historie viser oss at samfunn kan bryte sammen, demokratier kan falle, etikken kollapse og helt vanlige folk kan bli satt i uvirkelige situasjoner. <\/p>\n<p>Timothy Snyder presenterer 20 ting vi kan l\u00e6re av det 20. \u00e5rhundre. Boken er basert p\u00e5 en liste han skrev etter presidentvalget i USA, som raskt ble spredt p\u00e5 sosiale medier. Dette er en viktig bok ikke bare for amerikanere, men for oss alle, n\u00e5 som populistiske og autorit\u00e6re tendenser er blitt tydeligere b\u00e5de i USA og i Europa. Snyder er professor i historie, og har spesialisert seg p\u00e5 Det tredje riket og Holocaust: \u00abDagens amerikanere er ikke smartere enn europeerne, deres demokratier ble overgitt til fascisme, nazisme og kommunisme i det 20. \u00e5rhundre. En av USAs fordeler er at de kanskje kan l\u00e6re av andres erfaringer. Akkurat n\u00e5 ville v\u00e6re et godt tidspunkt \u00e5 gj\u00f8re det.\u00bb<\/p>\n","protected":false},"excerpt":{"rendered":"<p>Det politiske klimaet i USA og Europa er i endring og i 2017 st\u00e5r vi overfor trusler som minner om totalit\u00e6re tendenser som i ulike tapninger preget Europa i forrige \u00e5rhundre. Det er grunn til uro, bekrefter historikeren Timothy Snyder. F\u00e5 kjenner det 20. \u00e5rhundres overskridelser bedre enn ham. Historien gjentar seg ikke, men den [&hellip;]<\/p>\n","protected":false},"featured_media":26337,"template":"","meta":{"_acf_changed":false,"inline_featured_image":false},"product_brand":[],"product_cat":[1781],"product_tag":[362],"class_list":{"0":"post-20261","1":"product","2":"type-product","3":"status-publish","4":"has-post-thumbnail","6":"product_cat-rabattkodekampanje","7":"product_tag-faglitteratur","9":"first","10":"instock","11":"shipping-taxable","12":"purchasable","13":"product-type-simple"},"acf":{"anmeldelse":[{"tekst_anmeldelser":"\u00abLa den bli folkelesning! Gi den til naboen!\u00bb","av_anmeldelser":"Bernt Hagtvet","terningkast":false,"kilde":"Dagbladet"},{"tekst_anmeldelser":"\u00abDet er en liten bok, men advarselen den rommer, er mektig.\u00bb","av_anmeldelser":"Sven Egil Omdal","terningkast":false,"kilde":"Stavanger Aftenblad"},{"tekst_anmeldelser":"\u00abDenne b\u00f8r v\u00e6re pensum i b\u00e5de skolen og p\u00e5 universitetet... Boken er en hyllest til dem som ikke g\u00e5r i takt, som tenker selv og som leter etter fakta.\u00bb","av_anmeldelser":"Gunnar Kagge","terningkast":false,"kilde":"Aftenposten"},{"tekst_anmeldelser":"\u00abEr vi i stand til \u00e5 merke at demokratiet undergraves, f\u00f8r det er for sent? En fersk 20-punkts h\u00e5ndbok i tyrannimotstand er nyttig \u00e5 ha p\u00e5 vei inn i t\u00e5keheimen.\u00bb","av_anmeldelser":"Simen Ekern","terningkast":false,"kilde":"Morgenbladet"}]},"yoast_head":"<!-- This site is optimized with the Yoast SEO plugin v26.6 - https:\/\/yoast.com\/wordpress\/plugins\/seo\/ -->\n<title>Om tyranni - Forlaget Press<\/title>\n<meta name=\"robots\" content=\"noindex, follow, max-snippet:-1, max-image-preview:large, max-video-preview:-1\" \/>\n<meta property=\"og:locale\" content=\"nb_NO\" \/>\n<meta property=\"og:type\" content=\"article\" \/>\n<meta property=\"og:title\" content=\"Om tyranni - Forlaget Press\" \/>\n<meta property=\"og:description\" content=\"Det politiske klimaet i USA og Europa er i endring og i 2017 st\u00e5r vi overfor trusler som minner om totalit\u00e6re tendenser som i ulike tapninger preget Europa i forrige \u00e5rhundre. Det er grunn til uro, bekrefter historikeren Timothy Snyder. F\u00e5 kjenner det 20. \u00e5rhundres overskridelser bedre enn ham. Historien gjentar seg ikke, men den [&hellip;]\" \/>\n<meta property=\"og:url\" content=\"https:\/\/staging.forenteforlag.no\/forlaget\/produkt\/om-tyranni-4\/\" \/>\n<meta property=\"og:site_name\" content=\"Forlaget Press\" \/>\n<meta property=\"article:publisher\" content=\"https:\/\/www.facebook.com\/Forlagetpress\" \/>\n<meta property=\"article:modified_time\" content=\"2026-03-04T08:42:38+00:00\" \/>\n<meta property=\"og:image\" content=\"https:\/\/staging.forenteforlag.no\/forlaget\/wp-content\/uploads\/sites\/3\/2026\/02\/9788232802357.jpg\" \/>\n\t<meta property=\"og:image:width\" content=\"720\" \/>\n\t<meta property=\"og:image:height\" content=\"1084\" \/>\n\t<meta property=\"og:image:type\" content=\"image\/jpeg\" \/>\n<meta name=\"twitter:card\" content=\"summary_large_image\" \/>\n<meta name=\"twitter:label1\" content=\"Ansl. lesetid\" \/>\n\t<meta name=\"twitter:data1\" content=\"1 minutt\" \/>\n<script type=\"application\/ld+json\" class=\"yoast-schema-graph\">{\"@context\":\"https:\/\/schema.org\",\"@graph\":[{\"@type\":\"WebPage\",\"@id\":\"https:\/\/staging.forenteforlag.no\/forlaget\/produkt\/om-tyranni-4\/\",\"url\":\"https:\/\/staging.forenteforlag.no\/forlaget\/produkt\/om-tyranni-4\/\",\"name\":\"Om tyranni - Forlaget Press\",\"isPartOf\":{\"@id\":\"https:\/\/staging.forenteforlag.no\/forlaget\/#website\"},\"primaryImageOfPage\":{\"@id\":\"https:\/\/staging.forenteforlag.no\/forlaget\/produkt\/om-tyranni-4\/#primaryimage\"},\"image\":{\"@id\":\"https:\/\/staging.forenteforlag.no\/forlaget\/produkt\/om-tyranni-4\/#primaryimage\"},\"thumbnailUrl\":\"https:\/\/staging.forenteforlag.no\/forlaget\/wp-content\/uploads\/sites\/3\/2026\/02\/9788232802357.jpg\",\"datePublished\":\"2018-08-23T00:00:00+00:00\",\"dateModified\":\"2026-03-04T08:42:38+00:00\",\"breadcrumb\":{\"@id\":\"https:\/\/staging.forenteforlag.no\/forlaget\/produkt\/om-tyranni-4\/#breadcrumb\"},\"inLanguage\":\"nb-NO\",\"potentialAction\":[{\"@type\":\"ReadAction\",\"target\":[\"https:\/\/staging.forenteforlag.no\/forlaget\/produkt\/om-tyranni-4\/\"]}]},{\"@type\":\"ImageObject\",\"inLanguage\":\"nb-NO\",\"@id\":\"https:\/\/staging.forenteforlag.no\/forlaget\/produkt\/om-tyranni-4\/#primaryimage\",\"url\":\"https:\/\/staging.forenteforlag.no\/forlaget\/wp-content\/uploads\/sites\/3\/2026\/02\/9788232802357.jpg\",\"contentUrl\":\"https:\/\/staging.forenteforlag.no\/forlaget\/wp-content\/uploads\/sites\/3\/2026\/02\/9788232802357.jpg\",\"width\":720,\"height\":1084},{\"@type\":\"BreadcrumbList\",\"@id\":\"https:\/\/staging.forenteforlag.no\/forlaget\/produkt\/om-tyranni-4\/#breadcrumb\",\"itemListElement\":[{\"@type\":\"ListItem\",\"position\":1,\"name\":\"Hjem\",\"item\":\"https:\/\/staging.forenteforlag.no\/forlaget\/\"},{\"@type\":\"ListItem\",\"position\":2,\"name\":\"Alle b\u00f8ker\",\"item\":\"https:\/\/staging.forenteforlag.no\/forlaget\/butikk\/\"},{\"@type\":\"ListItem\",\"position\":3,\"name\":\"Om tyranni\"}]},{\"@type\":\"WebSite\",\"@id\":\"https:\/\/staging.forenteforlag.no\/forlaget\/#website\",\"url\":\"https:\/\/staging.forenteforlag.no\/forlaget\/\",\"name\":\"Forlaget Press\",\"description\":\"\",\"publisher\":{\"@id\":\"https:\/\/staging.forenteforlag.no\/forlaget\/#organization\"},\"potentialAction\":[{\"@type\":\"SearchAction\",\"target\":{\"@type\":\"EntryPoint\",\"urlTemplate\":\"https:\/\/staging.forenteforlag.no\/forlaget\/?s={search_term_string}\"},\"query-input\":{\"@type\":\"PropertyValueSpecification\",\"valueRequired\":true,\"valueName\":\"search_term_string\"}}],\"inLanguage\":\"nb-NO\"},{\"@type\":\"Organization\",\"@id\":\"https:\/\/staging.forenteforlag.no\/forlaget\/#organization\",\"name\":\"Forlaget Press\",\"url\":\"https:\/\/staging.forenteforlag.no\/forlaget\/\",\"logo\":{\"@type\":\"ImageObject\",\"inLanguage\":\"nb-NO\",\"@id\":\"https:\/\/staging.forenteforlag.no\/forlaget\/#\/schema\/logo\/image\/\",\"url\":\"https:\/\/staging.forenteforlag.no\/forlaget\/wp-content\/uploads\/sites\/3\/2024\/09\/Press_logo.svg\",\"contentUrl\":\"https:\/\/staging.forenteforlag.no\/forlaget\/wp-content\/uploads\/sites\/3\/2024\/09\/Press_logo.svg\",\"width\":100,\"height\":100,\"caption\":\"Forlaget Press\"},\"image\":{\"@id\":\"https:\/\/staging.forenteforlag.no\/forlaget\/#\/schema\/logo\/image\/\"},\"sameAs\":[\"https:\/\/www.facebook.com\/Forlagetpress\"]}]}<\/script>\n<!-- \/ Yoast SEO plugin. -->","yoast_head_json":{"title":"Om tyranni - Forlaget Press","robots":{"index":"noindex","follow":"follow","max-snippet":"max-snippet:-1","max-image-preview":"max-image-preview:large","max-video-preview":"max-video-preview:-1"},"og_locale":"nb_NO","og_type":"article","og_title":"Om tyranni - Forlaget Press","og_description":"Det politiske klimaet i USA og Europa er i endring og i 2017 st\u00e5r vi overfor trusler som minner om totalit\u00e6re tendenser som i ulike tapninger preget Europa i forrige \u00e5rhundre. Det er grunn til uro, bekrefter historikeren Timothy Snyder. F\u00e5 kjenner det 20. \u00e5rhundres overskridelser bedre enn ham. Historien gjentar seg ikke, men den [&hellip;]","og_url":"https:\/\/staging.forenteforlag.no\/forlaget\/produkt\/om-tyranni-4\/","og_site_name":"Forlaget Press","article_publisher":"https:\/\/www.facebook.com\/Forlagetpress","article_modified_time":"2026-03-04T08:42:38+00:00","og_image":[{"width":720,"height":1084,"url":"https:\/\/staging.forenteforlag.no\/forlaget\/wp-content\/uploads\/sites\/3\/2026\/02\/9788232802357.jpg","type":"image\/jpeg"}],"twitter_card":"summary_large_image","twitter_misc":{"Ansl. lesetid":"1 minutt"},"schema":{"@context":"https:\/\/schema.org","@graph":[{"@type":"WebPage","@id":"https:\/\/staging.forenteforlag.no\/forlaget\/produkt\/om-tyranni-4\/","url":"https:\/\/staging.forenteforlag.no\/forlaget\/produkt\/om-tyranni-4\/","name":"Om tyranni - Forlaget Press","isPartOf":{"@id":"https:\/\/staging.forenteforlag.no\/forlaget\/#website"},"primaryImageOfPage":{"@id":"https:\/\/staging.forenteforlag.no\/forlaget\/produkt\/om-tyranni-4\/#primaryimage"},"image":{"@id":"https:\/\/staging.forenteforlag.no\/forlaget\/produkt\/om-tyranni-4\/#primaryimage"},"thumbnailUrl":"https:\/\/staging.forenteforlag.no\/forlaget\/wp-content\/uploads\/sites\/3\/2026\/02\/9788232802357.jpg","datePublished":"2018-08-23T00:00:00+00:00","dateModified":"2026-03-04T08:42:38+00:00","breadcrumb":{"@id":"https:\/\/staging.forenteforlag.no\/forlaget\/produkt\/om-tyranni-4\/#breadcrumb"},"inLanguage":"nb-NO","potentialAction":[{"@type":"ReadAction","target":["https:\/\/staging.forenteforlag.no\/forlaget\/produkt\/om-tyranni-4\/"]}]},{"@type":"ImageObject","inLanguage":"nb-NO","@id":"https:\/\/staging.forenteforlag.no\/forlaget\/produkt\/om-tyranni-4\/#primaryimage","url":"https:\/\/staging.forenteforlag.no\/forlaget\/wp-content\/uploads\/sites\/3\/2026\/02\/9788232802357.jpg","contentUrl":"https:\/\/staging.forenteforlag.no\/forlaget\/wp-content\/uploads\/sites\/3\/2026\/02\/9788232802357.jpg","width":720,"height":1084},{"@type":"BreadcrumbList","@id":"https:\/\/staging.forenteforlag.no\/forlaget\/produkt\/om-tyranni-4\/#breadcrumb","itemListElement":[{"@type":"ListItem","position":1,"name":"Hjem","item":"https:\/\/staging.forenteforlag.no\/forlaget\/"},{"@type":"ListItem","position":2,"name":"Alle b\u00f8ker","item":"https:\/\/staging.forenteforlag.no\/forlaget\/butikk\/"},{"@type":"ListItem","position":3,"name":"Om tyranni"}]},{"@type":"WebSite","@id":"https:\/\/staging.forenteforlag.no\/forlaget\/#website","url":"https:\/\/staging.forenteforlag.no\/forlaget\/","name":"Forlaget Press","description":"","publisher":{"@id":"https:\/\/staging.forenteforlag.no\/forlaget\/#organization"},"potentialAction":[{"@type":"SearchAction","target":{"@type":"EntryPoint","urlTemplate":"https:\/\/staging.forenteforlag.no\/forlaget\/?s={search_term_string}"},"query-input":{"@type":"PropertyValueSpecification","valueRequired":true,"valueName":"search_term_string"}}],"inLanguage":"nb-NO"},{"@type":"Organization","@id":"https:\/\/staging.forenteforlag.no\/forlaget\/#organization","name":"Forlaget Press","url":"https:\/\/staging.forenteforlag.no\/forlaget\/","logo":{"@type":"ImageObject","inLanguage":"nb-NO","@id":"https:\/\/staging.forenteforlag.no\/forlaget\/#\/schema\/logo\/image\/","url":"https:\/\/staging.forenteforlag.no\/forlaget\/wp-content\/uploads\/sites\/3\/2024\/09\/Press_logo.svg","contentUrl":"https:\/\/staging.forenteforlag.no\/forlaget\/wp-content\/uploads\/sites\/3\/2024\/09\/Press_logo.svg","width":100,"height":100,"caption":"Forlaget Press"},"image":{"@id":"https:\/\/staging.forenteforlag.no\/forlaget\/#\/schema\/logo\/image\/"},"sameAs":["https:\/\/www.facebook.com\/Forlagetpress"]}]}},"_links":{"self":[{"href":"https:\/\/staging.forenteforlag.no\/forlaget\/wp-json\/wp\/v2\/product\/20261","targetHints":{"allow":["GET"]}}],"collection":[{"href":"https:\/\/staging.forenteforlag.no\/forlaget\/wp-json\/wp\/v2\/product"}],"about":[{"href":"https:\/\/staging.forenteforlag.no\/forlaget\/wp-json\/wp\/v2\/types\/product"}],"wp:featuredmedia":[{"embeddable":true,"href":"https:\/\/staging.forenteforlag.no\/forlaget\/wp-json\/wp\/v2\/media\/26337"}],"wp:attachment":[{"href":"https:\/\/staging.forenteforlag.no\/forlaget\/wp-json\/wp\/v2\/media?parent=20261"}],"wp:term":[{"taxonomy":"product_brand","embeddable":true,"href":"https:\/\/staging.forenteforlag.no\/forlaget\/wp-json\/wp\/v2\/product_brand?post=20261"},{"taxonomy":"product_cat","embeddable":true,"href":"https:\/\/staging.forenteforlag.no\/forlaget\/wp-json\/wp\/v2\/product_cat?post=20261"},{"taxonomy":"product_tag","embeddable":true,"href":"https:\/\/staging.forenteforlag.no\/forlaget\/wp-json\/wp\/v2\/product_tag?post=20261"}],"curies":[{"name":"wp","href":"https:\/\/api.w.org\/{rel}","templated":true}]}}