{"id":20257,"date":"2016-02-19T01:00:00","date_gmt":"2016-02-19T00:00:00","guid":{"rendered":"https:\/\/forlagetpress.forenteforlag.no\/produkt\/h-for-hauk-3\/"},"modified":"2026-03-04T12:28:53","modified_gmt":"2026-03-04T11:28:53","slug":"h-for-hauk-3","status":"publish","type":"product","link":"https:\/\/staging.forenteforlag.no\/forlaget\/produkt\/h-for-hauk-3\/","title":{"rendered":"H for hauk"},"content":{"rendered":"<p>Da hun var liten, ville Helen Macdonald bli falkoner, falketemmer. Hun leste alt hun kom over av b\u00f8ker om emnet og l\u00e6rte seg alle de gammelmodige fagbegrepene. Helen endte opp med \u00e5 bli historiker og forfatter, men hun beholdt interessen for de ville fuglene. S\u00e5, rett f\u00f8r hun fyller f\u00f8rti, mister Helen faren sin. Midt i m\u00f8rket og fortvilelsen er det bare \u00e9n ting hun kjenner, kaldt og klart: Hun vil temme en hauk. Hun vil l\u00e6re seg \u00e5 temme den ondeste og villeste og mest skremmende av alle rovfugler: h\u00f8nsehauken. <\/p>\n<p>Hun kj\u00f8per hauken Mabel for \u00e5tte hundre pund i en hustrig havneby i Skottland, og den ser p\u00e5 henne med de store \u00f8ynene sine. Vel hjemme i Cambridge fyller Helen fryseren med haukemat, skrur av mobiltelefonen og tar fatt p\u00e5 en reise hun ikke aner hvor vil ende. <br \/>H for hauk fikk umiddelbart status som en moderne klassiker da den kom ut i Storbritannia i 2014. <\/p>\n<p>Det er en bok om dyr og menneske, om ensomhet og fellesskap, sivilisasjon og villskap, liv og d\u00f8d. Det er en historie omsorg, fortvilelse og forvirring &#8211; men ogs\u00e5 en forbl\u00f8ffendefascinerende beretning om arbeidet for \u00e5 temme en av naturens mest urokkelige skapninger. Og mens fuglen langsomt l\u00e6rer \u00e5 lystre &#8211; l\u00e6rer Helen hva det vil si \u00e5 bli fri.<\/p>\n","protected":false},"excerpt":{"rendered":"<p>Da hun var liten, ville Helen Macdonald bli falkoner, falketemmer. Hun leste alt hun kom over av b\u00f8ker om emnet og l\u00e6rte seg alle de gammelmodige fagbegrepene. Helen endte opp med \u00e5 bli historiker og forfatter, men hun beholdt interessen for de ville fuglene. S\u00e5, rett f\u00f8r hun fyller f\u00f8rti, mister Helen faren sin. Midt [&hellip;]<\/p>\n","protected":false},"featured_media":26232,"template":"","meta":{"_acf_changed":false,"inline_featured_image":false},"product_brand":[],"product_cat":[1781],"product_tag":[403,362,1740,383,716,644],"class_list":{"0":"post-20257","1":"product","2":"type-product","3":"status-publish","4":"has-post-thumbnail","6":"product_cat-rabattkodekampanje","7":"product_tag-eldreomsorg","8":"product_tag-faglitteratur","9":"product_tag-hverdagsbetraktninger","10":"product_tag-personlige-beretninger","11":"product_tag-rovfugler","12":"product_tag-selvutvikling","14":"first","15":"instock","16":"shipping-taxable","17":"purchasable","18":"product-type-simple"},"acf":{"anmeldelse":[{"tekst_anmeldelser":"\u00abMacdonald er fantastisk god p\u00e5 \u00e5 formidle den irrasjonelle og krevende relasjonen mellom hauk og trener. [...] og hennes landskapsbeskrivelser er et kapittel for seg: varme, kunnskapsrike, vakre og dypt medf\u00f8lende.\u00bb","av_anmeldelser":"Arne Hugo St\u00f8lan","terningkast":"<i class=\"fa-solid fa-dice-five\"><\/i>","kilde":"VG"},{"tekst_anmeldelser":"\u00abHaukeforfatter Helen Macdonald har satt kloa i sin egen sorg i en norsk oversettelse av rang. (\u2026) Skal du legge ut p\u00e5 en flytur i sommer: Les H for hauk.\u00bb","av_anmeldelser":"Arne Guttormsen","terningkast":false,"kilde":"V\u00e5rt Land"},{"tekst_anmeldelser":"\u00abGjennom Macdonalds identifisering med rovfuglen tvinges vi inn i paradoksene historien b\u00e6rer i seg. Kj\u00e6rlighet og tvang. Naturen og det menneskeskapte [...] Plettfritt oversatt av Knut Ofstad.\u00bb","av_anmeldelser":"Torborg Igland","terningkast":"<i class=\"fa-solid fa-dice-five\"><\/i>","kilde":"F\u00e6drelandsvennen"},{"tekst_anmeldelser":"\u00abI blant dukker det opp sakprosab\u00f8ker som dette, som er s\u00e5 rike i sitt stofftilfang, og s\u00e5 intelligente i sin omgang med verden at du ikke vi lese annet. Det er det beste jeg har lest p\u00e5 \u00e5r og dag.\u00bb","av_anmeldelser":"Karin Haugen","terningkast":false,"kilde":"Klassekampen"},{"tekst_anmeldelser":"\u00abMacdonald lykkes med \u00e5 forene vitenskap og lidenskap i en erfaringsn\u00e6r bok om et eksentrisk sideprosjekt som tar overh\u00e5nd.\u00bb","av_anmeldelser":"Susanne Hedemann Hiorth","terningkast":false,"kilde":"Dagens N\u00e6ringsliv"},{"tekst_anmeldelser":"\u00abDette er en s\u00e6rdeles god bok. Grunnen er enkel; Den er usedvanlig velskrevet, godt komponert, dessuten knirkefritt oversatt.\u00bb","av_anmeldelser":"Fredrik Wandrup","terningkast":"<i class=\"fa-solid fa-dice-five\"><\/i>","kilde":"Dagbladet"},{"tekst_anmeldelser":"\u00abH for hauk m\u00e5 v\u00e6re en av de t\u00f8ffeste, vondeste og vakreste fortellingene om sorg og tap jeg har lest.\u00bb","av_anmeldelser":"Ellen Sofie Lauritzen","terningkast":false,"kilde":"Aftenposten"},{"tekst_anmeldelser":"\u00abH for hauk er en bok av den typen man aldri hadde sett for seg ville skrives, og med vanskelighet kunne se for seg at kunne bli spesielt vellykket. Men her er den, skam over alle fordommer.\u00bb","av_anmeldelser":"Gerd Elin Stava Sandve","terningkast":false,"kilde":"Dagsavisen"}]},"yoast_head":"<!-- This site is optimized with the Yoast SEO plugin v26.6 - https:\/\/yoast.com\/wordpress\/plugins\/seo\/ -->\n<title>H for hauk - Forlaget Press<\/title>\n<meta name=\"robots\" content=\"noindex, follow, max-snippet:-1, max-image-preview:large, max-video-preview:-1\" \/>\n<meta property=\"og:locale\" content=\"nb_NO\" \/>\n<meta property=\"og:type\" content=\"article\" \/>\n<meta property=\"og:title\" content=\"H for hauk - Forlaget Press\" \/>\n<meta property=\"og:description\" content=\"Da hun var liten, ville Helen Macdonald bli falkoner, falketemmer. Hun leste alt hun kom over av b\u00f8ker om emnet og l\u00e6rte seg alle de gammelmodige fagbegrepene. Helen endte opp med \u00e5 bli historiker og forfatter, men hun beholdt interessen for de ville fuglene. S\u00e5, rett f\u00f8r hun fyller f\u00f8rti, mister Helen faren sin. Midt [&hellip;]\" \/>\n<meta property=\"og:url\" content=\"https:\/\/staging.forenteforlag.no\/forlaget\/produkt\/h-for-hauk-3\/\" \/>\n<meta property=\"og:site_name\" content=\"Forlaget Press\" \/>\n<meta property=\"article:publisher\" content=\"https:\/\/www.facebook.com\/Forlagetpress\" \/>\n<meta property=\"article:modified_time\" content=\"2026-03-04T11:28:53+00:00\" \/>\n<meta property=\"og:image\" content=\"https:\/\/staging.forenteforlag.no\/forlaget\/wp-content\/uploads\/sites\/3\/2026\/02\/9788232800629.jpg\" \/>\n\t<meta property=\"og:image:width\" content=\"720\" \/>\n\t<meta property=\"og:image:height\" content=\"1059\" \/>\n\t<meta property=\"og:image:type\" content=\"image\/jpeg\" \/>\n<meta name=\"twitter:card\" content=\"summary_large_image\" \/>\n<meta name=\"twitter:label1\" content=\"Ansl. lesetid\" \/>\n\t<meta name=\"twitter:data1\" content=\"1 minutt\" \/>\n<script type=\"application\/ld+json\" class=\"yoast-schema-graph\">{\"@context\":\"https:\/\/schema.org\",\"@graph\":[{\"@type\":\"WebPage\",\"@id\":\"https:\/\/staging.forenteforlag.no\/forlaget\/produkt\/h-for-hauk-3\/\",\"url\":\"https:\/\/staging.forenteforlag.no\/forlaget\/produkt\/h-for-hauk-3\/\",\"name\":\"H for hauk - Forlaget Press\",\"isPartOf\":{\"@id\":\"https:\/\/staging.forenteforlag.no\/forlaget\/#website\"},\"primaryImageOfPage\":{\"@id\":\"https:\/\/staging.forenteforlag.no\/forlaget\/produkt\/h-for-hauk-3\/#primaryimage\"},\"image\":{\"@id\":\"https:\/\/staging.forenteforlag.no\/forlaget\/produkt\/h-for-hauk-3\/#primaryimage\"},\"thumbnailUrl\":\"https:\/\/staging.forenteforlag.no\/forlaget\/wp-content\/uploads\/sites\/3\/2026\/02\/9788232800629.jpg\",\"datePublished\":\"2016-02-19T00:00:00+00:00\",\"dateModified\":\"2026-03-04T11:28:53+00:00\",\"breadcrumb\":{\"@id\":\"https:\/\/staging.forenteforlag.no\/forlaget\/produkt\/h-for-hauk-3\/#breadcrumb\"},\"inLanguage\":\"nb-NO\",\"potentialAction\":[{\"@type\":\"ReadAction\",\"target\":[\"https:\/\/staging.forenteforlag.no\/forlaget\/produkt\/h-for-hauk-3\/\"]}]},{\"@type\":\"ImageObject\",\"inLanguage\":\"nb-NO\",\"@id\":\"https:\/\/staging.forenteforlag.no\/forlaget\/produkt\/h-for-hauk-3\/#primaryimage\",\"url\":\"https:\/\/staging.forenteforlag.no\/forlaget\/wp-content\/uploads\/sites\/3\/2026\/02\/9788232800629.jpg\",\"contentUrl\":\"https:\/\/staging.forenteforlag.no\/forlaget\/wp-content\/uploads\/sites\/3\/2026\/02\/9788232800629.jpg\",\"width\":720,\"height\":1059},{\"@type\":\"BreadcrumbList\",\"@id\":\"https:\/\/staging.forenteforlag.no\/forlaget\/produkt\/h-for-hauk-3\/#breadcrumb\",\"itemListElement\":[{\"@type\":\"ListItem\",\"position\":1,\"name\":\"Hjem\",\"item\":\"https:\/\/staging.forenteforlag.no\/forlaget\/\"},{\"@type\":\"ListItem\",\"position\":2,\"name\":\"Alle b\u00f8ker\",\"item\":\"https:\/\/staging.forenteforlag.no\/forlaget\/butikk\/\"},{\"@type\":\"ListItem\",\"position\":3,\"name\":\"H for hauk\"}]},{\"@type\":\"WebSite\",\"@id\":\"https:\/\/staging.forenteforlag.no\/forlaget\/#website\",\"url\":\"https:\/\/staging.forenteforlag.no\/forlaget\/\",\"name\":\"Forlaget Press\",\"description\":\"\",\"publisher\":{\"@id\":\"https:\/\/staging.forenteforlag.no\/forlaget\/#organization\"},\"potentialAction\":[{\"@type\":\"SearchAction\",\"target\":{\"@type\":\"EntryPoint\",\"urlTemplate\":\"https:\/\/staging.forenteforlag.no\/forlaget\/?s={search_term_string}\"},\"query-input\":{\"@type\":\"PropertyValueSpecification\",\"valueRequired\":true,\"valueName\":\"search_term_string\"}}],\"inLanguage\":\"nb-NO\"},{\"@type\":\"Organization\",\"@id\":\"https:\/\/staging.forenteforlag.no\/forlaget\/#organization\",\"name\":\"Forlaget Press\",\"url\":\"https:\/\/staging.forenteforlag.no\/forlaget\/\",\"logo\":{\"@type\":\"ImageObject\",\"inLanguage\":\"nb-NO\",\"@id\":\"https:\/\/staging.forenteforlag.no\/forlaget\/#\/schema\/logo\/image\/\",\"url\":\"https:\/\/staging.forenteforlag.no\/forlaget\/wp-content\/uploads\/sites\/3\/2024\/09\/Press_logo.svg\",\"contentUrl\":\"https:\/\/staging.forenteforlag.no\/forlaget\/wp-content\/uploads\/sites\/3\/2024\/09\/Press_logo.svg\",\"width\":100,\"height\":100,\"caption\":\"Forlaget Press\"},\"image\":{\"@id\":\"https:\/\/staging.forenteforlag.no\/forlaget\/#\/schema\/logo\/image\/\"},\"sameAs\":[\"https:\/\/www.facebook.com\/Forlagetpress\"]}]}<\/script>\n<!-- \/ Yoast SEO plugin. -->","yoast_head_json":{"title":"H for hauk - Forlaget Press","robots":{"index":"noindex","follow":"follow","max-snippet":"max-snippet:-1","max-image-preview":"max-image-preview:large","max-video-preview":"max-video-preview:-1"},"og_locale":"nb_NO","og_type":"article","og_title":"H for hauk - Forlaget Press","og_description":"Da hun var liten, ville Helen Macdonald bli falkoner, falketemmer. Hun leste alt hun kom over av b\u00f8ker om emnet og l\u00e6rte seg alle de gammelmodige fagbegrepene. Helen endte opp med \u00e5 bli historiker og forfatter, men hun beholdt interessen for de ville fuglene. S\u00e5, rett f\u00f8r hun fyller f\u00f8rti, mister Helen faren sin. Midt [&hellip;]","og_url":"https:\/\/staging.forenteforlag.no\/forlaget\/produkt\/h-for-hauk-3\/","og_site_name":"Forlaget Press","article_publisher":"https:\/\/www.facebook.com\/Forlagetpress","article_modified_time":"2026-03-04T11:28:53+00:00","og_image":[{"width":720,"height":1059,"url":"https:\/\/staging.forenteforlag.no\/forlaget\/wp-content\/uploads\/sites\/3\/2026\/02\/9788232800629.jpg","type":"image\/jpeg"}],"twitter_card":"summary_large_image","twitter_misc":{"Ansl. lesetid":"1 minutt"},"schema":{"@context":"https:\/\/schema.org","@graph":[{"@type":"WebPage","@id":"https:\/\/staging.forenteforlag.no\/forlaget\/produkt\/h-for-hauk-3\/","url":"https:\/\/staging.forenteforlag.no\/forlaget\/produkt\/h-for-hauk-3\/","name":"H for hauk - Forlaget Press","isPartOf":{"@id":"https:\/\/staging.forenteforlag.no\/forlaget\/#website"},"primaryImageOfPage":{"@id":"https:\/\/staging.forenteforlag.no\/forlaget\/produkt\/h-for-hauk-3\/#primaryimage"},"image":{"@id":"https:\/\/staging.forenteforlag.no\/forlaget\/produkt\/h-for-hauk-3\/#primaryimage"},"thumbnailUrl":"https:\/\/staging.forenteforlag.no\/forlaget\/wp-content\/uploads\/sites\/3\/2026\/02\/9788232800629.jpg","datePublished":"2016-02-19T00:00:00+00:00","dateModified":"2026-03-04T11:28:53+00:00","breadcrumb":{"@id":"https:\/\/staging.forenteforlag.no\/forlaget\/produkt\/h-for-hauk-3\/#breadcrumb"},"inLanguage":"nb-NO","potentialAction":[{"@type":"ReadAction","target":["https:\/\/staging.forenteforlag.no\/forlaget\/produkt\/h-for-hauk-3\/"]}]},{"@type":"ImageObject","inLanguage":"nb-NO","@id":"https:\/\/staging.forenteforlag.no\/forlaget\/produkt\/h-for-hauk-3\/#primaryimage","url":"https:\/\/staging.forenteforlag.no\/forlaget\/wp-content\/uploads\/sites\/3\/2026\/02\/9788232800629.jpg","contentUrl":"https:\/\/staging.forenteforlag.no\/forlaget\/wp-content\/uploads\/sites\/3\/2026\/02\/9788232800629.jpg","width":720,"height":1059},{"@type":"BreadcrumbList","@id":"https:\/\/staging.forenteforlag.no\/forlaget\/produkt\/h-for-hauk-3\/#breadcrumb","itemListElement":[{"@type":"ListItem","position":1,"name":"Hjem","item":"https:\/\/staging.forenteforlag.no\/forlaget\/"},{"@type":"ListItem","position":2,"name":"Alle b\u00f8ker","item":"https:\/\/staging.forenteforlag.no\/forlaget\/butikk\/"},{"@type":"ListItem","position":3,"name":"H for hauk"}]},{"@type":"WebSite","@id":"https:\/\/staging.forenteforlag.no\/forlaget\/#website","url":"https:\/\/staging.forenteforlag.no\/forlaget\/","name":"Forlaget Press","description":"","publisher":{"@id":"https:\/\/staging.forenteforlag.no\/forlaget\/#organization"},"potentialAction":[{"@type":"SearchAction","target":{"@type":"EntryPoint","urlTemplate":"https:\/\/staging.forenteforlag.no\/forlaget\/?s={search_term_string}"},"query-input":{"@type":"PropertyValueSpecification","valueRequired":true,"valueName":"search_term_string"}}],"inLanguage":"nb-NO"},{"@type":"Organization","@id":"https:\/\/staging.forenteforlag.no\/forlaget\/#organization","name":"Forlaget Press","url":"https:\/\/staging.forenteforlag.no\/forlaget\/","logo":{"@type":"ImageObject","inLanguage":"nb-NO","@id":"https:\/\/staging.forenteforlag.no\/forlaget\/#\/schema\/logo\/image\/","url":"https:\/\/staging.forenteforlag.no\/forlaget\/wp-content\/uploads\/sites\/3\/2024\/09\/Press_logo.svg","contentUrl":"https:\/\/staging.forenteforlag.no\/forlaget\/wp-content\/uploads\/sites\/3\/2024\/09\/Press_logo.svg","width":100,"height":100,"caption":"Forlaget Press"},"image":{"@id":"https:\/\/staging.forenteforlag.no\/forlaget\/#\/schema\/logo\/image\/"},"sameAs":["https:\/\/www.facebook.com\/Forlagetpress"]}]}},"_links":{"self":[{"href":"https:\/\/staging.forenteforlag.no\/forlaget\/wp-json\/wp\/v2\/product\/20257","targetHints":{"allow":["GET"]}}],"collection":[{"href":"https:\/\/staging.forenteforlag.no\/forlaget\/wp-json\/wp\/v2\/product"}],"about":[{"href":"https:\/\/staging.forenteforlag.no\/forlaget\/wp-json\/wp\/v2\/types\/product"}],"wp:featuredmedia":[{"embeddable":true,"href":"https:\/\/staging.forenteforlag.no\/forlaget\/wp-json\/wp\/v2\/media\/26232"}],"wp:attachment":[{"href":"https:\/\/staging.forenteforlag.no\/forlaget\/wp-json\/wp\/v2\/media?parent=20257"}],"wp:term":[{"taxonomy":"product_brand","embeddable":true,"href":"https:\/\/staging.forenteforlag.no\/forlaget\/wp-json\/wp\/v2\/product_brand?post=20257"},{"taxonomy":"product_cat","embeddable":true,"href":"https:\/\/staging.forenteforlag.no\/forlaget\/wp-json\/wp\/v2\/product_cat?post=20257"},{"taxonomy":"product_tag","embeddable":true,"href":"https:\/\/staging.forenteforlag.no\/forlaget\/wp-json\/wp\/v2\/product_tag?post=20257"}],"curies":[{"name":"wp","href":"https:\/\/api.w.org\/{rel}","templated":true}]}}