{"id":20255,"date":"2015-08-31T02:00:00","date_gmt":"2015-08-31T00:00:00","guid":{"rendered":"https:\/\/forlagetpress.forenteforlag.no\/produkt\/ar-null-3\/"},"modified":"2026-03-04T09:33:16","modified_gmt":"2026-03-04T08:33:16","slug":"ar-null-3","status":"publish","type":"product","link":"https:\/\/staging.forenteforlag.no\/forlaget\/produkt\/ar-null-3\/","title":{"rendered":"\u00c5r null"},"content":{"rendered":"<p>Alle snakker om fredsv\u00e5ren. Vi glemmer at en verden i ruiner m\u00f8tte menneskene v\u00e5ren 1945. Enorme fysiske \u00f8deleggelser preget store deler av Europa, Asia og Nord-Afrika. Titalls millioner mennesker var d\u00f8de eller skadede. Hatet mot okkupantmakten, krigsforbrytere og overl\u00f8pere skulle f\u00e5 utl\u00f8p &#8211; samtidig som lov og rett og sivilisasjon mange steder m\u00e5tte gjenoppbygges fra grunnen. Folk sultet og var syke, svarteb\u00f8rsen blomstret, millioner kom hjem fra slagmarken, konsentrasjonsleirenes redsler ble avdekket, flyktninger i hundretusenvis var p\u00e5 vandring. <\/p>\n<p>Samtidig var 1945 en tid for optimisme og gjenoppbygging, for fremtidsvisjoner og fredstanker. For dem som skulle starte p\u00e5 nytt, var utfallet likevel uvisst: Hva slags liv ventet dem? Hva ville vinne frem &#8211; fremskritt og fellesskap eller kaos og destruksjon? <\/p>\n<p>Ian Buruma er en av verdens mest kjente historikere i dag, og en anerkjent essayist, romanforfatter og kritiker. P\u00e5 bakgrunn av vanlige folks fortellinger verden over har han skrevet en stort anlagt beretning om \u00e5ret da verden ble f\u00f8dt p\u00e5 ny. Det er en begivenhet n\u00e5r Burumas gripende storverk n\u00e5 utkommer p\u00e5 norsk, 70 \u00e5r etter fredsv\u00e5ren.<\/p>\n","protected":false},"excerpt":{"rendered":"<p>Alle snakker om fredsv\u00e5ren. Vi glemmer at en verden i ruiner m\u00f8tte menneskene v\u00e5ren 1945. Enorme fysiske \u00f8deleggelser preget store deler av Europa, Asia og Nord-Afrika. Titalls millioner mennesker var d\u00f8de eller skadede. Hatet mot okkupantmakten, krigsforbrytere og overl\u00f8pere skulle f\u00e5 utl\u00f8p &#8211; samtidig som lov og rett og sivilisasjon mange steder m\u00e5tte gjenoppbygges fra [&hellip;]<\/p>\n","protected":false},"featured_media":26227,"template":"","meta":{"_acf_changed":false,"inline_featured_image":false},"product_brand":[],"product_cat":[1781],"product_tag":[362],"class_list":{"0":"post-20255","1":"product","2":"type-product","3":"status-publish","4":"has-post-thumbnail","6":"product_cat-rabattkodekampanje","7":"product_tag-faglitteratur","9":"first","10":"instock","11":"shipping-taxable","12":"purchasable","13":"product-type-simple"},"acf":{"anmeldelse":[{"tekst_anmeldelser":"\u00ab[...] les Burumas bok! Han tenker og skriver velgj\u00f8rende selvstendig og overveldende kunnskapsrikt. '\u00c5r null' vil gj\u00f8re deg klokere.\u00bb","av_anmeldelser":"Geir Pollen","terningkast":false,"kilde":"Klassekampen"},{"tekst_anmeldelser":"\u00abBuruma lykkes uendelig godt i sitt fors\u00f8k p\u00e5 systematisk \u00e5 fortelle om hele spekteret, fra de sm\u00e5 menneskene og element\u00e6r overlevelse til den store politikken i kaoset 1945 [...] obligatorisk lesing\u00bb","av_anmeldelser":"Lars West Johnsen","terningkast":false,"kilde":"Dagsavisen"},{"tekst_anmeldelser":"\u00abBuruma skriver medrivende om dette \u00e5ret, om de millionene som ble frigjort av de allierte soldatene.\u00bb","av_anmeldelser":"Alf Kjetil Igland","terningkast":"<i class=\"fa-solid fa-dice-six\"><\/i>","kilde":"F\u00e6drelandsvennen"},{"tekst_anmeldelser":"\u00abHistorikeren Burumas fremstilling sl\u00e5r det meste - tett p\u00e5, uhyre dramatisk, velskrevet, godt komponert, og samtidig med overblikk p\u00e5 det meste.\u00bb","av_anmeldelser":"Johan O. Jensen","terningkast":"<i class=\"fa-solid fa-dice-six\"><\/i>","kilde":"Adresseavisa"},{"tekst_anmeldelser":"\u00abIan Buruma skriver bedre enn de fleste, og han ser mer \u2013 og bedre, enn mange.\u00bb","av_anmeldelser":"Ivo de Figueiredo","terningkast":false,"kilde":"Morgenbladet"},{"tekst_anmeldelser":"\u00ab\u00c5r null er eit meisterverk i samanliknande historie, men ogs\u00e5 i mentalitetshistorie. Christian Rugstads omsetjararbeid st\u00e5r ogs\u00e5 til toppkarakter.\u00bb","av_anmeldelser":"Tom Hetland","terningkast":false,"kilde":"Stavanger Aftenblad"},{"tekst_anmeldelser":"\u00abSelv om mye er kjent, er denne fortellingen om 1945 skrevet med et nytt blikk, billedutvalget er storartet \u2013 og den er virkelig bevegende \u00e5 lese.\u00bb","av_anmeldelser":"Guri Hjeltnes","terningkast":"<i class=\"fa-solid fa-dice-six\"><\/i>","kilde":"VG"},{"tekst_anmeldelser":"\u00abDrivende god fra start til slutt.\u00bb","av_anmeldelser":"Aksel Braanen Sterri","terningkast":false,"kilde":"Dagbladet"},{"tekst_anmeldelser":"","av_anmeldelser":"","terningkast":false,"kilde":""}]},"yoast_head":"<!-- This site is optimized with the Yoast SEO plugin v26.6 - https:\/\/yoast.com\/wordpress\/plugins\/seo\/ -->\n<title>\u00c5r null - Forlaget Press<\/title>\n<meta name=\"robots\" content=\"noindex, follow, max-snippet:-1, max-image-preview:large, max-video-preview:-1\" \/>\n<meta property=\"og:locale\" content=\"nb_NO\" \/>\n<meta property=\"og:type\" content=\"article\" \/>\n<meta property=\"og:title\" content=\"\u00c5r null - Forlaget Press\" \/>\n<meta property=\"og:description\" content=\"Alle snakker om fredsv\u00e5ren. Vi glemmer at en verden i ruiner m\u00f8tte menneskene v\u00e5ren 1945. Enorme fysiske \u00f8deleggelser preget store deler av Europa, Asia og Nord-Afrika. Titalls millioner mennesker var d\u00f8de eller skadede. Hatet mot okkupantmakten, krigsforbrytere og overl\u00f8pere skulle f\u00e5 utl\u00f8p &#8211; samtidig som lov og rett og sivilisasjon mange steder m\u00e5tte gjenoppbygges fra [&hellip;]\" \/>\n<meta property=\"og:url\" content=\"https:\/\/staging.forenteforlag.no\/forlaget\/produkt\/ar-null-3\/\" \/>\n<meta property=\"og:site_name\" content=\"Forlaget Press\" \/>\n<meta property=\"article:publisher\" content=\"https:\/\/www.facebook.com\/Forlagetpress\" \/>\n<meta property=\"article:modified_time\" content=\"2026-03-04T08:33:16+00:00\" \/>\n<meta property=\"og:image\" content=\"https:\/\/staging.forenteforlag.no\/forlaget\/wp-content\/uploads\/sites\/3\/2026\/02\/9788232800551.jpg\" \/>\n\t<meta property=\"og:image:width\" content=\"720\" \/>\n\t<meta property=\"og:image:height\" content=\"1057\" \/>\n\t<meta property=\"og:image:type\" content=\"image\/jpeg\" \/>\n<meta name=\"twitter:card\" content=\"summary_large_image\" \/>\n<meta name=\"twitter:label1\" content=\"Ansl. lesetid\" \/>\n\t<meta name=\"twitter:data1\" content=\"1 minutt\" \/>\n<script type=\"application\/ld+json\" class=\"yoast-schema-graph\">{\"@context\":\"https:\/\/schema.org\",\"@graph\":[{\"@type\":\"WebPage\",\"@id\":\"https:\/\/staging.forenteforlag.no\/forlaget\/produkt\/ar-null-3\/\",\"url\":\"https:\/\/staging.forenteforlag.no\/forlaget\/produkt\/ar-null-3\/\",\"name\":\"\u00c5r null - Forlaget Press\",\"isPartOf\":{\"@id\":\"https:\/\/staging.forenteforlag.no\/forlaget\/#website\"},\"primaryImageOfPage\":{\"@id\":\"https:\/\/staging.forenteforlag.no\/forlaget\/produkt\/ar-null-3\/#primaryimage\"},\"image\":{\"@id\":\"https:\/\/staging.forenteforlag.no\/forlaget\/produkt\/ar-null-3\/#primaryimage\"},\"thumbnailUrl\":\"https:\/\/staging.forenteforlag.no\/forlaget\/wp-content\/uploads\/sites\/3\/2026\/02\/9788232800551.jpg\",\"datePublished\":\"2015-08-31T00:00:00+00:00\",\"dateModified\":\"2026-03-04T08:33:16+00:00\",\"breadcrumb\":{\"@id\":\"https:\/\/staging.forenteforlag.no\/forlaget\/produkt\/ar-null-3\/#breadcrumb\"},\"inLanguage\":\"nb-NO\",\"potentialAction\":[{\"@type\":\"ReadAction\",\"target\":[\"https:\/\/staging.forenteforlag.no\/forlaget\/produkt\/ar-null-3\/\"]}]},{\"@type\":\"ImageObject\",\"inLanguage\":\"nb-NO\",\"@id\":\"https:\/\/staging.forenteforlag.no\/forlaget\/produkt\/ar-null-3\/#primaryimage\",\"url\":\"https:\/\/staging.forenteforlag.no\/forlaget\/wp-content\/uploads\/sites\/3\/2026\/02\/9788232800551.jpg\",\"contentUrl\":\"https:\/\/staging.forenteforlag.no\/forlaget\/wp-content\/uploads\/sites\/3\/2026\/02\/9788232800551.jpg\",\"width\":720,\"height\":1057},{\"@type\":\"BreadcrumbList\",\"@id\":\"https:\/\/staging.forenteforlag.no\/forlaget\/produkt\/ar-null-3\/#breadcrumb\",\"itemListElement\":[{\"@type\":\"ListItem\",\"position\":1,\"name\":\"Hjem\",\"item\":\"https:\/\/staging.forenteforlag.no\/forlaget\/\"},{\"@type\":\"ListItem\",\"position\":2,\"name\":\"Alle b\u00f8ker\",\"item\":\"https:\/\/staging.forenteforlag.no\/forlaget\/butikk\/\"},{\"@type\":\"ListItem\",\"position\":3,\"name\":\"\u00c5r null\"}]},{\"@type\":\"WebSite\",\"@id\":\"https:\/\/staging.forenteforlag.no\/forlaget\/#website\",\"url\":\"https:\/\/staging.forenteforlag.no\/forlaget\/\",\"name\":\"Forlaget Press\",\"description\":\"\",\"publisher\":{\"@id\":\"https:\/\/staging.forenteforlag.no\/forlaget\/#organization\"},\"potentialAction\":[{\"@type\":\"SearchAction\",\"target\":{\"@type\":\"EntryPoint\",\"urlTemplate\":\"https:\/\/staging.forenteforlag.no\/forlaget\/?s={search_term_string}\"},\"query-input\":{\"@type\":\"PropertyValueSpecification\",\"valueRequired\":true,\"valueName\":\"search_term_string\"}}],\"inLanguage\":\"nb-NO\"},{\"@type\":\"Organization\",\"@id\":\"https:\/\/staging.forenteforlag.no\/forlaget\/#organization\",\"name\":\"Forlaget Press\",\"url\":\"https:\/\/staging.forenteforlag.no\/forlaget\/\",\"logo\":{\"@type\":\"ImageObject\",\"inLanguage\":\"nb-NO\",\"@id\":\"https:\/\/staging.forenteforlag.no\/forlaget\/#\/schema\/logo\/image\/\",\"url\":\"https:\/\/staging.forenteforlag.no\/forlaget\/wp-content\/uploads\/sites\/3\/2024\/09\/Press_logo.svg\",\"contentUrl\":\"https:\/\/staging.forenteforlag.no\/forlaget\/wp-content\/uploads\/sites\/3\/2024\/09\/Press_logo.svg\",\"width\":100,\"height\":100,\"caption\":\"Forlaget Press\"},\"image\":{\"@id\":\"https:\/\/staging.forenteforlag.no\/forlaget\/#\/schema\/logo\/image\/\"},\"sameAs\":[\"https:\/\/www.facebook.com\/Forlagetpress\"]}]}<\/script>\n<!-- \/ Yoast SEO plugin. -->","yoast_head_json":{"title":"\u00c5r null - Forlaget Press","robots":{"index":"noindex","follow":"follow","max-snippet":"max-snippet:-1","max-image-preview":"max-image-preview:large","max-video-preview":"max-video-preview:-1"},"og_locale":"nb_NO","og_type":"article","og_title":"\u00c5r null - Forlaget Press","og_description":"Alle snakker om fredsv\u00e5ren. Vi glemmer at en verden i ruiner m\u00f8tte menneskene v\u00e5ren 1945. Enorme fysiske \u00f8deleggelser preget store deler av Europa, Asia og Nord-Afrika. Titalls millioner mennesker var d\u00f8de eller skadede. Hatet mot okkupantmakten, krigsforbrytere og overl\u00f8pere skulle f\u00e5 utl\u00f8p &#8211; samtidig som lov og rett og sivilisasjon mange steder m\u00e5tte gjenoppbygges fra [&hellip;]","og_url":"https:\/\/staging.forenteforlag.no\/forlaget\/produkt\/ar-null-3\/","og_site_name":"Forlaget Press","article_publisher":"https:\/\/www.facebook.com\/Forlagetpress","article_modified_time":"2026-03-04T08:33:16+00:00","og_image":[{"width":720,"height":1057,"url":"https:\/\/staging.forenteforlag.no\/forlaget\/wp-content\/uploads\/sites\/3\/2026\/02\/9788232800551.jpg","type":"image\/jpeg"}],"twitter_card":"summary_large_image","twitter_misc":{"Ansl. lesetid":"1 minutt"},"schema":{"@context":"https:\/\/schema.org","@graph":[{"@type":"WebPage","@id":"https:\/\/staging.forenteforlag.no\/forlaget\/produkt\/ar-null-3\/","url":"https:\/\/staging.forenteforlag.no\/forlaget\/produkt\/ar-null-3\/","name":"\u00c5r null - Forlaget Press","isPartOf":{"@id":"https:\/\/staging.forenteforlag.no\/forlaget\/#website"},"primaryImageOfPage":{"@id":"https:\/\/staging.forenteforlag.no\/forlaget\/produkt\/ar-null-3\/#primaryimage"},"image":{"@id":"https:\/\/staging.forenteforlag.no\/forlaget\/produkt\/ar-null-3\/#primaryimage"},"thumbnailUrl":"https:\/\/staging.forenteforlag.no\/forlaget\/wp-content\/uploads\/sites\/3\/2026\/02\/9788232800551.jpg","datePublished":"2015-08-31T00:00:00+00:00","dateModified":"2026-03-04T08:33:16+00:00","breadcrumb":{"@id":"https:\/\/staging.forenteforlag.no\/forlaget\/produkt\/ar-null-3\/#breadcrumb"},"inLanguage":"nb-NO","potentialAction":[{"@type":"ReadAction","target":["https:\/\/staging.forenteforlag.no\/forlaget\/produkt\/ar-null-3\/"]}]},{"@type":"ImageObject","inLanguage":"nb-NO","@id":"https:\/\/staging.forenteforlag.no\/forlaget\/produkt\/ar-null-3\/#primaryimage","url":"https:\/\/staging.forenteforlag.no\/forlaget\/wp-content\/uploads\/sites\/3\/2026\/02\/9788232800551.jpg","contentUrl":"https:\/\/staging.forenteforlag.no\/forlaget\/wp-content\/uploads\/sites\/3\/2026\/02\/9788232800551.jpg","width":720,"height":1057},{"@type":"BreadcrumbList","@id":"https:\/\/staging.forenteforlag.no\/forlaget\/produkt\/ar-null-3\/#breadcrumb","itemListElement":[{"@type":"ListItem","position":1,"name":"Hjem","item":"https:\/\/staging.forenteforlag.no\/forlaget\/"},{"@type":"ListItem","position":2,"name":"Alle b\u00f8ker","item":"https:\/\/staging.forenteforlag.no\/forlaget\/butikk\/"},{"@type":"ListItem","position":3,"name":"\u00c5r null"}]},{"@type":"WebSite","@id":"https:\/\/staging.forenteforlag.no\/forlaget\/#website","url":"https:\/\/staging.forenteforlag.no\/forlaget\/","name":"Forlaget Press","description":"","publisher":{"@id":"https:\/\/staging.forenteforlag.no\/forlaget\/#organization"},"potentialAction":[{"@type":"SearchAction","target":{"@type":"EntryPoint","urlTemplate":"https:\/\/staging.forenteforlag.no\/forlaget\/?s={search_term_string}"},"query-input":{"@type":"PropertyValueSpecification","valueRequired":true,"valueName":"search_term_string"}}],"inLanguage":"nb-NO"},{"@type":"Organization","@id":"https:\/\/staging.forenteforlag.no\/forlaget\/#organization","name":"Forlaget Press","url":"https:\/\/staging.forenteforlag.no\/forlaget\/","logo":{"@type":"ImageObject","inLanguage":"nb-NO","@id":"https:\/\/staging.forenteforlag.no\/forlaget\/#\/schema\/logo\/image\/","url":"https:\/\/staging.forenteforlag.no\/forlaget\/wp-content\/uploads\/sites\/3\/2024\/09\/Press_logo.svg","contentUrl":"https:\/\/staging.forenteforlag.no\/forlaget\/wp-content\/uploads\/sites\/3\/2024\/09\/Press_logo.svg","width":100,"height":100,"caption":"Forlaget Press"},"image":{"@id":"https:\/\/staging.forenteforlag.no\/forlaget\/#\/schema\/logo\/image\/"},"sameAs":["https:\/\/www.facebook.com\/Forlagetpress"]}]}},"_links":{"self":[{"href":"https:\/\/staging.forenteforlag.no\/forlaget\/wp-json\/wp\/v2\/product\/20255","targetHints":{"allow":["GET"]}}],"collection":[{"href":"https:\/\/staging.forenteforlag.no\/forlaget\/wp-json\/wp\/v2\/product"}],"about":[{"href":"https:\/\/staging.forenteforlag.no\/forlaget\/wp-json\/wp\/v2\/types\/product"}],"wp:featuredmedia":[{"embeddable":true,"href":"https:\/\/staging.forenteforlag.no\/forlaget\/wp-json\/wp\/v2\/media\/26227"}],"wp:attachment":[{"href":"https:\/\/staging.forenteforlag.no\/forlaget\/wp-json\/wp\/v2\/media?parent=20255"}],"wp:term":[{"taxonomy":"product_brand","embeddable":true,"href":"https:\/\/staging.forenteforlag.no\/forlaget\/wp-json\/wp\/v2\/product_brand?post=20255"},{"taxonomy":"product_cat","embeddable":true,"href":"https:\/\/staging.forenteforlag.no\/forlaget\/wp-json\/wp\/v2\/product_cat?post=20255"},{"taxonomy":"product_tag","embeddable":true,"href":"https:\/\/staging.forenteforlag.no\/forlaget\/wp-json\/wp\/v2\/product_tag?post=20255"}],"curies":[{"name":"wp","href":"https:\/\/api.w.org\/{rel}","templated":true}]}}