{"id":20241,"date":"2009-05-29T02:00:00","date_gmt":"2009-05-29T00:00:00","guid":{"rendered":"https:\/\/forlagetpress.forenteforlag.no\/produkt\/donau\/"},"modified":"2026-03-03T23:27:21","modified_gmt":"2026-03-03T22:27:21","slug":"donau","status":"publish","type":"product","link":"https:\/\/staging.forenteforlag.no\/forlaget\/produkt\/donau\/","title":{"rendered":"Donau"},"content":{"rendered":"<p>Donau er en av de virkelige store klassikerne fra det 20.\u00e5rhundres reiselitteratur. Claudio Magris f\u00f8lger Donaus l\u00f8p fra elvens kilde i de bayerske h\u00f8ydedrag, gjennom det gamle keiserrikets \u00d8sterrike &#8211; Ungarn, inn over Balkan og ut i Svartehavet. Det er en langsom mediterende reise hvor fortelleren tar seg tid til \u00e5 utforske stedenes hemmeligheter og historier. Donau er den store puls\u00e5ren i det sentral- europeiske  kulturlandskapet, hvor s\u00e5 mange av de mest fascinerende skikkelsene og ideene som vi forbinder med Europa har oppst\u00e5tt.<\/p>\n","protected":false},"excerpt":{"rendered":"<p>Donau er en av de virkelige store klassikerne fra det 20.\u00e5rhundres reiselitteratur. Claudio Magris f\u00f8lger Donaus l\u00f8p fra elvens kilde i de bayerske h\u00f8ydedrag, gjennom det gamle keiserrikets \u00d8sterrike &#8211; Ungarn, inn over Balkan og ut i Svartehavet. Det er en langsom mediterende reise hvor fortelleren tar seg tid til \u00e5 utforske stedenes hemmeligheter og [&hellip;]<\/p>\n","protected":false},"featured_media":25324,"template":"","meta":{"_acf_changed":false,"inline_featured_image":false},"product_brand":[],"product_cat":[1781],"product_tag":[362],"class_list":{"0":"post-20241","1":"product","2":"type-product","3":"status-publish","4":"has-post-thumbnail","6":"product_cat-rabattkodekampanje","7":"product_tag-faglitteratur","9":"first","10":"instock","11":"shipping-taxable","12":"purchasable","13":"product-type-simple"},"acf":{"anmeldelse":[{"tekst_anmeldelser":"\u00abDonau er en av h\u00f8stens mest fascinerende leseopplevelser, med sin blanding av kulturhistorie, filosofi, essaystikk, reiseskildring og selvbiografi. Donau strutter av kunnskaper om den europeiske arv, men de formidles med et umiskjennelig litter\u00e6rt grep. En stor bok og et fornemt punktum for litteratur\u00e5ret.\u00bb","av_anmeldelser":"Terje Stemland","terningkast":false,"kilde":"Aftenposten"},{"tekst_anmeldelser":"\u00abDen mest spennende og utfordrende reiseskildringen jeg har lest p\u00e5 mange \u00e5r [\u2026] et veldig historisk og kulturelt panorama over et landskap som vi i vest ofte har vendt ryggen til. En litter\u00e6r triumfferd [\u2026] en enorm cocktail av en bok, hvor det p\u00e5 hver eneste side finnes et spennende tankesprang, en hyperintelligent refleksjon, en vidunderlig digresjon. H\u00f8stens heiteste bok.\u00bb","av_anmeldelser":"Jon Michelet","terningkast":"<i class=\"fa-solid fa-dice-six\"><\/i>","kilde":"VG"},{"tekst_anmeldelser":"\u00abDen vil bli st\u00e5ende som et hovedverk om elven og de menneskene som holder til p\u00e5 dens bredder. Donau er skrevet i en stil som henter elementer fra mange forskjellige genrer. Den kan leses som en roman, men ogs\u00e5 som et essay om geografi, historie, litteratur og filosofi i de land som elven flyter gjennom. Magris forteller levende og uhyre interessant.\u00bb","av_anmeldelser":"Frits Hansen","terningkast":false,"kilde":"NTB"},{"tekst_anmeldelser":"\u00abEn eventyrlig Donau-ferd, spekket med opplevelser, kunnskap og refleksjon.\u00bb","av_anmeldelser":"Jan H. Landro","terningkast":false,"kilde":"Bergens Tidende"},{"tekst_anmeldelser":"\u00abEn eventyrlig beretning om Donau.\u00bb","av_anmeldelser":"Brikt Jensen","terningkast":false,"kilde":"VG"}]},"yoast_head":"<!-- This site is optimized with the Yoast SEO plugin v26.6 - https:\/\/yoast.com\/wordpress\/plugins\/seo\/ -->\n<title>Donau - Forlaget Press<\/title>\n<meta name=\"robots\" content=\"noindex, follow, max-snippet:-1, max-image-preview:large, max-video-preview:-1\" \/>\n<meta property=\"og:locale\" content=\"nb_NO\" \/>\n<meta property=\"og:type\" content=\"article\" \/>\n<meta property=\"og:title\" content=\"Donau - Forlaget Press\" \/>\n<meta property=\"og:description\" content=\"Donau er en av de virkelige store klassikerne fra det 20.\u00e5rhundres reiselitteratur. Claudio Magris f\u00f8lger Donaus l\u00f8p fra elvens kilde i de bayerske h\u00f8ydedrag, gjennom det gamle keiserrikets \u00d8sterrike &#8211; Ungarn, inn over Balkan og ut i Svartehavet. Det er en langsom mediterende reise hvor fortelleren tar seg tid til \u00e5 utforske stedenes hemmeligheter og [&hellip;]\" \/>\n<meta property=\"og:url\" content=\"https:\/\/staging.forenteforlag.no\/forlaget\/produkt\/donau\/\" \/>\n<meta property=\"og:site_name\" content=\"Forlaget Press\" \/>\n<meta property=\"article:publisher\" content=\"https:\/\/www.facebook.com\/Forlagetpress\" \/>\n<meta property=\"article:modified_time\" content=\"2026-03-03T22:27:21+00:00\" \/>\n<meta property=\"og:image\" content=\"https:\/\/staging.forenteforlag.no\/forlaget\/wp-content\/uploads\/sites\/3\/2025\/08\/jpg-8504.jpg\" \/>\n\t<meta property=\"og:image:width\" content=\"297\" \/>\n\t<meta property=\"og:image:height\" content=\"450\" \/>\n\t<meta property=\"og:image:type\" content=\"image\/jpeg\" \/>\n<meta name=\"twitter:card\" content=\"summary_large_image\" \/>\n<script type=\"application\/ld+json\" class=\"yoast-schema-graph\">{\"@context\":\"https:\/\/schema.org\",\"@graph\":[{\"@type\":\"WebPage\",\"@id\":\"https:\/\/staging.forenteforlag.no\/forlaget\/produkt\/donau\/\",\"url\":\"https:\/\/staging.forenteforlag.no\/forlaget\/produkt\/donau\/\",\"name\":\"Donau - Forlaget Press\",\"isPartOf\":{\"@id\":\"https:\/\/staging.forenteforlag.no\/forlaget\/#website\"},\"primaryImageOfPage\":{\"@id\":\"https:\/\/staging.forenteforlag.no\/forlaget\/produkt\/donau\/#primaryimage\"},\"image\":{\"@id\":\"https:\/\/staging.forenteforlag.no\/forlaget\/produkt\/donau\/#primaryimage\"},\"thumbnailUrl\":\"https:\/\/staging.forenteforlag.no\/forlaget\/wp-content\/uploads\/sites\/3\/2025\/08\/jpg-8504.jpg\",\"datePublished\":\"2009-05-29T00:00:00+00:00\",\"dateModified\":\"2026-03-03T22:27:21+00:00\",\"breadcrumb\":{\"@id\":\"https:\/\/staging.forenteforlag.no\/forlaget\/produkt\/donau\/#breadcrumb\"},\"inLanguage\":\"nb-NO\",\"potentialAction\":[{\"@type\":\"ReadAction\",\"target\":[\"https:\/\/staging.forenteforlag.no\/forlaget\/produkt\/donau\/\"]}]},{\"@type\":\"ImageObject\",\"inLanguage\":\"nb-NO\",\"@id\":\"https:\/\/staging.forenteforlag.no\/forlaget\/produkt\/donau\/#primaryimage\",\"url\":\"https:\/\/staging.forenteforlag.no\/forlaget\/wp-content\/uploads\/sites\/3\/2025\/08\/jpg-8504.jpg\",\"contentUrl\":\"https:\/\/staging.forenteforlag.no\/forlaget\/wp-content\/uploads\/sites\/3\/2025\/08\/jpg-8504.jpg\",\"width\":297,\"height\":450},{\"@type\":\"BreadcrumbList\",\"@id\":\"https:\/\/staging.forenteforlag.no\/forlaget\/produkt\/donau\/#breadcrumb\",\"itemListElement\":[{\"@type\":\"ListItem\",\"position\":1,\"name\":\"Hjem\",\"item\":\"https:\/\/staging.forenteforlag.no\/forlaget\/\"},{\"@type\":\"ListItem\",\"position\":2,\"name\":\"Alle b\u00f8ker\",\"item\":\"https:\/\/staging.forenteforlag.no\/forlaget\/butikk\/\"},{\"@type\":\"ListItem\",\"position\":3,\"name\":\"Donau\"}]},{\"@type\":\"WebSite\",\"@id\":\"https:\/\/staging.forenteforlag.no\/forlaget\/#website\",\"url\":\"https:\/\/staging.forenteforlag.no\/forlaget\/\",\"name\":\"Forlaget Press\",\"description\":\"\",\"publisher\":{\"@id\":\"https:\/\/staging.forenteforlag.no\/forlaget\/#organization\"},\"potentialAction\":[{\"@type\":\"SearchAction\",\"target\":{\"@type\":\"EntryPoint\",\"urlTemplate\":\"https:\/\/staging.forenteforlag.no\/forlaget\/?s={search_term_string}\"},\"query-input\":{\"@type\":\"PropertyValueSpecification\",\"valueRequired\":true,\"valueName\":\"search_term_string\"}}],\"inLanguage\":\"nb-NO\"},{\"@type\":\"Organization\",\"@id\":\"https:\/\/staging.forenteforlag.no\/forlaget\/#organization\",\"name\":\"Forlaget Press\",\"url\":\"https:\/\/staging.forenteforlag.no\/forlaget\/\",\"logo\":{\"@type\":\"ImageObject\",\"inLanguage\":\"nb-NO\",\"@id\":\"https:\/\/staging.forenteforlag.no\/forlaget\/#\/schema\/logo\/image\/\",\"url\":\"https:\/\/staging.forenteforlag.no\/forlaget\/wp-content\/uploads\/sites\/3\/2024\/09\/Press_logo.svg\",\"contentUrl\":\"https:\/\/staging.forenteforlag.no\/forlaget\/wp-content\/uploads\/sites\/3\/2024\/09\/Press_logo.svg\",\"width\":100,\"height\":100,\"caption\":\"Forlaget Press\"},\"image\":{\"@id\":\"https:\/\/staging.forenteforlag.no\/forlaget\/#\/schema\/logo\/image\/\"},\"sameAs\":[\"https:\/\/www.facebook.com\/Forlagetpress\"]}]}<\/script>\n<!-- \/ Yoast SEO plugin. -->","yoast_head_json":{"title":"Donau - Forlaget Press","robots":{"index":"noindex","follow":"follow","max-snippet":"max-snippet:-1","max-image-preview":"max-image-preview:large","max-video-preview":"max-video-preview:-1"},"og_locale":"nb_NO","og_type":"article","og_title":"Donau - Forlaget Press","og_description":"Donau er en av de virkelige store klassikerne fra det 20.\u00e5rhundres reiselitteratur. Claudio Magris f\u00f8lger Donaus l\u00f8p fra elvens kilde i de bayerske h\u00f8ydedrag, gjennom det gamle keiserrikets \u00d8sterrike &#8211; Ungarn, inn over Balkan og ut i Svartehavet. Det er en langsom mediterende reise hvor fortelleren tar seg tid til \u00e5 utforske stedenes hemmeligheter og [&hellip;]","og_url":"https:\/\/staging.forenteforlag.no\/forlaget\/produkt\/donau\/","og_site_name":"Forlaget Press","article_publisher":"https:\/\/www.facebook.com\/Forlagetpress","article_modified_time":"2026-03-03T22:27:21+00:00","og_image":[{"width":297,"height":450,"url":"https:\/\/staging.forenteforlag.no\/forlaget\/wp-content\/uploads\/sites\/3\/2025\/08\/jpg-8504.jpg","type":"image\/jpeg"}],"twitter_card":"summary_large_image","schema":{"@context":"https:\/\/schema.org","@graph":[{"@type":"WebPage","@id":"https:\/\/staging.forenteforlag.no\/forlaget\/produkt\/donau\/","url":"https:\/\/staging.forenteforlag.no\/forlaget\/produkt\/donau\/","name":"Donau - Forlaget Press","isPartOf":{"@id":"https:\/\/staging.forenteforlag.no\/forlaget\/#website"},"primaryImageOfPage":{"@id":"https:\/\/staging.forenteforlag.no\/forlaget\/produkt\/donau\/#primaryimage"},"image":{"@id":"https:\/\/staging.forenteforlag.no\/forlaget\/produkt\/donau\/#primaryimage"},"thumbnailUrl":"https:\/\/staging.forenteforlag.no\/forlaget\/wp-content\/uploads\/sites\/3\/2025\/08\/jpg-8504.jpg","datePublished":"2009-05-29T00:00:00+00:00","dateModified":"2026-03-03T22:27:21+00:00","breadcrumb":{"@id":"https:\/\/staging.forenteforlag.no\/forlaget\/produkt\/donau\/#breadcrumb"},"inLanguage":"nb-NO","potentialAction":[{"@type":"ReadAction","target":["https:\/\/staging.forenteforlag.no\/forlaget\/produkt\/donau\/"]}]},{"@type":"ImageObject","inLanguage":"nb-NO","@id":"https:\/\/staging.forenteforlag.no\/forlaget\/produkt\/donau\/#primaryimage","url":"https:\/\/staging.forenteforlag.no\/forlaget\/wp-content\/uploads\/sites\/3\/2025\/08\/jpg-8504.jpg","contentUrl":"https:\/\/staging.forenteforlag.no\/forlaget\/wp-content\/uploads\/sites\/3\/2025\/08\/jpg-8504.jpg","width":297,"height":450},{"@type":"BreadcrumbList","@id":"https:\/\/staging.forenteforlag.no\/forlaget\/produkt\/donau\/#breadcrumb","itemListElement":[{"@type":"ListItem","position":1,"name":"Hjem","item":"https:\/\/staging.forenteforlag.no\/forlaget\/"},{"@type":"ListItem","position":2,"name":"Alle b\u00f8ker","item":"https:\/\/staging.forenteforlag.no\/forlaget\/butikk\/"},{"@type":"ListItem","position":3,"name":"Donau"}]},{"@type":"WebSite","@id":"https:\/\/staging.forenteforlag.no\/forlaget\/#website","url":"https:\/\/staging.forenteforlag.no\/forlaget\/","name":"Forlaget Press","description":"","publisher":{"@id":"https:\/\/staging.forenteforlag.no\/forlaget\/#organization"},"potentialAction":[{"@type":"SearchAction","target":{"@type":"EntryPoint","urlTemplate":"https:\/\/staging.forenteforlag.no\/forlaget\/?s={search_term_string}"},"query-input":{"@type":"PropertyValueSpecification","valueRequired":true,"valueName":"search_term_string"}}],"inLanguage":"nb-NO"},{"@type":"Organization","@id":"https:\/\/staging.forenteforlag.no\/forlaget\/#organization","name":"Forlaget Press","url":"https:\/\/staging.forenteforlag.no\/forlaget\/","logo":{"@type":"ImageObject","inLanguage":"nb-NO","@id":"https:\/\/staging.forenteforlag.no\/forlaget\/#\/schema\/logo\/image\/","url":"https:\/\/staging.forenteforlag.no\/forlaget\/wp-content\/uploads\/sites\/3\/2024\/09\/Press_logo.svg","contentUrl":"https:\/\/staging.forenteforlag.no\/forlaget\/wp-content\/uploads\/sites\/3\/2024\/09\/Press_logo.svg","width":100,"height":100,"caption":"Forlaget Press"},"image":{"@id":"https:\/\/staging.forenteforlag.no\/forlaget\/#\/schema\/logo\/image\/"},"sameAs":["https:\/\/www.facebook.com\/Forlagetpress"]}]}},"_links":{"self":[{"href":"https:\/\/staging.forenteforlag.no\/forlaget\/wp-json\/wp\/v2\/product\/20241","targetHints":{"allow":["GET"]}}],"collection":[{"href":"https:\/\/staging.forenteforlag.no\/forlaget\/wp-json\/wp\/v2\/product"}],"about":[{"href":"https:\/\/staging.forenteforlag.no\/forlaget\/wp-json\/wp\/v2\/types\/product"}],"wp:featuredmedia":[{"embeddable":true,"href":"https:\/\/staging.forenteforlag.no\/forlaget\/wp-json\/wp\/v2\/media\/25324"}],"wp:attachment":[{"href":"https:\/\/staging.forenteforlag.no\/forlaget\/wp-json\/wp\/v2\/media?parent=20241"}],"wp:term":[{"taxonomy":"product_brand","embeddable":true,"href":"https:\/\/staging.forenteforlag.no\/forlaget\/wp-json\/wp\/v2\/product_brand?post=20241"},{"taxonomy":"product_cat","embeddable":true,"href":"https:\/\/staging.forenteforlag.no\/forlaget\/wp-json\/wp\/v2\/product_cat?post=20241"},{"taxonomy":"product_tag","embeddable":true,"href":"https:\/\/staging.forenteforlag.no\/forlaget\/wp-json\/wp\/v2\/product_tag?post=20241"}],"curies":[{"name":"wp","href":"https:\/\/api.w.org\/{rel}","templated":true}]}}