{"id":20237,"date":"2024-10-17T02:00:00","date_gmt":"2024-10-17T00:00:00","guid":{"rendered":"https:\/\/forlagetpress.forenteforlag.no\/produkt\/abu-nidals-norske-soldat\/"},"modified":"2026-03-02T17:07:25","modified_gmt":"2026-03-02T16:07:25","slug":"abu-nidals-norske-soldat","status":"publish","type":"product","link":"https:\/\/staging.forenteforlag.no\/forlaget\/produkt\/abu-nidals-norske-soldat\/","title":{"rendered":"Abu Nidals norske soldat"},"content":{"rendered":"<p>PARIS 9. AUGUST 1982&lt;br&gt;Restaurant Goldenberg blir utsatt for et terrorangrep. Fire menn i lysebl\u00e5 dresser bruker h\u00e5ndgranater og automatv\u00e5pen mot intetanende lunsjgjester. Seks mennesker blir drept og tjueto skadet.&lt;br&gt;&lt;br&gt;OSLO 4. DESEMBER 2020&lt;br&gt;Norsk politi eskorterer den 61 \u00e5r gamle Walid Osman inn p\u00e5 et Air France-fly til Paris. Etter arrestasjonen i Skien noen m\u00e5neder&lt;br&gt;tidligere har norske myndigheter omsider g\u00e5tt med p\u00e5 \u00e5 utlevere ham til Frankrike. I Paris blir han hentet av fransk politi og tiltalt for seks drap og tjueto drapsfors\u00f8k i 1982.&lt;br&gt;&lt;br&gt;VIBEKE KNOOP RACHLINE har fulgt saken tett og rapportert til norske aviser fra sitt bosted i Paris. Israel\u2013Palestina-konflikten danner et bakteppe for de d\u00f8delige aksjonene og for en voldsom maktkamp mellom ulike grupperinger. Midt i det hele rager Abu Nidal som en n\u00e5del\u00f8s villmann, uberegnelig og paranoid. Knoop Rachline f\u00f8lger sporene som tar henne fra Paris til Telemark, via Tel Aviv, Stockholm og Bayern. Til slutt f\u00e5r hun en eksepsjonell tillatelse fra fransk fengselsvesen til \u00e5 m\u00f8te den tiltalte Skiensmannen Abu Zayed.&lt;br&gt;&lt;br&gt;L\u00e6rerik og skremmende \u2013 Abu Nidals norske soldat er blitt en essensiell fortelling om terrorens ansikt.&lt;br&gt;<\/p>\n","protected":false},"excerpt":{"rendered":"<p>PARIS 9. AUGUST 1982&lt;br&gt;Restaurant Goldenberg blir utsatt for et terrorangrep. Fire menn i lysebl\u00e5 dresser bruker h\u00e5ndgranater og automatv\u00e5pen mot intetanende lunsjgjester. Seks mennesker blir drept og tjueto skadet.&lt;br&gt;&lt;br&gt;OSLO 4. DESEMBER 2020&lt;br&gt;Norsk politi eskorterer den 61 \u00e5r gamle Walid Osman inn p\u00e5 et Air France-fly til Paris. Etter arrestasjonen i Skien noen m\u00e5neder&lt;br&gt;tidligere har norske [&hellip;]<\/p>\n","protected":false},"featured_media":26584,"template":"","meta":{"_acf_changed":false,"inline_featured_image":false},"product_brand":[],"product_cat":[1781],"product_tag":[362],"class_list":{"0":"post-20237","1":"product","2":"type-product","3":"status-publish","4":"has-post-thumbnail","6":"product_cat-rabattkodekampanje","7":"product_tag-faglitteratur","9":"first","10":"instock","11":"shipping-taxable","12":"purchasable","13":"product-type-simple"},"acf":{"anmeldelse":null},"yoast_head":"<!-- This site is optimized with the Yoast SEO plugin v26.6 - https:\/\/yoast.com\/wordpress\/plugins\/seo\/ -->\n<title>Abu Nidals norske soldat - Forlaget Press<\/title>\n<meta name=\"robots\" content=\"noindex, follow, max-snippet:-1, max-image-preview:large, max-video-preview:-1\" \/>\n<meta property=\"og:locale\" content=\"nb_NO\" \/>\n<meta property=\"og:type\" content=\"article\" \/>\n<meta property=\"og:title\" content=\"Abu Nidals norske soldat - Forlaget Press\" \/>\n<meta property=\"og:description\" content=\"PARIS 9. AUGUST 1982&lt;br&gt;Restaurant Goldenberg blir utsatt for et terrorangrep. Fire menn i lysebl\u00e5 dresser bruker h\u00e5ndgranater og automatv\u00e5pen mot intetanende lunsjgjester. Seks mennesker blir drept og tjueto skadet.&lt;br&gt;&lt;br&gt;OSLO 4. DESEMBER 2020&lt;br&gt;Norsk politi eskorterer den 61 \u00e5r gamle Walid Osman inn p\u00e5 et Air France-fly til Paris. Etter arrestasjonen i Skien noen m\u00e5neder&lt;br&gt;tidligere har norske [&hellip;]\" \/>\n<meta property=\"og:url\" content=\"https:\/\/staging.forenteforlag.no\/forlaget\/produkt\/abu-nidals-norske-soldat\/\" \/>\n<meta property=\"og:site_name\" content=\"Forlaget Press\" \/>\n<meta property=\"article:publisher\" content=\"https:\/\/www.facebook.com\/Forlagetpress\" \/>\n<meta property=\"article:modified_time\" content=\"2026-03-02T16:07:25+00:00\" \/>\n<meta property=\"og:image\" content=\"https:\/\/staging.forenteforlag.no\/forlaget\/wp-content\/uploads\/sites\/3\/2026\/02\/9788232806775.jpg\" \/>\n\t<meta property=\"og:image:width\" content=\"720\" \/>\n\t<meta property=\"og:image:height\" content=\"1062\" \/>\n\t<meta property=\"og:image:type\" content=\"image\/jpeg\" \/>\n<meta name=\"twitter:card\" content=\"summary_large_image\" \/>\n<meta name=\"twitter:label1\" content=\"Ansl. lesetid\" \/>\n\t<meta name=\"twitter:data1\" content=\"1 minutt\" \/>\n<script type=\"application\/ld+json\" class=\"yoast-schema-graph\">{\"@context\":\"https:\/\/schema.org\",\"@graph\":[{\"@type\":\"WebPage\",\"@id\":\"https:\/\/staging.forenteforlag.no\/forlaget\/produkt\/abu-nidals-norske-soldat\/\",\"url\":\"https:\/\/staging.forenteforlag.no\/forlaget\/produkt\/abu-nidals-norske-soldat\/\",\"name\":\"Abu Nidals norske soldat - Forlaget Press\",\"isPartOf\":{\"@id\":\"https:\/\/staging.forenteforlag.no\/forlaget\/#website\"},\"primaryImageOfPage\":{\"@id\":\"https:\/\/staging.forenteforlag.no\/forlaget\/produkt\/abu-nidals-norske-soldat\/#primaryimage\"},\"image\":{\"@id\":\"https:\/\/staging.forenteforlag.no\/forlaget\/produkt\/abu-nidals-norske-soldat\/#primaryimage\"},\"thumbnailUrl\":\"https:\/\/staging.forenteforlag.no\/forlaget\/wp-content\/uploads\/sites\/3\/2026\/02\/9788232806775.jpg\",\"datePublished\":\"2024-10-17T00:00:00+00:00\",\"dateModified\":\"2026-03-02T16:07:25+00:00\",\"breadcrumb\":{\"@id\":\"https:\/\/staging.forenteforlag.no\/forlaget\/produkt\/abu-nidals-norske-soldat\/#breadcrumb\"},\"inLanguage\":\"nb-NO\",\"potentialAction\":[{\"@type\":\"ReadAction\",\"target\":[\"https:\/\/staging.forenteforlag.no\/forlaget\/produkt\/abu-nidals-norske-soldat\/\"]}]},{\"@type\":\"ImageObject\",\"inLanguage\":\"nb-NO\",\"@id\":\"https:\/\/staging.forenteforlag.no\/forlaget\/produkt\/abu-nidals-norske-soldat\/#primaryimage\",\"url\":\"https:\/\/staging.forenteforlag.no\/forlaget\/wp-content\/uploads\/sites\/3\/2026\/02\/9788232806775.jpg\",\"contentUrl\":\"https:\/\/staging.forenteforlag.no\/forlaget\/wp-content\/uploads\/sites\/3\/2026\/02\/9788232806775.jpg\",\"width\":720,\"height\":1062},{\"@type\":\"BreadcrumbList\",\"@id\":\"https:\/\/staging.forenteforlag.no\/forlaget\/produkt\/abu-nidals-norske-soldat\/#breadcrumb\",\"itemListElement\":[{\"@type\":\"ListItem\",\"position\":1,\"name\":\"Hjem\",\"item\":\"https:\/\/staging.forenteforlag.no\/forlaget\/\"},{\"@type\":\"ListItem\",\"position\":2,\"name\":\"Alle b\u00f8ker\",\"item\":\"https:\/\/staging.forenteforlag.no\/forlaget\/butikk\/\"},{\"@type\":\"ListItem\",\"position\":3,\"name\":\"Abu Nidals norske soldat\"}]},{\"@type\":\"WebSite\",\"@id\":\"https:\/\/staging.forenteforlag.no\/forlaget\/#website\",\"url\":\"https:\/\/staging.forenteforlag.no\/forlaget\/\",\"name\":\"Forlaget Press\",\"description\":\"\",\"publisher\":{\"@id\":\"https:\/\/staging.forenteforlag.no\/forlaget\/#organization\"},\"potentialAction\":[{\"@type\":\"SearchAction\",\"target\":{\"@type\":\"EntryPoint\",\"urlTemplate\":\"https:\/\/staging.forenteforlag.no\/forlaget\/?s={search_term_string}\"},\"query-input\":{\"@type\":\"PropertyValueSpecification\",\"valueRequired\":true,\"valueName\":\"search_term_string\"}}],\"inLanguage\":\"nb-NO\"},{\"@type\":\"Organization\",\"@id\":\"https:\/\/staging.forenteforlag.no\/forlaget\/#organization\",\"name\":\"Forlaget Press\",\"url\":\"https:\/\/staging.forenteforlag.no\/forlaget\/\",\"logo\":{\"@type\":\"ImageObject\",\"inLanguage\":\"nb-NO\",\"@id\":\"https:\/\/staging.forenteforlag.no\/forlaget\/#\/schema\/logo\/image\/\",\"url\":\"https:\/\/staging.forenteforlag.no\/forlaget\/wp-content\/uploads\/sites\/3\/2024\/09\/Press_logo.svg\",\"contentUrl\":\"https:\/\/staging.forenteforlag.no\/forlaget\/wp-content\/uploads\/sites\/3\/2024\/09\/Press_logo.svg\",\"width\":100,\"height\":100,\"caption\":\"Forlaget Press\"},\"image\":{\"@id\":\"https:\/\/staging.forenteforlag.no\/forlaget\/#\/schema\/logo\/image\/\"},\"sameAs\":[\"https:\/\/www.facebook.com\/Forlagetpress\"]}]}<\/script>\n<!-- \/ Yoast SEO plugin. -->","yoast_head_json":{"title":"Abu Nidals norske soldat - Forlaget Press","robots":{"index":"noindex","follow":"follow","max-snippet":"max-snippet:-1","max-image-preview":"max-image-preview:large","max-video-preview":"max-video-preview:-1"},"og_locale":"nb_NO","og_type":"article","og_title":"Abu Nidals norske soldat - Forlaget Press","og_description":"PARIS 9. AUGUST 1982&lt;br&gt;Restaurant Goldenberg blir utsatt for et terrorangrep. Fire menn i lysebl\u00e5 dresser bruker h\u00e5ndgranater og automatv\u00e5pen mot intetanende lunsjgjester. Seks mennesker blir drept og tjueto skadet.&lt;br&gt;&lt;br&gt;OSLO 4. DESEMBER 2020&lt;br&gt;Norsk politi eskorterer den 61 \u00e5r gamle Walid Osman inn p\u00e5 et Air France-fly til Paris. Etter arrestasjonen i Skien noen m\u00e5neder&lt;br&gt;tidligere har norske [&hellip;]","og_url":"https:\/\/staging.forenteforlag.no\/forlaget\/produkt\/abu-nidals-norske-soldat\/","og_site_name":"Forlaget Press","article_publisher":"https:\/\/www.facebook.com\/Forlagetpress","article_modified_time":"2026-03-02T16:07:25+00:00","og_image":[{"width":720,"height":1062,"url":"https:\/\/staging.forenteforlag.no\/forlaget\/wp-content\/uploads\/sites\/3\/2026\/02\/9788232806775.jpg","type":"image\/jpeg"}],"twitter_card":"summary_large_image","twitter_misc":{"Ansl. lesetid":"1 minutt"},"schema":{"@context":"https:\/\/schema.org","@graph":[{"@type":"WebPage","@id":"https:\/\/staging.forenteforlag.no\/forlaget\/produkt\/abu-nidals-norske-soldat\/","url":"https:\/\/staging.forenteforlag.no\/forlaget\/produkt\/abu-nidals-norske-soldat\/","name":"Abu Nidals norske soldat - Forlaget Press","isPartOf":{"@id":"https:\/\/staging.forenteforlag.no\/forlaget\/#website"},"primaryImageOfPage":{"@id":"https:\/\/staging.forenteforlag.no\/forlaget\/produkt\/abu-nidals-norske-soldat\/#primaryimage"},"image":{"@id":"https:\/\/staging.forenteforlag.no\/forlaget\/produkt\/abu-nidals-norske-soldat\/#primaryimage"},"thumbnailUrl":"https:\/\/staging.forenteforlag.no\/forlaget\/wp-content\/uploads\/sites\/3\/2026\/02\/9788232806775.jpg","datePublished":"2024-10-17T00:00:00+00:00","dateModified":"2026-03-02T16:07:25+00:00","breadcrumb":{"@id":"https:\/\/staging.forenteforlag.no\/forlaget\/produkt\/abu-nidals-norske-soldat\/#breadcrumb"},"inLanguage":"nb-NO","potentialAction":[{"@type":"ReadAction","target":["https:\/\/staging.forenteforlag.no\/forlaget\/produkt\/abu-nidals-norske-soldat\/"]}]},{"@type":"ImageObject","inLanguage":"nb-NO","@id":"https:\/\/staging.forenteforlag.no\/forlaget\/produkt\/abu-nidals-norske-soldat\/#primaryimage","url":"https:\/\/staging.forenteforlag.no\/forlaget\/wp-content\/uploads\/sites\/3\/2026\/02\/9788232806775.jpg","contentUrl":"https:\/\/staging.forenteforlag.no\/forlaget\/wp-content\/uploads\/sites\/3\/2026\/02\/9788232806775.jpg","width":720,"height":1062},{"@type":"BreadcrumbList","@id":"https:\/\/staging.forenteforlag.no\/forlaget\/produkt\/abu-nidals-norske-soldat\/#breadcrumb","itemListElement":[{"@type":"ListItem","position":1,"name":"Hjem","item":"https:\/\/staging.forenteforlag.no\/forlaget\/"},{"@type":"ListItem","position":2,"name":"Alle b\u00f8ker","item":"https:\/\/staging.forenteforlag.no\/forlaget\/butikk\/"},{"@type":"ListItem","position":3,"name":"Abu Nidals norske soldat"}]},{"@type":"WebSite","@id":"https:\/\/staging.forenteforlag.no\/forlaget\/#website","url":"https:\/\/staging.forenteforlag.no\/forlaget\/","name":"Forlaget Press","description":"","publisher":{"@id":"https:\/\/staging.forenteforlag.no\/forlaget\/#organization"},"potentialAction":[{"@type":"SearchAction","target":{"@type":"EntryPoint","urlTemplate":"https:\/\/staging.forenteforlag.no\/forlaget\/?s={search_term_string}"},"query-input":{"@type":"PropertyValueSpecification","valueRequired":true,"valueName":"search_term_string"}}],"inLanguage":"nb-NO"},{"@type":"Organization","@id":"https:\/\/staging.forenteforlag.no\/forlaget\/#organization","name":"Forlaget Press","url":"https:\/\/staging.forenteforlag.no\/forlaget\/","logo":{"@type":"ImageObject","inLanguage":"nb-NO","@id":"https:\/\/staging.forenteforlag.no\/forlaget\/#\/schema\/logo\/image\/","url":"https:\/\/staging.forenteforlag.no\/forlaget\/wp-content\/uploads\/sites\/3\/2024\/09\/Press_logo.svg","contentUrl":"https:\/\/staging.forenteforlag.no\/forlaget\/wp-content\/uploads\/sites\/3\/2024\/09\/Press_logo.svg","width":100,"height":100,"caption":"Forlaget Press"},"image":{"@id":"https:\/\/staging.forenteforlag.no\/forlaget\/#\/schema\/logo\/image\/"},"sameAs":["https:\/\/www.facebook.com\/Forlagetpress"]}]}},"_links":{"self":[{"href":"https:\/\/staging.forenteforlag.no\/forlaget\/wp-json\/wp\/v2\/product\/20237","targetHints":{"allow":["GET"]}}],"collection":[{"href":"https:\/\/staging.forenteforlag.no\/forlaget\/wp-json\/wp\/v2\/product"}],"about":[{"href":"https:\/\/staging.forenteforlag.no\/forlaget\/wp-json\/wp\/v2\/types\/product"}],"wp:featuredmedia":[{"embeddable":true,"href":"https:\/\/staging.forenteforlag.no\/forlaget\/wp-json\/wp\/v2\/media\/26584"}],"wp:attachment":[{"href":"https:\/\/staging.forenteforlag.no\/forlaget\/wp-json\/wp\/v2\/media?parent=20237"}],"wp:term":[{"taxonomy":"product_brand","embeddable":true,"href":"https:\/\/staging.forenteforlag.no\/forlaget\/wp-json\/wp\/v2\/product_brand?post=20237"},{"taxonomy":"product_cat","embeddable":true,"href":"https:\/\/staging.forenteforlag.no\/forlaget\/wp-json\/wp\/v2\/product_cat?post=20237"},{"taxonomy":"product_tag","embeddable":true,"href":"https:\/\/staging.forenteforlag.no\/forlaget\/wp-json\/wp\/v2\/product_tag?post=20237"}],"curies":[{"name":"wp","href":"https:\/\/api.w.org\/{rel}","templated":true}]}}