{"id":362,"date":"2024-10-16T14:57:53","date_gmt":"2024-10-16T12:57:53","guid":{"rendered":"https:\/\/forlagetpress.forenteforlag.no\/?page_id=362"},"modified":"2025-06-19T10:57:53","modified_gmt":"2025-06-19T08:57:53","slug":"kontakt-oss","status":"publish","type":"page","link":"https:\/\/staging.forenteforlag.no\/forlaget\/kontakt-oss\/","title":{"rendered":"Kontakt oss"},"content":{"rendered":"<p>Har du sp\u00f8rsm\u00e5l kan du fylle ut kontaktskjema under eller ta kontakt via telefon eller e-post. Forlaget Press mottar mange henvendelser, og vi svarer s\u00e5 fort vi kan. Under finner du informasjon om hvem du kan kontakte om du er bokhandler, journalist, anmelder eller aspirerende forfatter.<\/p>\n<p>&nbsp;<\/p>\n<h4>\u00d8nsker du \u00e5 sende manuset ditt til Forlaget Press?<\/h4>\n<p>Da er det nyttig \u00e5 vite at vi\u00a0<u>ikke<\/u> utgir norsk skj\u00f8nnlitteratur. Vi har mange skj\u00f8nnlitter\u00e6re utgivelser, men de er alle oversatt fra andre spr\u00e5k. Derimot er du velkommen til \u00e5 sende oss sakprosamanuskripter skrevet p\u00e5 norsk. Vi utgir b\u00e5de fagb\u00f8ker beregnet til bruk p\u00e5 universiteter og h\u00f8gskoler, og generell sakprosa for allmennmarkedet. Vi utgir ogs\u00e5 debattb\u00f8ker, dokumentarb\u00f8ker og biografier. Alle akademiske utgivelser som kommer ut p\u00e5 Forlaget Press fagfellevurderes, og vi publiserer p\u00e5 niv\u00e5 1 p\u00e5 publiseringsindikatoren.<\/p>\n<p>Send manuskriptet til\u00a0<a href=\"mailto:manus@fpress.no\">manus@fpress.no<\/a>. Legg ved et f\u00f8lgebrev der du gj\u00f8r rede for bokprosjektet ditt og hvem du mener boken passer for. Du vil f\u00e5 svar i l\u00f8pet av 6-8 uker.<\/p>\n<p>&nbsp;<\/p>\n<h4>\u00d8nsker du anmelder-\/presseeksemplar av noen av b\u00f8kene v\u00e5re?<\/h4>\n<p>Kontakt salg- og markedssjef Elin Hagen: <u><a href=\"mailto:elin@fpress.no\">elin@fpress.no<\/a><\/u> \/ 23 13 69 38 \/ 99 50 51 40<\/p>\n<p>H\u00f8yoppl\u00f8ste bokomslag, forfatterportretter og annet pressemateriell finnes p\u00e5 hver bok- eller forfatterside.<\/p>\n<p>&nbsp;<\/p>\n<h4>\u00d8nsker du leseeksemplar av noen av b\u00f8kene v\u00e5re?<\/h4>\n<p>Kontakt salg- og markedssjef Elin Hagen: <u><a href=\"mailto:elin@fpress.no\">elin@fpress.no<\/a><\/u> \/ 23 13 69 38 \/ 99 50 51 40<\/p>\n<p>De fleste b\u00f8kene kan bestilles direkte fra Forlagssentralen.<\/p>\n<p>&nbsp;<\/p>\n","protected":false},"excerpt":{"rendered":"<p>Har du sp\u00f8rsm\u00e5l kan du fylle ut kontaktskjema under eller ta kontakt via telefon eller e-post. Forlaget Press mottar mange henvendelser, og vi svarer s\u00e5 fort vi kan. Under finner du informasjon om hvem du kan kontakte om du er bokhandler, journalist, anmelder eller aspirerende forfatter. &nbsp; \u00d8nsker du \u00e5 sende manuset ditt til Forlaget [&hellip;]<\/p>\n","protected":false},"author":2,"featured_media":0,"parent":0,"menu_order":0,"comment_status":"closed","ping_status":"closed","template":"","meta":{"_acf_changed":false,"inline_featured_image":false,"footnotes":""},"class_list":["post-362","page","type-page","status-publish","hentry"],"acf":[],"yoast_head":"<!-- This site is optimized with the Yoast SEO plugin v26.6 - https:\/\/yoast.com\/wordpress\/plugins\/seo\/ -->\n<title>Kontakt oss - Forlaget Press<\/title>\n<meta name=\"description\" content=\"Ta kontakt med Forlaget Press for sp\u00f8rsm\u00e5l, tilbakemeldinger eller samarbeid. Vi ser frem til \u00e5 h\u00f8re fra deg!\" \/>\n<meta name=\"robots\" content=\"noindex, follow, max-snippet:-1, max-image-preview:large, max-video-preview:-1\" \/>\n<meta property=\"og:locale\" content=\"nb_NO\" \/>\n<meta property=\"og:type\" content=\"article\" \/>\n<meta property=\"og:title\" content=\"Kontakt oss - Forlaget Press\" \/>\n<meta property=\"og:description\" content=\"Ta kontakt med Forlaget Press for sp\u00f8rsm\u00e5l, tilbakemeldinger eller samarbeid. Vi ser frem til \u00e5 h\u00f8re fra deg!\" \/>\n<meta property=\"og:url\" content=\"https:\/\/staging.forenteforlag.no\/forlaget\/kontakt-oss\/\" \/>\n<meta property=\"og:site_name\" content=\"Forlaget Press\" \/>\n<meta property=\"article:publisher\" content=\"https:\/\/www.facebook.com\/Forlagetpress\" \/>\n<meta property=\"article:modified_time\" content=\"2025-06-19T08:57:53+00:00\" \/>\n<meta property=\"og:image\" content=\"https:\/\/staging.forenteforlag.no\/forlaget\/wp-content\/uploads\/sites\/3\/2025\/02\/forlagetpress-scaled.jpg\" \/>\n\t<meta property=\"og:image:width\" content=\"1920\" \/>\n\t<meta property=\"og:image:height\" content=\"1280\" \/>\n\t<meta property=\"og:image:type\" content=\"image\/jpeg\" \/>\n<meta name=\"twitter:card\" content=\"summary_large_image\" \/>\n<meta name=\"twitter:label1\" content=\"Ansl. lesetid\" \/>\n\t<meta name=\"twitter:data1\" content=\"2 minutter\" \/>\n<script type=\"application\/ld+json\" class=\"yoast-schema-graph\">{\"@context\":\"https:\/\/schema.org\",\"@graph\":[{\"@type\":\"WebPage\",\"@id\":\"https:\/\/staging.forenteforlag.no\/forlaget\/kontakt-oss\/\",\"url\":\"https:\/\/staging.forenteforlag.no\/forlaget\/kontakt-oss\/\",\"name\":\"Kontakt oss - Forlaget Press\",\"isPartOf\":{\"@id\":\"https:\/\/staging.forenteforlag.no\/forlaget\/#website\"},\"datePublished\":\"2024-10-16T12:57:53+00:00\",\"dateModified\":\"2025-06-19T08:57:53+00:00\",\"description\":\"Ta kontakt med Forlaget Press for sp\u00f8rsm\u00e5l, tilbakemeldinger eller samarbeid. Vi ser frem til \u00e5 h\u00f8re fra deg!\",\"breadcrumb\":{\"@id\":\"https:\/\/staging.forenteforlag.no\/forlaget\/kontakt-oss\/#breadcrumb\"},\"inLanguage\":\"nb-NO\",\"potentialAction\":[{\"@type\":\"ReadAction\",\"target\":[\"https:\/\/staging.forenteforlag.no\/forlaget\/kontakt-oss\/\"]}]},{\"@type\":\"BreadcrumbList\",\"@id\":\"https:\/\/staging.forenteforlag.no\/forlaget\/kontakt-oss\/#breadcrumb\",\"itemListElement\":[{\"@type\":\"ListItem\",\"position\":1,\"name\":\"Hjem\",\"item\":\"https:\/\/staging.forenteforlag.no\/forlaget\/\"},{\"@type\":\"ListItem\",\"position\":2,\"name\":\"Kontakt oss\"}]},{\"@type\":\"WebSite\",\"@id\":\"https:\/\/staging.forenteforlag.no\/forlaget\/#website\",\"url\":\"https:\/\/staging.forenteforlag.no\/forlaget\/\",\"name\":\"Forlaget Press\",\"description\":\"\",\"publisher\":{\"@id\":\"https:\/\/staging.forenteforlag.no\/forlaget\/#organization\"},\"potentialAction\":[{\"@type\":\"SearchAction\",\"target\":{\"@type\":\"EntryPoint\",\"urlTemplate\":\"https:\/\/staging.forenteforlag.no\/forlaget\/?s={search_term_string}\"},\"query-input\":{\"@type\":\"PropertyValueSpecification\",\"valueRequired\":true,\"valueName\":\"search_term_string\"}}],\"inLanguage\":\"nb-NO\"},{\"@type\":\"Organization\",\"@id\":\"https:\/\/staging.forenteforlag.no\/forlaget\/#organization\",\"name\":\"Forlaget Press\",\"url\":\"https:\/\/staging.forenteforlag.no\/forlaget\/\",\"logo\":{\"@type\":\"ImageObject\",\"inLanguage\":\"nb-NO\",\"@id\":\"https:\/\/staging.forenteforlag.no\/forlaget\/#\/schema\/logo\/image\/\",\"url\":\"https:\/\/staging.forenteforlag.no\/forlaget\/wp-content\/uploads\/sites\/3\/2024\/09\/Press_logo.svg\",\"contentUrl\":\"https:\/\/staging.forenteforlag.no\/forlaget\/wp-content\/uploads\/sites\/3\/2024\/09\/Press_logo.svg\",\"width\":100,\"height\":100,\"caption\":\"Forlaget Press\"},\"image\":{\"@id\":\"https:\/\/staging.forenteforlag.no\/forlaget\/#\/schema\/logo\/image\/\"},\"sameAs\":[\"https:\/\/www.facebook.com\/Forlagetpress\"]}]}<\/script>\n<!-- \/ Yoast SEO plugin. -->","yoast_head_json":{"title":"Kontakt oss - Forlaget Press","description":"Ta kontakt med Forlaget Press for sp\u00f8rsm\u00e5l, tilbakemeldinger eller samarbeid. Vi ser frem til \u00e5 h\u00f8re fra deg!","robots":{"index":"noindex","follow":"follow","max-snippet":"max-snippet:-1","max-image-preview":"max-image-preview:large","max-video-preview":"max-video-preview:-1"},"og_locale":"nb_NO","og_type":"article","og_title":"Kontakt oss - Forlaget Press","og_description":"Ta kontakt med Forlaget Press for sp\u00f8rsm\u00e5l, tilbakemeldinger eller samarbeid. Vi ser frem til \u00e5 h\u00f8re fra deg!","og_url":"https:\/\/staging.forenteforlag.no\/forlaget\/kontakt-oss\/","og_site_name":"Forlaget Press","article_publisher":"https:\/\/www.facebook.com\/Forlagetpress","article_modified_time":"2025-06-19T08:57:53+00:00","og_image":[{"width":1920,"height":1280,"url":"https:\/\/staging.forenteforlag.no\/forlaget\/wp-content\/uploads\/sites\/3\/2025\/02\/forlagetpress-scaled.jpg","type":"image\/jpeg"}],"twitter_card":"summary_large_image","twitter_misc":{"Ansl. lesetid":"2 minutter"},"schema":{"@context":"https:\/\/schema.org","@graph":[{"@type":"WebPage","@id":"https:\/\/staging.forenteforlag.no\/forlaget\/kontakt-oss\/","url":"https:\/\/staging.forenteforlag.no\/forlaget\/kontakt-oss\/","name":"Kontakt oss - Forlaget Press","isPartOf":{"@id":"https:\/\/staging.forenteforlag.no\/forlaget\/#website"},"datePublished":"2024-10-16T12:57:53+00:00","dateModified":"2025-06-19T08:57:53+00:00","description":"Ta kontakt med Forlaget Press for sp\u00f8rsm\u00e5l, tilbakemeldinger eller samarbeid. Vi ser frem til \u00e5 h\u00f8re fra deg!","breadcrumb":{"@id":"https:\/\/staging.forenteforlag.no\/forlaget\/kontakt-oss\/#breadcrumb"},"inLanguage":"nb-NO","potentialAction":[{"@type":"ReadAction","target":["https:\/\/staging.forenteforlag.no\/forlaget\/kontakt-oss\/"]}]},{"@type":"BreadcrumbList","@id":"https:\/\/staging.forenteforlag.no\/forlaget\/kontakt-oss\/#breadcrumb","itemListElement":[{"@type":"ListItem","position":1,"name":"Hjem","item":"https:\/\/staging.forenteforlag.no\/forlaget\/"},{"@type":"ListItem","position":2,"name":"Kontakt oss"}]},{"@type":"WebSite","@id":"https:\/\/staging.forenteforlag.no\/forlaget\/#website","url":"https:\/\/staging.forenteforlag.no\/forlaget\/","name":"Forlaget Press","description":"","publisher":{"@id":"https:\/\/staging.forenteforlag.no\/forlaget\/#organization"},"potentialAction":[{"@type":"SearchAction","target":{"@type":"EntryPoint","urlTemplate":"https:\/\/staging.forenteforlag.no\/forlaget\/?s={search_term_string}"},"query-input":{"@type":"PropertyValueSpecification","valueRequired":true,"valueName":"search_term_string"}}],"inLanguage":"nb-NO"},{"@type":"Organization","@id":"https:\/\/staging.forenteforlag.no\/forlaget\/#organization","name":"Forlaget Press","url":"https:\/\/staging.forenteforlag.no\/forlaget\/","logo":{"@type":"ImageObject","inLanguage":"nb-NO","@id":"https:\/\/staging.forenteforlag.no\/forlaget\/#\/schema\/logo\/image\/","url":"https:\/\/staging.forenteforlag.no\/forlaget\/wp-content\/uploads\/sites\/3\/2024\/09\/Press_logo.svg","contentUrl":"https:\/\/staging.forenteforlag.no\/forlaget\/wp-content\/uploads\/sites\/3\/2024\/09\/Press_logo.svg","width":100,"height":100,"caption":"Forlaget Press"},"image":{"@id":"https:\/\/staging.forenteforlag.no\/forlaget\/#\/schema\/logo\/image\/"},"sameAs":["https:\/\/www.facebook.com\/Forlagetpress"]}]}},"_links":{"self":[{"href":"https:\/\/staging.forenteforlag.no\/forlaget\/wp-json\/wp\/v2\/pages\/362","targetHints":{"allow":["GET"]}}],"collection":[{"href":"https:\/\/staging.forenteforlag.no\/forlaget\/wp-json\/wp\/v2\/pages"}],"about":[{"href":"https:\/\/staging.forenteforlag.no\/forlaget\/wp-json\/wp\/v2\/types\/page"}],"author":[{"embeddable":true,"href":"https:\/\/staging.forenteforlag.no\/forlaget\/wp-json\/wp\/v2\/users\/2"}],"replies":[{"embeddable":true,"href":"https:\/\/staging.forenteforlag.no\/forlaget\/wp-json\/wp\/v2\/comments?post=362"}],"version-history":[{"count":8,"href":"https:\/\/staging.forenteforlag.no\/forlaget\/wp-json\/wp\/v2\/pages\/362\/revisions"}],"predecessor-version":[{"id":23515,"href":"https:\/\/staging.forenteforlag.no\/forlaget\/wp-json\/wp\/v2\/pages\/362\/revisions\/23515"}],"wp:attachment":[{"href":"https:\/\/staging.forenteforlag.no\/forlaget\/wp-json\/wp\/v2\/media?parent=362"}],"curies":[{"name":"wp","href":"https:\/\/api.w.org\/{rel}","templated":true}]}}