{"id":2739,"date":"2024-11-26T08:38:57","date_gmt":"2024-11-26T07:38:57","guid":{"rendered":"https:\/\/forlagetpress.forenteforlag.no\/?page_id=2739"},"modified":"2025-01-30T14:43:24","modified_gmt":"2025-01-30T13:43:24","slug":"kjopsvilkar","status":"publish","type":"page","link":"https:\/\/staging.forenteforlag.no\/forlaget\/kjopsvilkar\/","title":{"rendered":"Kj\u00f8psvilk\u00e5r"},"content":{"rendered":"<h2>Betaling<\/h2>\n<p>Vi godtar betaling med kort (Nets) og Vipps.<\/p>\n<h2>Levering<\/h2>\n<p>Ordre sendes i l\u00f8pet av to virkedager. De sendes av v\u00e5r distribut\u00f8r, Forlagssentralen, og leveres av Posten\/Bring.<\/p>\n<h2>Fraktkostnader<\/h2>\n<p>Vi tilbyr gratis frakt til adresser i Norge ved ordre over 250,- kr. Ved ordre under 250,- kr tilkommer et fraktgebyr p\u00e5 85,- kr.<\/p>\n<p>For sendinger til andre land i Europa tilkommer et fraktgebyr p\u00e5 150,- kr. Sendinger utenfor Europa har et fraktgebyr p\u00e5 350,- kr.<\/p>\n<h2>International orders<\/h2>\n<p>The shipping fee to European countries is NOK 150. The shipping fee outside of Europe is NOK 350.<\/p>\n<p>The orders are sent by our distributor, Forlagssentralen.<\/p>\n<h2>Reklamasjon og angrerett<\/h2>\n<p>Hvis det er feil eller mangel ved leveransen, kontakt oss p\u00e5 <a href=\"mailto:ff@forlagetpress.forenteforlag.no\">ff@forlagetpress.forenteforlag.no<\/a>. Vi dekker returkostnadene. Merk returen tydelig med navn og kundenummer\/ordrenummer.<\/p>\n<p>Angreretten gjelder i 14 dager etter at varen er levert. Leveransen m\u00e5 v\u00e6re i samme stand som n\u00e5r du mottok den.<\/p>\n<p>Vil du benytte deg av angreretten (oppheve kj\u00f8pet), dekker du selv returkostnadene. Du kan alts\u00e5 ikke sende den i oppkrav. Du m\u00e5 legge ved ferdig utfylt angrerettskjema.<\/p>\n<p>Lenke til angrerettskjema finner du i ordrebekreftelsen du mottar p\u00e5 e-post ved fullf\u00f8rt kj\u00f8p. Det kan ogs\u00e5 lastes ned her: [hyperlenke]<\/p>\n<p>Returadressen er:<\/p>\n<p>Forente Forlag AS<br \/>\nPostboks 6673 St. Olavs plass<br \/>\n0129 Oslo<\/p>\n<h2>Konfliktl\u00f8sning<\/h2>\n<p>Klager rettes til selger innen rimelig tid. Partene skal fors\u00f8ke \u00e5 l\u00f8se eventuelle tvister i minnelighet. Dersom dette ikke lykkes, kan kj\u00f8peren ta kontakt med Forbrukerr\u00e5det for mekling. Forbrukerr\u00e5det er tilgjengelig p\u00e5 telefon <a href=\"tel:23400500\">23 400 500<\/a> eller <a href=\"https:\/\/www.forbrukerradet.no\" target=\"_blank\" rel=\"noopener\">www.forbrukerradet.no<\/a>.<\/p>\n<p>Europa-Kommisjonens klageportal kan ogs\u00e5 brukes hvis du \u00f8nsker \u00e5 inngi en klage. Det er s\u00e6rlig relevant, hvis du er forbruker bosatt i et annet EU-land. Klagen inngis her: <a href=\"https:\/\/ec.europa.eu\/odr\" target=\"_blank\" rel=\"noopener\">http:\/\/ec.europa.eu\/odr<\/a>.<\/p>\n","protected":false},"excerpt":{"rendered":"<p>Betaling Vi godtar betaling med kort (Nets) og Vipps. Levering Ordre sendes i l\u00f8pet av to virkedager. De sendes av v\u00e5r distribut\u00f8r, Forlagssentralen, og leveres av Posten\/Bring. Fraktkostnader Vi tilbyr gratis frakt til adresser i Norge ved ordre over 250,- kr. Ved ordre under 250,- kr tilkommer et fraktgebyr p\u00e5 85,- kr. For sendinger til [&hellip;]<\/p>\n","protected":false},"author":2,"featured_media":0,"parent":0,"menu_order":0,"comment_status":"closed","ping_status":"closed","template":"","meta":{"_acf_changed":false,"inline_featured_image":false,"footnotes":""},"class_list":["post-2739","page","type-page","status-publish","hentry"],"acf":[],"yoast_head":"<!-- This site is optimized with the Yoast SEO plugin v26.6 - https:\/\/yoast.com\/wordpress\/plugins\/seo\/ -->\n<title>Kj\u00f8psvilk\u00e5r - Forlaget Press<\/title>\n<meta name=\"robots\" content=\"noindex, follow, max-snippet:-1, max-image-preview:large, max-video-preview:-1\" \/>\n<meta property=\"og:locale\" content=\"nb_NO\" \/>\n<meta property=\"og:type\" content=\"article\" \/>\n<meta property=\"og:title\" content=\"Kj\u00f8psvilk\u00e5r - Forlaget Press\" \/>\n<meta property=\"og:description\" content=\"Betaling Vi godtar betaling med kort (Nets) og Vipps. Levering Ordre sendes i l\u00f8pet av to virkedager. De sendes av v\u00e5r distribut\u00f8r, Forlagssentralen, og leveres av Posten\/Bring. Fraktkostnader Vi tilbyr gratis frakt til adresser i Norge ved ordre over 250,- kr. Ved ordre under 250,- kr tilkommer et fraktgebyr p\u00e5 85,- kr. For sendinger til [&hellip;]\" \/>\n<meta property=\"og:url\" content=\"https:\/\/staging.forenteforlag.no\/forlaget\/kjopsvilkar\/\" \/>\n<meta property=\"og:site_name\" content=\"Forlaget Press\" \/>\n<meta property=\"article:publisher\" content=\"https:\/\/www.facebook.com\/Forlagetpress\" \/>\n<meta property=\"article:modified_time\" content=\"2025-01-30T13:43:24+00:00\" \/>\n<meta property=\"og:image\" content=\"https:\/\/staging.forenteforlag.no\/forlaget\/wp-content\/uploads\/sites\/3\/2025\/02\/forlagetpress-scaled.jpg\" \/>\n\t<meta property=\"og:image:width\" content=\"1920\" \/>\n\t<meta property=\"og:image:height\" content=\"1280\" \/>\n\t<meta property=\"og:image:type\" content=\"image\/jpeg\" \/>\n<meta name=\"twitter:card\" content=\"summary_large_image\" \/>\n<meta name=\"twitter:label1\" content=\"Ansl. lesetid\" \/>\n\t<meta name=\"twitter:data1\" content=\"2 minutter\" \/>\n<script type=\"application\/ld+json\" class=\"yoast-schema-graph\">{\"@context\":\"https:\/\/schema.org\",\"@graph\":[{\"@type\":\"WebPage\",\"@id\":\"https:\/\/staging.forenteforlag.no\/forlaget\/kjopsvilkar\/\",\"url\":\"https:\/\/staging.forenteforlag.no\/forlaget\/kjopsvilkar\/\",\"name\":\"Kj\u00f8psvilk\u00e5r - Forlaget Press\",\"isPartOf\":{\"@id\":\"https:\/\/staging.forenteforlag.no\/forlaget\/#website\"},\"datePublished\":\"2024-11-26T07:38:57+00:00\",\"dateModified\":\"2025-01-30T13:43:24+00:00\",\"breadcrumb\":{\"@id\":\"https:\/\/staging.forenteforlag.no\/forlaget\/kjopsvilkar\/#breadcrumb\"},\"inLanguage\":\"nb-NO\",\"potentialAction\":[{\"@type\":\"ReadAction\",\"target\":[\"https:\/\/staging.forenteforlag.no\/forlaget\/kjopsvilkar\/\"]}]},{\"@type\":\"BreadcrumbList\",\"@id\":\"https:\/\/staging.forenteforlag.no\/forlaget\/kjopsvilkar\/#breadcrumb\",\"itemListElement\":[{\"@type\":\"ListItem\",\"position\":1,\"name\":\"Hjem\",\"item\":\"https:\/\/staging.forenteforlag.no\/forlaget\/\"},{\"@type\":\"ListItem\",\"position\":2,\"name\":\"Kj\u00f8psvilk\u00e5r\"}]},{\"@type\":\"WebSite\",\"@id\":\"https:\/\/staging.forenteforlag.no\/forlaget\/#website\",\"url\":\"https:\/\/staging.forenteforlag.no\/forlaget\/\",\"name\":\"Forlaget Press\",\"description\":\"\",\"publisher\":{\"@id\":\"https:\/\/staging.forenteforlag.no\/forlaget\/#organization\"},\"potentialAction\":[{\"@type\":\"SearchAction\",\"target\":{\"@type\":\"EntryPoint\",\"urlTemplate\":\"https:\/\/staging.forenteforlag.no\/forlaget\/?s={search_term_string}\"},\"query-input\":{\"@type\":\"PropertyValueSpecification\",\"valueRequired\":true,\"valueName\":\"search_term_string\"}}],\"inLanguage\":\"nb-NO\"},{\"@type\":\"Organization\",\"@id\":\"https:\/\/staging.forenteforlag.no\/forlaget\/#organization\",\"name\":\"Forlaget Press\",\"url\":\"https:\/\/staging.forenteforlag.no\/forlaget\/\",\"logo\":{\"@type\":\"ImageObject\",\"inLanguage\":\"nb-NO\",\"@id\":\"https:\/\/staging.forenteforlag.no\/forlaget\/#\/schema\/logo\/image\/\",\"url\":\"https:\/\/staging.forenteforlag.no\/forlaget\/wp-content\/uploads\/sites\/3\/2024\/09\/Press_logo.svg\",\"contentUrl\":\"https:\/\/staging.forenteforlag.no\/forlaget\/wp-content\/uploads\/sites\/3\/2024\/09\/Press_logo.svg\",\"width\":100,\"height\":100,\"caption\":\"Forlaget Press\"},\"image\":{\"@id\":\"https:\/\/staging.forenteforlag.no\/forlaget\/#\/schema\/logo\/image\/\"},\"sameAs\":[\"https:\/\/www.facebook.com\/Forlagetpress\"]}]}<\/script>\n<!-- \/ Yoast SEO plugin. -->","yoast_head_json":{"title":"Kj\u00f8psvilk\u00e5r - Forlaget Press","robots":{"index":"noindex","follow":"follow","max-snippet":"max-snippet:-1","max-image-preview":"max-image-preview:large","max-video-preview":"max-video-preview:-1"},"og_locale":"nb_NO","og_type":"article","og_title":"Kj\u00f8psvilk\u00e5r - Forlaget Press","og_description":"Betaling Vi godtar betaling med kort (Nets) og Vipps. Levering Ordre sendes i l\u00f8pet av to virkedager. De sendes av v\u00e5r distribut\u00f8r, Forlagssentralen, og leveres av Posten\/Bring. Fraktkostnader Vi tilbyr gratis frakt til adresser i Norge ved ordre over 250,- kr. Ved ordre under 250,- kr tilkommer et fraktgebyr p\u00e5 85,- kr. For sendinger til [&hellip;]","og_url":"https:\/\/staging.forenteforlag.no\/forlaget\/kjopsvilkar\/","og_site_name":"Forlaget Press","article_publisher":"https:\/\/www.facebook.com\/Forlagetpress","article_modified_time":"2025-01-30T13:43:24+00:00","og_image":[{"width":1920,"height":1280,"url":"https:\/\/staging.forenteforlag.no\/forlaget\/wp-content\/uploads\/sites\/3\/2025\/02\/forlagetpress-scaled.jpg","type":"image\/jpeg"}],"twitter_card":"summary_large_image","twitter_misc":{"Ansl. lesetid":"2 minutter"},"schema":{"@context":"https:\/\/schema.org","@graph":[{"@type":"WebPage","@id":"https:\/\/staging.forenteforlag.no\/forlaget\/kjopsvilkar\/","url":"https:\/\/staging.forenteforlag.no\/forlaget\/kjopsvilkar\/","name":"Kj\u00f8psvilk\u00e5r - Forlaget Press","isPartOf":{"@id":"https:\/\/staging.forenteforlag.no\/forlaget\/#website"},"datePublished":"2024-11-26T07:38:57+00:00","dateModified":"2025-01-30T13:43:24+00:00","breadcrumb":{"@id":"https:\/\/staging.forenteforlag.no\/forlaget\/kjopsvilkar\/#breadcrumb"},"inLanguage":"nb-NO","potentialAction":[{"@type":"ReadAction","target":["https:\/\/staging.forenteforlag.no\/forlaget\/kjopsvilkar\/"]}]},{"@type":"BreadcrumbList","@id":"https:\/\/staging.forenteforlag.no\/forlaget\/kjopsvilkar\/#breadcrumb","itemListElement":[{"@type":"ListItem","position":1,"name":"Hjem","item":"https:\/\/staging.forenteforlag.no\/forlaget\/"},{"@type":"ListItem","position":2,"name":"Kj\u00f8psvilk\u00e5r"}]},{"@type":"WebSite","@id":"https:\/\/staging.forenteforlag.no\/forlaget\/#website","url":"https:\/\/staging.forenteforlag.no\/forlaget\/","name":"Forlaget Press","description":"","publisher":{"@id":"https:\/\/staging.forenteforlag.no\/forlaget\/#organization"},"potentialAction":[{"@type":"SearchAction","target":{"@type":"EntryPoint","urlTemplate":"https:\/\/staging.forenteforlag.no\/forlaget\/?s={search_term_string}"},"query-input":{"@type":"PropertyValueSpecification","valueRequired":true,"valueName":"search_term_string"}}],"inLanguage":"nb-NO"},{"@type":"Organization","@id":"https:\/\/staging.forenteforlag.no\/forlaget\/#organization","name":"Forlaget Press","url":"https:\/\/staging.forenteforlag.no\/forlaget\/","logo":{"@type":"ImageObject","inLanguage":"nb-NO","@id":"https:\/\/staging.forenteforlag.no\/forlaget\/#\/schema\/logo\/image\/","url":"https:\/\/staging.forenteforlag.no\/forlaget\/wp-content\/uploads\/sites\/3\/2024\/09\/Press_logo.svg","contentUrl":"https:\/\/staging.forenteforlag.no\/forlaget\/wp-content\/uploads\/sites\/3\/2024\/09\/Press_logo.svg","width":100,"height":100,"caption":"Forlaget Press"},"image":{"@id":"https:\/\/staging.forenteforlag.no\/forlaget\/#\/schema\/logo\/image\/"},"sameAs":["https:\/\/www.facebook.com\/Forlagetpress"]}]}},"_links":{"self":[{"href":"https:\/\/staging.forenteforlag.no\/forlaget\/wp-json\/wp\/v2\/pages\/2739","targetHints":{"allow":["GET"]}}],"collection":[{"href":"https:\/\/staging.forenteforlag.no\/forlaget\/wp-json\/wp\/v2\/pages"}],"about":[{"href":"https:\/\/staging.forenteforlag.no\/forlaget\/wp-json\/wp\/v2\/types\/page"}],"author":[{"embeddable":true,"href":"https:\/\/staging.forenteforlag.no\/forlaget\/wp-json\/wp\/v2\/users\/2"}],"replies":[{"embeddable":true,"href":"https:\/\/staging.forenteforlag.no\/forlaget\/wp-json\/wp\/v2\/comments?post=2739"}],"version-history":[{"count":3,"href":"https:\/\/staging.forenteforlag.no\/forlaget\/wp-json\/wp\/v2\/pages\/2739\/revisions"}],"predecessor-version":[{"id":2742,"href":"https:\/\/staging.forenteforlag.no\/forlaget\/wp-json\/wp\/v2\/pages\/2739\/revisions\/2742"}],"wp:attachment":[{"href":"https:\/\/staging.forenteforlag.no\/forlaget\/wp-json\/wp\/v2\/media?parent=2739"}],"curies":[{"name":"wp","href":"https:\/\/api.w.org\/{rel}","templated":true}]}}