{"id":24992,"date":"2026-01-05T05:10:30","date_gmt":"2026-01-05T04:10:30","guid":{"rendered":"https:\/\/dreyersforlag.no\/produkt\/fra-kjonn-til-kjaerlighet\/"},"modified":"2026-02-18T07:09:03","modified_gmt":"2026-02-18T06:09:03","slug":"fra-kjonn-til-kjaerlighet","status":"publish","type":"product","link":"https:\/\/staging.forenteforlag.no\/dreyers\/produkt\/fra-kjonn-til-kjaerlighet\/","title":{"rendered":"Fra kj\u00f8nn til kj\u00e6rlighet"},"content":{"rendered":"<p>P\u00e5 1950-tallet ble homofili ford\u00f8mt av norske biskoper som \u00aben samfunnsfare av verdensdimensjoner\u00bb. I dag vier Den norske kirke likekj\u00f8nnede par. Hvordan skjedde<br \/>denne radikale snuoperasjonen? <\/p>\n<p>Halvor Moxnes forteller her historien om hvordan kirkens syn p\u00e5 homofile ble formet, utfordret og til slutt endret i samspill med store samfunnsendringer i familie-, samlivs- og likestillingspolitikken. Boken f\u00f8lger prosessen fra opphevelsen av straffelovens \u00a7 213 i 1972, via parnerskapsloven i 1993, til innf\u00f8ringen av likekj\u00f8nnet vigsel i 2017.<\/p>\n<p>Moxnes viser hvordan kirkens posisjoner b\u00e5de har speilet og motsatt seg samfunnets utvikling, og hvordan debatten om homofile ble en kamp om kirkens identitet. Med bakgrunn fra forskning, teologi og flere ti\u00e5rs engasjement i homofilidebatten gir han et skarpt og innsiktsfullt innenfrablikk p\u00e5 den mest omstridte verdidebatten i nyere norsk kirkehistorie.<br \/>En bok for alle som er interessert i samtidshistorie, religion, kj\u00f8nn og politikk \u2013 og i \u00e5 forst\u00e5 hvordan en institusjon kan forandre seg i m\u00f8te med et samfunn i endring.<\/p>\n","protected":false},"excerpt":{"rendered":"<p>P\u00e5 1950-tallet ble homofili ford\u00f8mt av norske biskoper som \u00aben samfunnsfare av verdensdimensjoner\u00bb. I dag vier Den norske kirke likekj\u00f8nnede par. Hvordan skjeddedenne radikale snuoperasjonen? Halvor Moxnes forteller her historien om hvordan kirkens syn p\u00e5 homofile ble formet, utfordret og til slutt endret i samspill med store samfunnsendringer i familie-, samlivs- og likestillingspolitikken. Boken f\u00f8lger [&hellip;]<\/p>\n","protected":false},"featured_media":25036,"template":"","meta":{"_acf_changed":false,"inline_featured_image":false},"product_brand":[],"product_cat":[16],"product_tag":[362],"class_list":{"0":"post-24992","1":"product","2":"type-product","3":"status-publish","4":"has-post-thumbnail","6":"product_cat-ukategorisert","7":"product_tag-faglitteratur","8":"pa_format-innbundet","10":"first","11":"instock","12":"purchasable","13":"product-type-simple"},"acf":{"anmeldelse":null},"yoast_head":"<!-- This site is optimized with the Yoast SEO plugin v26.6 - https:\/\/yoast.com\/wordpress\/plugins\/seo\/ -->\n<title>Fra kj\u00f8nn til kj\u00e6rlighet - Dreyers Forlag<\/title>\n<meta name=\"robots\" content=\"noindex, follow, max-snippet:-1, max-image-preview:large, max-video-preview:-1\" \/>\n<meta property=\"og:locale\" content=\"nb_NO\" \/>\n<meta property=\"og:type\" content=\"article\" \/>\n<meta property=\"og:title\" content=\"Fra kj\u00f8nn til kj\u00e6rlighet - Dreyers Forlag\" \/>\n<meta property=\"og:description\" content=\"P\u00e5 1950-tallet ble homofili ford\u00f8mt av norske biskoper som \u00aben samfunnsfare av verdensdimensjoner\u00bb. I dag vier Den norske kirke likekj\u00f8nnede par. Hvordan skjeddedenne radikale snuoperasjonen? Halvor Moxnes forteller her historien om hvordan kirkens syn p\u00e5 homofile ble formet, utfordret og til slutt endret i samspill med store samfunnsendringer i familie-, samlivs- og likestillingspolitikken. Boken f\u00f8lger [&hellip;]\" \/>\n<meta property=\"og:url\" content=\"https:\/\/staging.forenteforlag.no\/dreyers\/produkt\/fra-kjonn-til-kjaerlighet\/\" \/>\n<meta property=\"og:site_name\" content=\"Dreyers Forlag\" \/>\n<meta property=\"article:modified_time\" content=\"2026-02-18T06:09:03+00:00\" \/>\n<meta property=\"og:image\" content=\"https:\/\/staging.forenteforlag.no\/dreyers\/wp-content\/uploads\/sites\/2\/2026\/01\/Fra-kjonn-til-kjaerlighet_riss19_Side_1-scaled-1-scaled.jpg\" \/>\n\t<meta property=\"og:image:width\" content=\"1173\" \/>\n\t<meta property=\"og:image:height\" content=\"1920\" \/>\n\t<meta property=\"og:image:type\" content=\"image\/jpeg\" \/>\n<meta name=\"twitter:card\" content=\"summary_large_image\" \/>\n<meta name=\"twitter:label1\" content=\"Ansl. lesetid\" \/>\n\t<meta name=\"twitter:data1\" content=\"1 minutt\" \/>\n<script type=\"application\/ld+json\" class=\"yoast-schema-graph\">{\"@context\":\"https:\/\/schema.org\",\"@graph\":[{\"@type\":\"WebPage\",\"@id\":\"https:\/\/staging.forenteforlag.no\/dreyers\/produkt\/fra-kjonn-til-kjaerlighet\/\",\"url\":\"https:\/\/staging.forenteforlag.no\/dreyers\/produkt\/fra-kjonn-til-kjaerlighet\/\",\"name\":\"Fra kj\u00f8nn til kj\u00e6rlighet - Dreyers Forlag\",\"isPartOf\":{\"@id\":\"https:\/\/staging.forenteforlag.no\/dreyers\/#website\"},\"primaryImageOfPage\":{\"@id\":\"https:\/\/staging.forenteforlag.no\/dreyers\/produkt\/fra-kjonn-til-kjaerlighet\/#primaryimage\"},\"image\":{\"@id\":\"https:\/\/staging.forenteforlag.no\/dreyers\/produkt\/fra-kjonn-til-kjaerlighet\/#primaryimage\"},\"thumbnailUrl\":\"https:\/\/staging.forenteforlag.no\/dreyers\/wp-content\/uploads\/sites\/2\/2026\/01\/Fra-kjonn-til-kjaerlighet_riss19_Side_1-scaled-1-scaled.jpg\",\"datePublished\":\"2026-01-05T04:10:30+00:00\",\"dateModified\":\"2026-02-18T06:09:03+00:00\",\"breadcrumb\":{\"@id\":\"https:\/\/staging.forenteforlag.no\/dreyers\/produkt\/fra-kjonn-til-kjaerlighet\/#breadcrumb\"},\"inLanguage\":\"nb-NO\",\"potentialAction\":[{\"@type\":\"ReadAction\",\"target\":[\"https:\/\/staging.forenteforlag.no\/dreyers\/produkt\/fra-kjonn-til-kjaerlighet\/\"]}]},{\"@type\":\"ImageObject\",\"inLanguage\":\"nb-NO\",\"@id\":\"https:\/\/staging.forenteforlag.no\/dreyers\/produkt\/fra-kjonn-til-kjaerlighet\/#primaryimage\",\"url\":\"https:\/\/staging.forenteforlag.no\/dreyers\/wp-content\/uploads\/sites\/2\/2026\/01\/Fra-kjonn-til-kjaerlighet_riss19_Side_1-scaled-1-scaled.jpg\",\"contentUrl\":\"https:\/\/staging.forenteforlag.no\/dreyers\/wp-content\/uploads\/sites\/2\/2026\/01\/Fra-kjonn-til-kjaerlighet_riss19_Side_1-scaled-1-scaled.jpg\",\"width\":1173,\"height\":1920},{\"@type\":\"BreadcrumbList\",\"@id\":\"https:\/\/staging.forenteforlag.no\/dreyers\/produkt\/fra-kjonn-til-kjaerlighet\/#breadcrumb\",\"itemListElement\":[{\"@type\":\"ListItem\",\"position\":1,\"name\":\"Hjem\",\"item\":\"https:\/\/staging.forenteforlag.no\/dreyers\/\"},{\"@type\":\"ListItem\",\"position\":2,\"name\":\"Alle b\u00f8ker\",\"item\":\"https:\/\/staging.forenteforlag.no\/dreyers\/butikk\/\"},{\"@type\":\"ListItem\",\"position\":3,\"name\":\"Fra kj\u00f8nn til kj\u00e6rlighet\"}]},{\"@type\":\"WebSite\",\"@id\":\"https:\/\/staging.forenteforlag.no\/dreyers\/#website\",\"url\":\"https:\/\/staging.forenteforlag.no\/dreyers\/\",\"name\":\"Dreyers Forlag\",\"description\":\"\",\"potentialAction\":[{\"@type\":\"SearchAction\",\"target\":{\"@type\":\"EntryPoint\",\"urlTemplate\":\"https:\/\/staging.forenteforlag.no\/dreyers\/?s={search_term_string}\"},\"query-input\":{\"@type\":\"PropertyValueSpecification\",\"valueRequired\":true,\"valueName\":\"search_term_string\"}}],\"inLanguage\":\"nb-NO\"}]}<\/script>\n<!-- \/ Yoast SEO plugin. -->","yoast_head_json":{"title":"Fra kj\u00f8nn til kj\u00e6rlighet - Dreyers Forlag","robots":{"index":"noindex","follow":"follow","max-snippet":"max-snippet:-1","max-image-preview":"max-image-preview:large","max-video-preview":"max-video-preview:-1"},"og_locale":"nb_NO","og_type":"article","og_title":"Fra kj\u00f8nn til kj\u00e6rlighet - Dreyers Forlag","og_description":"P\u00e5 1950-tallet ble homofili ford\u00f8mt av norske biskoper som \u00aben samfunnsfare av verdensdimensjoner\u00bb. I dag vier Den norske kirke likekj\u00f8nnede par. Hvordan skjeddedenne radikale snuoperasjonen? Halvor Moxnes forteller her historien om hvordan kirkens syn p\u00e5 homofile ble formet, utfordret og til slutt endret i samspill med store samfunnsendringer i familie-, samlivs- og likestillingspolitikken. Boken f\u00f8lger [&hellip;]","og_url":"https:\/\/staging.forenteforlag.no\/dreyers\/produkt\/fra-kjonn-til-kjaerlighet\/","og_site_name":"Dreyers Forlag","article_modified_time":"2026-02-18T06:09:03+00:00","og_image":[{"width":1173,"height":1920,"url":"https:\/\/staging.forenteforlag.no\/dreyers\/wp-content\/uploads\/sites\/2\/2026\/01\/Fra-kjonn-til-kjaerlighet_riss19_Side_1-scaled-1-scaled.jpg","type":"image\/jpeg"}],"twitter_card":"summary_large_image","twitter_misc":{"Ansl. lesetid":"1 minutt"},"schema":{"@context":"https:\/\/schema.org","@graph":[{"@type":"WebPage","@id":"https:\/\/staging.forenteforlag.no\/dreyers\/produkt\/fra-kjonn-til-kjaerlighet\/","url":"https:\/\/staging.forenteforlag.no\/dreyers\/produkt\/fra-kjonn-til-kjaerlighet\/","name":"Fra kj\u00f8nn til kj\u00e6rlighet - Dreyers Forlag","isPartOf":{"@id":"https:\/\/staging.forenteforlag.no\/dreyers\/#website"},"primaryImageOfPage":{"@id":"https:\/\/staging.forenteforlag.no\/dreyers\/produkt\/fra-kjonn-til-kjaerlighet\/#primaryimage"},"image":{"@id":"https:\/\/staging.forenteforlag.no\/dreyers\/produkt\/fra-kjonn-til-kjaerlighet\/#primaryimage"},"thumbnailUrl":"https:\/\/staging.forenteforlag.no\/dreyers\/wp-content\/uploads\/sites\/2\/2026\/01\/Fra-kjonn-til-kjaerlighet_riss19_Side_1-scaled-1-scaled.jpg","datePublished":"2026-01-05T04:10:30+00:00","dateModified":"2026-02-18T06:09:03+00:00","breadcrumb":{"@id":"https:\/\/staging.forenteforlag.no\/dreyers\/produkt\/fra-kjonn-til-kjaerlighet\/#breadcrumb"},"inLanguage":"nb-NO","potentialAction":[{"@type":"ReadAction","target":["https:\/\/staging.forenteforlag.no\/dreyers\/produkt\/fra-kjonn-til-kjaerlighet\/"]}]},{"@type":"ImageObject","inLanguage":"nb-NO","@id":"https:\/\/staging.forenteforlag.no\/dreyers\/produkt\/fra-kjonn-til-kjaerlighet\/#primaryimage","url":"https:\/\/staging.forenteforlag.no\/dreyers\/wp-content\/uploads\/sites\/2\/2026\/01\/Fra-kjonn-til-kjaerlighet_riss19_Side_1-scaled-1-scaled.jpg","contentUrl":"https:\/\/staging.forenteforlag.no\/dreyers\/wp-content\/uploads\/sites\/2\/2026\/01\/Fra-kjonn-til-kjaerlighet_riss19_Side_1-scaled-1-scaled.jpg","width":1173,"height":1920},{"@type":"BreadcrumbList","@id":"https:\/\/staging.forenteforlag.no\/dreyers\/produkt\/fra-kjonn-til-kjaerlighet\/#breadcrumb","itemListElement":[{"@type":"ListItem","position":1,"name":"Hjem","item":"https:\/\/staging.forenteforlag.no\/dreyers\/"},{"@type":"ListItem","position":2,"name":"Alle b\u00f8ker","item":"https:\/\/staging.forenteforlag.no\/dreyers\/butikk\/"},{"@type":"ListItem","position":3,"name":"Fra kj\u00f8nn til kj\u00e6rlighet"}]},{"@type":"WebSite","@id":"https:\/\/staging.forenteforlag.no\/dreyers\/#website","url":"https:\/\/staging.forenteforlag.no\/dreyers\/","name":"Dreyers Forlag","description":"","potentialAction":[{"@type":"SearchAction","target":{"@type":"EntryPoint","urlTemplate":"https:\/\/staging.forenteforlag.no\/dreyers\/?s={search_term_string}"},"query-input":{"@type":"PropertyValueSpecification","valueRequired":true,"valueName":"search_term_string"}}],"inLanguage":"nb-NO"}]}},"_links":{"self":[{"href":"https:\/\/staging.forenteforlag.no\/dreyers\/wp-json\/wp\/v2\/product\/24992","targetHints":{"allow":["GET"]}}],"collection":[{"href":"https:\/\/staging.forenteforlag.no\/dreyers\/wp-json\/wp\/v2\/product"}],"about":[{"href":"https:\/\/staging.forenteforlag.no\/dreyers\/wp-json\/wp\/v2\/types\/product"}],"wp:featuredmedia":[{"embeddable":true,"href":"https:\/\/staging.forenteforlag.no\/dreyers\/wp-json\/wp\/v2\/media\/25036"}],"wp:attachment":[{"href":"https:\/\/staging.forenteforlag.no\/dreyers\/wp-json\/wp\/v2\/media?parent=24992"}],"wp:term":[{"taxonomy":"product_brand","embeddable":true,"href":"https:\/\/staging.forenteforlag.no\/dreyers\/wp-json\/wp\/v2\/product_brand?post=24992"},{"taxonomy":"product_cat","embeddable":true,"href":"https:\/\/staging.forenteforlag.no\/dreyers\/wp-json\/wp\/v2\/product_cat?post=24992"},{"taxonomy":"product_tag","embeddable":true,"href":"https:\/\/staging.forenteforlag.no\/dreyers\/wp-json\/wp\/v2\/product_tag?post=24992"}],"curies":[{"name":"wp","href":"https:\/\/api.w.org\/{rel}","templated":true}]}}