{"id":24987,"date":"2026-02-08T05:10:16","date_gmt":"2026-02-08T04:10:16","guid":{"rendered":"https:\/\/dreyersforlag.no\/produkt\/vanlig-ulykkelig\/"},"modified":"2026-02-24T06:15:40","modified_gmt":"2026-02-24T05:15:40","slug":"vanlig-ulykkelig","status":"publish","type":"product","link":"https:\/\/staging.forenteforlag.no\/dreyers\/produkt\/vanlig-ulykkelig\/","title":{"rendered":"Vanlig ulykkelig"},"content":{"rendered":"<p><em>Vanlig ulykkelig<\/em> utforsker psykoanalysens menneskebilde og viser hvordan vi styres av ubevisste drifter, behov og relasjonsm\u00f8nstre. Ideen om at vi ikke er herre i eget hus har formet v\u00e5r tids kulturelle selvforst\u00e5else, men psykoanalysen viser ogs\u00e5 en vei mot et friere liv. <\/p>\n<p>Med bred faglig innsikt tar Siri Gullestad leseren med inn i psykoanalysens frigj\u00f8rende prosjekt, gjennom samtaler med pasienter, dybdefortolking av litteratur og film og kultur kritisk analyse. Psykoanalysen har et humanistisk perspektiv p\u00e5 personlighetsutvikling, psykisk lidelse og behandling, med relevans langt utover terapirommet. Med usentimental oppriktighet og en dyptloddende teori om menneskenaturen utgj\u00f8r psykoanalysen en motvekt til samtidens psykologiske str\u00f8mninger. \u00c5 v\u00e6re \u00abvanlig ulykkelig\u00bb betyr \u00e5 kunne leve med tap, savn og konflikter uten \u00e5 bli nedbrutt av det, og \u00e5 t\u00e5le m\u00f8tet med sorg, alderdom, s\u00e5rbarhet og d\u00f8d som vi alle er konfrontert med, og som kulturen v\u00e5r i stor grad fornekter. <\/p>\n","protected":false},"excerpt":{"rendered":"<p>Vanlig ulykkelig utforsker psykoanalysens menneskebilde og viser hvordan vi styres av ubevisste drifter, behov og relasjonsm\u00f8nstre. Ideen om at vi ikke er herre i eget hus har formet v\u00e5r tids kulturelle selvforst\u00e5else, men psykoanalysen viser ogs\u00e5 en vei mot et friere liv. Med bred faglig innsikt tar Siri Gullestad leseren med inn i psykoanalysens frigj\u00f8rende [&hellip;]<\/p>\n","protected":false},"featured_media":25008,"template":"","meta":{"_acf_changed":false,"inline_featured_image":false},"product_brand":[],"product_cat":[16],"product_tag":[362],"class_list":{"0":"post-24987","1":"product","2":"type-product","3":"status-publish","4":"has-post-thumbnail","6":"product_cat-ukategorisert","7":"product_tag-faglitteratur","8":"pa_format-innbundet","10":"first","11":"midlertidig-utsolgt","12":"purchasable","13":"product-type-simple"},"acf":{"anmeldelse":[{"tekst_anmeldelser":"I sin h\u00e5pefulle bok viser Siri Erika Gullestad psykoanalysens relevans for samtida.","av_anmeldelser":"Daniel Willumstad Gunstveit","terningkast":false,"kilde":"Klassekampen"}]},"yoast_head":"<!-- This site is optimized with the Yoast SEO plugin v26.6 - https:\/\/yoast.com\/wordpress\/plugins\/seo\/ -->\n<title>Vanlig ulykkelig - Dreyers Forlag<\/title>\n<meta name=\"robots\" content=\"noindex, follow, max-snippet:-1, max-image-preview:large, max-video-preview:-1\" \/>\n<meta property=\"og:locale\" content=\"nb_NO\" \/>\n<meta property=\"og:type\" content=\"article\" \/>\n<meta property=\"og:title\" content=\"Vanlig ulykkelig - Dreyers Forlag\" \/>\n<meta property=\"og:description\" content=\"Vanlig ulykkelig utforsker psykoanalysens menneskebilde og viser hvordan vi styres av ubevisste drifter, behov og relasjonsm\u00f8nstre. Ideen om at vi ikke er herre i eget hus har formet v\u00e5r tids kulturelle selvforst\u00e5else, men psykoanalysen viser ogs\u00e5 en vei mot et friere liv. Med bred faglig innsikt tar Siri Gullestad leseren med inn i psykoanalysens frigj\u00f8rende [&hellip;]\" \/>\n<meta property=\"og:url\" content=\"https:\/\/staging.forenteforlag.no\/dreyers\/produkt\/vanlig-ulykkelig\/\" \/>\n<meta property=\"og:site_name\" content=\"Dreyers Forlag\" \/>\n<meta property=\"article:modified_time\" content=\"2026-02-24T05:15:40+00:00\" \/>\n<meta property=\"og:image\" content=\"https:\/\/staging.forenteforlag.no\/dreyers\/wp-content\/uploads\/sites\/2\/2026\/01\/Vanlig-ulykkelig-9788282658300-scaled-1-scaled.jpg\" \/>\n\t<meta property=\"og:image:width\" content=\"1243\" \/>\n\t<meta property=\"og:image:height\" content=\"1920\" \/>\n\t<meta property=\"og:image:type\" content=\"image\/jpeg\" \/>\n<meta name=\"twitter:card\" content=\"summary_large_image\" \/>\n<meta name=\"twitter:label1\" content=\"Ansl. lesetid\" \/>\n\t<meta name=\"twitter:data1\" content=\"1 minutt\" \/>\n<script type=\"application\/ld+json\" class=\"yoast-schema-graph\">{\"@context\":\"https:\/\/schema.org\",\"@graph\":[{\"@type\":\"WebPage\",\"@id\":\"https:\/\/staging.forenteforlag.no\/dreyers\/produkt\/vanlig-ulykkelig\/\",\"url\":\"https:\/\/staging.forenteforlag.no\/dreyers\/produkt\/vanlig-ulykkelig\/\",\"name\":\"Vanlig ulykkelig - Dreyers Forlag\",\"isPartOf\":{\"@id\":\"https:\/\/staging.forenteforlag.no\/dreyers\/#website\"},\"primaryImageOfPage\":{\"@id\":\"https:\/\/staging.forenteforlag.no\/dreyers\/produkt\/vanlig-ulykkelig\/#primaryimage\"},\"image\":{\"@id\":\"https:\/\/staging.forenteforlag.no\/dreyers\/produkt\/vanlig-ulykkelig\/#primaryimage\"},\"thumbnailUrl\":\"https:\/\/staging.forenteforlag.no\/dreyers\/wp-content\/uploads\/sites\/2\/2026\/01\/Vanlig-ulykkelig-9788282658300-scaled-1-scaled.jpg\",\"datePublished\":\"2026-02-08T04:10:16+00:00\",\"dateModified\":\"2026-02-24T05:15:40+00:00\",\"breadcrumb\":{\"@id\":\"https:\/\/staging.forenteforlag.no\/dreyers\/produkt\/vanlig-ulykkelig\/#breadcrumb\"},\"inLanguage\":\"nb-NO\",\"potentialAction\":[{\"@type\":\"ReadAction\",\"target\":[\"https:\/\/staging.forenteforlag.no\/dreyers\/produkt\/vanlig-ulykkelig\/\"]}]},{\"@type\":\"ImageObject\",\"inLanguage\":\"nb-NO\",\"@id\":\"https:\/\/staging.forenteforlag.no\/dreyers\/produkt\/vanlig-ulykkelig\/#primaryimage\",\"url\":\"https:\/\/staging.forenteforlag.no\/dreyers\/wp-content\/uploads\/sites\/2\/2026\/01\/Vanlig-ulykkelig-9788282658300-scaled-1-scaled.jpg\",\"contentUrl\":\"https:\/\/staging.forenteforlag.no\/dreyers\/wp-content\/uploads\/sites\/2\/2026\/01\/Vanlig-ulykkelig-9788282658300-scaled-1-scaled.jpg\",\"width\":1243,\"height\":1920},{\"@type\":\"BreadcrumbList\",\"@id\":\"https:\/\/staging.forenteforlag.no\/dreyers\/produkt\/vanlig-ulykkelig\/#breadcrumb\",\"itemListElement\":[{\"@type\":\"ListItem\",\"position\":1,\"name\":\"Hjem\",\"item\":\"https:\/\/staging.forenteforlag.no\/dreyers\/\"},{\"@type\":\"ListItem\",\"position\":2,\"name\":\"Alle b\u00f8ker\",\"item\":\"https:\/\/staging.forenteforlag.no\/dreyers\/butikk\/\"},{\"@type\":\"ListItem\",\"position\":3,\"name\":\"Vanlig ulykkelig\"}]},{\"@type\":\"WebSite\",\"@id\":\"https:\/\/staging.forenteforlag.no\/dreyers\/#website\",\"url\":\"https:\/\/staging.forenteforlag.no\/dreyers\/\",\"name\":\"Dreyers Forlag\",\"description\":\"\",\"potentialAction\":[{\"@type\":\"SearchAction\",\"target\":{\"@type\":\"EntryPoint\",\"urlTemplate\":\"https:\/\/staging.forenteforlag.no\/dreyers\/?s={search_term_string}\"},\"query-input\":{\"@type\":\"PropertyValueSpecification\",\"valueRequired\":true,\"valueName\":\"search_term_string\"}}],\"inLanguage\":\"nb-NO\"}]}<\/script>\n<!-- \/ Yoast SEO plugin. -->","yoast_head_json":{"title":"Vanlig ulykkelig - Dreyers Forlag","robots":{"index":"noindex","follow":"follow","max-snippet":"max-snippet:-1","max-image-preview":"max-image-preview:large","max-video-preview":"max-video-preview:-1"},"og_locale":"nb_NO","og_type":"article","og_title":"Vanlig ulykkelig - Dreyers Forlag","og_description":"Vanlig ulykkelig utforsker psykoanalysens menneskebilde og viser hvordan vi styres av ubevisste drifter, behov og relasjonsm\u00f8nstre. Ideen om at vi ikke er herre i eget hus har formet v\u00e5r tids kulturelle selvforst\u00e5else, men psykoanalysen viser ogs\u00e5 en vei mot et friere liv. Med bred faglig innsikt tar Siri Gullestad leseren med inn i psykoanalysens frigj\u00f8rende [&hellip;]","og_url":"https:\/\/staging.forenteforlag.no\/dreyers\/produkt\/vanlig-ulykkelig\/","og_site_name":"Dreyers Forlag","article_modified_time":"2026-02-24T05:15:40+00:00","og_image":[{"width":1243,"height":1920,"url":"https:\/\/staging.forenteforlag.no\/dreyers\/wp-content\/uploads\/sites\/2\/2026\/01\/Vanlig-ulykkelig-9788282658300-scaled-1-scaled.jpg","type":"image\/jpeg"}],"twitter_card":"summary_large_image","twitter_misc":{"Ansl. lesetid":"1 minutt"},"schema":{"@context":"https:\/\/schema.org","@graph":[{"@type":"WebPage","@id":"https:\/\/staging.forenteforlag.no\/dreyers\/produkt\/vanlig-ulykkelig\/","url":"https:\/\/staging.forenteforlag.no\/dreyers\/produkt\/vanlig-ulykkelig\/","name":"Vanlig ulykkelig - Dreyers Forlag","isPartOf":{"@id":"https:\/\/staging.forenteforlag.no\/dreyers\/#website"},"primaryImageOfPage":{"@id":"https:\/\/staging.forenteforlag.no\/dreyers\/produkt\/vanlig-ulykkelig\/#primaryimage"},"image":{"@id":"https:\/\/staging.forenteforlag.no\/dreyers\/produkt\/vanlig-ulykkelig\/#primaryimage"},"thumbnailUrl":"https:\/\/staging.forenteforlag.no\/dreyers\/wp-content\/uploads\/sites\/2\/2026\/01\/Vanlig-ulykkelig-9788282658300-scaled-1-scaled.jpg","datePublished":"2026-02-08T04:10:16+00:00","dateModified":"2026-02-24T05:15:40+00:00","breadcrumb":{"@id":"https:\/\/staging.forenteforlag.no\/dreyers\/produkt\/vanlig-ulykkelig\/#breadcrumb"},"inLanguage":"nb-NO","potentialAction":[{"@type":"ReadAction","target":["https:\/\/staging.forenteforlag.no\/dreyers\/produkt\/vanlig-ulykkelig\/"]}]},{"@type":"ImageObject","inLanguage":"nb-NO","@id":"https:\/\/staging.forenteforlag.no\/dreyers\/produkt\/vanlig-ulykkelig\/#primaryimage","url":"https:\/\/staging.forenteforlag.no\/dreyers\/wp-content\/uploads\/sites\/2\/2026\/01\/Vanlig-ulykkelig-9788282658300-scaled-1-scaled.jpg","contentUrl":"https:\/\/staging.forenteforlag.no\/dreyers\/wp-content\/uploads\/sites\/2\/2026\/01\/Vanlig-ulykkelig-9788282658300-scaled-1-scaled.jpg","width":1243,"height":1920},{"@type":"BreadcrumbList","@id":"https:\/\/staging.forenteforlag.no\/dreyers\/produkt\/vanlig-ulykkelig\/#breadcrumb","itemListElement":[{"@type":"ListItem","position":1,"name":"Hjem","item":"https:\/\/staging.forenteforlag.no\/dreyers\/"},{"@type":"ListItem","position":2,"name":"Alle b\u00f8ker","item":"https:\/\/staging.forenteforlag.no\/dreyers\/butikk\/"},{"@type":"ListItem","position":3,"name":"Vanlig ulykkelig"}]},{"@type":"WebSite","@id":"https:\/\/staging.forenteforlag.no\/dreyers\/#website","url":"https:\/\/staging.forenteforlag.no\/dreyers\/","name":"Dreyers Forlag","description":"","potentialAction":[{"@type":"SearchAction","target":{"@type":"EntryPoint","urlTemplate":"https:\/\/staging.forenteforlag.no\/dreyers\/?s={search_term_string}"},"query-input":{"@type":"PropertyValueSpecification","valueRequired":true,"valueName":"search_term_string"}}],"inLanguage":"nb-NO"}]}},"_links":{"self":[{"href":"https:\/\/staging.forenteforlag.no\/dreyers\/wp-json\/wp\/v2\/product\/24987","targetHints":{"allow":["GET"]}}],"collection":[{"href":"https:\/\/staging.forenteforlag.no\/dreyers\/wp-json\/wp\/v2\/product"}],"about":[{"href":"https:\/\/staging.forenteforlag.no\/dreyers\/wp-json\/wp\/v2\/types\/product"}],"wp:featuredmedia":[{"embeddable":true,"href":"https:\/\/staging.forenteforlag.no\/dreyers\/wp-json\/wp\/v2\/media\/25008"}],"wp:attachment":[{"href":"https:\/\/staging.forenteforlag.no\/dreyers\/wp-json\/wp\/v2\/media?parent=24987"}],"wp:term":[{"taxonomy":"product_brand","embeddable":true,"href":"https:\/\/staging.forenteforlag.no\/dreyers\/wp-json\/wp\/v2\/product_brand?post=24987"},{"taxonomy":"product_cat","embeddable":true,"href":"https:\/\/staging.forenteforlag.no\/dreyers\/wp-json\/wp\/v2\/product_cat?post=24987"},{"taxonomy":"product_tag","embeddable":true,"href":"https:\/\/staging.forenteforlag.no\/dreyers\/wp-json\/wp\/v2\/product_tag?post=24987"}],"curies":[{"name":"wp","href":"https:\/\/api.w.org\/{rel}","templated":true}]}}