{"id":24871,"date":"2025-08-01T05:14:41","date_gmt":"2025-08-01T03:14:41","guid":{"rendered":"https:\/\/dreyersforlag.no\/?post_type=product&#038;p=24871"},"modified":"2026-02-09T06:03:32","modified_gmt":"2026-02-09T05:03:32","slug":"utmarksriket-e-bok","status":"publish","type":"product","link":"https:\/\/staging.forenteforlag.no\/dreyers\/produkt\/utmarksriket-e-bok\/","title":{"rendered":"Utmarksriket (e-bok)"},"content":{"rendered":"<p>Seljord, Hjartdal, Tinn, Kviteseid, Nissedal, Fyresdal, Tokke og Vinje utgjer i dag \u00f8vre Telemark, men g\u00e5r me lenger attende i tid, var det dette som <em>var<\/em> Telemark.<br \/>I jernalderen og mellomalderen blei skogar og fjell utnytta til det fulle \u2013 det er ikkje utan grunn me omtalar dette som Utmarksriket. Jern av myrmalm, kammar av gevir, bryne, skinn og pelsverk gav grunnlag for rikdom, handelsplassar og seinare mellomalderbyar som Skien og Bergen. Til Telemark str\u00f8ymde varer som salt, tekstil og edlare metall, medan idear og impulsar som b\u00e5de forma telemarkingane og omverda, gjekk b\u00e5e vegar.<br \/>Ut fr\u00e5 funn fr\u00e5 jorda og historiske kjelder skildrar denne boka ei fjern og framand fortid der telemarkingane framstilte sitt eige jern, der \u00e6ra var like viktig som livet, og der handel og blodige hestekampar gjekk hand i hand og var den beste forma for underhaldning. Men denne fortida er likevel n\u00e6r. Reintrekk i fjellet og malm finst framleis i myrene, medan gravhaugar, kolgroper og hustufter ligg att som minne om Utmarksriket.<br \/>&nbsp;<\/p>\n","protected":false},"excerpt":{"rendered":"<p>Seljord, Hjartdal, Tinn, Kviteseid, Nissedal, Fyresdal, Tokke og Vinje utgjer i dag \u00f8vre Telemark, men g\u00e5r me lenger attende i tid, var det dette som var Telemark.I jernalderen og mellomalderen blei skogar og fjell utnytta til det fulle \u2013 det er ikkje utan grunn me omtalar dette som Utmarksriket. Jern av myrmalm, kammar av gevir, [&hellip;]<\/p>\n","protected":false},"featured_media":24870,"template":"","meta":{"_acf_changed":false,"inline_featured_image":false},"product_brand":[],"product_cat":[38,1780,22,23,27,18],"product_tag":[362],"class_list":{"0":"post-24871","1":"product","2":"type-product","3":"status-publish","4":"has-post-thumbnail","6":"product_cat-diverse-lokallitteratur","7":"product_cat-e-boker","8":"product_cat-folkloristikk-og-kulturarv","9":"product_cat-historie","10":"product_cat-lokallitteratur","11":"product_cat-sakprosa","12":"product_tag-faglitteratur","13":"pa_format-e-bok","15":"first","16":"kommer","17":"purchasable","18":"product-type-simple"},"acf":{"anmeldelse":null},"yoast_head":"<!-- This site is optimized with the Yoast SEO plugin v26.6 - https:\/\/yoast.com\/wordpress\/plugins\/seo\/ -->\n<title>Utmarksriket (e-bok) - Dreyers Forlag<\/title>\n<meta name=\"robots\" content=\"noindex, follow, max-snippet:-1, max-image-preview:large, max-video-preview:-1\" \/>\n<meta property=\"og:locale\" content=\"nb_NO\" \/>\n<meta property=\"og:type\" content=\"article\" \/>\n<meta property=\"og:title\" content=\"Utmarksriket (e-bok) - Dreyers Forlag\" \/>\n<meta property=\"og:description\" content=\"Seljord, Hjartdal, Tinn, Kviteseid, Nissedal, Fyresdal, Tokke og Vinje utgjer i dag \u00f8vre Telemark, men g\u00e5r me lenger attende i tid, var det dette som var Telemark.I jernalderen og mellomalderen blei skogar og fjell utnytta til det fulle \u2013 det er ikkje utan grunn me omtalar dette som Utmarksriket. Jern av myrmalm, kammar av gevir, [&hellip;]\" \/>\n<meta property=\"og:url\" content=\"https:\/\/staging.forenteforlag.no\/dreyers\/produkt\/utmarksriket-e-bok\/\" \/>\n<meta property=\"og:site_name\" content=\"Dreyers Forlag\" \/>\n<meta property=\"article:modified_time\" content=\"2026-02-09T05:03:32+00:00\" \/>\n<meta property=\"og:image\" content=\"https:\/\/staging.forenteforlag.no\/dreyers\/wp-content\/uploads\/sites\/2\/2025\/10\/jpg-13-scaled-1-scaled.jpg\" \/>\n\t<meta property=\"og:image:width\" content=\"1904\" \/>\n\t<meta property=\"og:image:height\" content=\"1920\" \/>\n\t<meta property=\"og:image:type\" content=\"image\/jpeg\" \/>\n<meta name=\"twitter:card\" content=\"summary_large_image\" \/>\n<meta name=\"twitter:label1\" content=\"Ansl. lesetid\" \/>\n\t<meta name=\"twitter:data1\" content=\"2 minutter\" \/>\n<script type=\"application\/ld+json\" class=\"yoast-schema-graph\">{\"@context\":\"https:\/\/schema.org\",\"@graph\":[{\"@type\":\"WebPage\",\"@id\":\"https:\/\/staging.forenteforlag.no\/dreyers\/produkt\/utmarksriket-e-bok\/\",\"url\":\"https:\/\/staging.forenteforlag.no\/dreyers\/produkt\/utmarksriket-e-bok\/\",\"name\":\"Utmarksriket (e-bok) - Dreyers Forlag\",\"isPartOf\":{\"@id\":\"https:\/\/staging.forenteforlag.no\/dreyers\/#website\"},\"primaryImageOfPage\":{\"@id\":\"https:\/\/staging.forenteforlag.no\/dreyers\/produkt\/utmarksriket-e-bok\/#primaryimage\"},\"image\":{\"@id\":\"https:\/\/staging.forenteforlag.no\/dreyers\/produkt\/utmarksriket-e-bok\/#primaryimage\"},\"thumbnailUrl\":\"https:\/\/staging.forenteforlag.no\/dreyers\/wp-content\/uploads\/sites\/2\/2025\/10\/jpg-13-scaled-1-scaled.jpg\",\"datePublished\":\"2025-08-01T03:14:41+00:00\",\"dateModified\":\"2026-02-09T05:03:32+00:00\",\"breadcrumb\":{\"@id\":\"https:\/\/staging.forenteforlag.no\/dreyers\/produkt\/utmarksriket-e-bok\/#breadcrumb\"},\"inLanguage\":\"nb-NO\",\"potentialAction\":[{\"@type\":\"ReadAction\",\"target\":[\"https:\/\/staging.forenteforlag.no\/dreyers\/produkt\/utmarksriket-e-bok\/\"]}]},{\"@type\":\"ImageObject\",\"inLanguage\":\"nb-NO\",\"@id\":\"https:\/\/staging.forenteforlag.no\/dreyers\/produkt\/utmarksriket-e-bok\/#primaryimage\",\"url\":\"https:\/\/staging.forenteforlag.no\/dreyers\/wp-content\/uploads\/sites\/2\/2025\/10\/jpg-13-scaled-1-scaled.jpg\",\"contentUrl\":\"https:\/\/staging.forenteforlag.no\/dreyers\/wp-content\/uploads\/sites\/2\/2025\/10\/jpg-13-scaled-1-scaled.jpg\",\"width\":1904,\"height\":1920},{\"@type\":\"BreadcrumbList\",\"@id\":\"https:\/\/staging.forenteforlag.no\/dreyers\/produkt\/utmarksriket-e-bok\/#breadcrumb\",\"itemListElement\":[{\"@type\":\"ListItem\",\"position\":1,\"name\":\"Hjem\",\"item\":\"https:\/\/staging.forenteforlag.no\/dreyers\/\"},{\"@type\":\"ListItem\",\"position\":2,\"name\":\"Alle b\u00f8ker\",\"item\":\"https:\/\/staging.forenteforlag.no\/dreyers\/butikk\/\"},{\"@type\":\"ListItem\",\"position\":3,\"name\":\"Utmarksriket (e-bok)\"}]},{\"@type\":\"WebSite\",\"@id\":\"https:\/\/staging.forenteforlag.no\/dreyers\/#website\",\"url\":\"https:\/\/staging.forenteforlag.no\/dreyers\/\",\"name\":\"Dreyers Forlag\",\"description\":\"\",\"potentialAction\":[{\"@type\":\"SearchAction\",\"target\":{\"@type\":\"EntryPoint\",\"urlTemplate\":\"https:\/\/staging.forenteforlag.no\/dreyers\/?s={search_term_string}\"},\"query-input\":{\"@type\":\"PropertyValueSpecification\",\"valueRequired\":true,\"valueName\":\"search_term_string\"}}],\"inLanguage\":\"nb-NO\"}]}<\/script>\n<!-- \/ Yoast SEO plugin. -->","yoast_head_json":{"title":"Utmarksriket (e-bok) - Dreyers Forlag","robots":{"index":"noindex","follow":"follow","max-snippet":"max-snippet:-1","max-image-preview":"max-image-preview:large","max-video-preview":"max-video-preview:-1"},"og_locale":"nb_NO","og_type":"article","og_title":"Utmarksriket (e-bok) - Dreyers Forlag","og_description":"Seljord, Hjartdal, Tinn, Kviteseid, Nissedal, Fyresdal, Tokke og Vinje utgjer i dag \u00f8vre Telemark, men g\u00e5r me lenger attende i tid, var det dette som var Telemark.I jernalderen og mellomalderen blei skogar og fjell utnytta til det fulle \u2013 det er ikkje utan grunn me omtalar dette som Utmarksriket. Jern av myrmalm, kammar av gevir, [&hellip;]","og_url":"https:\/\/staging.forenteforlag.no\/dreyers\/produkt\/utmarksriket-e-bok\/","og_site_name":"Dreyers Forlag","article_modified_time":"2026-02-09T05:03:32+00:00","og_image":[{"width":1904,"height":1920,"url":"https:\/\/staging.forenteforlag.no\/dreyers\/wp-content\/uploads\/sites\/2\/2025\/10\/jpg-13-scaled-1-scaled.jpg","type":"image\/jpeg"}],"twitter_card":"summary_large_image","twitter_misc":{"Ansl. lesetid":"2 minutter"},"schema":{"@context":"https:\/\/schema.org","@graph":[{"@type":"WebPage","@id":"https:\/\/staging.forenteforlag.no\/dreyers\/produkt\/utmarksriket-e-bok\/","url":"https:\/\/staging.forenteforlag.no\/dreyers\/produkt\/utmarksriket-e-bok\/","name":"Utmarksriket (e-bok) - Dreyers Forlag","isPartOf":{"@id":"https:\/\/staging.forenteforlag.no\/dreyers\/#website"},"primaryImageOfPage":{"@id":"https:\/\/staging.forenteforlag.no\/dreyers\/produkt\/utmarksriket-e-bok\/#primaryimage"},"image":{"@id":"https:\/\/staging.forenteforlag.no\/dreyers\/produkt\/utmarksriket-e-bok\/#primaryimage"},"thumbnailUrl":"https:\/\/staging.forenteforlag.no\/dreyers\/wp-content\/uploads\/sites\/2\/2025\/10\/jpg-13-scaled-1-scaled.jpg","datePublished":"2025-08-01T03:14:41+00:00","dateModified":"2026-02-09T05:03:32+00:00","breadcrumb":{"@id":"https:\/\/staging.forenteforlag.no\/dreyers\/produkt\/utmarksriket-e-bok\/#breadcrumb"},"inLanguage":"nb-NO","potentialAction":[{"@type":"ReadAction","target":["https:\/\/staging.forenteforlag.no\/dreyers\/produkt\/utmarksriket-e-bok\/"]}]},{"@type":"ImageObject","inLanguage":"nb-NO","@id":"https:\/\/staging.forenteforlag.no\/dreyers\/produkt\/utmarksriket-e-bok\/#primaryimage","url":"https:\/\/staging.forenteforlag.no\/dreyers\/wp-content\/uploads\/sites\/2\/2025\/10\/jpg-13-scaled-1-scaled.jpg","contentUrl":"https:\/\/staging.forenteforlag.no\/dreyers\/wp-content\/uploads\/sites\/2\/2025\/10\/jpg-13-scaled-1-scaled.jpg","width":1904,"height":1920},{"@type":"BreadcrumbList","@id":"https:\/\/staging.forenteforlag.no\/dreyers\/produkt\/utmarksriket-e-bok\/#breadcrumb","itemListElement":[{"@type":"ListItem","position":1,"name":"Hjem","item":"https:\/\/staging.forenteforlag.no\/dreyers\/"},{"@type":"ListItem","position":2,"name":"Alle b\u00f8ker","item":"https:\/\/staging.forenteforlag.no\/dreyers\/butikk\/"},{"@type":"ListItem","position":3,"name":"Utmarksriket (e-bok)"}]},{"@type":"WebSite","@id":"https:\/\/staging.forenteforlag.no\/dreyers\/#website","url":"https:\/\/staging.forenteforlag.no\/dreyers\/","name":"Dreyers Forlag","description":"","potentialAction":[{"@type":"SearchAction","target":{"@type":"EntryPoint","urlTemplate":"https:\/\/staging.forenteforlag.no\/dreyers\/?s={search_term_string}"},"query-input":{"@type":"PropertyValueSpecification","valueRequired":true,"valueName":"search_term_string"}}],"inLanguage":"nb-NO"}]}},"_links":{"self":[{"href":"https:\/\/staging.forenteforlag.no\/dreyers\/wp-json\/wp\/v2\/product\/24871","targetHints":{"allow":["GET"]}}],"collection":[{"href":"https:\/\/staging.forenteforlag.no\/dreyers\/wp-json\/wp\/v2\/product"}],"about":[{"href":"https:\/\/staging.forenteforlag.no\/dreyers\/wp-json\/wp\/v2\/types\/product"}],"wp:featuredmedia":[{"embeddable":true,"href":"https:\/\/staging.forenteforlag.no\/dreyers\/wp-json\/wp\/v2\/media\/24870"}],"wp:attachment":[{"href":"https:\/\/staging.forenteforlag.no\/dreyers\/wp-json\/wp\/v2\/media?parent=24871"}],"wp:term":[{"taxonomy":"product_brand","embeddable":true,"href":"https:\/\/staging.forenteforlag.no\/dreyers\/wp-json\/wp\/v2\/product_brand?post=24871"},{"taxonomy":"product_cat","embeddable":true,"href":"https:\/\/staging.forenteforlag.no\/dreyers\/wp-json\/wp\/v2\/product_cat?post=24871"},{"taxonomy":"product_tag","embeddable":true,"href":"https:\/\/staging.forenteforlag.no\/dreyers\/wp-json\/wp\/v2\/product_tag?post=24871"}],"curies":[{"name":"wp","href":"https:\/\/api.w.org\/{rel}","templated":true}]}}