{"id":24806,"date":"2025-09-26T07:39:09","date_gmt":"2025-09-26T05:39:09","guid":{"rendered":"https:\/\/dreyersforlag.no\/produkt\/nattens-grenser-2\/"},"modified":"2026-02-09T05:43:56","modified_gmt":"2026-02-09T04:43:56","slug":"nattens-grenser-2","status":"publish","type":"product","link":"https:\/\/staging.forenteforlag.no\/dreyers\/produkt\/nattens-grenser-2\/","title":{"rendered":"Nattens grenser"},"content":{"rendered":"<p>En eldre forfatter, gift med en yngre kvinnelig akademiker gjennom mange ar, overraskes av ensomheten etter at barna blir voksne og hun mer frav\u00e6rende gjennom sin karriere.<br \/>Alene i lange perioder forteller han seg selv den dramatiske historien om hvordan han m\u00f8tte og levde med sitt livs store kj\u00e6rlighet, og mens han forteller, oppst\u00e5r det et nytt drama mellom de to.<br \/><em>Nattens grense<\/em>r er en kj\u00e6rlighetsfortelling som utforsker ensomhetens dypere grunner, erotisk lengsel i forskjellige livsfaser, og lidenskap som ikke svekkes nar du n\u00e6rmer deg livets yttergrenser.<\/p>\n","protected":false},"excerpt":{"rendered":"<p>En eldre forfatter, gift med en yngre kvinnelig akademiker gjennom mange ar, overraskes av ensomheten etter at barna blir voksne og hun mer frav\u00e6rende gjennom sin karriere.Alene i lange perioder forteller han seg selv den dramatiske historien om hvordan han m\u00f8tte og levde med sitt livs store kj\u00e6rlighet, og mens han forteller, oppst\u00e5r det et [&hellip;]<\/p>\n","protected":false},"featured_media":24805,"template":"","meta":{"_acf_changed":false,"inline_featured_image":false},"product_brand":[],"product_cat":[48],"product_tag":[370],"class_list":{"0":"post-24806","1":"product","2":"type-product","3":"status-publish","4":"has-post-thumbnail","6":"product_cat-diverse-skjonnlitteratur","7":"product_tag-skjonnlitteratur","8":"pa_format-innbundet","10":"first","11":"instock","12":"purchasable","13":"product-type-simple"},"acf":{"anmeldelse":null},"yoast_head":"<!-- This site is optimized with the Yoast SEO plugin v26.6 - https:\/\/yoast.com\/wordpress\/plugins\/seo\/ -->\n<title>Nattens grenser - Dreyers Forlag<\/title>\n<meta name=\"robots\" content=\"noindex, follow, max-snippet:-1, max-image-preview:large, max-video-preview:-1\" \/>\n<meta property=\"og:locale\" content=\"nb_NO\" \/>\n<meta property=\"og:type\" content=\"article\" \/>\n<meta property=\"og:title\" content=\"Nattens grenser - Dreyers Forlag\" \/>\n<meta property=\"og:description\" content=\"En eldre forfatter, gift med en yngre kvinnelig akademiker gjennom mange ar, overraskes av ensomheten etter at barna blir voksne og hun mer frav\u00e6rende gjennom sin karriere.Alene i lange perioder forteller han seg selv den dramatiske historien om hvordan han m\u00f8tte og levde med sitt livs store kj\u00e6rlighet, og mens han forteller, oppst\u00e5r det et [&hellip;]\" \/>\n<meta property=\"og:url\" content=\"https:\/\/staging.forenteforlag.no\/dreyers\/produkt\/nattens-grenser-2\/\" \/>\n<meta property=\"og:site_name\" content=\"Dreyers Forlag\" \/>\n<meta property=\"article:modified_time\" content=\"2026-02-09T04:43:56+00:00\" \/>\n<meta property=\"og:image\" content=\"https:\/\/staging.forenteforlag.no\/dreyers\/wp-content\/uploads\/sites\/2\/2025\/09\/jpg-24-scaled.jpg\" \/>\n\t<meta property=\"og:image:width\" content=\"1219\" \/>\n\t<meta property=\"og:image:height\" content=\"1920\" \/>\n\t<meta property=\"og:image:type\" content=\"image\/jpeg\" \/>\n<meta name=\"twitter:card\" content=\"summary_large_image\" \/>\n<script type=\"application\/ld+json\" class=\"yoast-schema-graph\">{\"@context\":\"https:\/\/schema.org\",\"@graph\":[{\"@type\":\"WebPage\",\"@id\":\"https:\/\/staging.forenteforlag.no\/dreyers\/produkt\/nattens-grenser-2\/\",\"url\":\"https:\/\/staging.forenteforlag.no\/dreyers\/produkt\/nattens-grenser-2\/\",\"name\":\"Nattens grenser - Dreyers Forlag\",\"isPartOf\":{\"@id\":\"https:\/\/staging.forenteforlag.no\/dreyers\/#website\"},\"primaryImageOfPage\":{\"@id\":\"https:\/\/staging.forenteforlag.no\/dreyers\/produkt\/nattens-grenser-2\/#primaryimage\"},\"image\":{\"@id\":\"https:\/\/staging.forenteforlag.no\/dreyers\/produkt\/nattens-grenser-2\/#primaryimage\"},\"thumbnailUrl\":\"https:\/\/staging.forenteforlag.no\/dreyers\/wp-content\/uploads\/sites\/2\/2025\/09\/jpg-24-scaled.jpg\",\"datePublished\":\"2025-09-26T05:39:09+00:00\",\"dateModified\":\"2026-02-09T04:43:56+00:00\",\"breadcrumb\":{\"@id\":\"https:\/\/staging.forenteforlag.no\/dreyers\/produkt\/nattens-grenser-2\/#breadcrumb\"},\"inLanguage\":\"nb-NO\",\"potentialAction\":[{\"@type\":\"ReadAction\",\"target\":[\"https:\/\/staging.forenteforlag.no\/dreyers\/produkt\/nattens-grenser-2\/\"]}]},{\"@type\":\"ImageObject\",\"inLanguage\":\"nb-NO\",\"@id\":\"https:\/\/staging.forenteforlag.no\/dreyers\/produkt\/nattens-grenser-2\/#primaryimage\",\"url\":\"https:\/\/staging.forenteforlag.no\/dreyers\/wp-content\/uploads\/sites\/2\/2025\/09\/jpg-24-scaled.jpg\",\"contentUrl\":\"https:\/\/staging.forenteforlag.no\/dreyers\/wp-content\/uploads\/sites\/2\/2025\/09\/jpg-24-scaled.jpg\",\"width\":1219,\"height\":1920},{\"@type\":\"BreadcrumbList\",\"@id\":\"https:\/\/staging.forenteforlag.no\/dreyers\/produkt\/nattens-grenser-2\/#breadcrumb\",\"itemListElement\":[{\"@type\":\"ListItem\",\"position\":1,\"name\":\"Hjem\",\"item\":\"https:\/\/staging.forenteforlag.no\/dreyers\/\"},{\"@type\":\"ListItem\",\"position\":2,\"name\":\"Alle b\u00f8ker\",\"item\":\"https:\/\/staging.forenteforlag.no\/dreyers\/butikk\/\"},{\"@type\":\"ListItem\",\"position\":3,\"name\":\"Nattens grenser\"}]},{\"@type\":\"WebSite\",\"@id\":\"https:\/\/staging.forenteforlag.no\/dreyers\/#website\",\"url\":\"https:\/\/staging.forenteforlag.no\/dreyers\/\",\"name\":\"Dreyers Forlag\",\"description\":\"\",\"potentialAction\":[{\"@type\":\"SearchAction\",\"target\":{\"@type\":\"EntryPoint\",\"urlTemplate\":\"https:\/\/staging.forenteforlag.no\/dreyers\/?s={search_term_string}\"},\"query-input\":{\"@type\":\"PropertyValueSpecification\",\"valueRequired\":true,\"valueName\":\"search_term_string\"}}],\"inLanguage\":\"nb-NO\"}]}<\/script>\n<!-- \/ Yoast SEO plugin. -->","yoast_head_json":{"title":"Nattens grenser - Dreyers Forlag","robots":{"index":"noindex","follow":"follow","max-snippet":"max-snippet:-1","max-image-preview":"max-image-preview:large","max-video-preview":"max-video-preview:-1"},"og_locale":"nb_NO","og_type":"article","og_title":"Nattens grenser - Dreyers Forlag","og_description":"En eldre forfatter, gift med en yngre kvinnelig akademiker gjennom mange ar, overraskes av ensomheten etter at barna blir voksne og hun mer frav\u00e6rende gjennom sin karriere.Alene i lange perioder forteller han seg selv den dramatiske historien om hvordan han m\u00f8tte og levde med sitt livs store kj\u00e6rlighet, og mens han forteller, oppst\u00e5r det et [&hellip;]","og_url":"https:\/\/staging.forenteforlag.no\/dreyers\/produkt\/nattens-grenser-2\/","og_site_name":"Dreyers Forlag","article_modified_time":"2026-02-09T04:43:56+00:00","og_image":[{"width":1219,"height":1920,"url":"https:\/\/staging.forenteforlag.no\/dreyers\/wp-content\/uploads\/sites\/2\/2025\/09\/jpg-24-scaled.jpg","type":"image\/jpeg"}],"twitter_card":"summary_large_image","schema":{"@context":"https:\/\/schema.org","@graph":[{"@type":"WebPage","@id":"https:\/\/staging.forenteforlag.no\/dreyers\/produkt\/nattens-grenser-2\/","url":"https:\/\/staging.forenteforlag.no\/dreyers\/produkt\/nattens-grenser-2\/","name":"Nattens grenser - Dreyers Forlag","isPartOf":{"@id":"https:\/\/staging.forenteforlag.no\/dreyers\/#website"},"primaryImageOfPage":{"@id":"https:\/\/staging.forenteforlag.no\/dreyers\/produkt\/nattens-grenser-2\/#primaryimage"},"image":{"@id":"https:\/\/staging.forenteforlag.no\/dreyers\/produkt\/nattens-grenser-2\/#primaryimage"},"thumbnailUrl":"https:\/\/staging.forenteforlag.no\/dreyers\/wp-content\/uploads\/sites\/2\/2025\/09\/jpg-24-scaled.jpg","datePublished":"2025-09-26T05:39:09+00:00","dateModified":"2026-02-09T04:43:56+00:00","breadcrumb":{"@id":"https:\/\/staging.forenteforlag.no\/dreyers\/produkt\/nattens-grenser-2\/#breadcrumb"},"inLanguage":"nb-NO","potentialAction":[{"@type":"ReadAction","target":["https:\/\/staging.forenteforlag.no\/dreyers\/produkt\/nattens-grenser-2\/"]}]},{"@type":"ImageObject","inLanguage":"nb-NO","@id":"https:\/\/staging.forenteforlag.no\/dreyers\/produkt\/nattens-grenser-2\/#primaryimage","url":"https:\/\/staging.forenteforlag.no\/dreyers\/wp-content\/uploads\/sites\/2\/2025\/09\/jpg-24-scaled.jpg","contentUrl":"https:\/\/staging.forenteforlag.no\/dreyers\/wp-content\/uploads\/sites\/2\/2025\/09\/jpg-24-scaled.jpg","width":1219,"height":1920},{"@type":"BreadcrumbList","@id":"https:\/\/staging.forenteforlag.no\/dreyers\/produkt\/nattens-grenser-2\/#breadcrumb","itemListElement":[{"@type":"ListItem","position":1,"name":"Hjem","item":"https:\/\/staging.forenteforlag.no\/dreyers\/"},{"@type":"ListItem","position":2,"name":"Alle b\u00f8ker","item":"https:\/\/staging.forenteforlag.no\/dreyers\/butikk\/"},{"@type":"ListItem","position":3,"name":"Nattens grenser"}]},{"@type":"WebSite","@id":"https:\/\/staging.forenteforlag.no\/dreyers\/#website","url":"https:\/\/staging.forenteforlag.no\/dreyers\/","name":"Dreyers Forlag","description":"","potentialAction":[{"@type":"SearchAction","target":{"@type":"EntryPoint","urlTemplate":"https:\/\/staging.forenteforlag.no\/dreyers\/?s={search_term_string}"},"query-input":{"@type":"PropertyValueSpecification","valueRequired":true,"valueName":"search_term_string"}}],"inLanguage":"nb-NO"}]}},"_links":{"self":[{"href":"https:\/\/staging.forenteforlag.no\/dreyers\/wp-json\/wp\/v2\/product\/24806","targetHints":{"allow":["GET"]}}],"collection":[{"href":"https:\/\/staging.forenteforlag.no\/dreyers\/wp-json\/wp\/v2\/product"}],"about":[{"href":"https:\/\/staging.forenteforlag.no\/dreyers\/wp-json\/wp\/v2\/types\/product"}],"wp:featuredmedia":[{"embeddable":true,"href":"https:\/\/staging.forenteforlag.no\/dreyers\/wp-json\/wp\/v2\/media\/24805"}],"wp:attachment":[{"href":"https:\/\/staging.forenteforlag.no\/dreyers\/wp-json\/wp\/v2\/media?parent=24806"}],"wp:term":[{"taxonomy":"product_brand","embeddable":true,"href":"https:\/\/staging.forenteforlag.no\/dreyers\/wp-json\/wp\/v2\/product_brand?post=24806"},{"taxonomy":"product_cat","embeddable":true,"href":"https:\/\/staging.forenteforlag.no\/dreyers\/wp-json\/wp\/v2\/product_cat?post=24806"},{"taxonomy":"product_tag","embeddable":true,"href":"https:\/\/staging.forenteforlag.no\/dreyers\/wp-json\/wp\/v2\/product_tag?post=24806"}],"curies":[{"name":"wp","href":"https:\/\/api.w.org\/{rel}","templated":true}]}}