{"id":23965,"date":"2025-08-03T23:11:28","date_gmt":"2025-08-03T21:11:28","guid":{"rendered":"https:\/\/dreyersforlag.no\/produkt\/demokrati-til-salgs\/"},"modified":"2025-11-06T09:31:57","modified_gmt":"2025-11-06T08:31:57","slug":"demokrati-til-salgs","status":"publish","type":"product","link":"https:\/\/staging.forenteforlag.no\/dreyers\/produkt\/demokrati-til-salgs\/","title":{"rendered":"Demokrati til salgs"},"content":{"rendered":"<p>Hvem styrer egentlig samfunnet? Bak politiske vedtak og nyhetsoppslag skjuler det seg ofte et maktspill der kommunikasjonsbyr\u00e5er og strategiske r\u00e5dgivere trekker i tr\u00e5dene. Dette er historien om hvordan politikk utformes utenfor offentlighetens lys, gjennom lekkasjer og n\u00f8ye planlagte budskap.<\/p>\n<p>Thomas Spence har fulgt denne utviklingen p\u00e5 n\u00e6rt hold i en \u00e5rrekke, blant annet som politisk reporter. Han viser hvordan journalister p\u00e5virkes, og hvordan ressurssterke akt\u00f8rer kan kj\u00f8pe seg makt og innflytelse. Han tar deg med bak kulissene i den politiske mediehverdagen hvor budskap spisses, historier vinkles og maktposisjoner sikres.<\/p>\n<p>Med skarpt blikk og inng\u00e5ende kunnskap viser forfatteren hvordan strategisk kommunikasjon har blitt politikkens usynlige h\u00e5nd &#8211; og hvilket parti som er stormester i spillet. N\u00e5r beslutninger fattes p\u00e5 bakrommet, blir sp\u00f8rsm\u00e5let uunng\u00e5elig: Er det partiene og demokratiske institusjoner som styrer Norge, eller PR-maskineriet?<\/p>\n","protected":false},"excerpt":{"rendered":"<p>Hvem styrer egentlig samfunnet? Bak politiske vedtak og nyhetsoppslag skjuler det seg ofte et maktspill der kommunikasjonsbyr\u00e5er og strategiske r\u00e5dgivere trekker i tr\u00e5dene. Dette er historien om hvordan politikk utformes utenfor offentlighetens lys, gjennom lekkasjer og n\u00f8ye planlagte budskap. Thomas Spence har fulgt denne utviklingen p\u00e5 n\u00e6rt hold i en \u00e5rrekke, blant annet som politisk [&hellip;]<\/p>\n","protected":false},"featured_media":24527,"template":"","meta":{"_acf_changed":false,"inline_featured_image":false},"product_brand":[],"product_cat":[352,18,32],"product_tag":[362],"class_list":{"0":"post-23965","1":"product","2":"type-product","3":"status-publish","4":"has-post-thumbnail","6":"product_cat-arets-boker","7":"product_cat-sakprosa","8":"product_cat-samfunn-og-politikk","9":"product_tag-faglitteratur","10":"pa_format-innbundet","12":"first","13":"instock","14":"purchasable","15":"product-type-simple"},"acf":{"anmeldelse":null},"yoast_head":"<!-- This site is optimized with the Yoast SEO plugin v26.6 - https:\/\/yoast.com\/wordpress\/plugins\/seo\/ -->\n<title>Demokrati til salgs - Dreyers Forlag<\/title>\n<meta name=\"robots\" content=\"noindex, follow, max-snippet:-1, max-image-preview:large, max-video-preview:-1\" \/>\n<meta property=\"og:locale\" content=\"nb_NO\" \/>\n<meta property=\"og:type\" content=\"article\" \/>\n<meta property=\"og:title\" content=\"Demokrati til salgs - Dreyers Forlag\" \/>\n<meta property=\"og:description\" content=\"Hvem styrer egentlig samfunnet? Bak politiske vedtak og nyhetsoppslag skjuler det seg ofte et maktspill der kommunikasjonsbyr\u00e5er og strategiske r\u00e5dgivere trekker i tr\u00e5dene. Dette er historien om hvordan politikk utformes utenfor offentlighetens lys, gjennom lekkasjer og n\u00f8ye planlagte budskap. Thomas Spence har fulgt denne utviklingen p\u00e5 n\u00e6rt hold i en \u00e5rrekke, blant annet som politisk [&hellip;]\" \/>\n<meta property=\"og:url\" content=\"https:\/\/staging.forenteforlag.no\/dreyers\/produkt\/demokrati-til-salgs\/\" \/>\n<meta property=\"og:site_name\" content=\"Dreyers Forlag\" \/>\n<meta property=\"article:modified_time\" content=\"2025-11-06T08:31:57+00:00\" \/>\n<meta property=\"og:image\" content=\"https:\/\/staging.forenteforlag.no\/dreyers\/wp-content\/uploads\/sites\/2\/2025\/08\/jpg-10172-scaled-1-scaled.jpg\" \/>\n\t<meta property=\"og:image:width\" content=\"1355\" \/>\n\t<meta property=\"og:image:height\" content=\"1920\" \/>\n\t<meta property=\"og:image:type\" content=\"image\/jpeg\" \/>\n<meta name=\"twitter:card\" content=\"summary_large_image\" \/>\n<meta name=\"twitter:label1\" content=\"Ansl. lesetid\" \/>\n\t<meta name=\"twitter:data1\" content=\"1 minutt\" \/>\n<script type=\"application\/ld+json\" class=\"yoast-schema-graph\">{\"@context\":\"https:\/\/schema.org\",\"@graph\":[{\"@type\":\"WebPage\",\"@id\":\"https:\/\/staging.forenteforlag.no\/dreyers\/produkt\/demokrati-til-salgs\/\",\"url\":\"https:\/\/staging.forenteforlag.no\/dreyers\/produkt\/demokrati-til-salgs\/\",\"name\":\"Demokrati til salgs - Dreyers Forlag\",\"isPartOf\":{\"@id\":\"https:\/\/staging.forenteforlag.no\/dreyers\/#website\"},\"primaryImageOfPage\":{\"@id\":\"https:\/\/staging.forenteforlag.no\/dreyers\/produkt\/demokrati-til-salgs\/#primaryimage\"},\"image\":{\"@id\":\"https:\/\/staging.forenteforlag.no\/dreyers\/produkt\/demokrati-til-salgs\/#primaryimage\"},\"thumbnailUrl\":\"https:\/\/staging.forenteforlag.no\/dreyers\/wp-content\/uploads\/sites\/2\/2025\/08\/jpg-10172-scaled-1-scaled.jpg\",\"datePublished\":\"2025-08-03T21:11:28+00:00\",\"dateModified\":\"2025-11-06T08:31:57+00:00\",\"breadcrumb\":{\"@id\":\"https:\/\/staging.forenteforlag.no\/dreyers\/produkt\/demokrati-til-salgs\/#breadcrumb\"},\"inLanguage\":\"nb-NO\",\"potentialAction\":[{\"@type\":\"ReadAction\",\"target\":[\"https:\/\/staging.forenteforlag.no\/dreyers\/produkt\/demokrati-til-salgs\/\"]}]},{\"@type\":\"ImageObject\",\"inLanguage\":\"nb-NO\",\"@id\":\"https:\/\/staging.forenteforlag.no\/dreyers\/produkt\/demokrati-til-salgs\/#primaryimage\",\"url\":\"https:\/\/staging.forenteforlag.no\/dreyers\/wp-content\/uploads\/sites\/2\/2025\/08\/jpg-10172-scaled-1-scaled.jpg\",\"contentUrl\":\"https:\/\/staging.forenteforlag.no\/dreyers\/wp-content\/uploads\/sites\/2\/2025\/08\/jpg-10172-scaled-1-scaled.jpg\",\"width\":1355,\"height\":1920},{\"@type\":\"BreadcrumbList\",\"@id\":\"https:\/\/staging.forenteforlag.no\/dreyers\/produkt\/demokrati-til-salgs\/#breadcrumb\",\"itemListElement\":[{\"@type\":\"ListItem\",\"position\":1,\"name\":\"Hjem\",\"item\":\"https:\/\/staging.forenteforlag.no\/dreyers\/\"},{\"@type\":\"ListItem\",\"position\":2,\"name\":\"Alle b\u00f8ker\",\"item\":\"https:\/\/staging.forenteforlag.no\/dreyers\/butikk\/\"},{\"@type\":\"ListItem\",\"position\":3,\"name\":\"Demokrati til salgs\"}]},{\"@type\":\"WebSite\",\"@id\":\"https:\/\/staging.forenteforlag.no\/dreyers\/#website\",\"url\":\"https:\/\/staging.forenteforlag.no\/dreyers\/\",\"name\":\"Dreyers Forlag\",\"description\":\"\",\"potentialAction\":[{\"@type\":\"SearchAction\",\"target\":{\"@type\":\"EntryPoint\",\"urlTemplate\":\"https:\/\/staging.forenteforlag.no\/dreyers\/?s={search_term_string}\"},\"query-input\":{\"@type\":\"PropertyValueSpecification\",\"valueRequired\":true,\"valueName\":\"search_term_string\"}}],\"inLanguage\":\"nb-NO\"}]}<\/script>\n<!-- \/ Yoast SEO plugin. -->","yoast_head_json":{"title":"Demokrati til salgs - Dreyers Forlag","robots":{"index":"noindex","follow":"follow","max-snippet":"max-snippet:-1","max-image-preview":"max-image-preview:large","max-video-preview":"max-video-preview:-1"},"og_locale":"nb_NO","og_type":"article","og_title":"Demokrati til salgs - Dreyers Forlag","og_description":"Hvem styrer egentlig samfunnet? Bak politiske vedtak og nyhetsoppslag skjuler det seg ofte et maktspill der kommunikasjonsbyr\u00e5er og strategiske r\u00e5dgivere trekker i tr\u00e5dene. Dette er historien om hvordan politikk utformes utenfor offentlighetens lys, gjennom lekkasjer og n\u00f8ye planlagte budskap. Thomas Spence har fulgt denne utviklingen p\u00e5 n\u00e6rt hold i en \u00e5rrekke, blant annet som politisk [&hellip;]","og_url":"https:\/\/staging.forenteforlag.no\/dreyers\/produkt\/demokrati-til-salgs\/","og_site_name":"Dreyers Forlag","article_modified_time":"2025-11-06T08:31:57+00:00","og_image":[{"width":1355,"height":1920,"url":"https:\/\/staging.forenteforlag.no\/dreyers\/wp-content\/uploads\/sites\/2\/2025\/08\/jpg-10172-scaled-1-scaled.jpg","type":"image\/jpeg"}],"twitter_card":"summary_large_image","twitter_misc":{"Ansl. lesetid":"1 minutt"},"schema":{"@context":"https:\/\/schema.org","@graph":[{"@type":"WebPage","@id":"https:\/\/staging.forenteforlag.no\/dreyers\/produkt\/demokrati-til-salgs\/","url":"https:\/\/staging.forenteforlag.no\/dreyers\/produkt\/demokrati-til-salgs\/","name":"Demokrati til salgs - Dreyers Forlag","isPartOf":{"@id":"https:\/\/staging.forenteforlag.no\/dreyers\/#website"},"primaryImageOfPage":{"@id":"https:\/\/staging.forenteforlag.no\/dreyers\/produkt\/demokrati-til-salgs\/#primaryimage"},"image":{"@id":"https:\/\/staging.forenteforlag.no\/dreyers\/produkt\/demokrati-til-salgs\/#primaryimage"},"thumbnailUrl":"https:\/\/staging.forenteforlag.no\/dreyers\/wp-content\/uploads\/sites\/2\/2025\/08\/jpg-10172-scaled-1-scaled.jpg","datePublished":"2025-08-03T21:11:28+00:00","dateModified":"2025-11-06T08:31:57+00:00","breadcrumb":{"@id":"https:\/\/staging.forenteforlag.no\/dreyers\/produkt\/demokrati-til-salgs\/#breadcrumb"},"inLanguage":"nb-NO","potentialAction":[{"@type":"ReadAction","target":["https:\/\/staging.forenteforlag.no\/dreyers\/produkt\/demokrati-til-salgs\/"]}]},{"@type":"ImageObject","inLanguage":"nb-NO","@id":"https:\/\/staging.forenteforlag.no\/dreyers\/produkt\/demokrati-til-salgs\/#primaryimage","url":"https:\/\/staging.forenteforlag.no\/dreyers\/wp-content\/uploads\/sites\/2\/2025\/08\/jpg-10172-scaled-1-scaled.jpg","contentUrl":"https:\/\/staging.forenteforlag.no\/dreyers\/wp-content\/uploads\/sites\/2\/2025\/08\/jpg-10172-scaled-1-scaled.jpg","width":1355,"height":1920},{"@type":"BreadcrumbList","@id":"https:\/\/staging.forenteforlag.no\/dreyers\/produkt\/demokrati-til-salgs\/#breadcrumb","itemListElement":[{"@type":"ListItem","position":1,"name":"Hjem","item":"https:\/\/staging.forenteforlag.no\/dreyers\/"},{"@type":"ListItem","position":2,"name":"Alle b\u00f8ker","item":"https:\/\/staging.forenteforlag.no\/dreyers\/butikk\/"},{"@type":"ListItem","position":3,"name":"Demokrati til salgs"}]},{"@type":"WebSite","@id":"https:\/\/staging.forenteforlag.no\/dreyers\/#website","url":"https:\/\/staging.forenteforlag.no\/dreyers\/","name":"Dreyers Forlag","description":"","potentialAction":[{"@type":"SearchAction","target":{"@type":"EntryPoint","urlTemplate":"https:\/\/staging.forenteforlag.no\/dreyers\/?s={search_term_string}"},"query-input":{"@type":"PropertyValueSpecification","valueRequired":true,"valueName":"search_term_string"}}],"inLanguage":"nb-NO"}]}},"_links":{"self":[{"href":"https:\/\/staging.forenteforlag.no\/dreyers\/wp-json\/wp\/v2\/product\/23965","targetHints":{"allow":["GET"]}}],"collection":[{"href":"https:\/\/staging.forenteforlag.no\/dreyers\/wp-json\/wp\/v2\/product"}],"about":[{"href":"https:\/\/staging.forenteforlag.no\/dreyers\/wp-json\/wp\/v2\/types\/product"}],"wp:featuredmedia":[{"embeddable":true,"href":"https:\/\/staging.forenteforlag.no\/dreyers\/wp-json\/wp\/v2\/media\/24527"}],"wp:attachment":[{"href":"https:\/\/staging.forenteforlag.no\/dreyers\/wp-json\/wp\/v2\/media?parent=23965"}],"wp:term":[{"taxonomy":"product_brand","embeddable":true,"href":"https:\/\/staging.forenteforlag.no\/dreyers\/wp-json\/wp\/v2\/product_brand?post=23965"},{"taxonomy":"product_cat","embeddable":true,"href":"https:\/\/staging.forenteforlag.no\/dreyers\/wp-json\/wp\/v2\/product_cat?post=23965"},{"taxonomy":"product_tag","embeddable":true,"href":"https:\/\/staging.forenteforlag.no\/dreyers\/wp-json\/wp\/v2\/product_tag?post=23965"}],"curies":[{"name":"wp","href":"https:\/\/api.w.org\/{rel}","templated":true}]}}