{"id":23957,"date":"2025-08-03T23:08:03","date_gmt":"2025-08-03T21:08:03","guid":{"rendered":"https:\/\/dreyersforlag.no\/produkt\/enevold-falsen-er-ei-mer-men-hans-minne\/"},"modified":"2025-11-06T09:11:52","modified_gmt":"2025-11-06T08:11:52","slug":"enevold-falsen-er-ei-mer-men-hans-minne","status":"publish","type":"product","link":"https:\/\/staging.forenteforlag.no\/dreyers\/produkt\/enevold-falsen-er-ei-mer-men-hans-minne\/","title":{"rendered":"Enevold Falsen er ei mer, men hans minne"},"content":{"rendered":"<p>Juristen, politikeren og forfatteren Enevold Falsen (1755\u20131808) var en av landets mest profilerte menn innenfor kulturlivet og politikk i sin tid. Det er f\u00e5 som kan skryte p\u00e5 seg en like lang merittliste. Allerede som 10-\u00e5ring studerte Enevold Falsen jus ved K\u00f8benhavns Universitet. Senere forsvarte han bondeoppr\u00f8reren Kristian Lofthus og pekte da p\u00e5 de kritikkverdige forholdene b\u00f8ndene levde under. Han skrev gl\u00f8dende mot slavehandelen, for trykkefrihet, om et norsk universitet og om de nye humanistiske idealene. <\/p>\n<p>Som medlem av Regjeringskommisjonen ledet Falsen landet gjennom Napoleonskrigene. Han var med p\u00e5 \u00e5 grunnlegge avisen <em>Budstikken<\/em>, og med sine reportasjer bidro han til en gryende nasjonal identitet \u2013 og beredte grunnen for den endelige l\u00f8srivelsen som skulle komme i 1814. <\/p>\n<p>I sin samtid var Falsen minst like kjent som forfatter. Han skrev blant annet dikt og teaterstykker, og var en av stifterne av det f\u00f8rste teateret i Christiania. I teateret deltok han med liv og lyst, og ble to ganger forvist fra sin stilling p\u00e5 grunn av upassende kj\u00e6rlighetsforhold til de mest attraktive kvinnene p\u00e5 scenen. En novemberkveld i 1808 tok han sitt eget liv. Denne kortbiografien l\u00f8fter frem en viktig skikkelse i norsk historie.<\/p>\n","protected":false},"excerpt":{"rendered":"<p>Juristen, politikeren og forfatteren Enevold Falsen (1755\u20131808) var en av landets mest profilerte menn innenfor kulturlivet og politikk i sin tid. Det er f\u00e5 som kan skryte p\u00e5 seg en like lang merittliste. Allerede som 10-\u00e5ring studerte Enevold Falsen jus ved K\u00f8benhavns Universitet. Senere forsvarte han bondeoppr\u00f8reren Kristian Lofthus og pekte da p\u00e5 de kritikkverdige [&hellip;]<\/p>\n","protected":false},"featured_media":24516,"template":"","meta":{"_acf_changed":false,"inline_featured_image":false},"product_brand":[],"product_cat":[20],"product_tag":[362],"class_list":{"0":"post-23957","1":"product","2":"type-product","3":"status-publish","4":"has-post-thumbnail","6":"product_cat-biografier-og-memoarer","7":"product_tag-faglitteratur","8":"pa_format-innbundet","10":"first","11":"instock","12":"purchasable","13":"product-type-simple"},"acf":{"anmeldelse":null},"yoast_head":"<!-- This site is optimized with the Yoast SEO plugin v26.6 - https:\/\/yoast.com\/wordpress\/plugins\/seo\/ -->\n<title>Enevold Falsen er ei mer, men hans minne - Dreyers Forlag<\/title>\n<meta name=\"robots\" content=\"noindex, follow, max-snippet:-1, max-image-preview:large, max-video-preview:-1\" \/>\n<meta property=\"og:locale\" content=\"nb_NO\" \/>\n<meta property=\"og:type\" content=\"article\" \/>\n<meta property=\"og:title\" content=\"Enevold Falsen er ei mer, men hans minne - Dreyers Forlag\" \/>\n<meta property=\"og:description\" content=\"Juristen, politikeren og forfatteren Enevold Falsen (1755\u20131808) var en av landets mest profilerte menn innenfor kulturlivet og politikk i sin tid. Det er f\u00e5 som kan skryte p\u00e5 seg en like lang merittliste. Allerede som 10-\u00e5ring studerte Enevold Falsen jus ved K\u00f8benhavns Universitet. Senere forsvarte han bondeoppr\u00f8reren Kristian Lofthus og pekte da p\u00e5 de kritikkverdige [&hellip;]\" \/>\n<meta property=\"og:url\" content=\"https:\/\/staging.forenteforlag.no\/dreyers\/produkt\/enevold-falsen-er-ei-mer-men-hans-minne\/\" \/>\n<meta property=\"og:site_name\" content=\"Dreyers Forlag\" \/>\n<meta property=\"article:modified_time\" content=\"2025-11-06T08:11:52+00:00\" \/>\n<meta property=\"og:image\" content=\"https:\/\/staging.forenteforlag.no\/dreyers\/wp-content\/uploads\/sites\/2\/2025\/08\/jpg-10122-scaled-1-scaled.jpg\" \/>\n\t<meta property=\"og:image:width\" content=\"1357\" \/>\n\t<meta property=\"og:image:height\" content=\"1920\" \/>\n\t<meta property=\"og:image:type\" content=\"image\/jpeg\" \/>\n<meta name=\"twitter:card\" content=\"summary_large_image\" \/>\n<meta name=\"twitter:label1\" content=\"Ansl. lesetid\" \/>\n\t<meta name=\"twitter:data1\" content=\"1 minutt\" \/>\n<script type=\"application\/ld+json\" class=\"yoast-schema-graph\">{\"@context\":\"https:\/\/schema.org\",\"@graph\":[{\"@type\":\"WebPage\",\"@id\":\"https:\/\/staging.forenteforlag.no\/dreyers\/produkt\/enevold-falsen-er-ei-mer-men-hans-minne\/\",\"url\":\"https:\/\/staging.forenteforlag.no\/dreyers\/produkt\/enevold-falsen-er-ei-mer-men-hans-minne\/\",\"name\":\"Enevold Falsen er ei mer, men hans minne - Dreyers Forlag\",\"isPartOf\":{\"@id\":\"https:\/\/staging.forenteforlag.no\/dreyers\/#website\"},\"primaryImageOfPage\":{\"@id\":\"https:\/\/staging.forenteforlag.no\/dreyers\/produkt\/enevold-falsen-er-ei-mer-men-hans-minne\/#primaryimage\"},\"image\":{\"@id\":\"https:\/\/staging.forenteforlag.no\/dreyers\/produkt\/enevold-falsen-er-ei-mer-men-hans-minne\/#primaryimage\"},\"thumbnailUrl\":\"https:\/\/staging.forenteforlag.no\/dreyers\/wp-content\/uploads\/sites\/2\/2025\/08\/jpg-10122-scaled-1-scaled.jpg\",\"datePublished\":\"2025-08-03T21:08:03+00:00\",\"dateModified\":\"2025-11-06T08:11:52+00:00\",\"breadcrumb\":{\"@id\":\"https:\/\/staging.forenteforlag.no\/dreyers\/produkt\/enevold-falsen-er-ei-mer-men-hans-minne\/#breadcrumb\"},\"inLanguage\":\"nb-NO\",\"potentialAction\":[{\"@type\":\"ReadAction\",\"target\":[\"https:\/\/staging.forenteforlag.no\/dreyers\/produkt\/enevold-falsen-er-ei-mer-men-hans-minne\/\"]}]},{\"@type\":\"ImageObject\",\"inLanguage\":\"nb-NO\",\"@id\":\"https:\/\/staging.forenteforlag.no\/dreyers\/produkt\/enevold-falsen-er-ei-mer-men-hans-minne\/#primaryimage\",\"url\":\"https:\/\/staging.forenteforlag.no\/dreyers\/wp-content\/uploads\/sites\/2\/2025\/08\/jpg-10122-scaled-1-scaled.jpg\",\"contentUrl\":\"https:\/\/staging.forenteforlag.no\/dreyers\/wp-content\/uploads\/sites\/2\/2025\/08\/jpg-10122-scaled-1-scaled.jpg\",\"width\":1357,\"height\":1920},{\"@type\":\"BreadcrumbList\",\"@id\":\"https:\/\/staging.forenteforlag.no\/dreyers\/produkt\/enevold-falsen-er-ei-mer-men-hans-minne\/#breadcrumb\",\"itemListElement\":[{\"@type\":\"ListItem\",\"position\":1,\"name\":\"Hjem\",\"item\":\"https:\/\/staging.forenteforlag.no\/dreyers\/\"},{\"@type\":\"ListItem\",\"position\":2,\"name\":\"Alle b\u00f8ker\",\"item\":\"https:\/\/staging.forenteforlag.no\/dreyers\/butikk\/\"},{\"@type\":\"ListItem\",\"position\":3,\"name\":\"Enevold Falsen er ei mer, men hans minne\"}]},{\"@type\":\"WebSite\",\"@id\":\"https:\/\/staging.forenteforlag.no\/dreyers\/#website\",\"url\":\"https:\/\/staging.forenteforlag.no\/dreyers\/\",\"name\":\"Dreyers Forlag\",\"description\":\"\",\"potentialAction\":[{\"@type\":\"SearchAction\",\"target\":{\"@type\":\"EntryPoint\",\"urlTemplate\":\"https:\/\/staging.forenteforlag.no\/dreyers\/?s={search_term_string}\"},\"query-input\":{\"@type\":\"PropertyValueSpecification\",\"valueRequired\":true,\"valueName\":\"search_term_string\"}}],\"inLanguage\":\"nb-NO\"}]}<\/script>\n<!-- \/ Yoast SEO plugin. -->","yoast_head_json":{"title":"Enevold Falsen er ei mer, men hans minne - Dreyers Forlag","robots":{"index":"noindex","follow":"follow","max-snippet":"max-snippet:-1","max-image-preview":"max-image-preview:large","max-video-preview":"max-video-preview:-1"},"og_locale":"nb_NO","og_type":"article","og_title":"Enevold Falsen er ei mer, men hans minne - Dreyers Forlag","og_description":"Juristen, politikeren og forfatteren Enevold Falsen (1755\u20131808) var en av landets mest profilerte menn innenfor kulturlivet og politikk i sin tid. Det er f\u00e5 som kan skryte p\u00e5 seg en like lang merittliste. Allerede som 10-\u00e5ring studerte Enevold Falsen jus ved K\u00f8benhavns Universitet. Senere forsvarte han bondeoppr\u00f8reren Kristian Lofthus og pekte da p\u00e5 de kritikkverdige [&hellip;]","og_url":"https:\/\/staging.forenteforlag.no\/dreyers\/produkt\/enevold-falsen-er-ei-mer-men-hans-minne\/","og_site_name":"Dreyers Forlag","article_modified_time":"2025-11-06T08:11:52+00:00","og_image":[{"width":1357,"height":1920,"url":"https:\/\/staging.forenteforlag.no\/dreyers\/wp-content\/uploads\/sites\/2\/2025\/08\/jpg-10122-scaled-1-scaled.jpg","type":"image\/jpeg"}],"twitter_card":"summary_large_image","twitter_misc":{"Ansl. lesetid":"1 minutt"},"schema":{"@context":"https:\/\/schema.org","@graph":[{"@type":"WebPage","@id":"https:\/\/staging.forenteforlag.no\/dreyers\/produkt\/enevold-falsen-er-ei-mer-men-hans-minne\/","url":"https:\/\/staging.forenteforlag.no\/dreyers\/produkt\/enevold-falsen-er-ei-mer-men-hans-minne\/","name":"Enevold Falsen er ei mer, men hans minne - Dreyers Forlag","isPartOf":{"@id":"https:\/\/staging.forenteforlag.no\/dreyers\/#website"},"primaryImageOfPage":{"@id":"https:\/\/staging.forenteforlag.no\/dreyers\/produkt\/enevold-falsen-er-ei-mer-men-hans-minne\/#primaryimage"},"image":{"@id":"https:\/\/staging.forenteforlag.no\/dreyers\/produkt\/enevold-falsen-er-ei-mer-men-hans-minne\/#primaryimage"},"thumbnailUrl":"https:\/\/staging.forenteforlag.no\/dreyers\/wp-content\/uploads\/sites\/2\/2025\/08\/jpg-10122-scaled-1-scaled.jpg","datePublished":"2025-08-03T21:08:03+00:00","dateModified":"2025-11-06T08:11:52+00:00","breadcrumb":{"@id":"https:\/\/staging.forenteforlag.no\/dreyers\/produkt\/enevold-falsen-er-ei-mer-men-hans-minne\/#breadcrumb"},"inLanguage":"nb-NO","potentialAction":[{"@type":"ReadAction","target":["https:\/\/staging.forenteforlag.no\/dreyers\/produkt\/enevold-falsen-er-ei-mer-men-hans-minne\/"]}]},{"@type":"ImageObject","inLanguage":"nb-NO","@id":"https:\/\/staging.forenteforlag.no\/dreyers\/produkt\/enevold-falsen-er-ei-mer-men-hans-minne\/#primaryimage","url":"https:\/\/staging.forenteforlag.no\/dreyers\/wp-content\/uploads\/sites\/2\/2025\/08\/jpg-10122-scaled-1-scaled.jpg","contentUrl":"https:\/\/staging.forenteforlag.no\/dreyers\/wp-content\/uploads\/sites\/2\/2025\/08\/jpg-10122-scaled-1-scaled.jpg","width":1357,"height":1920},{"@type":"BreadcrumbList","@id":"https:\/\/staging.forenteforlag.no\/dreyers\/produkt\/enevold-falsen-er-ei-mer-men-hans-minne\/#breadcrumb","itemListElement":[{"@type":"ListItem","position":1,"name":"Hjem","item":"https:\/\/staging.forenteforlag.no\/dreyers\/"},{"@type":"ListItem","position":2,"name":"Alle b\u00f8ker","item":"https:\/\/staging.forenteforlag.no\/dreyers\/butikk\/"},{"@type":"ListItem","position":3,"name":"Enevold Falsen er ei mer, men hans minne"}]},{"@type":"WebSite","@id":"https:\/\/staging.forenteforlag.no\/dreyers\/#website","url":"https:\/\/staging.forenteforlag.no\/dreyers\/","name":"Dreyers Forlag","description":"","potentialAction":[{"@type":"SearchAction","target":{"@type":"EntryPoint","urlTemplate":"https:\/\/staging.forenteforlag.no\/dreyers\/?s={search_term_string}"},"query-input":{"@type":"PropertyValueSpecification","valueRequired":true,"valueName":"search_term_string"}}],"inLanguage":"nb-NO"}]}},"_links":{"self":[{"href":"https:\/\/staging.forenteforlag.no\/dreyers\/wp-json\/wp\/v2\/product\/23957","targetHints":{"allow":["GET"]}}],"collection":[{"href":"https:\/\/staging.forenteforlag.no\/dreyers\/wp-json\/wp\/v2\/product"}],"about":[{"href":"https:\/\/staging.forenteforlag.no\/dreyers\/wp-json\/wp\/v2\/types\/product"}],"wp:featuredmedia":[{"embeddable":true,"href":"https:\/\/staging.forenteforlag.no\/dreyers\/wp-json\/wp\/v2\/media\/24516"}],"wp:attachment":[{"href":"https:\/\/staging.forenteforlag.no\/dreyers\/wp-json\/wp\/v2\/media?parent=23957"}],"wp:term":[{"taxonomy":"product_brand","embeddable":true,"href":"https:\/\/staging.forenteforlag.no\/dreyers\/wp-json\/wp\/v2\/product_brand?post=23957"},{"taxonomy":"product_cat","embeddable":true,"href":"https:\/\/staging.forenteforlag.no\/dreyers\/wp-json\/wp\/v2\/product_cat?post=23957"},{"taxonomy":"product_tag","embeddable":true,"href":"https:\/\/staging.forenteforlag.no\/dreyers\/wp-json\/wp\/v2\/product_tag?post=23957"}],"curies":[{"name":"wp","href":"https:\/\/api.w.org\/{rel}","templated":true}]}}