{"id":23956,"date":"2025-08-03T23:07:48","date_gmt":"2025-08-03T21:07:48","guid":{"rendered":"https:\/\/dreyersforlag.no\/produkt\/antroposofi-pa-norsk\/"},"modified":"2025-09-23T15:38:16","modified_gmt":"2025-09-23T13:38:16","slug":"antroposofi-pa-norsk","status":"publish","type":"product","link":"https:\/\/staging.forenteforlag.no\/dreyers\/produkt\/antroposofi-pa-norsk\/","title":{"rendered":"Antroposofi p\u00e5 norsk"},"content":{"rendered":"<p>Antroposofien har v\u00e6rt en viktig kulturfaktor i Norge gjennom over 100 \u00e5r. Ulike virksomheter inspirert av Rudolf Steiner strekker seg over om \u2013 r\u00e5der som pedagogikk, kunst, landbruk, helse, milj\u00f8 og etisk bank. De har det til felles at de er samfunnsnyttige, b\u00e6rekraftige og progressive organisasjoner, opptatt av menneskets og verdens utvikling.<br \/>Biodynamisk landbruk produserer varer til restauranter og butikker, og Demeter-merket vin som h\u00f8ster gode omtaler. Cultura bank er en etisk bank, der innskyterne f\u00e5r vite hva sparepengene deres g\u00e5r til og utl\u00e5nskriteriene skal v\u00e6re sosiale og b\u00e6rekraftige.<br \/>I Norge har antroposofer ogs\u00e5 v\u00e6rt sentrale deltakere i utdanning, kulturliv og akademia. Steinerskole-bevegelsen feirer 100 \u00e5r i Norge, og er en tydelig stemme i offentligheten, og et alternativ til det offentlige skolesystemet og de forskjellige utdanningspolitiske reformene. Dens pedagogikk har ogs\u00e5 p\u00e5virket den offentlige skolen. Bare tenk p\u00e5&nbsp;<em>Jonas<\/em>&nbsp;av Jens Bj\u00f8rneboe. Margaret Olins dokumentar om steinerbarnehagen Aurora p\u00e5 Nesodden har skapt debatt om vilk\u00e5rene for en god barndom. Gjennom filmen \u00abOla \u2013 en helt vanlig uvanlig fyr\u00bb er Camphill-landsbyen Vidar\u00e5sen blitt kjent for folk flest.<br \/>Boken er et kaleidoskop av den rike antroposofiske virksomheten i Norge i dag, med interessante historiske tilbakeblikk.<br \/>Forfattere:<br \/><em>Gry Veronica Alsos, Corinna Balavoine, Frode Barkved, Dag Blakkisrud, Arne Enge, Berit Fr\u00f8seth, Marius Wahl Gran, Kristine H\u00f8iland, Helene Sofie Smit, Mira Beckstr\u00f8m Laurantzon, Ninon Onarheim, Inge Raknes, Ingrid Reistad, Espen Tharaldsen, Cato Schi\u00f8tz, Terje Sparby, Marianne Tellmann, Peter Normann Waage, Josefin Winther, Elizabeth Wirsching, Arne \u00d8gaard<\/em><br \/>&nbsp;<\/p>\n","protected":false},"excerpt":{"rendered":"<p>Antroposofien har v\u00e6rt en viktig kulturfaktor i Norge gjennom over 100 \u00e5r. Ulike virksomheter inspirert av Rudolf Steiner strekker seg over om \u2013 r\u00e5der som pedagogikk, kunst, landbruk, helse, milj\u00f8 og etisk bank. De har det til felles at de er samfunnsnyttige, b\u00e6rekraftige og progressive organisasjoner, opptatt av menneskets og verdens utvikling.Biodynamisk landbruk produserer varer [&hellip;]<\/p>\n","protected":false},"featured_media":24515,"template":"","meta":{"_acf_changed":false,"inline_featured_image":false},"product_brand":[],"product_cat":[16],"product_tag":[362],"class_list":{"0":"post-23956","1":"product","2":"type-product","3":"status-publish","4":"has-post-thumbnail","6":"product_cat-ukategorisert","7":"product_tag-faglitteratur","8":"pa_format-pocket","10":"first","11":"instock","12":"purchasable","13":"product-type-simple"},"acf":{"anmeldelse":null},"yoast_head":"<!-- This site is optimized with the Yoast SEO plugin v26.6 - https:\/\/yoast.com\/wordpress\/plugins\/seo\/ -->\n<title>Antroposofi p\u00e5 norsk - Dreyers Forlag<\/title>\n<meta name=\"robots\" content=\"noindex, follow, max-snippet:-1, max-image-preview:large, max-video-preview:-1\" \/>\n<meta property=\"og:locale\" content=\"nb_NO\" \/>\n<meta property=\"og:type\" content=\"article\" \/>\n<meta property=\"og:title\" content=\"Antroposofi p\u00e5 norsk - Dreyers Forlag\" \/>\n<meta property=\"og:description\" content=\"Antroposofien har v\u00e6rt en viktig kulturfaktor i Norge gjennom over 100 \u00e5r. Ulike virksomheter inspirert av Rudolf Steiner strekker seg over om \u2013 r\u00e5der som pedagogikk, kunst, landbruk, helse, milj\u00f8 og etisk bank. De har det til felles at de er samfunnsnyttige, b\u00e6rekraftige og progressive organisasjoner, opptatt av menneskets og verdens utvikling.Biodynamisk landbruk produserer varer [&hellip;]\" \/>\n<meta property=\"og:url\" content=\"https:\/\/staging.forenteforlag.no\/dreyers\/produkt\/antroposofi-pa-norsk\/\" \/>\n<meta property=\"og:site_name\" content=\"Dreyers Forlag\" \/>\n<meta property=\"article:modified_time\" content=\"2025-09-23T13:38:16+00:00\" \/>\n<meta property=\"og:image\" content=\"https:\/\/staging.forenteforlag.no\/dreyers\/wp-content\/uploads\/sites\/2\/2025\/08\/jpg-10120-scaled-1-scaled.jpg\" \/>\n\t<meta property=\"og:image:width\" content=\"1852\" \/>\n\t<meta property=\"og:image:height\" content=\"1920\" \/>\n\t<meta property=\"og:image:type\" content=\"image\/jpeg\" \/>\n<meta name=\"twitter:card\" content=\"summary_large_image\" \/>\n<meta name=\"twitter:label1\" content=\"Ansl. lesetid\" \/>\n\t<meta name=\"twitter:data1\" content=\"1 minutt\" \/>\n<script type=\"application\/ld+json\" class=\"yoast-schema-graph\">{\"@context\":\"https:\/\/schema.org\",\"@graph\":[{\"@type\":\"WebPage\",\"@id\":\"https:\/\/staging.forenteforlag.no\/dreyers\/produkt\/antroposofi-pa-norsk\/\",\"url\":\"https:\/\/staging.forenteforlag.no\/dreyers\/produkt\/antroposofi-pa-norsk\/\",\"name\":\"Antroposofi p\u00e5 norsk - Dreyers Forlag\",\"isPartOf\":{\"@id\":\"https:\/\/staging.forenteforlag.no\/dreyers\/#website\"},\"primaryImageOfPage\":{\"@id\":\"https:\/\/staging.forenteforlag.no\/dreyers\/produkt\/antroposofi-pa-norsk\/#primaryimage\"},\"image\":{\"@id\":\"https:\/\/staging.forenteforlag.no\/dreyers\/produkt\/antroposofi-pa-norsk\/#primaryimage\"},\"thumbnailUrl\":\"https:\/\/staging.forenteforlag.no\/dreyers\/wp-content\/uploads\/sites\/2\/2025\/08\/jpg-10120-scaled-1-scaled.jpg\",\"datePublished\":\"2025-08-03T21:07:48+00:00\",\"dateModified\":\"2025-09-23T13:38:16+00:00\",\"breadcrumb\":{\"@id\":\"https:\/\/staging.forenteforlag.no\/dreyers\/produkt\/antroposofi-pa-norsk\/#breadcrumb\"},\"inLanguage\":\"nb-NO\",\"potentialAction\":[{\"@type\":\"ReadAction\",\"target\":[\"https:\/\/staging.forenteforlag.no\/dreyers\/produkt\/antroposofi-pa-norsk\/\"]}]},{\"@type\":\"ImageObject\",\"inLanguage\":\"nb-NO\",\"@id\":\"https:\/\/staging.forenteforlag.no\/dreyers\/produkt\/antroposofi-pa-norsk\/#primaryimage\",\"url\":\"https:\/\/staging.forenteforlag.no\/dreyers\/wp-content\/uploads\/sites\/2\/2025\/08\/jpg-10120-scaled-1-scaled.jpg\",\"contentUrl\":\"https:\/\/staging.forenteforlag.no\/dreyers\/wp-content\/uploads\/sites\/2\/2025\/08\/jpg-10120-scaled-1-scaled.jpg\",\"width\":1852,\"height\":1920},{\"@type\":\"BreadcrumbList\",\"@id\":\"https:\/\/staging.forenteforlag.no\/dreyers\/produkt\/antroposofi-pa-norsk\/#breadcrumb\",\"itemListElement\":[{\"@type\":\"ListItem\",\"position\":1,\"name\":\"Hjem\",\"item\":\"https:\/\/staging.forenteforlag.no\/dreyers\/\"},{\"@type\":\"ListItem\",\"position\":2,\"name\":\"Alle b\u00f8ker\",\"item\":\"https:\/\/staging.forenteforlag.no\/dreyers\/butikk\/\"},{\"@type\":\"ListItem\",\"position\":3,\"name\":\"Antroposofi p\u00e5 norsk\"}]},{\"@type\":\"WebSite\",\"@id\":\"https:\/\/staging.forenteforlag.no\/dreyers\/#website\",\"url\":\"https:\/\/staging.forenteforlag.no\/dreyers\/\",\"name\":\"Dreyers Forlag\",\"description\":\"\",\"potentialAction\":[{\"@type\":\"SearchAction\",\"target\":{\"@type\":\"EntryPoint\",\"urlTemplate\":\"https:\/\/staging.forenteforlag.no\/dreyers\/?s={search_term_string}\"},\"query-input\":{\"@type\":\"PropertyValueSpecification\",\"valueRequired\":true,\"valueName\":\"search_term_string\"}}],\"inLanguage\":\"nb-NO\"}]}<\/script>\n<!-- \/ Yoast SEO plugin. -->","yoast_head_json":{"title":"Antroposofi p\u00e5 norsk - Dreyers Forlag","robots":{"index":"noindex","follow":"follow","max-snippet":"max-snippet:-1","max-image-preview":"max-image-preview:large","max-video-preview":"max-video-preview:-1"},"og_locale":"nb_NO","og_type":"article","og_title":"Antroposofi p\u00e5 norsk - Dreyers Forlag","og_description":"Antroposofien har v\u00e6rt en viktig kulturfaktor i Norge gjennom over 100 \u00e5r. Ulike virksomheter inspirert av Rudolf Steiner strekker seg over om \u2013 r\u00e5der som pedagogikk, kunst, landbruk, helse, milj\u00f8 og etisk bank. De har det til felles at de er samfunnsnyttige, b\u00e6rekraftige og progressive organisasjoner, opptatt av menneskets og verdens utvikling.Biodynamisk landbruk produserer varer [&hellip;]","og_url":"https:\/\/staging.forenteforlag.no\/dreyers\/produkt\/antroposofi-pa-norsk\/","og_site_name":"Dreyers Forlag","article_modified_time":"2025-09-23T13:38:16+00:00","og_image":[{"width":1852,"height":1920,"url":"https:\/\/staging.forenteforlag.no\/dreyers\/wp-content\/uploads\/sites\/2\/2025\/08\/jpg-10120-scaled-1-scaled.jpg","type":"image\/jpeg"}],"twitter_card":"summary_large_image","twitter_misc":{"Ansl. lesetid":"1 minutt"},"schema":{"@context":"https:\/\/schema.org","@graph":[{"@type":"WebPage","@id":"https:\/\/staging.forenteforlag.no\/dreyers\/produkt\/antroposofi-pa-norsk\/","url":"https:\/\/staging.forenteforlag.no\/dreyers\/produkt\/antroposofi-pa-norsk\/","name":"Antroposofi p\u00e5 norsk - Dreyers Forlag","isPartOf":{"@id":"https:\/\/staging.forenteforlag.no\/dreyers\/#website"},"primaryImageOfPage":{"@id":"https:\/\/staging.forenteforlag.no\/dreyers\/produkt\/antroposofi-pa-norsk\/#primaryimage"},"image":{"@id":"https:\/\/staging.forenteforlag.no\/dreyers\/produkt\/antroposofi-pa-norsk\/#primaryimage"},"thumbnailUrl":"https:\/\/staging.forenteforlag.no\/dreyers\/wp-content\/uploads\/sites\/2\/2025\/08\/jpg-10120-scaled-1-scaled.jpg","datePublished":"2025-08-03T21:07:48+00:00","dateModified":"2025-09-23T13:38:16+00:00","breadcrumb":{"@id":"https:\/\/staging.forenteforlag.no\/dreyers\/produkt\/antroposofi-pa-norsk\/#breadcrumb"},"inLanguage":"nb-NO","potentialAction":[{"@type":"ReadAction","target":["https:\/\/staging.forenteforlag.no\/dreyers\/produkt\/antroposofi-pa-norsk\/"]}]},{"@type":"ImageObject","inLanguage":"nb-NO","@id":"https:\/\/staging.forenteforlag.no\/dreyers\/produkt\/antroposofi-pa-norsk\/#primaryimage","url":"https:\/\/staging.forenteforlag.no\/dreyers\/wp-content\/uploads\/sites\/2\/2025\/08\/jpg-10120-scaled-1-scaled.jpg","contentUrl":"https:\/\/staging.forenteforlag.no\/dreyers\/wp-content\/uploads\/sites\/2\/2025\/08\/jpg-10120-scaled-1-scaled.jpg","width":1852,"height":1920},{"@type":"BreadcrumbList","@id":"https:\/\/staging.forenteforlag.no\/dreyers\/produkt\/antroposofi-pa-norsk\/#breadcrumb","itemListElement":[{"@type":"ListItem","position":1,"name":"Hjem","item":"https:\/\/staging.forenteforlag.no\/dreyers\/"},{"@type":"ListItem","position":2,"name":"Alle b\u00f8ker","item":"https:\/\/staging.forenteforlag.no\/dreyers\/butikk\/"},{"@type":"ListItem","position":3,"name":"Antroposofi p\u00e5 norsk"}]},{"@type":"WebSite","@id":"https:\/\/staging.forenteforlag.no\/dreyers\/#website","url":"https:\/\/staging.forenteforlag.no\/dreyers\/","name":"Dreyers Forlag","description":"","potentialAction":[{"@type":"SearchAction","target":{"@type":"EntryPoint","urlTemplate":"https:\/\/staging.forenteforlag.no\/dreyers\/?s={search_term_string}"},"query-input":{"@type":"PropertyValueSpecification","valueRequired":true,"valueName":"search_term_string"}}],"inLanguage":"nb-NO"}]}},"_links":{"self":[{"href":"https:\/\/staging.forenteforlag.no\/dreyers\/wp-json\/wp\/v2\/product\/23956","targetHints":{"allow":["GET"]}}],"collection":[{"href":"https:\/\/staging.forenteforlag.no\/dreyers\/wp-json\/wp\/v2\/product"}],"about":[{"href":"https:\/\/staging.forenteforlag.no\/dreyers\/wp-json\/wp\/v2\/types\/product"}],"wp:featuredmedia":[{"embeddable":true,"href":"https:\/\/staging.forenteforlag.no\/dreyers\/wp-json\/wp\/v2\/media\/24515"}],"wp:attachment":[{"href":"https:\/\/staging.forenteforlag.no\/dreyers\/wp-json\/wp\/v2\/media?parent=23956"}],"wp:term":[{"taxonomy":"product_brand","embeddable":true,"href":"https:\/\/staging.forenteforlag.no\/dreyers\/wp-json\/wp\/v2\/product_brand?post=23956"},{"taxonomy":"product_cat","embeddable":true,"href":"https:\/\/staging.forenteforlag.no\/dreyers\/wp-json\/wp\/v2\/product_cat?post=23956"},{"taxonomy":"product_tag","embeddable":true,"href":"https:\/\/staging.forenteforlag.no\/dreyers\/wp-json\/wp\/v2\/product_tag?post=23956"}],"curies":[{"name":"wp","href":"https:\/\/api.w.org\/{rel}","templated":true}]}}