{"id":23948,"date":"2025-08-03T23:03:03","date_gmt":"2025-08-03T21:03:03","guid":{"rendered":"https:\/\/dreyersforlag.no\/produkt\/murgarden\/"},"modified":"2026-01-05T05:15:50","modified_gmt":"2026-01-05T04:15:50","slug":"murgarden","status":"publish","type":"product","link":"https:\/\/staging.forenteforlag.no\/dreyers\/produkt\/murgarden\/","title":{"rendered":"Murg\u00e5rden"},"content":{"rendered":"<p>Oslos murg\u00e5rder fra 1800-tallet har f\u00e5tt status som et kulturmilj\u00f8 av nasjonal verdi. De har v\u00e6rt bolig for hundretusener av osloborgere i over 150 \u00e5r, og arkitekturen er en h\u00f8yt elsket ramme for livet i byen.<\/p>\n<p>P\u00e5 1800-tallet var Kristiania en raskt voksende hovedstad og industriby. Murg\u00e5rdene representerte ikke bare et brudd med gamle boformer, men var ogs\u00e5 teknisk og h\u00e5ndverksmessig nye: Murbyen var et industribasert massebyggeri vi aldri hadde hatt f\u00f8r. Boka g\u00e5r gjennom hvordan g\u00e5rdene er bygget opp &#8211; teknisk, arkitektonisk og dekorativt, og hvorfor de ble slik. <\/p>\n<p>Her fortelles ogs\u00e5 historien om hvordan murbyen overlevde 1900-tallets forslumming og saneringsplaner, og endte opp som byens st\u00f8rste &#8211; og kanskje viktigste &#8211; kulturminne. <\/p>\n","protected":false},"excerpt":{"rendered":"<p>Oslos murg\u00e5rder fra 1800-tallet har f\u00e5tt status som et kulturmilj\u00f8 av nasjonal verdi. De har v\u00e6rt bolig for hundretusener av osloborgere i over 150 \u00e5r, og arkitekturen er en h\u00f8yt elsket ramme for livet i byen. P\u00e5 1800-tallet var Kristiania en raskt voksende hovedstad og industriby. Murg\u00e5rdene representerte ikke bare et brudd med gamle boformer, [&hellip;]<\/p>\n","protected":false},"featured_media":24506,"template":"","meta":{"_acf_changed":false,"inline_featured_image":false},"product_brand":[],"product_cat":[352,19,37],"product_tag":[362],"class_list":{"0":"post-23948","1":"product","2":"type-product","3":"status-publish","4":"has-post-thumbnail","6":"product_cat-arets-boker","7":"product_cat-arkitektur","8":"product_cat-oslo","9":"product_tag-faglitteratur","10":"pa_format-innbundet","12":"first","13":"instock","14":"purchasable","15":"product-type-simple"},"acf":{"anmeldelse":null},"yoast_head":"<!-- This site is optimized with the Yoast SEO plugin v26.6 - https:\/\/yoast.com\/wordpress\/plugins\/seo\/ -->\n<title>Murg\u00e5rden - Dreyers Forlag<\/title>\n<meta name=\"robots\" content=\"noindex, follow, max-snippet:-1, max-image-preview:large, max-video-preview:-1\" \/>\n<meta property=\"og:locale\" content=\"nb_NO\" \/>\n<meta property=\"og:type\" content=\"article\" \/>\n<meta property=\"og:title\" content=\"Murg\u00e5rden - Dreyers Forlag\" \/>\n<meta property=\"og:description\" content=\"Oslos murg\u00e5rder fra 1800-tallet har f\u00e5tt status som et kulturmilj\u00f8 av nasjonal verdi. De har v\u00e6rt bolig for hundretusener av osloborgere i over 150 \u00e5r, og arkitekturen er en h\u00f8yt elsket ramme for livet i byen. P\u00e5 1800-tallet var Kristiania en raskt voksende hovedstad og industriby. Murg\u00e5rdene representerte ikke bare et brudd med gamle boformer, [&hellip;]\" \/>\n<meta property=\"og:url\" content=\"https:\/\/staging.forenteforlag.no\/dreyers\/produkt\/murgarden\/\" \/>\n<meta property=\"og:site_name\" content=\"Dreyers Forlag\" \/>\n<meta property=\"article:modified_time\" content=\"2026-01-05T04:15:50+00:00\" \/>\n<meta property=\"og:image\" content=\"https:\/\/staging.forenteforlag.no\/dreyers\/wp-content\/uploads\/sites\/2\/2025\/08\/jpg-10055.jpg\" \/>\n\t<meta property=\"og:image:width\" content=\"960\" \/>\n\t<meta property=\"og:image:height\" content=\"1258\" \/>\n\t<meta property=\"og:image:type\" content=\"image\/jpeg\" \/>\n<meta name=\"twitter:card\" content=\"summary_large_image\" \/>\n<meta name=\"twitter:label1\" content=\"Ansl. lesetid\" \/>\n\t<meta name=\"twitter:data1\" content=\"1 minutt\" \/>\n<script type=\"application\/ld+json\" class=\"yoast-schema-graph\">{\"@context\":\"https:\/\/schema.org\",\"@graph\":[{\"@type\":\"WebPage\",\"@id\":\"https:\/\/staging.forenteforlag.no\/dreyers\/produkt\/murgarden\/\",\"url\":\"https:\/\/staging.forenteforlag.no\/dreyers\/produkt\/murgarden\/\",\"name\":\"Murg\u00e5rden - Dreyers Forlag\",\"isPartOf\":{\"@id\":\"https:\/\/staging.forenteforlag.no\/dreyers\/#website\"},\"primaryImageOfPage\":{\"@id\":\"https:\/\/staging.forenteforlag.no\/dreyers\/produkt\/murgarden\/#primaryimage\"},\"image\":{\"@id\":\"https:\/\/staging.forenteforlag.no\/dreyers\/produkt\/murgarden\/#primaryimage\"},\"thumbnailUrl\":\"https:\/\/staging.forenteforlag.no\/dreyers\/wp-content\/uploads\/sites\/2\/2025\/08\/jpg-10055.jpg\",\"datePublished\":\"2025-08-03T21:03:03+00:00\",\"dateModified\":\"2026-01-05T04:15:50+00:00\",\"breadcrumb\":{\"@id\":\"https:\/\/staging.forenteforlag.no\/dreyers\/produkt\/murgarden\/#breadcrumb\"},\"inLanguage\":\"nb-NO\",\"potentialAction\":[{\"@type\":\"ReadAction\",\"target\":[\"https:\/\/staging.forenteforlag.no\/dreyers\/produkt\/murgarden\/\"]}]},{\"@type\":\"ImageObject\",\"inLanguage\":\"nb-NO\",\"@id\":\"https:\/\/staging.forenteforlag.no\/dreyers\/produkt\/murgarden\/#primaryimage\",\"url\":\"https:\/\/staging.forenteforlag.no\/dreyers\/wp-content\/uploads\/sites\/2\/2025\/08\/jpg-10055.jpg\",\"contentUrl\":\"https:\/\/staging.forenteforlag.no\/dreyers\/wp-content\/uploads\/sites\/2\/2025\/08\/jpg-10055.jpg\",\"width\":960,\"height\":1258},{\"@type\":\"BreadcrumbList\",\"@id\":\"https:\/\/staging.forenteforlag.no\/dreyers\/produkt\/murgarden\/#breadcrumb\",\"itemListElement\":[{\"@type\":\"ListItem\",\"position\":1,\"name\":\"Hjem\",\"item\":\"https:\/\/staging.forenteforlag.no\/dreyers\/\"},{\"@type\":\"ListItem\",\"position\":2,\"name\":\"Alle b\u00f8ker\",\"item\":\"https:\/\/staging.forenteforlag.no\/dreyers\/butikk\/\"},{\"@type\":\"ListItem\",\"position\":3,\"name\":\"Murg\u00e5rden\"}]},{\"@type\":\"WebSite\",\"@id\":\"https:\/\/staging.forenteforlag.no\/dreyers\/#website\",\"url\":\"https:\/\/staging.forenteforlag.no\/dreyers\/\",\"name\":\"Dreyers Forlag\",\"description\":\"\",\"potentialAction\":[{\"@type\":\"SearchAction\",\"target\":{\"@type\":\"EntryPoint\",\"urlTemplate\":\"https:\/\/staging.forenteforlag.no\/dreyers\/?s={search_term_string}\"},\"query-input\":{\"@type\":\"PropertyValueSpecification\",\"valueRequired\":true,\"valueName\":\"search_term_string\"}}],\"inLanguage\":\"nb-NO\"}]}<\/script>\n<!-- \/ Yoast SEO plugin. -->","yoast_head_json":{"title":"Murg\u00e5rden - Dreyers Forlag","robots":{"index":"noindex","follow":"follow","max-snippet":"max-snippet:-1","max-image-preview":"max-image-preview:large","max-video-preview":"max-video-preview:-1"},"og_locale":"nb_NO","og_type":"article","og_title":"Murg\u00e5rden - Dreyers Forlag","og_description":"Oslos murg\u00e5rder fra 1800-tallet har f\u00e5tt status som et kulturmilj\u00f8 av nasjonal verdi. De har v\u00e6rt bolig for hundretusener av osloborgere i over 150 \u00e5r, og arkitekturen er en h\u00f8yt elsket ramme for livet i byen. P\u00e5 1800-tallet var Kristiania en raskt voksende hovedstad og industriby. Murg\u00e5rdene representerte ikke bare et brudd med gamle boformer, [&hellip;]","og_url":"https:\/\/staging.forenteforlag.no\/dreyers\/produkt\/murgarden\/","og_site_name":"Dreyers Forlag","article_modified_time":"2026-01-05T04:15:50+00:00","og_image":[{"width":960,"height":1258,"url":"https:\/\/staging.forenteforlag.no\/dreyers\/wp-content\/uploads\/sites\/2\/2025\/08\/jpg-10055.jpg","type":"image\/jpeg"}],"twitter_card":"summary_large_image","twitter_misc":{"Ansl. lesetid":"1 minutt"},"schema":{"@context":"https:\/\/schema.org","@graph":[{"@type":"WebPage","@id":"https:\/\/staging.forenteforlag.no\/dreyers\/produkt\/murgarden\/","url":"https:\/\/staging.forenteforlag.no\/dreyers\/produkt\/murgarden\/","name":"Murg\u00e5rden - Dreyers Forlag","isPartOf":{"@id":"https:\/\/staging.forenteforlag.no\/dreyers\/#website"},"primaryImageOfPage":{"@id":"https:\/\/staging.forenteforlag.no\/dreyers\/produkt\/murgarden\/#primaryimage"},"image":{"@id":"https:\/\/staging.forenteforlag.no\/dreyers\/produkt\/murgarden\/#primaryimage"},"thumbnailUrl":"https:\/\/staging.forenteforlag.no\/dreyers\/wp-content\/uploads\/sites\/2\/2025\/08\/jpg-10055.jpg","datePublished":"2025-08-03T21:03:03+00:00","dateModified":"2026-01-05T04:15:50+00:00","breadcrumb":{"@id":"https:\/\/staging.forenteforlag.no\/dreyers\/produkt\/murgarden\/#breadcrumb"},"inLanguage":"nb-NO","potentialAction":[{"@type":"ReadAction","target":["https:\/\/staging.forenteforlag.no\/dreyers\/produkt\/murgarden\/"]}]},{"@type":"ImageObject","inLanguage":"nb-NO","@id":"https:\/\/staging.forenteforlag.no\/dreyers\/produkt\/murgarden\/#primaryimage","url":"https:\/\/staging.forenteforlag.no\/dreyers\/wp-content\/uploads\/sites\/2\/2025\/08\/jpg-10055.jpg","contentUrl":"https:\/\/staging.forenteforlag.no\/dreyers\/wp-content\/uploads\/sites\/2\/2025\/08\/jpg-10055.jpg","width":960,"height":1258},{"@type":"BreadcrumbList","@id":"https:\/\/staging.forenteforlag.no\/dreyers\/produkt\/murgarden\/#breadcrumb","itemListElement":[{"@type":"ListItem","position":1,"name":"Hjem","item":"https:\/\/staging.forenteforlag.no\/dreyers\/"},{"@type":"ListItem","position":2,"name":"Alle b\u00f8ker","item":"https:\/\/staging.forenteforlag.no\/dreyers\/butikk\/"},{"@type":"ListItem","position":3,"name":"Murg\u00e5rden"}]},{"@type":"WebSite","@id":"https:\/\/staging.forenteforlag.no\/dreyers\/#website","url":"https:\/\/staging.forenteforlag.no\/dreyers\/","name":"Dreyers Forlag","description":"","potentialAction":[{"@type":"SearchAction","target":{"@type":"EntryPoint","urlTemplate":"https:\/\/staging.forenteforlag.no\/dreyers\/?s={search_term_string}"},"query-input":{"@type":"PropertyValueSpecification","valueRequired":true,"valueName":"search_term_string"}}],"inLanguage":"nb-NO"}]}},"_links":{"self":[{"href":"https:\/\/staging.forenteforlag.no\/dreyers\/wp-json\/wp\/v2\/product\/23948","targetHints":{"allow":["GET"]}}],"collection":[{"href":"https:\/\/staging.forenteforlag.no\/dreyers\/wp-json\/wp\/v2\/product"}],"about":[{"href":"https:\/\/staging.forenteforlag.no\/dreyers\/wp-json\/wp\/v2\/types\/product"}],"wp:featuredmedia":[{"embeddable":true,"href":"https:\/\/staging.forenteforlag.no\/dreyers\/wp-json\/wp\/v2\/media\/24506"}],"wp:attachment":[{"href":"https:\/\/staging.forenteforlag.no\/dreyers\/wp-json\/wp\/v2\/media?parent=23948"}],"wp:term":[{"taxonomy":"product_brand","embeddable":true,"href":"https:\/\/staging.forenteforlag.no\/dreyers\/wp-json\/wp\/v2\/product_brand?post=23948"},{"taxonomy":"product_cat","embeddable":true,"href":"https:\/\/staging.forenteforlag.no\/dreyers\/wp-json\/wp\/v2\/product_cat?post=23948"},{"taxonomy":"product_tag","embeddable":true,"href":"https:\/\/staging.forenteforlag.no\/dreyers\/wp-json\/wp\/v2\/product_tag?post=23948"}],"curies":[{"name":"wp","href":"https:\/\/api.w.org\/{rel}","templated":true}]}}