{"id":23936,"date":"2025-08-03T16:30:58","date_gmt":"2025-08-03T14:30:58","guid":{"rendered":"https:\/\/dreyersforlag.no\/produkt\/natur-pa-ville-veier\/"},"modified":"2025-12-15T14:39:13","modified_gmt":"2025-12-15T13:39:13","slug":"natur-pa-ville-veier","status":"publish","type":"product","link":"https:\/\/staging.forenteforlag.no\/dreyers\/produkt\/natur-pa-ville-veier\/","title":{"rendered":"Natur p\u00e5 ville veier?"},"content":{"rendered":"<p>Mange av dagens milj\u00f8problemer har oppst\u00e5tt fordi vi mennesker absolutt skal flytte p\u00e5 ting: Vi flytter jord og transporterer vann, importerer planter og aler opp dyr. Og vi flytter oss selv \u2013 stadig raskere og over st\u00f8rre avstander. Fremmede skadelige arter er arter som er blitt med p\u00e5 flyttelasset. De er flyttet av mennesker, men n\u00e5r de trives og sprer seg p\u00e5 nye steder, p\u00e5virker de b\u00e5de andre arter og det globale naturmangfoldet.<br \/>I dag regnes fremmede skadelige arter som \u00e9n av de fem viktigste \u00e5rsakene til tap av naturmangfold p\u00e5 jordkloden. Men \u00abfremmede skadelige arter\u00bb er ogs\u00e5 en menneskeskapt kategori, definert og avgrenset p\u00e5 en bestemt m\u00e5te.<br \/>Hvilken betydning har denne kategorien for hvordan vi forst\u00e5r arter som pukkellaks, sitkagran og havnespy? Er det greit \u00e5 ha syriner i hagen fordi de er vakre? Og er det moralsk riktig \u00e5 drepe stillehavs\u00f8sters p\u00e5 dugnad n\u00e5r vi ikke gj\u00f8r noe med \u00e5rsakene til at de kom hit? Hver fremmed art har sin egen historie: Hvorfor og hvordan havnet den i norsk natur? Hva er de etiske, forvaltningsmessige og politiske dilemmaene som har oppst\u00e5tt i kj\u00f8lvannet av den?<\/p>\n","protected":false},"excerpt":{"rendered":"<p>Mange av dagens milj\u00f8problemer har oppst\u00e5tt fordi vi mennesker absolutt skal flytte p\u00e5 ting: Vi flytter jord og transporterer vann, importerer planter og aler opp dyr. Og vi flytter oss selv \u2013 stadig raskere og over st\u00f8rre avstander. Fremmede skadelige arter er arter som er blitt med p\u00e5 flyttelasset. De er flyttet av mennesker, men [&hellip;]<\/p>\n","protected":false},"featured_media":24579,"template":"","meta":{"_acf_changed":false,"inline_featured_image":false},"product_brand":[],"product_cat":[352,1784,29,18],"product_tag":[362],"class_list":{"0":"post-23936","1":"product","2":"type-product","3":"status-publish","4":"has-post-thumbnail","6":"product_cat-arets-boker","7":"product_cat-fastpris","8":"product_cat-natur-friluftsliv-og-sport","9":"product_cat-sakprosa","10":"product_tag-faglitteratur","11":"pa_format-innbundet","13":"first","14":"instock","15":"purchasable","16":"product-type-simple"},"acf":{"anmeldelse":null},"yoast_head":"<!-- This site is optimized with the Yoast SEO plugin v26.6 - https:\/\/yoast.com\/wordpress\/plugins\/seo\/ -->\n<title>Natur p\u00e5 ville veier? - Dreyers Forlag<\/title>\n<meta name=\"robots\" content=\"noindex, follow, max-snippet:-1, max-image-preview:large, max-video-preview:-1\" \/>\n<meta property=\"og:locale\" content=\"nb_NO\" \/>\n<meta property=\"og:type\" content=\"article\" \/>\n<meta property=\"og:title\" content=\"Natur p\u00e5 ville veier? - Dreyers Forlag\" \/>\n<meta property=\"og:description\" content=\"Mange av dagens milj\u00f8problemer har oppst\u00e5tt fordi vi mennesker absolutt skal flytte p\u00e5 ting: Vi flytter jord og transporterer vann, importerer planter og aler opp dyr. Og vi flytter oss selv \u2013 stadig raskere og over st\u00f8rre avstander. Fremmede skadelige arter er arter som er blitt med p\u00e5 flyttelasset. De er flyttet av mennesker, men [&hellip;]\" \/>\n<meta property=\"og:url\" content=\"https:\/\/staging.forenteforlag.no\/dreyers\/produkt\/natur-pa-ville-veier\/\" \/>\n<meta property=\"og:site_name\" content=\"Dreyers Forlag\" \/>\n<meta property=\"article:modified_time\" content=\"2025-12-15T13:39:13+00:00\" \/>\n<meta property=\"og:image\" content=\"https:\/\/staging.forenteforlag.no\/dreyers\/wp-content\/uploads\/sites\/2\/2025\/08\/9788282657693-scaled-1-scaled.jpeg\" \/>\n\t<meta property=\"og:image:width\" content=\"1343\" \/>\n\t<meta property=\"og:image:height\" content=\"1920\" \/>\n\t<meta property=\"og:image:type\" content=\"image\/jpeg\" \/>\n<meta name=\"twitter:card\" content=\"summary_large_image\" \/>\n<meta name=\"twitter:label1\" content=\"Ansl. lesetid\" \/>\n\t<meta name=\"twitter:data1\" content=\"2 minutter\" \/>\n<script type=\"application\/ld+json\" class=\"yoast-schema-graph\">{\"@context\":\"https:\/\/schema.org\",\"@graph\":[{\"@type\":\"WebPage\",\"@id\":\"https:\/\/staging.forenteforlag.no\/dreyers\/produkt\/natur-pa-ville-veier\/\",\"url\":\"https:\/\/staging.forenteforlag.no\/dreyers\/produkt\/natur-pa-ville-veier\/\",\"name\":\"Natur p\u00e5 ville veier? - Dreyers Forlag\",\"isPartOf\":{\"@id\":\"https:\/\/staging.forenteforlag.no\/dreyers\/#website\"},\"primaryImageOfPage\":{\"@id\":\"https:\/\/staging.forenteforlag.no\/dreyers\/produkt\/natur-pa-ville-veier\/#primaryimage\"},\"image\":{\"@id\":\"https:\/\/staging.forenteforlag.no\/dreyers\/produkt\/natur-pa-ville-veier\/#primaryimage\"},\"thumbnailUrl\":\"https:\/\/staging.forenteforlag.no\/dreyers\/wp-content\/uploads\/sites\/2\/2025\/08\/9788282657693-scaled-1-scaled.jpeg\",\"datePublished\":\"2025-08-03T14:30:58+00:00\",\"dateModified\":\"2025-12-15T13:39:13+00:00\",\"breadcrumb\":{\"@id\":\"https:\/\/staging.forenteforlag.no\/dreyers\/produkt\/natur-pa-ville-veier\/#breadcrumb\"},\"inLanguage\":\"nb-NO\",\"potentialAction\":[{\"@type\":\"ReadAction\",\"target\":[\"https:\/\/staging.forenteforlag.no\/dreyers\/produkt\/natur-pa-ville-veier\/\"]}]},{\"@type\":\"ImageObject\",\"inLanguage\":\"nb-NO\",\"@id\":\"https:\/\/staging.forenteforlag.no\/dreyers\/produkt\/natur-pa-ville-veier\/#primaryimage\",\"url\":\"https:\/\/staging.forenteforlag.no\/dreyers\/wp-content\/uploads\/sites\/2\/2025\/08\/9788282657693-scaled-1-scaled.jpeg\",\"contentUrl\":\"https:\/\/staging.forenteforlag.no\/dreyers\/wp-content\/uploads\/sites\/2\/2025\/08\/9788282657693-scaled-1-scaled.jpeg\",\"width\":1343,\"height\":1920},{\"@type\":\"BreadcrumbList\",\"@id\":\"https:\/\/staging.forenteforlag.no\/dreyers\/produkt\/natur-pa-ville-veier\/#breadcrumb\",\"itemListElement\":[{\"@type\":\"ListItem\",\"position\":1,\"name\":\"Hjem\",\"item\":\"https:\/\/staging.forenteforlag.no\/dreyers\/\"},{\"@type\":\"ListItem\",\"position\":2,\"name\":\"Alle b\u00f8ker\",\"item\":\"https:\/\/staging.forenteforlag.no\/dreyers\/butikk\/\"},{\"@type\":\"ListItem\",\"position\":3,\"name\":\"Natur p\u00e5 ville veier?\"}]},{\"@type\":\"WebSite\",\"@id\":\"https:\/\/staging.forenteforlag.no\/dreyers\/#website\",\"url\":\"https:\/\/staging.forenteforlag.no\/dreyers\/\",\"name\":\"Dreyers Forlag\",\"description\":\"\",\"potentialAction\":[{\"@type\":\"SearchAction\",\"target\":{\"@type\":\"EntryPoint\",\"urlTemplate\":\"https:\/\/staging.forenteforlag.no\/dreyers\/?s={search_term_string}\"},\"query-input\":{\"@type\":\"PropertyValueSpecification\",\"valueRequired\":true,\"valueName\":\"search_term_string\"}}],\"inLanguage\":\"nb-NO\"}]}<\/script>\n<!-- \/ Yoast SEO plugin. -->","yoast_head_json":{"title":"Natur p\u00e5 ville veier? - Dreyers Forlag","robots":{"index":"noindex","follow":"follow","max-snippet":"max-snippet:-1","max-image-preview":"max-image-preview:large","max-video-preview":"max-video-preview:-1"},"og_locale":"nb_NO","og_type":"article","og_title":"Natur p\u00e5 ville veier? - Dreyers Forlag","og_description":"Mange av dagens milj\u00f8problemer har oppst\u00e5tt fordi vi mennesker absolutt skal flytte p\u00e5 ting: Vi flytter jord og transporterer vann, importerer planter og aler opp dyr. Og vi flytter oss selv \u2013 stadig raskere og over st\u00f8rre avstander. Fremmede skadelige arter er arter som er blitt med p\u00e5 flyttelasset. De er flyttet av mennesker, men [&hellip;]","og_url":"https:\/\/staging.forenteforlag.no\/dreyers\/produkt\/natur-pa-ville-veier\/","og_site_name":"Dreyers Forlag","article_modified_time":"2025-12-15T13:39:13+00:00","og_image":[{"width":1343,"height":1920,"url":"https:\/\/staging.forenteforlag.no\/dreyers\/wp-content\/uploads\/sites\/2\/2025\/08\/9788282657693-scaled-1-scaled.jpeg","type":"image\/jpeg"}],"twitter_card":"summary_large_image","twitter_misc":{"Ansl. lesetid":"2 minutter"},"schema":{"@context":"https:\/\/schema.org","@graph":[{"@type":"WebPage","@id":"https:\/\/staging.forenteforlag.no\/dreyers\/produkt\/natur-pa-ville-veier\/","url":"https:\/\/staging.forenteforlag.no\/dreyers\/produkt\/natur-pa-ville-veier\/","name":"Natur p\u00e5 ville veier? - Dreyers Forlag","isPartOf":{"@id":"https:\/\/staging.forenteforlag.no\/dreyers\/#website"},"primaryImageOfPage":{"@id":"https:\/\/staging.forenteforlag.no\/dreyers\/produkt\/natur-pa-ville-veier\/#primaryimage"},"image":{"@id":"https:\/\/staging.forenteforlag.no\/dreyers\/produkt\/natur-pa-ville-veier\/#primaryimage"},"thumbnailUrl":"https:\/\/staging.forenteforlag.no\/dreyers\/wp-content\/uploads\/sites\/2\/2025\/08\/9788282657693-scaled-1-scaled.jpeg","datePublished":"2025-08-03T14:30:58+00:00","dateModified":"2025-12-15T13:39:13+00:00","breadcrumb":{"@id":"https:\/\/staging.forenteforlag.no\/dreyers\/produkt\/natur-pa-ville-veier\/#breadcrumb"},"inLanguage":"nb-NO","potentialAction":[{"@type":"ReadAction","target":["https:\/\/staging.forenteforlag.no\/dreyers\/produkt\/natur-pa-ville-veier\/"]}]},{"@type":"ImageObject","inLanguage":"nb-NO","@id":"https:\/\/staging.forenteforlag.no\/dreyers\/produkt\/natur-pa-ville-veier\/#primaryimage","url":"https:\/\/staging.forenteforlag.no\/dreyers\/wp-content\/uploads\/sites\/2\/2025\/08\/9788282657693-scaled-1-scaled.jpeg","contentUrl":"https:\/\/staging.forenteforlag.no\/dreyers\/wp-content\/uploads\/sites\/2\/2025\/08\/9788282657693-scaled-1-scaled.jpeg","width":1343,"height":1920},{"@type":"BreadcrumbList","@id":"https:\/\/staging.forenteforlag.no\/dreyers\/produkt\/natur-pa-ville-veier\/#breadcrumb","itemListElement":[{"@type":"ListItem","position":1,"name":"Hjem","item":"https:\/\/staging.forenteforlag.no\/dreyers\/"},{"@type":"ListItem","position":2,"name":"Alle b\u00f8ker","item":"https:\/\/staging.forenteforlag.no\/dreyers\/butikk\/"},{"@type":"ListItem","position":3,"name":"Natur p\u00e5 ville veier?"}]},{"@type":"WebSite","@id":"https:\/\/staging.forenteforlag.no\/dreyers\/#website","url":"https:\/\/staging.forenteforlag.no\/dreyers\/","name":"Dreyers Forlag","description":"","potentialAction":[{"@type":"SearchAction","target":{"@type":"EntryPoint","urlTemplate":"https:\/\/staging.forenteforlag.no\/dreyers\/?s={search_term_string}"},"query-input":{"@type":"PropertyValueSpecification","valueRequired":true,"valueName":"search_term_string"}}],"inLanguage":"nb-NO"}]}},"_links":{"self":[{"href":"https:\/\/staging.forenteforlag.no\/dreyers\/wp-json\/wp\/v2\/product\/23936","targetHints":{"allow":["GET"]}}],"collection":[{"href":"https:\/\/staging.forenteforlag.no\/dreyers\/wp-json\/wp\/v2\/product"}],"about":[{"href":"https:\/\/staging.forenteforlag.no\/dreyers\/wp-json\/wp\/v2\/types\/product"}],"wp:featuredmedia":[{"embeddable":true,"href":"https:\/\/staging.forenteforlag.no\/dreyers\/wp-json\/wp\/v2\/media\/24579"}],"wp:attachment":[{"href":"https:\/\/staging.forenteforlag.no\/dreyers\/wp-json\/wp\/v2\/media?parent=23936"}],"wp:term":[{"taxonomy":"product_brand","embeddable":true,"href":"https:\/\/staging.forenteforlag.no\/dreyers\/wp-json\/wp\/v2\/product_brand?post=23936"},{"taxonomy":"product_cat","embeddable":true,"href":"https:\/\/staging.forenteforlag.no\/dreyers\/wp-json\/wp\/v2\/product_cat?post=23936"},{"taxonomy":"product_tag","embeddable":true,"href":"https:\/\/staging.forenteforlag.no\/dreyers\/wp-json\/wp\/v2\/product_tag?post=23936"}],"curies":[{"name":"wp","href":"https:\/\/api.w.org\/{rel}","templated":true}]}}