{"id":23108,"date":"2025-03-28T13:18:58","date_gmt":"2025-03-28T12:18:58","guid":{"rendered":"https:\/\/dreyersforlag.no\/produkt\/holmenkollstafetten-100-ar\/"},"modified":"2025-08-27T09:25:48","modified_gmt":"2025-08-27T07:25:48","slug":"holmenkollstafetten-100-ar","status":"publish","type":"product","link":"https:\/\/staging.forenteforlag.no\/dreyers\/produkt\/holmenkollstafetten-100-ar\/","title":{"rendered":"Holmenkollstafetten 100 \u00e5r"},"content":{"rendered":"<p>Den f\u00f8rste Holmenkollstafetten fant sted s\u00e5 tidlig som i 1923, og ble raskt et av norsk idretts viktigste arrangementer. Boka forteller stafettens over hundre \u00e5r lange historie b\u00e5de som idretts- og allmennhistorie.<\/p>\n<p>Stafetten beskrives i lys av perspektiver som likestilling, joggeb\u00f8lgen, geografiske avstander, reisetid, kommunikasjonsforhold og idrettsklubbenes \u00f8konomiske begrensninger. Politiske og sosio\u00f8konomiske skillelinjer i mellomkrigstidens Norge p\u00e5virket stafetten. Man utdyper ogs\u00e5 de til dels bakstreverske holdninger som til tider gikk parallelt med nybrottsarbeidet rundt stafetten. Boka bidrar med historier rundt s\u00e5 vel vodkasalg som OL-vinneres deltakelse i verdens st\u00f8rste og eldste stafett.<\/p>\n<p>Boka er rikt illustrert med bilder og kart, og statistikk.<\/p>\n<p><\/p>\n","protected":false},"excerpt":{"rendered":"<p>Den f\u00f8rste Holmenkollstafetten fant sted s\u00e5 tidlig som i 1923, og ble raskt et av norsk idretts viktigste arrangementer. Boka forteller stafettens over hundre \u00e5r lange historie b\u00e5de som idretts- og allmennhistorie. Stafetten beskrives i lys av perspektiver som likestilling, joggeb\u00f8lgen, geografiske avstander, reisetid, kommunikasjonsforhold og idrettsklubbenes \u00f8konomiske begrensninger. Politiske og sosio\u00f8konomiske skillelinjer i mellomkrigstidens [&hellip;]<\/p>\n","protected":false},"featured_media":24181,"template":"","meta":{"_acf_changed":false,"inline_featured_image":false},"product_brand":[],"product_cat":[352,23,29],"product_tag":[441,431,607,362,437,1355,1786,377],"class_list":{"0":"post-23108","1":"product","2":"type-product","3":"status-publish","4":"has-post-thumbnail","6":"product_cat-arets-boker","7":"product_cat-historie","8":"product_cat-natur-friluftsliv-og-sport","9":"product_tag-1900-tallet","10":"product_tag-2000-2049","11":"product_tag-bedriftshistorie","12":"product_tag-faglitteratur","13":"product_tag-jubileumsboker","14":"product_tag-loping","15":"product_tag-lopsovelser","16":"product_tag-oslo","17":"pa_format-innbundet","19":"first","20":"instock","21":"shipping-taxable","22":"purchasable","23":"product-type-simple"},"acf":{"anmeldelse":null},"yoast_head":"<!-- This site is optimized with the Yoast SEO plugin v26.6 - https:\/\/yoast.com\/wordpress\/plugins\/seo\/ -->\n<title>Holmenkollstafetten 100 \u00e5r - Dreyers Forlag<\/title>\n<meta name=\"robots\" content=\"noindex, follow, max-snippet:-1, max-image-preview:large, max-video-preview:-1\" \/>\n<meta property=\"og:locale\" content=\"nb_NO\" \/>\n<meta property=\"og:type\" content=\"article\" \/>\n<meta property=\"og:title\" content=\"Holmenkollstafetten 100 \u00e5r - Dreyers Forlag\" \/>\n<meta property=\"og:description\" content=\"Den f\u00f8rste Holmenkollstafetten fant sted s\u00e5 tidlig som i 1923, og ble raskt et av norsk idretts viktigste arrangementer. Boka forteller stafettens over hundre \u00e5r lange historie b\u00e5de som idretts- og allmennhistorie. Stafetten beskrives i lys av perspektiver som likestilling, joggeb\u00f8lgen, geografiske avstander, reisetid, kommunikasjonsforhold og idrettsklubbenes \u00f8konomiske begrensninger. Politiske og sosio\u00f8konomiske skillelinjer i mellomkrigstidens [&hellip;]\" \/>\n<meta property=\"og:url\" content=\"https:\/\/staging.forenteforlag.no\/dreyers\/produkt\/holmenkollstafetten-100-ar\/\" \/>\n<meta property=\"og:site_name\" content=\"Dreyers Forlag\" \/>\n<meta property=\"article:modified_time\" content=\"2025-08-27T07:25:48+00:00\" \/>\n<meta property=\"og:image\" content=\"https:\/\/staging.forenteforlag.no\/dreyers\/wp-content\/uploads\/sites\/2\/2025\/08\/jpg-7032-scaled-1-scaled.jpg\" \/>\n\t<meta property=\"og:image:width\" content=\"1268\" \/>\n\t<meta property=\"og:image:height\" content=\"1920\" \/>\n\t<meta property=\"og:image:type\" content=\"image\/jpeg\" \/>\n<meta name=\"twitter:card\" content=\"summary_large_image\" \/>\n<meta name=\"twitter:label1\" content=\"Ansl. lesetid\" \/>\n\t<meta name=\"twitter:data1\" content=\"1 minutt\" \/>\n<script type=\"application\/ld+json\" class=\"yoast-schema-graph\">{\"@context\":\"https:\/\/schema.org\",\"@graph\":[{\"@type\":\"WebPage\",\"@id\":\"https:\/\/staging.forenteforlag.no\/dreyers\/produkt\/holmenkollstafetten-100-ar\/\",\"url\":\"https:\/\/staging.forenteforlag.no\/dreyers\/produkt\/holmenkollstafetten-100-ar\/\",\"name\":\"Holmenkollstafetten 100 \u00e5r - Dreyers Forlag\",\"isPartOf\":{\"@id\":\"https:\/\/staging.forenteforlag.no\/dreyers\/#website\"},\"primaryImageOfPage\":{\"@id\":\"https:\/\/staging.forenteforlag.no\/dreyers\/produkt\/holmenkollstafetten-100-ar\/#primaryimage\"},\"image\":{\"@id\":\"https:\/\/staging.forenteforlag.no\/dreyers\/produkt\/holmenkollstafetten-100-ar\/#primaryimage\"},\"thumbnailUrl\":\"https:\/\/staging.forenteforlag.no\/dreyers\/wp-content\/uploads\/sites\/2\/2025\/08\/jpg-7032-scaled-1-scaled.jpg\",\"datePublished\":\"2025-03-28T12:18:58+00:00\",\"dateModified\":\"2025-08-27T07:25:48+00:00\",\"breadcrumb\":{\"@id\":\"https:\/\/staging.forenteforlag.no\/dreyers\/produkt\/holmenkollstafetten-100-ar\/#breadcrumb\"},\"inLanguage\":\"nb-NO\",\"potentialAction\":[{\"@type\":\"ReadAction\",\"target\":[\"https:\/\/staging.forenteforlag.no\/dreyers\/produkt\/holmenkollstafetten-100-ar\/\"]}]},{\"@type\":\"ImageObject\",\"inLanguage\":\"nb-NO\",\"@id\":\"https:\/\/staging.forenteforlag.no\/dreyers\/produkt\/holmenkollstafetten-100-ar\/#primaryimage\",\"url\":\"https:\/\/staging.forenteforlag.no\/dreyers\/wp-content\/uploads\/sites\/2\/2025\/08\/jpg-7032-scaled-1-scaled.jpg\",\"contentUrl\":\"https:\/\/staging.forenteforlag.no\/dreyers\/wp-content\/uploads\/sites\/2\/2025\/08\/jpg-7032-scaled-1-scaled.jpg\",\"width\":1268,\"height\":1920},{\"@type\":\"BreadcrumbList\",\"@id\":\"https:\/\/staging.forenteforlag.no\/dreyers\/produkt\/holmenkollstafetten-100-ar\/#breadcrumb\",\"itemListElement\":[{\"@type\":\"ListItem\",\"position\":1,\"name\":\"Hjem\",\"item\":\"https:\/\/staging.forenteforlag.no\/dreyers\/\"},{\"@type\":\"ListItem\",\"position\":2,\"name\":\"Alle b\u00f8ker\",\"item\":\"https:\/\/staging.forenteforlag.no\/dreyers\/butikk\/\"},{\"@type\":\"ListItem\",\"position\":3,\"name\":\"Holmenkollstafetten 100 \u00e5r\"}]},{\"@type\":\"WebSite\",\"@id\":\"https:\/\/staging.forenteforlag.no\/dreyers\/#website\",\"url\":\"https:\/\/staging.forenteforlag.no\/dreyers\/\",\"name\":\"Dreyers Forlag\",\"description\":\"\",\"potentialAction\":[{\"@type\":\"SearchAction\",\"target\":{\"@type\":\"EntryPoint\",\"urlTemplate\":\"https:\/\/staging.forenteforlag.no\/dreyers\/?s={search_term_string}\"},\"query-input\":{\"@type\":\"PropertyValueSpecification\",\"valueRequired\":true,\"valueName\":\"search_term_string\"}}],\"inLanguage\":\"nb-NO\"}]}<\/script>\n<!-- \/ Yoast SEO plugin. -->","yoast_head_json":{"title":"Holmenkollstafetten 100 \u00e5r - Dreyers Forlag","robots":{"index":"noindex","follow":"follow","max-snippet":"max-snippet:-1","max-image-preview":"max-image-preview:large","max-video-preview":"max-video-preview:-1"},"og_locale":"nb_NO","og_type":"article","og_title":"Holmenkollstafetten 100 \u00e5r - Dreyers Forlag","og_description":"Den f\u00f8rste Holmenkollstafetten fant sted s\u00e5 tidlig som i 1923, og ble raskt et av norsk idretts viktigste arrangementer. Boka forteller stafettens over hundre \u00e5r lange historie b\u00e5de som idretts- og allmennhistorie. Stafetten beskrives i lys av perspektiver som likestilling, joggeb\u00f8lgen, geografiske avstander, reisetid, kommunikasjonsforhold og idrettsklubbenes \u00f8konomiske begrensninger. Politiske og sosio\u00f8konomiske skillelinjer i mellomkrigstidens [&hellip;]","og_url":"https:\/\/staging.forenteforlag.no\/dreyers\/produkt\/holmenkollstafetten-100-ar\/","og_site_name":"Dreyers Forlag","article_modified_time":"2025-08-27T07:25:48+00:00","og_image":[{"width":1268,"height":1920,"url":"https:\/\/staging.forenteforlag.no\/dreyers\/wp-content\/uploads\/sites\/2\/2025\/08\/jpg-7032-scaled-1-scaled.jpg","type":"image\/jpeg"}],"twitter_card":"summary_large_image","twitter_misc":{"Ansl. lesetid":"1 minutt"},"schema":{"@context":"https:\/\/schema.org","@graph":[{"@type":"WebPage","@id":"https:\/\/staging.forenteforlag.no\/dreyers\/produkt\/holmenkollstafetten-100-ar\/","url":"https:\/\/staging.forenteforlag.no\/dreyers\/produkt\/holmenkollstafetten-100-ar\/","name":"Holmenkollstafetten 100 \u00e5r - Dreyers Forlag","isPartOf":{"@id":"https:\/\/staging.forenteforlag.no\/dreyers\/#website"},"primaryImageOfPage":{"@id":"https:\/\/staging.forenteforlag.no\/dreyers\/produkt\/holmenkollstafetten-100-ar\/#primaryimage"},"image":{"@id":"https:\/\/staging.forenteforlag.no\/dreyers\/produkt\/holmenkollstafetten-100-ar\/#primaryimage"},"thumbnailUrl":"https:\/\/staging.forenteforlag.no\/dreyers\/wp-content\/uploads\/sites\/2\/2025\/08\/jpg-7032-scaled-1-scaled.jpg","datePublished":"2025-03-28T12:18:58+00:00","dateModified":"2025-08-27T07:25:48+00:00","breadcrumb":{"@id":"https:\/\/staging.forenteforlag.no\/dreyers\/produkt\/holmenkollstafetten-100-ar\/#breadcrumb"},"inLanguage":"nb-NO","potentialAction":[{"@type":"ReadAction","target":["https:\/\/staging.forenteforlag.no\/dreyers\/produkt\/holmenkollstafetten-100-ar\/"]}]},{"@type":"ImageObject","inLanguage":"nb-NO","@id":"https:\/\/staging.forenteforlag.no\/dreyers\/produkt\/holmenkollstafetten-100-ar\/#primaryimage","url":"https:\/\/staging.forenteforlag.no\/dreyers\/wp-content\/uploads\/sites\/2\/2025\/08\/jpg-7032-scaled-1-scaled.jpg","contentUrl":"https:\/\/staging.forenteforlag.no\/dreyers\/wp-content\/uploads\/sites\/2\/2025\/08\/jpg-7032-scaled-1-scaled.jpg","width":1268,"height":1920},{"@type":"BreadcrumbList","@id":"https:\/\/staging.forenteforlag.no\/dreyers\/produkt\/holmenkollstafetten-100-ar\/#breadcrumb","itemListElement":[{"@type":"ListItem","position":1,"name":"Hjem","item":"https:\/\/staging.forenteforlag.no\/dreyers\/"},{"@type":"ListItem","position":2,"name":"Alle b\u00f8ker","item":"https:\/\/staging.forenteforlag.no\/dreyers\/butikk\/"},{"@type":"ListItem","position":3,"name":"Holmenkollstafetten 100 \u00e5r"}]},{"@type":"WebSite","@id":"https:\/\/staging.forenteforlag.no\/dreyers\/#website","url":"https:\/\/staging.forenteforlag.no\/dreyers\/","name":"Dreyers Forlag","description":"","potentialAction":[{"@type":"SearchAction","target":{"@type":"EntryPoint","urlTemplate":"https:\/\/staging.forenteforlag.no\/dreyers\/?s={search_term_string}"},"query-input":{"@type":"PropertyValueSpecification","valueRequired":true,"valueName":"search_term_string"}}],"inLanguage":"nb-NO"}]}},"_links":{"self":[{"href":"https:\/\/staging.forenteforlag.no\/dreyers\/wp-json\/wp\/v2\/product\/23108","targetHints":{"allow":["GET"]}}],"collection":[{"href":"https:\/\/staging.forenteforlag.no\/dreyers\/wp-json\/wp\/v2\/product"}],"about":[{"href":"https:\/\/staging.forenteforlag.no\/dreyers\/wp-json\/wp\/v2\/types\/product"}],"wp:featuredmedia":[{"embeddable":true,"href":"https:\/\/staging.forenteforlag.no\/dreyers\/wp-json\/wp\/v2\/media\/24181"}],"wp:attachment":[{"href":"https:\/\/staging.forenteforlag.no\/dreyers\/wp-json\/wp\/v2\/media?parent=23108"}],"wp:term":[{"taxonomy":"product_brand","embeddable":true,"href":"https:\/\/staging.forenteforlag.no\/dreyers\/wp-json\/wp\/v2\/product_brand?post=23108"},{"taxonomy":"product_cat","embeddable":true,"href":"https:\/\/staging.forenteforlag.no\/dreyers\/wp-json\/wp\/v2\/product_cat?post=23108"},{"taxonomy":"product_tag","embeddable":true,"href":"https:\/\/staging.forenteforlag.no\/dreyers\/wp-json\/wp\/v2\/product_tag?post=23108"}],"curies":[{"name":"wp","href":"https:\/\/api.w.org\/{rel}","templated":true}]}}