{"id":23068,"date":"2024-10-30T02:11:03","date_gmt":"2024-10-30T01:11:03","guid":{"rendered":"https:\/\/dreyersforlag.no\/produkt\/oslo-4\/"},"modified":"2025-11-06T09:32:38","modified_gmt":"2025-11-06T08:32:38","slug":"oslo-4","status":"publish","type":"product","link":"https:\/\/staging.forenteforlag.no\/dreyers\/produkt\/oslo-4\/","title":{"rendered":"Oslo"},"content":{"rendered":"<p>Finn Holdens niende bok om Oslo er en reise gjennom byens historie helt tilbake til da istidene tok slutt og det oppsto et lite strandsted innerst i Viken.<\/p>\n<p>Holden gir spennende glimt av Oslos tidligste historie, gjennom middelalderen, om den store pesten svartedauden, om nedgangstider, men ogs\u00e5 om en driftig dansk-norsk konge; Christian 4., som grunnlegger renessansebyen Christiania i 1624: \u00abHer skal byen ligge!\u00bb Vi reiser med forfatteren gjennom dansketiden fram til 1814, hvor den lille byen blir hovedstad. Vi f\u00f8lger oppbyggingen av en by som trengte \u00abalt\u00bb av bygninger for \u00e5 huse statens funksjoner. Vi m\u00f8ter den svensk-norske kongen Karl Johan, som ogs\u00e5 tar raske beslutninger om byens viktigste bygg: \u00abP\u00e5 Bellevue-h\u00f8yden skal Slottet ligge!\u00bb<\/p>\n<p>Vi f\u00e5r v\u00e6re med i den rivende utviklingen av byen p\u00e5 1800-tallet &#8211; industrialisering langs Akerselva, befolkningseksplosjon i siste halvpart av \u00e5rhundret, n\u00f8d, trangboddhet og fattigdom, men ogs\u00e5 forsiktig demokratisering, kvinnerettigheter, helseforbedring og framtidsoptimisme, som kulminerer med jubel\u00e5ret 1905 og den \u00abnye arbeidsdagen\u00bb. Men velstanden \u00f8ker ujevnt, og Oslo blir en mer delt by.<\/p>\n<p>Til slutt trekker forfatteren opp et panorama over de nye h\u00f8yhusene i Oslo sentrum; den rike hypermoderne byen. P\u00e5 slutten av 1800-tallet ble Christiania h\u00e5nlig sammenlignet med Berlin med sine endel\u00f8se husrekker, og kanskje ligner Oslo fremdeles Berlin, med sin nye skyline. Holden viser oss at Oslo er mer enn sentrum, og vakre, varierte og levende bydeler trer fram!<\/p>\n<p>\u00d8ystein Sandsdalens str\u00e5lende bilder b\u00e5de av str\u00f8k vi kjenner, og av steder vi knapt visste eksisterte, gir deg lyst til \u00e5 oppdage Oslo &#8211; i alt sitt mangfold!<\/p>\n<p><\/p>\n","protected":false},"excerpt":{"rendered":"<p>Finn Holdens niende bok om Oslo er en reise gjennom byens historie helt tilbake til da istidene tok slutt og det oppsto et lite strandsted innerst i Viken. Holden gir spennende glimt av Oslos tidligste historie, gjennom middelalderen, om den store pesten svartedauden, om nedgangstider, men ogs\u00e5 om en driftig dansk-norsk konge; Christian 4., som [&hellip;]<\/p>\n","protected":false},"featured_media":24021,"template":"","meta":{"_acf_changed":false,"inline_featured_image":false},"product_brand":[],"product_cat":[1784,23,37],"product_tag":[362],"class_list":{"0":"post-23068","1":"product","2":"type-product","3":"status-publish","4":"has-post-thumbnail","6":"product_cat-fastpris","7":"product_cat-historie","8":"product_cat-oslo","9":"product_tag-faglitteratur","10":"pa_format-innbundet","12":"first","13":"instock","14":"shipping-taxable","15":"purchasable","16":"product-type-simple"},"acf":{"anmeldelse":null},"yoast_head":"<!-- This site is optimized with the Yoast SEO plugin v26.6 - https:\/\/yoast.com\/wordpress\/plugins\/seo\/ -->\n<title>Oslo - Dreyers Forlag<\/title>\n<meta name=\"robots\" content=\"noindex, follow, max-snippet:-1, max-image-preview:large, max-video-preview:-1\" \/>\n<meta property=\"og:locale\" content=\"nb_NO\" \/>\n<meta property=\"og:type\" content=\"article\" \/>\n<meta property=\"og:title\" content=\"Oslo - Dreyers Forlag\" \/>\n<meta property=\"og:description\" content=\"Finn Holdens niende bok om Oslo er en reise gjennom byens historie helt tilbake til da istidene tok slutt og det oppsto et lite strandsted innerst i Viken. Holden gir spennende glimt av Oslos tidligste historie, gjennom middelalderen, om den store pesten svartedauden, om nedgangstider, men ogs\u00e5 om en driftig dansk-norsk konge; Christian 4., som [&hellip;]\" \/>\n<meta property=\"og:url\" content=\"https:\/\/staging.forenteforlag.no\/dreyers\/produkt\/oslo-4\/\" \/>\n<meta property=\"og:site_name\" content=\"Dreyers Forlag\" \/>\n<meta property=\"article:modified_time\" content=\"2025-11-06T08:32:38+00:00\" \/>\n<meta property=\"og:image\" content=\"https:\/\/staging.forenteforlag.no\/dreyers\/wp-content\/uploads\/sites\/2\/2025\/08\/jpg-5508-scaled-1-scaled.jpg\" \/>\n\t<meta property=\"og:image:width\" content=\"1529\" \/>\n\t<meta property=\"og:image:height\" content=\"1920\" \/>\n\t<meta property=\"og:image:type\" content=\"image\/jpeg\" \/>\n<meta name=\"twitter:card\" content=\"summary_large_image\" \/>\n<meta name=\"twitter:label1\" content=\"Ansl. lesetid\" \/>\n\t<meta name=\"twitter:data1\" content=\"2 minutter\" \/>\n<script type=\"application\/ld+json\" class=\"yoast-schema-graph\">{\"@context\":\"https:\/\/schema.org\",\"@graph\":[{\"@type\":\"WebPage\",\"@id\":\"https:\/\/staging.forenteforlag.no\/dreyers\/produkt\/oslo-4\/\",\"url\":\"https:\/\/staging.forenteforlag.no\/dreyers\/produkt\/oslo-4\/\",\"name\":\"Oslo - Dreyers Forlag\",\"isPartOf\":{\"@id\":\"https:\/\/staging.forenteforlag.no\/dreyers\/#website\"},\"primaryImageOfPage\":{\"@id\":\"https:\/\/staging.forenteforlag.no\/dreyers\/produkt\/oslo-4\/#primaryimage\"},\"image\":{\"@id\":\"https:\/\/staging.forenteforlag.no\/dreyers\/produkt\/oslo-4\/#primaryimage\"},\"thumbnailUrl\":\"https:\/\/staging.forenteforlag.no\/dreyers\/wp-content\/uploads\/sites\/2\/2025\/08\/jpg-5508-scaled-1-scaled.jpg\",\"datePublished\":\"2024-10-30T01:11:03+00:00\",\"dateModified\":\"2025-11-06T08:32:38+00:00\",\"breadcrumb\":{\"@id\":\"https:\/\/staging.forenteforlag.no\/dreyers\/produkt\/oslo-4\/#breadcrumb\"},\"inLanguage\":\"nb-NO\",\"potentialAction\":[{\"@type\":\"ReadAction\",\"target\":[\"https:\/\/staging.forenteforlag.no\/dreyers\/produkt\/oslo-4\/\"]}]},{\"@type\":\"ImageObject\",\"inLanguage\":\"nb-NO\",\"@id\":\"https:\/\/staging.forenteforlag.no\/dreyers\/produkt\/oslo-4\/#primaryimage\",\"url\":\"https:\/\/staging.forenteforlag.no\/dreyers\/wp-content\/uploads\/sites\/2\/2025\/08\/jpg-5508-scaled-1-scaled.jpg\",\"contentUrl\":\"https:\/\/staging.forenteforlag.no\/dreyers\/wp-content\/uploads\/sites\/2\/2025\/08\/jpg-5508-scaled-1-scaled.jpg\",\"width\":1529,\"height\":1920},{\"@type\":\"BreadcrumbList\",\"@id\":\"https:\/\/staging.forenteforlag.no\/dreyers\/produkt\/oslo-4\/#breadcrumb\",\"itemListElement\":[{\"@type\":\"ListItem\",\"position\":1,\"name\":\"Hjem\",\"item\":\"https:\/\/staging.forenteforlag.no\/dreyers\/\"},{\"@type\":\"ListItem\",\"position\":2,\"name\":\"Alle b\u00f8ker\",\"item\":\"https:\/\/staging.forenteforlag.no\/dreyers\/butikk\/\"},{\"@type\":\"ListItem\",\"position\":3,\"name\":\"Oslo\"}]},{\"@type\":\"WebSite\",\"@id\":\"https:\/\/staging.forenteforlag.no\/dreyers\/#website\",\"url\":\"https:\/\/staging.forenteforlag.no\/dreyers\/\",\"name\":\"Dreyers Forlag\",\"description\":\"\",\"potentialAction\":[{\"@type\":\"SearchAction\",\"target\":{\"@type\":\"EntryPoint\",\"urlTemplate\":\"https:\/\/staging.forenteforlag.no\/dreyers\/?s={search_term_string}\"},\"query-input\":{\"@type\":\"PropertyValueSpecification\",\"valueRequired\":true,\"valueName\":\"search_term_string\"}}],\"inLanguage\":\"nb-NO\"}]}<\/script>\n<!-- \/ Yoast SEO plugin. -->","yoast_head_json":{"title":"Oslo - Dreyers Forlag","robots":{"index":"noindex","follow":"follow","max-snippet":"max-snippet:-1","max-image-preview":"max-image-preview:large","max-video-preview":"max-video-preview:-1"},"og_locale":"nb_NO","og_type":"article","og_title":"Oslo - Dreyers Forlag","og_description":"Finn Holdens niende bok om Oslo er en reise gjennom byens historie helt tilbake til da istidene tok slutt og det oppsto et lite strandsted innerst i Viken. Holden gir spennende glimt av Oslos tidligste historie, gjennom middelalderen, om den store pesten svartedauden, om nedgangstider, men ogs\u00e5 om en driftig dansk-norsk konge; Christian 4., som [&hellip;]","og_url":"https:\/\/staging.forenteforlag.no\/dreyers\/produkt\/oslo-4\/","og_site_name":"Dreyers Forlag","article_modified_time":"2025-11-06T08:32:38+00:00","og_image":[{"width":1529,"height":1920,"url":"https:\/\/staging.forenteforlag.no\/dreyers\/wp-content\/uploads\/sites\/2\/2025\/08\/jpg-5508-scaled-1-scaled.jpg","type":"image\/jpeg"}],"twitter_card":"summary_large_image","twitter_misc":{"Ansl. lesetid":"2 minutter"},"schema":{"@context":"https:\/\/schema.org","@graph":[{"@type":"WebPage","@id":"https:\/\/staging.forenteforlag.no\/dreyers\/produkt\/oslo-4\/","url":"https:\/\/staging.forenteforlag.no\/dreyers\/produkt\/oslo-4\/","name":"Oslo - Dreyers Forlag","isPartOf":{"@id":"https:\/\/staging.forenteforlag.no\/dreyers\/#website"},"primaryImageOfPage":{"@id":"https:\/\/staging.forenteforlag.no\/dreyers\/produkt\/oslo-4\/#primaryimage"},"image":{"@id":"https:\/\/staging.forenteforlag.no\/dreyers\/produkt\/oslo-4\/#primaryimage"},"thumbnailUrl":"https:\/\/staging.forenteforlag.no\/dreyers\/wp-content\/uploads\/sites\/2\/2025\/08\/jpg-5508-scaled-1-scaled.jpg","datePublished":"2024-10-30T01:11:03+00:00","dateModified":"2025-11-06T08:32:38+00:00","breadcrumb":{"@id":"https:\/\/staging.forenteforlag.no\/dreyers\/produkt\/oslo-4\/#breadcrumb"},"inLanguage":"nb-NO","potentialAction":[{"@type":"ReadAction","target":["https:\/\/staging.forenteforlag.no\/dreyers\/produkt\/oslo-4\/"]}]},{"@type":"ImageObject","inLanguage":"nb-NO","@id":"https:\/\/staging.forenteforlag.no\/dreyers\/produkt\/oslo-4\/#primaryimage","url":"https:\/\/staging.forenteforlag.no\/dreyers\/wp-content\/uploads\/sites\/2\/2025\/08\/jpg-5508-scaled-1-scaled.jpg","contentUrl":"https:\/\/staging.forenteforlag.no\/dreyers\/wp-content\/uploads\/sites\/2\/2025\/08\/jpg-5508-scaled-1-scaled.jpg","width":1529,"height":1920},{"@type":"BreadcrumbList","@id":"https:\/\/staging.forenteforlag.no\/dreyers\/produkt\/oslo-4\/#breadcrumb","itemListElement":[{"@type":"ListItem","position":1,"name":"Hjem","item":"https:\/\/staging.forenteforlag.no\/dreyers\/"},{"@type":"ListItem","position":2,"name":"Alle b\u00f8ker","item":"https:\/\/staging.forenteforlag.no\/dreyers\/butikk\/"},{"@type":"ListItem","position":3,"name":"Oslo"}]},{"@type":"WebSite","@id":"https:\/\/staging.forenteforlag.no\/dreyers\/#website","url":"https:\/\/staging.forenteforlag.no\/dreyers\/","name":"Dreyers Forlag","description":"","potentialAction":[{"@type":"SearchAction","target":{"@type":"EntryPoint","urlTemplate":"https:\/\/staging.forenteforlag.no\/dreyers\/?s={search_term_string}"},"query-input":{"@type":"PropertyValueSpecification","valueRequired":true,"valueName":"search_term_string"}}],"inLanguage":"nb-NO"}]}},"_links":{"self":[{"href":"https:\/\/staging.forenteforlag.no\/dreyers\/wp-json\/wp\/v2\/product\/23068","targetHints":{"allow":["GET"]}}],"collection":[{"href":"https:\/\/staging.forenteforlag.no\/dreyers\/wp-json\/wp\/v2\/product"}],"about":[{"href":"https:\/\/staging.forenteforlag.no\/dreyers\/wp-json\/wp\/v2\/types\/product"}],"wp:featuredmedia":[{"embeddable":true,"href":"https:\/\/staging.forenteforlag.no\/dreyers\/wp-json\/wp\/v2\/media\/24021"}],"wp:attachment":[{"href":"https:\/\/staging.forenteforlag.no\/dreyers\/wp-json\/wp\/v2\/media?parent=23068"}],"wp:term":[{"taxonomy":"product_brand","embeddable":true,"href":"https:\/\/staging.forenteforlag.no\/dreyers\/wp-json\/wp\/v2\/product_brand?post=23068"},{"taxonomy":"product_cat","embeddable":true,"href":"https:\/\/staging.forenteforlag.no\/dreyers\/wp-json\/wp\/v2\/product_cat?post=23068"},{"taxonomy":"product_tag","embeddable":true,"href":"https:\/\/staging.forenteforlag.no\/dreyers\/wp-json\/wp\/v2\/product_tag?post=23068"}],"curies":[{"name":"wp","href":"https:\/\/api.w.org\/{rel}","templated":true}]}}