{"id":23049,"date":"2025-03-13T15:37:10","date_gmt":"2025-03-13T14:37:10","guid":{"rendered":"https:\/\/dreyersforlag.no\/produkt\/i-oslos-oyrike\/"},"modified":"2025-04-15T09:12:30","modified_gmt":"2025-04-15T07:12:30","slug":"i-oslos-oyrike","status":"publish","type":"product","link":"https:\/\/staging.forenteforlag.no\/dreyers\/produkt\/i-oslos-oyrike\/","title":{"rendered":"I Oslos \u00f8yrike"},"content":{"rendered":"<p>\u00d8yene like utenfor Oslos sentrum er en oppdagelse verdt! Mange turister og innflyttere til byen har blitt positivt overrasket over \u00e5 finne en \u00abs\u00f8rlandsidyll\u00bb s\u00e5 n\u00e6r storbyen, med tilgang til badeplasser og gressplener for piknik og lek. Med Ruters sommerb\u00e5ter kan hvem som helst oppleve \u00f8yhopping \u2013 uten \u00e5 forlate byen.<\/p>\n<p>Men i tillegg har Oslos \u00f8yer en rik byhistorie fra tiden f\u00f8r ble vanlig \u00e5 ha bil. For i alle \u00e5rhundrene f\u00f8r bilbruk ble vanlig, hadde folk b\u00e5t, og \u00f8yene ble da brukt til \u00e5 dekke byens behov. I tidligere tider har \u00f8yene blant annet huset et kloster, lasarett, milit\u00e6re anlegg, industri og til og med en flyplass!<\/p>\n<p>I denne boka tar Leif Gjerland oss med p\u00e5 historiske \u00f8yvandringer p\u00e5 \u00abbade\u00f8yene\u00bb Hoved\u00f8ya, Gressholmen og Lang\u00f8yene, og \u00abhytte\u00f8yene\u00bb Lind\u00f8ya, Bleik\u00f8ya og Nakkholmen.<\/p>\n","protected":false},"excerpt":{"rendered":"<p>\u00d8yene like utenfor Oslos sentrum er en oppdagelse verdt! Mange turister og innflyttere til byen har blitt positivt overrasket over \u00e5 finne en \u00abs\u00f8rlandsidyll\u00bb s\u00e5 n\u00e6r storbyen, med tilgang til badeplasser og gressplener for piknik og lek. Med Ruters sommerb\u00e5ter kan hvem som helst oppleve \u00f8yhopping \u2013 uten \u00e5 forlate byen. Men i tillegg har [&hellip;]<\/p>\n","protected":false},"featured_media":23048,"template":"","meta":{"_acf_changed":false,"inline_featured_image":false},"product_brand":[],"product_cat":[352,37],"product_tag":[362],"class_list":{"0":"post-23049","1":"product","2":"type-product","3":"status-publish","4":"has-post-thumbnail","6":"product_cat-arets-boker","7":"product_cat-oslo","8":"product_tag-faglitteratur","9":"pa_format-mykperm","11":"first","12":"instock","13":"shipping-taxable","14":"purchasable","15":"product-type-simple"},"acf":{"anmeldelse":null},"yoast_head":"<!-- This site is optimized with the Yoast SEO plugin v26.6 - https:\/\/yoast.com\/wordpress\/plugins\/seo\/ -->\n<title>I Oslos \u00f8yrike - Dreyers Forlag<\/title>\n<meta name=\"robots\" content=\"noindex, follow, max-snippet:-1, max-image-preview:large, max-video-preview:-1\" \/>\n<meta property=\"og:locale\" content=\"nb_NO\" \/>\n<meta property=\"og:type\" content=\"article\" \/>\n<meta property=\"og:title\" content=\"I Oslos \u00f8yrike - Dreyers Forlag\" \/>\n<meta property=\"og:description\" content=\"\u00d8yene like utenfor Oslos sentrum er en oppdagelse verdt! Mange turister og innflyttere til byen har blitt positivt overrasket over \u00e5 finne en \u00abs\u00f8rlandsidyll\u00bb s\u00e5 n\u00e6r storbyen, med tilgang til badeplasser og gressplener for piknik og lek. Med Ruters sommerb\u00e5ter kan hvem som helst oppleve \u00f8yhopping \u2013 uten \u00e5 forlate byen. Men i tillegg har [&hellip;]\" \/>\n<meta property=\"og:url\" content=\"https:\/\/staging.forenteforlag.no\/dreyers\/produkt\/i-oslos-oyrike\/\" \/>\n<meta property=\"og:site_name\" content=\"Dreyers Forlag\" \/>\n<meta property=\"article:modified_time\" content=\"2025-04-15T07:12:30+00:00\" \/>\n<meta property=\"og:image\" content=\"https:\/\/staging.forenteforlag.no\/dreyers\/wp-content\/uploads\/sites\/2\/2025\/03\/I-Oslos-oyrike_forside.png\" \/>\n\t<meta property=\"og:image:width\" content=\"1560\" \/>\n\t<meta property=\"og:image:height\" content=\"2492\" \/>\n\t<meta property=\"og:image:type\" content=\"image\/png\" \/>\n<meta name=\"twitter:card\" content=\"summary_large_image\" \/>\n<meta name=\"twitter:label1\" content=\"Ansl. lesetid\" \/>\n\t<meta name=\"twitter:data1\" content=\"1 minutt\" \/>\n<script type=\"application\/ld+json\" class=\"yoast-schema-graph\">{\"@context\":\"https:\/\/schema.org\",\"@graph\":[{\"@type\":\"WebPage\",\"@id\":\"https:\/\/staging.forenteforlag.no\/dreyers\/produkt\/i-oslos-oyrike\/\",\"url\":\"https:\/\/staging.forenteforlag.no\/dreyers\/produkt\/i-oslos-oyrike\/\",\"name\":\"I Oslos \u00f8yrike - Dreyers Forlag\",\"isPartOf\":{\"@id\":\"https:\/\/staging.forenteforlag.no\/dreyers\/#website\"},\"primaryImageOfPage\":{\"@id\":\"https:\/\/staging.forenteforlag.no\/dreyers\/produkt\/i-oslos-oyrike\/#primaryimage\"},\"image\":{\"@id\":\"https:\/\/staging.forenteforlag.no\/dreyers\/produkt\/i-oslos-oyrike\/#primaryimage\"},\"thumbnailUrl\":\"https:\/\/staging.forenteforlag.no\/dreyers\/wp-content\/uploads\/sites\/2\/2025\/03\/I-Oslos-oyrike_forside.png\",\"datePublished\":\"2025-03-13T14:37:10+00:00\",\"dateModified\":\"2025-04-15T07:12:30+00:00\",\"breadcrumb\":{\"@id\":\"https:\/\/staging.forenteforlag.no\/dreyers\/produkt\/i-oslos-oyrike\/#breadcrumb\"},\"inLanguage\":\"nb-NO\",\"potentialAction\":[{\"@type\":\"ReadAction\",\"target\":[\"https:\/\/staging.forenteforlag.no\/dreyers\/produkt\/i-oslos-oyrike\/\"]}]},{\"@type\":\"ImageObject\",\"inLanguage\":\"nb-NO\",\"@id\":\"https:\/\/staging.forenteforlag.no\/dreyers\/produkt\/i-oslos-oyrike\/#primaryimage\",\"url\":\"https:\/\/staging.forenteforlag.no\/dreyers\/wp-content\/uploads\/sites\/2\/2025\/03\/I-Oslos-oyrike_forside.png\",\"contentUrl\":\"https:\/\/staging.forenteforlag.no\/dreyers\/wp-content\/uploads\/sites\/2\/2025\/03\/I-Oslos-oyrike_forside.png\",\"width\":1560,\"height\":2492},{\"@type\":\"BreadcrumbList\",\"@id\":\"https:\/\/staging.forenteforlag.no\/dreyers\/produkt\/i-oslos-oyrike\/#breadcrumb\",\"itemListElement\":[{\"@type\":\"ListItem\",\"position\":1,\"name\":\"Hjem\",\"item\":\"https:\/\/staging.forenteforlag.no\/dreyers\/\"},{\"@type\":\"ListItem\",\"position\":2,\"name\":\"Alle b\u00f8ker\",\"item\":\"https:\/\/staging.forenteforlag.no\/dreyers\/butikk\/\"},{\"@type\":\"ListItem\",\"position\":3,\"name\":\"I Oslos \u00f8yrike\"}]},{\"@type\":\"WebSite\",\"@id\":\"https:\/\/staging.forenteforlag.no\/dreyers\/#website\",\"url\":\"https:\/\/staging.forenteforlag.no\/dreyers\/\",\"name\":\"Dreyers Forlag\",\"description\":\"\",\"potentialAction\":[{\"@type\":\"SearchAction\",\"target\":{\"@type\":\"EntryPoint\",\"urlTemplate\":\"https:\/\/staging.forenteforlag.no\/dreyers\/?s={search_term_string}\"},\"query-input\":{\"@type\":\"PropertyValueSpecification\",\"valueRequired\":true,\"valueName\":\"search_term_string\"}}],\"inLanguage\":\"nb-NO\"}]}<\/script>\n<!-- \/ Yoast SEO plugin. -->","yoast_head_json":{"title":"I Oslos \u00f8yrike - Dreyers Forlag","robots":{"index":"noindex","follow":"follow","max-snippet":"max-snippet:-1","max-image-preview":"max-image-preview:large","max-video-preview":"max-video-preview:-1"},"og_locale":"nb_NO","og_type":"article","og_title":"I Oslos \u00f8yrike - Dreyers Forlag","og_description":"\u00d8yene like utenfor Oslos sentrum er en oppdagelse verdt! Mange turister og innflyttere til byen har blitt positivt overrasket over \u00e5 finne en \u00abs\u00f8rlandsidyll\u00bb s\u00e5 n\u00e6r storbyen, med tilgang til badeplasser og gressplener for piknik og lek. Med Ruters sommerb\u00e5ter kan hvem som helst oppleve \u00f8yhopping \u2013 uten \u00e5 forlate byen. Men i tillegg har [&hellip;]","og_url":"https:\/\/staging.forenteforlag.no\/dreyers\/produkt\/i-oslos-oyrike\/","og_site_name":"Dreyers Forlag","article_modified_time":"2025-04-15T07:12:30+00:00","og_image":[{"width":1560,"height":2492,"url":"https:\/\/staging.forenteforlag.no\/dreyers\/wp-content\/uploads\/sites\/2\/2025\/03\/I-Oslos-oyrike_forside.png","type":"image\/png"}],"twitter_card":"summary_large_image","twitter_misc":{"Ansl. lesetid":"1 minutt"},"schema":{"@context":"https:\/\/schema.org","@graph":[{"@type":"WebPage","@id":"https:\/\/staging.forenteforlag.no\/dreyers\/produkt\/i-oslos-oyrike\/","url":"https:\/\/staging.forenteforlag.no\/dreyers\/produkt\/i-oslos-oyrike\/","name":"I Oslos \u00f8yrike - Dreyers Forlag","isPartOf":{"@id":"https:\/\/staging.forenteforlag.no\/dreyers\/#website"},"primaryImageOfPage":{"@id":"https:\/\/staging.forenteforlag.no\/dreyers\/produkt\/i-oslos-oyrike\/#primaryimage"},"image":{"@id":"https:\/\/staging.forenteforlag.no\/dreyers\/produkt\/i-oslos-oyrike\/#primaryimage"},"thumbnailUrl":"https:\/\/staging.forenteforlag.no\/dreyers\/wp-content\/uploads\/sites\/2\/2025\/03\/I-Oslos-oyrike_forside.png","datePublished":"2025-03-13T14:37:10+00:00","dateModified":"2025-04-15T07:12:30+00:00","breadcrumb":{"@id":"https:\/\/staging.forenteforlag.no\/dreyers\/produkt\/i-oslos-oyrike\/#breadcrumb"},"inLanguage":"nb-NO","potentialAction":[{"@type":"ReadAction","target":["https:\/\/staging.forenteforlag.no\/dreyers\/produkt\/i-oslos-oyrike\/"]}]},{"@type":"ImageObject","inLanguage":"nb-NO","@id":"https:\/\/staging.forenteforlag.no\/dreyers\/produkt\/i-oslos-oyrike\/#primaryimage","url":"https:\/\/staging.forenteforlag.no\/dreyers\/wp-content\/uploads\/sites\/2\/2025\/03\/I-Oslos-oyrike_forside.png","contentUrl":"https:\/\/staging.forenteforlag.no\/dreyers\/wp-content\/uploads\/sites\/2\/2025\/03\/I-Oslos-oyrike_forside.png","width":1560,"height":2492},{"@type":"BreadcrumbList","@id":"https:\/\/staging.forenteforlag.no\/dreyers\/produkt\/i-oslos-oyrike\/#breadcrumb","itemListElement":[{"@type":"ListItem","position":1,"name":"Hjem","item":"https:\/\/staging.forenteforlag.no\/dreyers\/"},{"@type":"ListItem","position":2,"name":"Alle b\u00f8ker","item":"https:\/\/staging.forenteforlag.no\/dreyers\/butikk\/"},{"@type":"ListItem","position":3,"name":"I Oslos \u00f8yrike"}]},{"@type":"WebSite","@id":"https:\/\/staging.forenteforlag.no\/dreyers\/#website","url":"https:\/\/staging.forenteforlag.no\/dreyers\/","name":"Dreyers Forlag","description":"","potentialAction":[{"@type":"SearchAction","target":{"@type":"EntryPoint","urlTemplate":"https:\/\/staging.forenteforlag.no\/dreyers\/?s={search_term_string}"},"query-input":{"@type":"PropertyValueSpecification","valueRequired":true,"valueName":"search_term_string"}}],"inLanguage":"nb-NO"}]}},"_links":{"self":[{"href":"https:\/\/staging.forenteforlag.no\/dreyers\/wp-json\/wp\/v2\/product\/23049","targetHints":{"allow":["GET"]}}],"collection":[{"href":"https:\/\/staging.forenteforlag.no\/dreyers\/wp-json\/wp\/v2\/product"}],"about":[{"href":"https:\/\/staging.forenteforlag.no\/dreyers\/wp-json\/wp\/v2\/types\/product"}],"wp:featuredmedia":[{"embeddable":true,"href":"https:\/\/staging.forenteforlag.no\/dreyers\/wp-json\/wp\/v2\/media\/23048"}],"wp:attachment":[{"href":"https:\/\/staging.forenteforlag.no\/dreyers\/wp-json\/wp\/v2\/media?parent=23049"}],"wp:term":[{"taxonomy":"product_brand","embeddable":true,"href":"https:\/\/staging.forenteforlag.no\/dreyers\/wp-json\/wp\/v2\/product_brand?post=23049"},{"taxonomy":"product_cat","embeddable":true,"href":"https:\/\/staging.forenteforlag.no\/dreyers\/wp-json\/wp\/v2\/product_cat?post=23049"},{"taxonomy":"product_tag","embeddable":true,"href":"https:\/\/staging.forenteforlag.no\/dreyers\/wp-json\/wp\/v2\/product_tag?post=23049"}],"curies":[{"name":"wp","href":"https:\/\/api.w.org\/{rel}","templated":true}]}}