{"id":22502,"date":"2025-03-13T15:37:08","date_gmt":"2025-03-13T14:37:08","guid":{"rendered":"https:\/\/dreyersforlag.no\/produkt\/bysantinerne\/"},"modified":"2025-11-06T09:21:17","modified_gmt":"2025-11-06T08:21:17","slug":"bysantinerne","status":"publish","type":"product","link":"https:\/\/staging.forenteforlag.no\/dreyers\/produkt\/bysantinerne\/","title":{"rendered":"Bysantinerne"},"content":{"rendered":"<p>Helt siden grunnleggelsen av Konstantinopel i \u00e5r 330 til det siste slaget mot osmanerne i 1453, var Bysants et sentrum for makt, kultur, religion og handel. I denne boken tar Christine Amadou deg med p\u00e5 en reise gjennom imperiets mangfoldige historie, med vekt p\u00e5 menneskene som befolket riket, arkitektoniske mesterverk og den rike arven som lever videre i dag.<\/p>\n<p>Bysants var en bro mellom antikken, middelalderen og renessansen. Fra \u00e5 v\u00e6re den dominerende makten vest for Kina endte det som en mikroskopisk bystat, men hele tiden med de samme konstante grunnelementene: Konstantinopel som verdens sentrum, keiseren som opph\u00f8yd hersker og kristendommen som samlende kraft.<\/p>\n<p>Gjennom historier om keisere, oppr\u00f8r, religi\u00f8se stridigheter og dagligliv gir boken et unikt innblikk i en sivilisasjon som ofte har blitt oversett, men som spilte en avgj\u00f8rende rolle i \u00e5 forme det moderne Europa.<\/p>\n","protected":false},"excerpt":{"rendered":"<p>Helt siden grunnleggelsen av Konstantinopel i \u00e5r 330 til det siste slaget mot osmanerne i 1453, var Bysants et sentrum for makt, kultur, religion og handel. I denne boken tar Christine Amadou deg med p\u00e5 en reise gjennom imperiets mangfoldige historie, med vekt p\u00e5 menneskene som befolket riket, arkitektoniske mesterverk og den rike arven som [&hellip;]<\/p>\n","protected":false},"featured_media":24511,"template":"","meta":{"_acf_changed":false,"inline_featured_image":false},"product_brand":[],"product_cat":[352,23],"product_tag":[362],"class_list":{"0":"post-22502","1":"product","2":"type-product","3":"status-publish","4":"has-post-thumbnail","6":"product_cat-arets-boker","7":"product_cat-historie","8":"product_tag-faglitteratur","9":"pa_format-innbundet","11":"first","12":"instock","13":"shipping-taxable","14":"purchasable","15":"product-type-simple"},"acf":{"anmeldelse":[{"tekst_anmeldelser":"\u00ab\u2026 hun [tar] oss ikke bare med p\u00e5 en reise gjennom det bysantinske, eller \u00f8stromerske rikets, historie. Hun gir ogs\u00e5 fascinerende innblikk i de fordomsfulle forestillingene som Vest-Europa har projisert \u00f8stover.\u00bb","av_anmeldelser":"Kenneth Moe","terningkast":false,"kilde":"V\u00e5rt Land"},{"tekst_anmeldelser":"\u00abEndelig har vi f\u00e5tt en engasjerende og bredspektret beretning om det bysantiske riket.\u00bb","av_anmeldelser":"Siri Lindstad","terningkast":false,"kilde":"Forskerforum"},{"tekst_anmeldelser":"\u00abAmadou skildrer livlig og detaljert den lange historien til det som ble det bysantinske riket. [\u2026] Id\u00e9historikeren mestrer den vanskelige oppgaven \u00e5 forenkle en komplisert, n\u00e6rmest labyrintisk historie\u00bb","av_anmeldelser":"Tom Egil Hverven","terningkast":false,"kilde":"Klassekampen"}]},"yoast_head":"<!-- This site is optimized with the Yoast SEO plugin v26.6 - https:\/\/yoast.com\/wordpress\/plugins\/seo\/ -->\n<title>Bysantinerne - Dreyers Forlag<\/title>\n<meta name=\"robots\" content=\"noindex, follow, max-snippet:-1, max-image-preview:large, max-video-preview:-1\" \/>\n<meta property=\"og:locale\" content=\"nb_NO\" \/>\n<meta property=\"og:type\" content=\"article\" \/>\n<meta property=\"og:title\" content=\"Bysantinerne - Dreyers Forlag\" \/>\n<meta property=\"og:description\" content=\"Helt siden grunnleggelsen av Konstantinopel i \u00e5r 330 til det siste slaget mot osmanerne i 1453, var Bysants et sentrum for makt, kultur, religion og handel. I denne boken tar Christine Amadou deg med p\u00e5 en reise gjennom imperiets mangfoldige historie, med vekt p\u00e5 menneskene som befolket riket, arkitektoniske mesterverk og den rike arven som [&hellip;]\" \/>\n<meta property=\"og:url\" content=\"https:\/\/staging.forenteforlag.no\/dreyers\/produkt\/bysantinerne\/\" \/>\n<meta property=\"og:site_name\" content=\"Dreyers Forlag\" \/>\n<meta property=\"article:modified_time\" content=\"2025-11-06T08:21:17+00:00\" \/>\n<meta property=\"og:image\" content=\"https:\/\/staging.forenteforlag.no\/dreyers\/wp-content\/uploads\/sites\/2\/2025\/08\/jpg-10101-scaled-1-scaled.jpg\" \/>\n\t<meta property=\"og:image:width\" content=\"1306\" \/>\n\t<meta property=\"og:image:height\" content=\"1920\" \/>\n\t<meta property=\"og:image:type\" content=\"image\/jpeg\" \/>\n<meta name=\"twitter:card\" content=\"summary_large_image\" \/>\n<meta name=\"twitter:label1\" content=\"Ansl. lesetid\" \/>\n\t<meta name=\"twitter:data1\" content=\"1 minutt\" \/>\n<script type=\"application\/ld+json\" class=\"yoast-schema-graph\">{\"@context\":\"https:\/\/schema.org\",\"@graph\":[{\"@type\":\"WebPage\",\"@id\":\"https:\/\/staging.forenteforlag.no\/dreyers\/produkt\/bysantinerne\/\",\"url\":\"https:\/\/staging.forenteforlag.no\/dreyers\/produkt\/bysantinerne\/\",\"name\":\"Bysantinerne - Dreyers Forlag\",\"isPartOf\":{\"@id\":\"https:\/\/staging.forenteforlag.no\/dreyers\/#website\"},\"primaryImageOfPage\":{\"@id\":\"https:\/\/staging.forenteforlag.no\/dreyers\/produkt\/bysantinerne\/#primaryimage\"},\"image\":{\"@id\":\"https:\/\/staging.forenteforlag.no\/dreyers\/produkt\/bysantinerne\/#primaryimage\"},\"thumbnailUrl\":\"https:\/\/staging.forenteforlag.no\/dreyers\/wp-content\/uploads\/sites\/2\/2025\/08\/jpg-10101-scaled-1-scaled.jpg\",\"datePublished\":\"2025-03-13T14:37:08+00:00\",\"dateModified\":\"2025-11-06T08:21:17+00:00\",\"breadcrumb\":{\"@id\":\"https:\/\/staging.forenteforlag.no\/dreyers\/produkt\/bysantinerne\/#breadcrumb\"},\"inLanguage\":\"nb-NO\",\"potentialAction\":[{\"@type\":\"ReadAction\",\"target\":[\"https:\/\/staging.forenteforlag.no\/dreyers\/produkt\/bysantinerne\/\"]}]},{\"@type\":\"ImageObject\",\"inLanguage\":\"nb-NO\",\"@id\":\"https:\/\/staging.forenteforlag.no\/dreyers\/produkt\/bysantinerne\/#primaryimage\",\"url\":\"https:\/\/staging.forenteforlag.no\/dreyers\/wp-content\/uploads\/sites\/2\/2025\/08\/jpg-10101-scaled-1-scaled.jpg\",\"contentUrl\":\"https:\/\/staging.forenteforlag.no\/dreyers\/wp-content\/uploads\/sites\/2\/2025\/08\/jpg-10101-scaled-1-scaled.jpg\",\"width\":1306,\"height\":1920},{\"@type\":\"BreadcrumbList\",\"@id\":\"https:\/\/staging.forenteforlag.no\/dreyers\/produkt\/bysantinerne\/#breadcrumb\",\"itemListElement\":[{\"@type\":\"ListItem\",\"position\":1,\"name\":\"Hjem\",\"item\":\"https:\/\/staging.forenteforlag.no\/dreyers\/\"},{\"@type\":\"ListItem\",\"position\":2,\"name\":\"Alle b\u00f8ker\",\"item\":\"https:\/\/staging.forenteforlag.no\/dreyers\/butikk\/\"},{\"@type\":\"ListItem\",\"position\":3,\"name\":\"Bysantinerne\"}]},{\"@type\":\"WebSite\",\"@id\":\"https:\/\/staging.forenteforlag.no\/dreyers\/#website\",\"url\":\"https:\/\/staging.forenteforlag.no\/dreyers\/\",\"name\":\"Dreyers Forlag\",\"description\":\"\",\"potentialAction\":[{\"@type\":\"SearchAction\",\"target\":{\"@type\":\"EntryPoint\",\"urlTemplate\":\"https:\/\/staging.forenteforlag.no\/dreyers\/?s={search_term_string}\"},\"query-input\":{\"@type\":\"PropertyValueSpecification\",\"valueRequired\":true,\"valueName\":\"search_term_string\"}}],\"inLanguage\":\"nb-NO\"}]}<\/script>\n<!-- \/ Yoast SEO plugin. -->","yoast_head_json":{"title":"Bysantinerne - Dreyers Forlag","robots":{"index":"noindex","follow":"follow","max-snippet":"max-snippet:-1","max-image-preview":"max-image-preview:large","max-video-preview":"max-video-preview:-1"},"og_locale":"nb_NO","og_type":"article","og_title":"Bysantinerne - Dreyers Forlag","og_description":"Helt siden grunnleggelsen av Konstantinopel i \u00e5r 330 til det siste slaget mot osmanerne i 1453, var Bysants et sentrum for makt, kultur, religion og handel. I denne boken tar Christine Amadou deg med p\u00e5 en reise gjennom imperiets mangfoldige historie, med vekt p\u00e5 menneskene som befolket riket, arkitektoniske mesterverk og den rike arven som [&hellip;]","og_url":"https:\/\/staging.forenteforlag.no\/dreyers\/produkt\/bysantinerne\/","og_site_name":"Dreyers Forlag","article_modified_time":"2025-11-06T08:21:17+00:00","og_image":[{"width":1306,"height":1920,"url":"https:\/\/staging.forenteforlag.no\/dreyers\/wp-content\/uploads\/sites\/2\/2025\/08\/jpg-10101-scaled-1-scaled.jpg","type":"image\/jpeg"}],"twitter_card":"summary_large_image","twitter_misc":{"Ansl. lesetid":"1 minutt"},"schema":{"@context":"https:\/\/schema.org","@graph":[{"@type":"WebPage","@id":"https:\/\/staging.forenteforlag.no\/dreyers\/produkt\/bysantinerne\/","url":"https:\/\/staging.forenteforlag.no\/dreyers\/produkt\/bysantinerne\/","name":"Bysantinerne - Dreyers Forlag","isPartOf":{"@id":"https:\/\/staging.forenteforlag.no\/dreyers\/#website"},"primaryImageOfPage":{"@id":"https:\/\/staging.forenteforlag.no\/dreyers\/produkt\/bysantinerne\/#primaryimage"},"image":{"@id":"https:\/\/staging.forenteforlag.no\/dreyers\/produkt\/bysantinerne\/#primaryimage"},"thumbnailUrl":"https:\/\/staging.forenteforlag.no\/dreyers\/wp-content\/uploads\/sites\/2\/2025\/08\/jpg-10101-scaled-1-scaled.jpg","datePublished":"2025-03-13T14:37:08+00:00","dateModified":"2025-11-06T08:21:17+00:00","breadcrumb":{"@id":"https:\/\/staging.forenteforlag.no\/dreyers\/produkt\/bysantinerne\/#breadcrumb"},"inLanguage":"nb-NO","potentialAction":[{"@type":"ReadAction","target":["https:\/\/staging.forenteforlag.no\/dreyers\/produkt\/bysantinerne\/"]}]},{"@type":"ImageObject","inLanguage":"nb-NO","@id":"https:\/\/staging.forenteforlag.no\/dreyers\/produkt\/bysantinerne\/#primaryimage","url":"https:\/\/staging.forenteforlag.no\/dreyers\/wp-content\/uploads\/sites\/2\/2025\/08\/jpg-10101-scaled-1-scaled.jpg","contentUrl":"https:\/\/staging.forenteforlag.no\/dreyers\/wp-content\/uploads\/sites\/2\/2025\/08\/jpg-10101-scaled-1-scaled.jpg","width":1306,"height":1920},{"@type":"BreadcrumbList","@id":"https:\/\/staging.forenteforlag.no\/dreyers\/produkt\/bysantinerne\/#breadcrumb","itemListElement":[{"@type":"ListItem","position":1,"name":"Hjem","item":"https:\/\/staging.forenteforlag.no\/dreyers\/"},{"@type":"ListItem","position":2,"name":"Alle b\u00f8ker","item":"https:\/\/staging.forenteforlag.no\/dreyers\/butikk\/"},{"@type":"ListItem","position":3,"name":"Bysantinerne"}]},{"@type":"WebSite","@id":"https:\/\/staging.forenteforlag.no\/dreyers\/#website","url":"https:\/\/staging.forenteforlag.no\/dreyers\/","name":"Dreyers Forlag","description":"","potentialAction":[{"@type":"SearchAction","target":{"@type":"EntryPoint","urlTemplate":"https:\/\/staging.forenteforlag.no\/dreyers\/?s={search_term_string}"},"query-input":{"@type":"PropertyValueSpecification","valueRequired":true,"valueName":"search_term_string"}}],"inLanguage":"nb-NO"}]}},"_links":{"self":[{"href":"https:\/\/staging.forenteforlag.no\/dreyers\/wp-json\/wp\/v2\/product\/22502","targetHints":{"allow":["GET"]}}],"collection":[{"href":"https:\/\/staging.forenteforlag.no\/dreyers\/wp-json\/wp\/v2\/product"}],"about":[{"href":"https:\/\/staging.forenteforlag.no\/dreyers\/wp-json\/wp\/v2\/types\/product"}],"wp:featuredmedia":[{"embeddable":true,"href":"https:\/\/staging.forenteforlag.no\/dreyers\/wp-json\/wp\/v2\/media\/24511"}],"wp:attachment":[{"href":"https:\/\/staging.forenteforlag.no\/dreyers\/wp-json\/wp\/v2\/media?parent=22502"}],"wp:term":[{"taxonomy":"product_brand","embeddable":true,"href":"https:\/\/staging.forenteforlag.no\/dreyers\/wp-json\/wp\/v2\/product_brand?post=22502"},{"taxonomy":"product_cat","embeddable":true,"href":"https:\/\/staging.forenteforlag.no\/dreyers\/wp-json\/wp\/v2\/product_cat?post=22502"},{"taxonomy":"product_tag","embeddable":true,"href":"https:\/\/staging.forenteforlag.no\/dreyers\/wp-json\/wp\/v2\/product_tag?post=22502"}],"curies":[{"name":"wp","href":"https:\/\/api.w.org\/{rel}","templated":true}]}}