{"id":22468,"date":"2023-11-10T11:27:25","date_gmt":"2023-11-10T10:27:25","guid":{"rendered":"https:\/\/dreyersforlag.no\/produkt\/fem-pa-tolv\/"},"modified":"2025-05-02T10:55:26","modified_gmt":"2025-05-02T08:55:26","slug":"fem-pa-tolv","status":"publish","type":"product","link":"https:\/\/staging.forenteforlag.no\/dreyers\/produkt\/fem-pa-tolv\/","title":{"rendered":"Fem p\u00e5 tolv"},"content":{"rendered":"<p>Etter atombomben over Hiroshima i 1945 er verden blitt en annen. Muligheten for en total utslettelse av menneskeheten er blitt en realitet. P\u00e5 dette grunnlaget etablerte bekymrede atomforskere i 1947 det s\u00e5kalte Dommedags uret, der visernes stilling symboliserer hvor lenge det er til katastrofen: en altutslettende atomkrig.<\/p>\n<p>Mot slutten av 1942 startet USA det gigantiske Manhattan.-prosjektet med Robert Oppenheimer som leder. Pasifisten Albert Einstein og dansken Niels Bohr var sentrale i denne historien. Da bomben var klar, hadde Tyskland kapitulert, mens Japan fortsatte krigen. Mange av forskerne mente at krigen var vunnet, og at atombomben ikke m\u00e5tte brukes. Men n\u00e5 var det ikke lenger forskere som bestemte, n\u00e5 var det politikerne, f\u00f8rst og fremst i USA.<\/p>\n<p>Denne boka forteller den globale historien om kjernev\u00e5pen. Den handler til dels om fysikken og teknologien som ligger bak. Men det er like mye en historie om politiske og milit\u00e6re ambisjoner &#8211; og om mer eller mindre kriminelle handlinger, l\u00f8gner og svik.<\/p>\n<p>I 2023 er vi tettere p\u00e5 katastrofen enn noensinne. Aldri har vi hatt mer treffsikre atomv\u00e5pen. Aldri har vi hatt s\u00e5 langt rekkende raketter. Aldri har vi hatt s\u00e5 store spenninger og konflikter. Russlands invasjon av Ukraina har aktualisert atomtrusselen.<\/p>\n<p>Med innledning av Svein Sj\u00f8berg, professor emeritus ved Universitetet i Oslo.<\/p>\n","protected":false},"excerpt":{"rendered":"<p>Etter atombomben over Hiroshima i 1945 er verden blitt en annen. Muligheten for en total utslettelse av menneskeheten er blitt en realitet. P\u00e5 dette grunnlaget etablerte bekymrede atomforskere i 1947 det s\u00e5kalte Dommedags uret, der visernes stilling symboliserer hvor lenge det er til katastrofen: en altutslettende atomkrig. Mot slutten av 1942 startet USA det gigantiske [&hellip;]<\/p>\n","protected":false},"featured_media":22467,"template":"","meta":{"_acf_changed":false,"inline_featured_image":false},"product_brand":[],"product_cat":[1785,23,32,355],"product_tag":[],"class_list":{"0":"post-22468","1":"product","2":"type-product","3":"status-publish","4":"has-post-thumbnail","6":"product_cat-fripris","7":"product_cat-historie","8":"product_cat-samfunn-og-politikk","9":"product_cat-tilbud","10":"pa_format-innbundet","12":"first","13":"instock","14":"shipping-taxable","15":"purchasable","16":"product-type-simple"},"acf":{"anmeldelse":[{"tekst_anmeldelser":"\u00ab[\u2026] boka har god driv og er engasjerende fortalt. Svein Sj\u00f8bergs oversettelse er god, og innledningen hans til den norske utgaven er b\u00e5de interessant og sjokkerende. [\u2026] \u2018Fem p\u00e5 tolv\u2019 er en solid gjennomgang av hvordan mennesket oppdaget atomets skjulte krefter og lagde v\u00e5pen av det som har formet den moderne verdenshistorien.\u00bb","av_anmeldelser":"Jonas Henmo","terningkast":false,"kilde":"Klassekampen"},{"tekst_anmeldelser":"\u00abFem p\u00e5 tolv er en spennende gjennomgang av b\u00e5de hvordan vi har utviklet kjernefysiske v\u00e5pen, og hvorfor. F\u00f8rstnevnte sp\u00f8rsm\u00e5l kunne v\u00e6rt og burde v\u00e6re pensum for de fleste realfagsstudenter. Sistnevnte er den store, \u00e5pne samtalen boka inviterer til.\u00bb","av_anmeldelser":"George Ofori","terningkast":false,"kilde":"Prosa"}]},"yoast_head":"<!-- This site is optimized with the Yoast SEO plugin v26.6 - https:\/\/yoast.com\/wordpress\/plugins\/seo\/ -->\n<title>Fem p\u00e5 tolv - Dreyers Forlag<\/title>\n<meta name=\"robots\" content=\"noindex, follow, max-snippet:-1, max-image-preview:large, max-video-preview:-1\" \/>\n<meta property=\"og:locale\" content=\"nb_NO\" \/>\n<meta property=\"og:type\" content=\"article\" \/>\n<meta property=\"og:title\" content=\"Fem p\u00e5 tolv - Dreyers Forlag\" \/>\n<meta property=\"og:description\" content=\"Etter atombomben over Hiroshima i 1945 er verden blitt en annen. Muligheten for en total utslettelse av menneskeheten er blitt en realitet. P\u00e5 dette grunnlaget etablerte bekymrede atomforskere i 1947 det s\u00e5kalte Dommedags uret, der visernes stilling symboliserer hvor lenge det er til katastrofen: en altutslettende atomkrig. Mot slutten av 1942 startet USA det gigantiske [&hellip;]\" \/>\n<meta property=\"og:url\" content=\"https:\/\/staging.forenteforlag.no\/dreyers\/produkt\/fem-pa-tolv\/\" \/>\n<meta property=\"og:site_name\" content=\"Dreyers Forlag\" \/>\n<meta property=\"article:modified_time\" content=\"2025-05-02T08:55:26+00:00\" \/>\n<meta property=\"og:image\" content=\"https:\/\/staging.forenteforlag.no\/dreyers\/wp-content\/uploads\/sites\/2\/2025\/02\/9788282656832.jpeg\" \/>\n\t<meta property=\"og:image:width\" content=\"453\" \/>\n\t<meta property=\"og:image:height\" content=\"642\" \/>\n\t<meta property=\"og:image:type\" content=\"image\/jpeg\" \/>\n<meta name=\"twitter:card\" content=\"summary_large_image\" \/>\n<meta name=\"twitter:label1\" content=\"Ansl. lesetid\" \/>\n\t<meta name=\"twitter:data1\" content=\"2 minutter\" \/>\n<script type=\"application\/ld+json\" class=\"yoast-schema-graph\">{\"@context\":\"https:\/\/schema.org\",\"@graph\":[{\"@type\":\"WebPage\",\"@id\":\"https:\/\/staging.forenteforlag.no\/dreyers\/produkt\/fem-pa-tolv\/\",\"url\":\"https:\/\/staging.forenteforlag.no\/dreyers\/produkt\/fem-pa-tolv\/\",\"name\":\"Fem p\u00e5 tolv - Dreyers Forlag\",\"isPartOf\":{\"@id\":\"https:\/\/staging.forenteforlag.no\/dreyers\/#website\"},\"primaryImageOfPage\":{\"@id\":\"https:\/\/staging.forenteforlag.no\/dreyers\/produkt\/fem-pa-tolv\/#primaryimage\"},\"image\":{\"@id\":\"https:\/\/staging.forenteforlag.no\/dreyers\/produkt\/fem-pa-tolv\/#primaryimage\"},\"thumbnailUrl\":\"https:\/\/staging.forenteforlag.no\/dreyers\/wp-content\/uploads\/sites\/2\/2025\/02\/9788282656832.jpeg\",\"datePublished\":\"2023-11-10T10:27:25+00:00\",\"dateModified\":\"2025-05-02T08:55:26+00:00\",\"breadcrumb\":{\"@id\":\"https:\/\/staging.forenteforlag.no\/dreyers\/produkt\/fem-pa-tolv\/#breadcrumb\"},\"inLanguage\":\"nb-NO\",\"potentialAction\":[{\"@type\":\"ReadAction\",\"target\":[\"https:\/\/staging.forenteforlag.no\/dreyers\/produkt\/fem-pa-tolv\/\"]}]},{\"@type\":\"ImageObject\",\"inLanguage\":\"nb-NO\",\"@id\":\"https:\/\/staging.forenteforlag.no\/dreyers\/produkt\/fem-pa-tolv\/#primaryimage\",\"url\":\"https:\/\/staging.forenteforlag.no\/dreyers\/wp-content\/uploads\/sites\/2\/2025\/02\/9788282656832.jpeg\",\"contentUrl\":\"https:\/\/staging.forenteforlag.no\/dreyers\/wp-content\/uploads\/sites\/2\/2025\/02\/9788282656832.jpeg\",\"width\":453,\"height\":642},{\"@type\":\"BreadcrumbList\",\"@id\":\"https:\/\/staging.forenteforlag.no\/dreyers\/produkt\/fem-pa-tolv\/#breadcrumb\",\"itemListElement\":[{\"@type\":\"ListItem\",\"position\":1,\"name\":\"Hjem\",\"item\":\"https:\/\/staging.forenteforlag.no\/dreyers\/\"},{\"@type\":\"ListItem\",\"position\":2,\"name\":\"Alle b\u00f8ker\",\"item\":\"https:\/\/staging.forenteforlag.no\/dreyers\/butikk\/\"},{\"@type\":\"ListItem\",\"position\":3,\"name\":\"Fem p\u00e5 tolv\"}]},{\"@type\":\"WebSite\",\"@id\":\"https:\/\/staging.forenteforlag.no\/dreyers\/#website\",\"url\":\"https:\/\/staging.forenteforlag.no\/dreyers\/\",\"name\":\"Dreyers Forlag\",\"description\":\"\",\"potentialAction\":[{\"@type\":\"SearchAction\",\"target\":{\"@type\":\"EntryPoint\",\"urlTemplate\":\"https:\/\/staging.forenteforlag.no\/dreyers\/?s={search_term_string}\"},\"query-input\":{\"@type\":\"PropertyValueSpecification\",\"valueRequired\":true,\"valueName\":\"search_term_string\"}}],\"inLanguage\":\"nb-NO\"}]}<\/script>\n<!-- \/ Yoast SEO plugin. -->","yoast_head_json":{"title":"Fem p\u00e5 tolv - Dreyers Forlag","robots":{"index":"noindex","follow":"follow","max-snippet":"max-snippet:-1","max-image-preview":"max-image-preview:large","max-video-preview":"max-video-preview:-1"},"og_locale":"nb_NO","og_type":"article","og_title":"Fem p\u00e5 tolv - Dreyers Forlag","og_description":"Etter atombomben over Hiroshima i 1945 er verden blitt en annen. Muligheten for en total utslettelse av menneskeheten er blitt en realitet. P\u00e5 dette grunnlaget etablerte bekymrede atomforskere i 1947 det s\u00e5kalte Dommedags uret, der visernes stilling symboliserer hvor lenge det er til katastrofen: en altutslettende atomkrig. Mot slutten av 1942 startet USA det gigantiske [&hellip;]","og_url":"https:\/\/staging.forenteforlag.no\/dreyers\/produkt\/fem-pa-tolv\/","og_site_name":"Dreyers Forlag","article_modified_time":"2025-05-02T08:55:26+00:00","og_image":[{"width":453,"height":642,"url":"https:\/\/staging.forenteforlag.no\/dreyers\/wp-content\/uploads\/sites\/2\/2025\/02\/9788282656832.jpeg","type":"image\/jpeg"}],"twitter_card":"summary_large_image","twitter_misc":{"Ansl. lesetid":"2 minutter"},"schema":{"@context":"https:\/\/schema.org","@graph":[{"@type":"WebPage","@id":"https:\/\/staging.forenteforlag.no\/dreyers\/produkt\/fem-pa-tolv\/","url":"https:\/\/staging.forenteforlag.no\/dreyers\/produkt\/fem-pa-tolv\/","name":"Fem p\u00e5 tolv - Dreyers Forlag","isPartOf":{"@id":"https:\/\/staging.forenteforlag.no\/dreyers\/#website"},"primaryImageOfPage":{"@id":"https:\/\/staging.forenteforlag.no\/dreyers\/produkt\/fem-pa-tolv\/#primaryimage"},"image":{"@id":"https:\/\/staging.forenteforlag.no\/dreyers\/produkt\/fem-pa-tolv\/#primaryimage"},"thumbnailUrl":"https:\/\/staging.forenteforlag.no\/dreyers\/wp-content\/uploads\/sites\/2\/2025\/02\/9788282656832.jpeg","datePublished":"2023-11-10T10:27:25+00:00","dateModified":"2025-05-02T08:55:26+00:00","breadcrumb":{"@id":"https:\/\/staging.forenteforlag.no\/dreyers\/produkt\/fem-pa-tolv\/#breadcrumb"},"inLanguage":"nb-NO","potentialAction":[{"@type":"ReadAction","target":["https:\/\/staging.forenteforlag.no\/dreyers\/produkt\/fem-pa-tolv\/"]}]},{"@type":"ImageObject","inLanguage":"nb-NO","@id":"https:\/\/staging.forenteforlag.no\/dreyers\/produkt\/fem-pa-tolv\/#primaryimage","url":"https:\/\/staging.forenteforlag.no\/dreyers\/wp-content\/uploads\/sites\/2\/2025\/02\/9788282656832.jpeg","contentUrl":"https:\/\/staging.forenteforlag.no\/dreyers\/wp-content\/uploads\/sites\/2\/2025\/02\/9788282656832.jpeg","width":453,"height":642},{"@type":"BreadcrumbList","@id":"https:\/\/staging.forenteforlag.no\/dreyers\/produkt\/fem-pa-tolv\/#breadcrumb","itemListElement":[{"@type":"ListItem","position":1,"name":"Hjem","item":"https:\/\/staging.forenteforlag.no\/dreyers\/"},{"@type":"ListItem","position":2,"name":"Alle b\u00f8ker","item":"https:\/\/staging.forenteforlag.no\/dreyers\/butikk\/"},{"@type":"ListItem","position":3,"name":"Fem p\u00e5 tolv"}]},{"@type":"WebSite","@id":"https:\/\/staging.forenteforlag.no\/dreyers\/#website","url":"https:\/\/staging.forenteforlag.no\/dreyers\/","name":"Dreyers Forlag","description":"","potentialAction":[{"@type":"SearchAction","target":{"@type":"EntryPoint","urlTemplate":"https:\/\/staging.forenteforlag.no\/dreyers\/?s={search_term_string}"},"query-input":{"@type":"PropertyValueSpecification","valueRequired":true,"valueName":"search_term_string"}}],"inLanguage":"nb-NO"}]}},"_links":{"self":[{"href":"https:\/\/staging.forenteforlag.no\/dreyers\/wp-json\/wp\/v2\/product\/22468","targetHints":{"allow":["GET"]}}],"collection":[{"href":"https:\/\/staging.forenteforlag.no\/dreyers\/wp-json\/wp\/v2\/product"}],"about":[{"href":"https:\/\/staging.forenteforlag.no\/dreyers\/wp-json\/wp\/v2\/types\/product"}],"wp:featuredmedia":[{"embeddable":true,"href":"https:\/\/staging.forenteforlag.no\/dreyers\/wp-json\/wp\/v2\/media\/22467"}],"wp:attachment":[{"href":"https:\/\/staging.forenteforlag.no\/dreyers\/wp-json\/wp\/v2\/media?parent=22468"}],"wp:term":[{"taxonomy":"product_brand","embeddable":true,"href":"https:\/\/staging.forenteforlag.no\/dreyers\/wp-json\/wp\/v2\/product_brand?post=22468"},{"taxonomy":"product_cat","embeddable":true,"href":"https:\/\/staging.forenteforlag.no\/dreyers\/wp-json\/wp\/v2\/product_cat?post=22468"},{"taxonomy":"product_tag","embeddable":true,"href":"https:\/\/staging.forenteforlag.no\/dreyers\/wp-json\/wp\/v2\/product_tag?post=22468"}],"curies":[{"name":"wp","href":"https:\/\/api.w.org\/{rel}","templated":true}]}}