{"id":21693,"date":"2018-10-16T02:00:00","date_gmt":"2018-10-16T00:00:00","guid":{"rendered":"https:\/\/dreyersforlag.forenteforlag.no\/produkt\/smerteboken\/"},"modified":"2025-08-27T11:09:10","modified_gmt":"2025-08-27T09:09:10","slug":"smerteboken","status":"publish","type":"product","link":"https:\/\/staging.forenteforlag.no\/dreyers\/produkt\/smerteboken\/","title":{"rendered":"Smerteboken"},"content":{"rendered":"<p>Alle vet hva smerte er &#8211; eller vet vi det? Smerteopplevelsen er b\u00e5de v\u00e5r fiende og v\u00e5r venn. Vi pr\u00f8ver \u00e5 unng\u00e5 den, men hvis vi skal overleve i en farlig verden, trenger vi evnen til \u00e5 kjenne at noe gj\u00f8r vondt.<br \/>\nAudun Aas har jobbet med \u00e5 lindre smerte hos pasienter i en mannsalder. I denne boken forteller han hva smerte faktisk er og hvordan den kan ha sammenheng med kj\u00f8nn, biologi, psykologi, genetikk og alder. I dag er det nesten alltid mulig \u00e5 lindre smerte ved skader og inngrep effektivt. I behandlingen av kreftsmerter er det slik at de fleste kan hjelpes godt, men den oppgaven er noen hakk vanskeligere. Den st\u00f8rste utfordringen er de langvarige smertene som ikke skyldes en konkret \u00e5rsak i klassisk forstand. Sv\u00e6rt mange mennesker lider av slike kroniske smerter, og det er langt igjen f\u00f8r flertallet kan f\u00e5 god hjelp av medikamenter. S\u00e5 lenge det er slik, blir det desto viktigere hva pasientene selv kan gj\u00f8re for \u00e5 f\u00e5 et bedre liv.<br \/>\nAudun Aas gir deg et bilde av hvor smertebehandling og smerteforskning st\u00e5r i dag, og gir deg inng\u00e5ende kunnskap om smerte og hvordan den kan takles. Boken gj\u00f8r deg ikke frisk, men kanskje du f\u00e5r noen ideer om hvor det er lurt \u00e5 starte p\u00e5 veien til et bedre liv.<\/p>\n","protected":false},"excerpt":{"rendered":"<p>Alle vet hva smerte er &#8211; eller vet vi det? Smerteopplevelsen er b\u00e5de v\u00e5r fiende og v\u00e5r venn. Vi pr\u00f8ver \u00e5 unng\u00e5 den, men hvis vi skal overleve i en farlig verden, trenger vi evnen til \u00e5 kjenne at noe gj\u00f8r vondt. Audun Aas har jobbet med \u00e5 lindre smerte hos pasienter i en mannsalder. [&hellip;]<\/p>\n","protected":false},"featured_media":24294,"template":"","meta":{"_acf_changed":false,"inline_featured_image":false},"product_brand":[],"product_cat":[1785,25,34],"product_tag":[362,411],"class_list":{"0":"post-21693","1":"product","2":"type-product","3":"status-publish","4":"has-post-thumbnail","6":"product_cat-fripris","7":"product_cat-kropp-og-sinn","8":"product_cat-teknikk-og-populaervitenskap","9":"product_tag-faglitteratur","10":"product_tag-smerter","11":"pa_format-innbundet","13":"first","14":"instock","15":"shipping-taxable","16":"purchasable","17":"product-type-simple"},"acf":{"anmeldelse":null},"yoast_head":"<!-- This site is optimized with the Yoast SEO plugin v26.6 - https:\/\/yoast.com\/wordpress\/plugins\/seo\/ -->\n<title>Smerteboken - Dreyers Forlag<\/title>\n<meta name=\"robots\" content=\"noindex, follow, max-snippet:-1, max-image-preview:large, max-video-preview:-1\" \/>\n<meta property=\"og:locale\" content=\"nb_NO\" \/>\n<meta property=\"og:type\" content=\"article\" \/>\n<meta property=\"og:title\" content=\"Smerteboken - Dreyers Forlag\" \/>\n<meta property=\"og:description\" content=\"Alle vet hva smerte er &#8211; eller vet vi det? Smerteopplevelsen er b\u00e5de v\u00e5r fiende og v\u00e5r venn. Vi pr\u00f8ver \u00e5 unng\u00e5 den, men hvis vi skal overleve i en farlig verden, trenger vi evnen til \u00e5 kjenne at noe gj\u00f8r vondt. Audun Aas har jobbet med \u00e5 lindre smerte hos pasienter i en mannsalder. [&hellip;]\" \/>\n<meta property=\"og:url\" content=\"https:\/\/staging.forenteforlag.no\/dreyers\/produkt\/smerteboken\/\" \/>\n<meta property=\"og:site_name\" content=\"Dreyers Forlag\" \/>\n<meta property=\"article:modified_time\" content=\"2025-08-27T09:09:10+00:00\" \/>\n<meta property=\"og:image\" content=\"https:\/\/staging.forenteforlag.no\/dreyers\/wp-content\/uploads\/sites\/2\/2025\/08\/jpg-8088.jpg\" \/>\n\t<meta property=\"og:image:width\" content=\"283\" \/>\n\t<meta property=\"og:image:height\" content=\"402\" \/>\n\t<meta property=\"og:image:type\" content=\"image\/jpeg\" \/>\n<meta name=\"twitter:card\" content=\"summary_large_image\" \/>\n<meta name=\"twitter:label1\" content=\"Ansl. lesetid\" \/>\n\t<meta name=\"twitter:data1\" content=\"1 minutt\" \/>\n<script type=\"application\/ld+json\" class=\"yoast-schema-graph\">{\"@context\":\"https:\/\/schema.org\",\"@graph\":[{\"@type\":\"WebPage\",\"@id\":\"https:\/\/staging.forenteforlag.no\/dreyers\/produkt\/smerteboken\/\",\"url\":\"https:\/\/staging.forenteforlag.no\/dreyers\/produkt\/smerteboken\/\",\"name\":\"Smerteboken - Dreyers Forlag\",\"isPartOf\":{\"@id\":\"https:\/\/staging.forenteforlag.no\/dreyers\/#website\"},\"primaryImageOfPage\":{\"@id\":\"https:\/\/staging.forenteforlag.no\/dreyers\/produkt\/smerteboken\/#primaryimage\"},\"image\":{\"@id\":\"https:\/\/staging.forenteforlag.no\/dreyers\/produkt\/smerteboken\/#primaryimage\"},\"thumbnailUrl\":\"https:\/\/staging.forenteforlag.no\/dreyers\/wp-content\/uploads\/sites\/2\/2025\/08\/jpg-8088.jpg\",\"datePublished\":\"2018-10-16T00:00:00+00:00\",\"dateModified\":\"2025-08-27T09:09:10+00:00\",\"breadcrumb\":{\"@id\":\"https:\/\/staging.forenteforlag.no\/dreyers\/produkt\/smerteboken\/#breadcrumb\"},\"inLanguage\":\"nb-NO\",\"potentialAction\":[{\"@type\":\"ReadAction\",\"target\":[\"https:\/\/staging.forenteforlag.no\/dreyers\/produkt\/smerteboken\/\"]}]},{\"@type\":\"ImageObject\",\"inLanguage\":\"nb-NO\",\"@id\":\"https:\/\/staging.forenteforlag.no\/dreyers\/produkt\/smerteboken\/#primaryimage\",\"url\":\"https:\/\/staging.forenteforlag.no\/dreyers\/wp-content\/uploads\/sites\/2\/2025\/08\/jpg-8088.jpg\",\"contentUrl\":\"https:\/\/staging.forenteforlag.no\/dreyers\/wp-content\/uploads\/sites\/2\/2025\/08\/jpg-8088.jpg\",\"width\":283,\"height\":402},{\"@type\":\"BreadcrumbList\",\"@id\":\"https:\/\/staging.forenteforlag.no\/dreyers\/produkt\/smerteboken\/#breadcrumb\",\"itemListElement\":[{\"@type\":\"ListItem\",\"position\":1,\"name\":\"Hjem\",\"item\":\"https:\/\/staging.forenteforlag.no\/dreyers\/\"},{\"@type\":\"ListItem\",\"position\":2,\"name\":\"Alle b\u00f8ker\",\"item\":\"https:\/\/staging.forenteforlag.no\/dreyers\/butikk\/\"},{\"@type\":\"ListItem\",\"position\":3,\"name\":\"Smerteboken\"}]},{\"@type\":\"WebSite\",\"@id\":\"https:\/\/staging.forenteforlag.no\/dreyers\/#website\",\"url\":\"https:\/\/staging.forenteforlag.no\/dreyers\/\",\"name\":\"Dreyers Forlag\",\"description\":\"\",\"potentialAction\":[{\"@type\":\"SearchAction\",\"target\":{\"@type\":\"EntryPoint\",\"urlTemplate\":\"https:\/\/staging.forenteforlag.no\/dreyers\/?s={search_term_string}\"},\"query-input\":{\"@type\":\"PropertyValueSpecification\",\"valueRequired\":true,\"valueName\":\"search_term_string\"}}],\"inLanguage\":\"nb-NO\"}]}<\/script>\n<!-- \/ Yoast SEO plugin. -->","yoast_head_json":{"title":"Smerteboken - Dreyers Forlag","robots":{"index":"noindex","follow":"follow","max-snippet":"max-snippet:-1","max-image-preview":"max-image-preview:large","max-video-preview":"max-video-preview:-1"},"og_locale":"nb_NO","og_type":"article","og_title":"Smerteboken - Dreyers Forlag","og_description":"Alle vet hva smerte er &#8211; eller vet vi det? Smerteopplevelsen er b\u00e5de v\u00e5r fiende og v\u00e5r venn. Vi pr\u00f8ver \u00e5 unng\u00e5 den, men hvis vi skal overleve i en farlig verden, trenger vi evnen til \u00e5 kjenne at noe gj\u00f8r vondt. Audun Aas har jobbet med \u00e5 lindre smerte hos pasienter i en mannsalder. [&hellip;]","og_url":"https:\/\/staging.forenteforlag.no\/dreyers\/produkt\/smerteboken\/","og_site_name":"Dreyers Forlag","article_modified_time":"2025-08-27T09:09:10+00:00","og_image":[{"width":283,"height":402,"url":"https:\/\/staging.forenteforlag.no\/dreyers\/wp-content\/uploads\/sites\/2\/2025\/08\/jpg-8088.jpg","type":"image\/jpeg"}],"twitter_card":"summary_large_image","twitter_misc":{"Ansl. lesetid":"1 minutt"},"schema":{"@context":"https:\/\/schema.org","@graph":[{"@type":"WebPage","@id":"https:\/\/staging.forenteforlag.no\/dreyers\/produkt\/smerteboken\/","url":"https:\/\/staging.forenteforlag.no\/dreyers\/produkt\/smerteboken\/","name":"Smerteboken - Dreyers Forlag","isPartOf":{"@id":"https:\/\/staging.forenteforlag.no\/dreyers\/#website"},"primaryImageOfPage":{"@id":"https:\/\/staging.forenteforlag.no\/dreyers\/produkt\/smerteboken\/#primaryimage"},"image":{"@id":"https:\/\/staging.forenteforlag.no\/dreyers\/produkt\/smerteboken\/#primaryimage"},"thumbnailUrl":"https:\/\/staging.forenteforlag.no\/dreyers\/wp-content\/uploads\/sites\/2\/2025\/08\/jpg-8088.jpg","datePublished":"2018-10-16T00:00:00+00:00","dateModified":"2025-08-27T09:09:10+00:00","breadcrumb":{"@id":"https:\/\/staging.forenteforlag.no\/dreyers\/produkt\/smerteboken\/#breadcrumb"},"inLanguage":"nb-NO","potentialAction":[{"@type":"ReadAction","target":["https:\/\/staging.forenteforlag.no\/dreyers\/produkt\/smerteboken\/"]}]},{"@type":"ImageObject","inLanguage":"nb-NO","@id":"https:\/\/staging.forenteforlag.no\/dreyers\/produkt\/smerteboken\/#primaryimage","url":"https:\/\/staging.forenteforlag.no\/dreyers\/wp-content\/uploads\/sites\/2\/2025\/08\/jpg-8088.jpg","contentUrl":"https:\/\/staging.forenteforlag.no\/dreyers\/wp-content\/uploads\/sites\/2\/2025\/08\/jpg-8088.jpg","width":283,"height":402},{"@type":"BreadcrumbList","@id":"https:\/\/staging.forenteforlag.no\/dreyers\/produkt\/smerteboken\/#breadcrumb","itemListElement":[{"@type":"ListItem","position":1,"name":"Hjem","item":"https:\/\/staging.forenteforlag.no\/dreyers\/"},{"@type":"ListItem","position":2,"name":"Alle b\u00f8ker","item":"https:\/\/staging.forenteforlag.no\/dreyers\/butikk\/"},{"@type":"ListItem","position":3,"name":"Smerteboken"}]},{"@type":"WebSite","@id":"https:\/\/staging.forenteforlag.no\/dreyers\/#website","url":"https:\/\/staging.forenteforlag.no\/dreyers\/","name":"Dreyers Forlag","description":"","potentialAction":[{"@type":"SearchAction","target":{"@type":"EntryPoint","urlTemplate":"https:\/\/staging.forenteforlag.no\/dreyers\/?s={search_term_string}"},"query-input":{"@type":"PropertyValueSpecification","valueRequired":true,"valueName":"search_term_string"}}],"inLanguage":"nb-NO"}]}},"_links":{"self":[{"href":"https:\/\/staging.forenteforlag.no\/dreyers\/wp-json\/wp\/v2\/product\/21693","targetHints":{"allow":["GET"]}}],"collection":[{"href":"https:\/\/staging.forenteforlag.no\/dreyers\/wp-json\/wp\/v2\/product"}],"about":[{"href":"https:\/\/staging.forenteforlag.no\/dreyers\/wp-json\/wp\/v2\/types\/product"}],"wp:featuredmedia":[{"embeddable":true,"href":"https:\/\/staging.forenteforlag.no\/dreyers\/wp-json\/wp\/v2\/media\/24294"}],"wp:attachment":[{"href":"https:\/\/staging.forenteforlag.no\/dreyers\/wp-json\/wp\/v2\/media?parent=21693"}],"wp:term":[{"taxonomy":"product_brand","embeddable":true,"href":"https:\/\/staging.forenteforlag.no\/dreyers\/wp-json\/wp\/v2\/product_brand?post=21693"},{"taxonomy":"product_cat","embeddable":true,"href":"https:\/\/staging.forenteforlag.no\/dreyers\/wp-json\/wp\/v2\/product_cat?post=21693"},{"taxonomy":"product_tag","embeddable":true,"href":"https:\/\/staging.forenteforlag.no\/dreyers\/wp-json\/wp\/v2\/product_tag?post=21693"}],"curies":[{"name":"wp","href":"https:\/\/api.w.org\/{rel}","templated":true}]}}