{"id":21497,"date":"2007-12-10T01:00:00","date_gmt":"2007-12-10T00:00:00","guid":{"rendered":"https:\/\/dreyersforlag.forenteforlag.no\/produkt\/norsk-fjellsport-gjennom-200-ar\/"},"modified":"2025-09-05T12:02:25","modified_gmt":"2025-09-05T10:02:25","slug":"norsk-fjellsport-gjennom-200-ar","status":"publish","type":"product","link":"https:\/\/staging.forenteforlag.no\/dreyers\/produkt\/norsk-fjellsport-gjennom-200-ar\/","title":{"rendered":"Norsk fjellsport gjennom 200 \u00e5r"},"content":{"rendered":"<p>Boken utgis i forbindelse med hundre\u00e5rsjubileet for Norsk Tindeklub. Den tar for seg fjell og klatring i hele Norge fra tidlig 1800-tall fram til i dag, samt et utvalg av det norske klatrere har v\u00e6rt med p\u00e5 i fjernere fjellomr\u00e5der. Stoffet er gruppert i tidsepoker som belyser utviklingen i de viktigste geografiske fjellomr\u00e5dene i Norge. Innenfor hver epoke portretteres forskjellige pionerer. Har litteraturliste<\/p>\n","protected":false},"excerpt":{"rendered":"<p>Boken utgis i forbindelse med hundre\u00e5rsjubileet for Norsk Tindeklub. Den tar for seg fjell og klatring i hele Norge fra tidlig 1800-tall fram til i dag, samt et utvalg av det norske klatrere har v\u00e6rt med p\u00e5 i fjernere fjellomr\u00e5der. Stoffet er gruppert i tidsepoker som belyser utviklingen i de viktigste geografiske fjellomr\u00e5dene i Norge. [&hellip;]<\/p>\n","protected":false},"featured_media":24489,"template":"","meta":{"_acf_changed":false,"inline_featured_image":false},"product_brand":[],"product_cat":[1785,23,29],"product_tag":[362,1039,437],"class_list":{"0":"post-21497","1":"product","2":"type-product","3":"status-publish","4":"has-post-thumbnail","6":"product_cat-fripris","7":"product_cat-historie","8":"product_cat-natur-friluftsliv-og-sport","9":"product_tag-faglitteratur","10":"product_tag-fjellklatring","11":"product_tag-jubileumsboker","12":"pa_format-innbundet","14":"first","15":"instock","16":"shipping-taxable","17":"purchasable","18":"product-type-simple"},"acf":{"anmeldelse":null},"yoast_head":"<!-- This site is optimized with the Yoast SEO plugin v26.6 - https:\/\/yoast.com\/wordpress\/plugins\/seo\/ -->\n<title>Norsk fjellsport gjennom 200 \u00e5r - Dreyers Forlag<\/title>\n<meta name=\"robots\" content=\"noindex, follow, max-snippet:-1, max-image-preview:large, max-video-preview:-1\" \/>\n<meta property=\"og:locale\" content=\"nb_NO\" \/>\n<meta property=\"og:type\" content=\"article\" \/>\n<meta property=\"og:title\" content=\"Norsk fjellsport gjennom 200 \u00e5r - Dreyers Forlag\" \/>\n<meta property=\"og:description\" content=\"Boken utgis i forbindelse med hundre\u00e5rsjubileet for Norsk Tindeklub. Den tar for seg fjell og klatring i hele Norge fra tidlig 1800-tall fram til i dag, samt et utvalg av det norske klatrere har v\u00e6rt med p\u00e5 i fjernere fjellomr\u00e5der. Stoffet er gruppert i tidsepoker som belyser utviklingen i de viktigste geografiske fjellomr\u00e5dene i Norge. [&hellip;]\" \/>\n<meta property=\"og:url\" content=\"https:\/\/staging.forenteforlag.no\/dreyers\/produkt\/norsk-fjellsport-gjennom-200-ar\/\" \/>\n<meta property=\"og:site_name\" content=\"Dreyers Forlag\" \/>\n<meta property=\"article:modified_time\" content=\"2025-09-05T10:02:25+00:00\" \/>\n<meta property=\"og:image\" content=\"https:\/\/staging.forenteforlag.no\/dreyers\/wp-content\/uploads\/sites\/2\/2025\/08\/jpg-9928.jpg\" \/>\n\t<meta property=\"og:image:width\" content=\"313\" \/>\n\t<meta property=\"og:image:height\" content=\"449\" \/>\n\t<meta property=\"og:image:type\" content=\"image\/jpeg\" \/>\n<meta name=\"twitter:card\" content=\"summary_large_image\" \/>\n<script type=\"application\/ld+json\" class=\"yoast-schema-graph\">{\"@context\":\"https:\/\/schema.org\",\"@graph\":[{\"@type\":\"WebPage\",\"@id\":\"https:\/\/staging.forenteforlag.no\/dreyers\/produkt\/norsk-fjellsport-gjennom-200-ar\/\",\"url\":\"https:\/\/staging.forenteforlag.no\/dreyers\/produkt\/norsk-fjellsport-gjennom-200-ar\/\",\"name\":\"Norsk fjellsport gjennom 200 \u00e5r - Dreyers Forlag\",\"isPartOf\":{\"@id\":\"https:\/\/staging.forenteforlag.no\/dreyers\/#website\"},\"primaryImageOfPage\":{\"@id\":\"https:\/\/staging.forenteforlag.no\/dreyers\/produkt\/norsk-fjellsport-gjennom-200-ar\/#primaryimage\"},\"image\":{\"@id\":\"https:\/\/staging.forenteforlag.no\/dreyers\/produkt\/norsk-fjellsport-gjennom-200-ar\/#primaryimage\"},\"thumbnailUrl\":\"https:\/\/staging.forenteforlag.no\/dreyers\/wp-content\/uploads\/sites\/2\/2025\/08\/jpg-9928.jpg\",\"datePublished\":\"2007-12-10T00:00:00+00:00\",\"dateModified\":\"2025-09-05T10:02:25+00:00\",\"breadcrumb\":{\"@id\":\"https:\/\/staging.forenteforlag.no\/dreyers\/produkt\/norsk-fjellsport-gjennom-200-ar\/#breadcrumb\"},\"inLanguage\":\"nb-NO\",\"potentialAction\":[{\"@type\":\"ReadAction\",\"target\":[\"https:\/\/staging.forenteforlag.no\/dreyers\/produkt\/norsk-fjellsport-gjennom-200-ar\/\"]}]},{\"@type\":\"ImageObject\",\"inLanguage\":\"nb-NO\",\"@id\":\"https:\/\/staging.forenteforlag.no\/dreyers\/produkt\/norsk-fjellsport-gjennom-200-ar\/#primaryimage\",\"url\":\"https:\/\/staging.forenteforlag.no\/dreyers\/wp-content\/uploads\/sites\/2\/2025\/08\/jpg-9928.jpg\",\"contentUrl\":\"https:\/\/staging.forenteforlag.no\/dreyers\/wp-content\/uploads\/sites\/2\/2025\/08\/jpg-9928.jpg\",\"width\":313,\"height\":449},{\"@type\":\"BreadcrumbList\",\"@id\":\"https:\/\/staging.forenteforlag.no\/dreyers\/produkt\/norsk-fjellsport-gjennom-200-ar\/#breadcrumb\",\"itemListElement\":[{\"@type\":\"ListItem\",\"position\":1,\"name\":\"Hjem\",\"item\":\"https:\/\/staging.forenteforlag.no\/dreyers\/\"},{\"@type\":\"ListItem\",\"position\":2,\"name\":\"Alle b\u00f8ker\",\"item\":\"https:\/\/staging.forenteforlag.no\/dreyers\/butikk\/\"},{\"@type\":\"ListItem\",\"position\":3,\"name\":\"Norsk fjellsport gjennom 200 \u00e5r\"}]},{\"@type\":\"WebSite\",\"@id\":\"https:\/\/staging.forenteforlag.no\/dreyers\/#website\",\"url\":\"https:\/\/staging.forenteforlag.no\/dreyers\/\",\"name\":\"Dreyers Forlag\",\"description\":\"\",\"potentialAction\":[{\"@type\":\"SearchAction\",\"target\":{\"@type\":\"EntryPoint\",\"urlTemplate\":\"https:\/\/staging.forenteforlag.no\/dreyers\/?s={search_term_string}\"},\"query-input\":{\"@type\":\"PropertyValueSpecification\",\"valueRequired\":true,\"valueName\":\"search_term_string\"}}],\"inLanguage\":\"nb-NO\"}]}<\/script>\n<!-- \/ Yoast SEO plugin. -->","yoast_head_json":{"title":"Norsk fjellsport gjennom 200 \u00e5r - Dreyers Forlag","robots":{"index":"noindex","follow":"follow","max-snippet":"max-snippet:-1","max-image-preview":"max-image-preview:large","max-video-preview":"max-video-preview:-1"},"og_locale":"nb_NO","og_type":"article","og_title":"Norsk fjellsport gjennom 200 \u00e5r - Dreyers Forlag","og_description":"Boken utgis i forbindelse med hundre\u00e5rsjubileet for Norsk Tindeklub. Den tar for seg fjell og klatring i hele Norge fra tidlig 1800-tall fram til i dag, samt et utvalg av det norske klatrere har v\u00e6rt med p\u00e5 i fjernere fjellomr\u00e5der. Stoffet er gruppert i tidsepoker som belyser utviklingen i de viktigste geografiske fjellomr\u00e5dene i Norge. [&hellip;]","og_url":"https:\/\/staging.forenteforlag.no\/dreyers\/produkt\/norsk-fjellsport-gjennom-200-ar\/","og_site_name":"Dreyers Forlag","article_modified_time":"2025-09-05T10:02:25+00:00","og_image":[{"width":313,"height":449,"url":"https:\/\/staging.forenteforlag.no\/dreyers\/wp-content\/uploads\/sites\/2\/2025\/08\/jpg-9928.jpg","type":"image\/jpeg"}],"twitter_card":"summary_large_image","schema":{"@context":"https:\/\/schema.org","@graph":[{"@type":"WebPage","@id":"https:\/\/staging.forenteforlag.no\/dreyers\/produkt\/norsk-fjellsport-gjennom-200-ar\/","url":"https:\/\/staging.forenteforlag.no\/dreyers\/produkt\/norsk-fjellsport-gjennom-200-ar\/","name":"Norsk fjellsport gjennom 200 \u00e5r - Dreyers Forlag","isPartOf":{"@id":"https:\/\/staging.forenteforlag.no\/dreyers\/#website"},"primaryImageOfPage":{"@id":"https:\/\/staging.forenteforlag.no\/dreyers\/produkt\/norsk-fjellsport-gjennom-200-ar\/#primaryimage"},"image":{"@id":"https:\/\/staging.forenteforlag.no\/dreyers\/produkt\/norsk-fjellsport-gjennom-200-ar\/#primaryimage"},"thumbnailUrl":"https:\/\/staging.forenteforlag.no\/dreyers\/wp-content\/uploads\/sites\/2\/2025\/08\/jpg-9928.jpg","datePublished":"2007-12-10T00:00:00+00:00","dateModified":"2025-09-05T10:02:25+00:00","breadcrumb":{"@id":"https:\/\/staging.forenteforlag.no\/dreyers\/produkt\/norsk-fjellsport-gjennom-200-ar\/#breadcrumb"},"inLanguage":"nb-NO","potentialAction":[{"@type":"ReadAction","target":["https:\/\/staging.forenteforlag.no\/dreyers\/produkt\/norsk-fjellsport-gjennom-200-ar\/"]}]},{"@type":"ImageObject","inLanguage":"nb-NO","@id":"https:\/\/staging.forenteforlag.no\/dreyers\/produkt\/norsk-fjellsport-gjennom-200-ar\/#primaryimage","url":"https:\/\/staging.forenteforlag.no\/dreyers\/wp-content\/uploads\/sites\/2\/2025\/08\/jpg-9928.jpg","contentUrl":"https:\/\/staging.forenteforlag.no\/dreyers\/wp-content\/uploads\/sites\/2\/2025\/08\/jpg-9928.jpg","width":313,"height":449},{"@type":"BreadcrumbList","@id":"https:\/\/staging.forenteforlag.no\/dreyers\/produkt\/norsk-fjellsport-gjennom-200-ar\/#breadcrumb","itemListElement":[{"@type":"ListItem","position":1,"name":"Hjem","item":"https:\/\/staging.forenteforlag.no\/dreyers\/"},{"@type":"ListItem","position":2,"name":"Alle b\u00f8ker","item":"https:\/\/staging.forenteforlag.no\/dreyers\/butikk\/"},{"@type":"ListItem","position":3,"name":"Norsk fjellsport gjennom 200 \u00e5r"}]},{"@type":"WebSite","@id":"https:\/\/staging.forenteforlag.no\/dreyers\/#website","url":"https:\/\/staging.forenteforlag.no\/dreyers\/","name":"Dreyers Forlag","description":"","potentialAction":[{"@type":"SearchAction","target":{"@type":"EntryPoint","urlTemplate":"https:\/\/staging.forenteforlag.no\/dreyers\/?s={search_term_string}"},"query-input":{"@type":"PropertyValueSpecification","valueRequired":true,"valueName":"search_term_string"}}],"inLanguage":"nb-NO"}]}},"_links":{"self":[{"href":"https:\/\/staging.forenteforlag.no\/dreyers\/wp-json\/wp\/v2\/product\/21497","targetHints":{"allow":["GET"]}}],"collection":[{"href":"https:\/\/staging.forenteforlag.no\/dreyers\/wp-json\/wp\/v2\/product"}],"about":[{"href":"https:\/\/staging.forenteforlag.no\/dreyers\/wp-json\/wp\/v2\/types\/product"}],"wp:featuredmedia":[{"embeddable":true,"href":"https:\/\/staging.forenteforlag.no\/dreyers\/wp-json\/wp\/v2\/media\/24489"}],"wp:attachment":[{"href":"https:\/\/staging.forenteforlag.no\/dreyers\/wp-json\/wp\/v2\/media?parent=21497"}],"wp:term":[{"taxonomy":"product_brand","embeddable":true,"href":"https:\/\/staging.forenteforlag.no\/dreyers\/wp-json\/wp\/v2\/product_brand?post=21497"},{"taxonomy":"product_cat","embeddable":true,"href":"https:\/\/staging.forenteforlag.no\/dreyers\/wp-json\/wp\/v2\/product_cat?post=21497"},{"taxonomy":"product_tag","embeddable":true,"href":"https:\/\/staging.forenteforlag.no\/dreyers\/wp-json\/wp\/v2\/product_tag?post=21497"}],"curies":[{"name":"wp","href":"https:\/\/api.w.org\/{rel}","templated":true}]}}