{"id":21485,"date":"2008-11-10T01:00:00","date_gmt":"2008-11-10T00:00:00","guid":{"rendered":"https:\/\/dreyersforlag.forenteforlag.no\/produkt\/i-kong-ravals-rike\/"},"modified":"2025-08-27T08:59:44","modified_gmt":"2025-08-27T06:59:44","slug":"i-kong-ravals-rike","status":"publish","type":"product","link":"https:\/\/staging.forenteforlag.no\/dreyers\/produkt\/i-kong-ravals-rike\/","title":{"rendered":"I kong Ravals rike"},"content":{"rendered":"<p>Trekker man en linje p\u00e5 kartet mellom byene Kongsberg, Notodden og Skien, f\u00e5r man en trekant som ligger delvis i Buskerud og delvis i Telemark. Omtrent midt i trekanten rager Skrimfjellene opp fra L\u00e5gendalen i \u00f8st, og Sauheradsfjellene opp fra Heddalsvannet og Norsj\u00f8 i vest. Dette er et av Norges st\u00f8rste naturvernomr\u00e5der. Denne boken tar for seg omr\u00e5dets geologi, lokalhistorie, kulturminner og rike fauna fra etter siste istid og frem til idag, og fargerike historier om mennesker som har bodd her. Rundt \u00e5r 1000 skal sm\u00e5kongen Raval og hans dronning Helga ha hersket her, men det var bosettinger i dette omr\u00e5det allerede i steinalderen.  Rikt illustrert med kart helt fra 1700-tallet og til idag, gamle og nye foto.<\/p>\n","protected":false},"excerpt":{"rendered":"<p>Trekker man en linje p\u00e5 kartet mellom byene Kongsberg, Notodden og Skien, f\u00e5r man en trekant som ligger delvis i Buskerud og delvis i Telemark. Omtrent midt i trekanten rager Skrimfjellene opp fra L\u00e5gendalen i \u00f8st, og Sauheradsfjellene opp fra Heddalsvannet og Norsj\u00f8 i vest. Dette er et av Norges st\u00f8rste naturvernomr\u00e5der. Denne boken tar [&hellip;]<\/p>\n","protected":false},"featured_media":24147,"template":"","meta":{"_acf_changed":false,"inline_featured_image":false},"product_brand":[],"product_cat":[38,22,1785],"product_tag":[862,362,525,1367,1409,543],"class_list":{"0":"post-21485","1":"product","2":"type-product","3":"status-publish","4":"has-post-thumbnail","6":"product_cat-diverse-lokallitteratur","7":"product_cat-folkloristikk-og-kulturarv","8":"product_cat-fripris","9":"product_tag-buskerud","10":"product_tag-faglitteratur","11":"product_tag-lokalhistorie","12":"product_tag-nasjonalparker","13":"product_tag-regnskoger","14":"product_tag-telemark","15":"pa_format-innbundet","17":"first","18":"instock","19":"shipping-taxable","20":"purchasable","21":"product-type-simple"},"acf":{"anmeldelse":null},"yoast_head":"<!-- This site is optimized with the Yoast SEO plugin v26.6 - https:\/\/yoast.com\/wordpress\/plugins\/seo\/ -->\n<title>I kong Ravals rike - Dreyers Forlag<\/title>\n<meta name=\"robots\" content=\"noindex, follow, max-snippet:-1, max-image-preview:large, max-video-preview:-1\" \/>\n<meta property=\"og:locale\" content=\"nb_NO\" \/>\n<meta property=\"og:type\" content=\"article\" \/>\n<meta property=\"og:title\" content=\"I kong Ravals rike - Dreyers Forlag\" \/>\n<meta property=\"og:description\" content=\"Trekker man en linje p\u00e5 kartet mellom byene Kongsberg, Notodden og Skien, f\u00e5r man en trekant som ligger delvis i Buskerud og delvis i Telemark. Omtrent midt i trekanten rager Skrimfjellene opp fra L\u00e5gendalen i \u00f8st, og Sauheradsfjellene opp fra Heddalsvannet og Norsj\u00f8 i vest. Dette er et av Norges st\u00f8rste naturvernomr\u00e5der. Denne boken tar [&hellip;]\" \/>\n<meta property=\"og:url\" content=\"https:\/\/staging.forenteforlag.no\/dreyers\/produkt\/i-kong-ravals-rike\/\" \/>\n<meta property=\"og:site_name\" content=\"Dreyers Forlag\" \/>\n<meta property=\"article:modified_time\" content=\"2025-08-27T06:59:44+00:00\" \/>\n<meta property=\"og:image\" content=\"https:\/\/staging.forenteforlag.no\/dreyers\/wp-content\/uploads\/sites\/2\/2025\/08\/jpg-6660.jpg\" \/>\n\t<meta property=\"og:image:width\" content=\"346\" \/>\n\t<meta property=\"og:image:height\" content=\"450\" \/>\n\t<meta property=\"og:image:type\" content=\"image\/jpeg\" \/>\n<meta name=\"twitter:card\" content=\"summary_large_image\" \/>\n<meta name=\"twitter:label1\" content=\"Ansl. lesetid\" \/>\n\t<meta name=\"twitter:data1\" content=\"1 minutt\" \/>\n<script type=\"application\/ld+json\" class=\"yoast-schema-graph\">{\"@context\":\"https:\/\/schema.org\",\"@graph\":[{\"@type\":\"WebPage\",\"@id\":\"https:\/\/staging.forenteforlag.no\/dreyers\/produkt\/i-kong-ravals-rike\/\",\"url\":\"https:\/\/staging.forenteforlag.no\/dreyers\/produkt\/i-kong-ravals-rike\/\",\"name\":\"I kong Ravals rike - Dreyers Forlag\",\"isPartOf\":{\"@id\":\"https:\/\/staging.forenteforlag.no\/dreyers\/#website\"},\"primaryImageOfPage\":{\"@id\":\"https:\/\/staging.forenteforlag.no\/dreyers\/produkt\/i-kong-ravals-rike\/#primaryimage\"},\"image\":{\"@id\":\"https:\/\/staging.forenteforlag.no\/dreyers\/produkt\/i-kong-ravals-rike\/#primaryimage\"},\"thumbnailUrl\":\"https:\/\/staging.forenteforlag.no\/dreyers\/wp-content\/uploads\/sites\/2\/2025\/08\/jpg-6660.jpg\",\"datePublished\":\"2008-11-10T00:00:00+00:00\",\"dateModified\":\"2025-08-27T06:59:44+00:00\",\"breadcrumb\":{\"@id\":\"https:\/\/staging.forenteforlag.no\/dreyers\/produkt\/i-kong-ravals-rike\/#breadcrumb\"},\"inLanguage\":\"nb-NO\",\"potentialAction\":[{\"@type\":\"ReadAction\",\"target\":[\"https:\/\/staging.forenteforlag.no\/dreyers\/produkt\/i-kong-ravals-rike\/\"]}]},{\"@type\":\"ImageObject\",\"inLanguage\":\"nb-NO\",\"@id\":\"https:\/\/staging.forenteforlag.no\/dreyers\/produkt\/i-kong-ravals-rike\/#primaryimage\",\"url\":\"https:\/\/staging.forenteforlag.no\/dreyers\/wp-content\/uploads\/sites\/2\/2025\/08\/jpg-6660.jpg\",\"contentUrl\":\"https:\/\/staging.forenteforlag.no\/dreyers\/wp-content\/uploads\/sites\/2\/2025\/08\/jpg-6660.jpg\",\"width\":346,\"height\":450},{\"@type\":\"BreadcrumbList\",\"@id\":\"https:\/\/staging.forenteforlag.no\/dreyers\/produkt\/i-kong-ravals-rike\/#breadcrumb\",\"itemListElement\":[{\"@type\":\"ListItem\",\"position\":1,\"name\":\"Hjem\",\"item\":\"https:\/\/staging.forenteforlag.no\/dreyers\/\"},{\"@type\":\"ListItem\",\"position\":2,\"name\":\"Alle b\u00f8ker\",\"item\":\"https:\/\/staging.forenteforlag.no\/dreyers\/butikk\/\"},{\"@type\":\"ListItem\",\"position\":3,\"name\":\"I kong Ravals rike\"}]},{\"@type\":\"WebSite\",\"@id\":\"https:\/\/staging.forenteforlag.no\/dreyers\/#website\",\"url\":\"https:\/\/staging.forenteforlag.no\/dreyers\/\",\"name\":\"Dreyers Forlag\",\"description\":\"\",\"potentialAction\":[{\"@type\":\"SearchAction\",\"target\":{\"@type\":\"EntryPoint\",\"urlTemplate\":\"https:\/\/staging.forenteforlag.no\/dreyers\/?s={search_term_string}\"},\"query-input\":{\"@type\":\"PropertyValueSpecification\",\"valueRequired\":true,\"valueName\":\"search_term_string\"}}],\"inLanguage\":\"nb-NO\"}]}<\/script>\n<!-- \/ Yoast SEO plugin. -->","yoast_head_json":{"title":"I kong Ravals rike - Dreyers Forlag","robots":{"index":"noindex","follow":"follow","max-snippet":"max-snippet:-1","max-image-preview":"max-image-preview:large","max-video-preview":"max-video-preview:-1"},"og_locale":"nb_NO","og_type":"article","og_title":"I kong Ravals rike - Dreyers Forlag","og_description":"Trekker man en linje p\u00e5 kartet mellom byene Kongsberg, Notodden og Skien, f\u00e5r man en trekant som ligger delvis i Buskerud og delvis i Telemark. Omtrent midt i trekanten rager Skrimfjellene opp fra L\u00e5gendalen i \u00f8st, og Sauheradsfjellene opp fra Heddalsvannet og Norsj\u00f8 i vest. Dette er et av Norges st\u00f8rste naturvernomr\u00e5der. Denne boken tar [&hellip;]","og_url":"https:\/\/staging.forenteforlag.no\/dreyers\/produkt\/i-kong-ravals-rike\/","og_site_name":"Dreyers Forlag","article_modified_time":"2025-08-27T06:59:44+00:00","og_image":[{"width":346,"height":450,"url":"https:\/\/staging.forenteforlag.no\/dreyers\/wp-content\/uploads\/sites\/2\/2025\/08\/jpg-6660.jpg","type":"image\/jpeg"}],"twitter_card":"summary_large_image","twitter_misc":{"Ansl. lesetid":"1 minutt"},"schema":{"@context":"https:\/\/schema.org","@graph":[{"@type":"WebPage","@id":"https:\/\/staging.forenteforlag.no\/dreyers\/produkt\/i-kong-ravals-rike\/","url":"https:\/\/staging.forenteforlag.no\/dreyers\/produkt\/i-kong-ravals-rike\/","name":"I kong Ravals rike - Dreyers Forlag","isPartOf":{"@id":"https:\/\/staging.forenteforlag.no\/dreyers\/#website"},"primaryImageOfPage":{"@id":"https:\/\/staging.forenteforlag.no\/dreyers\/produkt\/i-kong-ravals-rike\/#primaryimage"},"image":{"@id":"https:\/\/staging.forenteforlag.no\/dreyers\/produkt\/i-kong-ravals-rike\/#primaryimage"},"thumbnailUrl":"https:\/\/staging.forenteforlag.no\/dreyers\/wp-content\/uploads\/sites\/2\/2025\/08\/jpg-6660.jpg","datePublished":"2008-11-10T00:00:00+00:00","dateModified":"2025-08-27T06:59:44+00:00","breadcrumb":{"@id":"https:\/\/staging.forenteforlag.no\/dreyers\/produkt\/i-kong-ravals-rike\/#breadcrumb"},"inLanguage":"nb-NO","potentialAction":[{"@type":"ReadAction","target":["https:\/\/staging.forenteforlag.no\/dreyers\/produkt\/i-kong-ravals-rike\/"]}]},{"@type":"ImageObject","inLanguage":"nb-NO","@id":"https:\/\/staging.forenteforlag.no\/dreyers\/produkt\/i-kong-ravals-rike\/#primaryimage","url":"https:\/\/staging.forenteforlag.no\/dreyers\/wp-content\/uploads\/sites\/2\/2025\/08\/jpg-6660.jpg","contentUrl":"https:\/\/staging.forenteforlag.no\/dreyers\/wp-content\/uploads\/sites\/2\/2025\/08\/jpg-6660.jpg","width":346,"height":450},{"@type":"BreadcrumbList","@id":"https:\/\/staging.forenteforlag.no\/dreyers\/produkt\/i-kong-ravals-rike\/#breadcrumb","itemListElement":[{"@type":"ListItem","position":1,"name":"Hjem","item":"https:\/\/staging.forenteforlag.no\/dreyers\/"},{"@type":"ListItem","position":2,"name":"Alle b\u00f8ker","item":"https:\/\/staging.forenteforlag.no\/dreyers\/butikk\/"},{"@type":"ListItem","position":3,"name":"I kong Ravals rike"}]},{"@type":"WebSite","@id":"https:\/\/staging.forenteforlag.no\/dreyers\/#website","url":"https:\/\/staging.forenteforlag.no\/dreyers\/","name":"Dreyers Forlag","description":"","potentialAction":[{"@type":"SearchAction","target":{"@type":"EntryPoint","urlTemplate":"https:\/\/staging.forenteforlag.no\/dreyers\/?s={search_term_string}"},"query-input":{"@type":"PropertyValueSpecification","valueRequired":true,"valueName":"search_term_string"}}],"inLanguage":"nb-NO"}]}},"_links":{"self":[{"href":"https:\/\/staging.forenteforlag.no\/dreyers\/wp-json\/wp\/v2\/product\/21485","targetHints":{"allow":["GET"]}}],"collection":[{"href":"https:\/\/staging.forenteforlag.no\/dreyers\/wp-json\/wp\/v2\/product"}],"about":[{"href":"https:\/\/staging.forenteforlag.no\/dreyers\/wp-json\/wp\/v2\/types\/product"}],"wp:featuredmedia":[{"embeddable":true,"href":"https:\/\/staging.forenteforlag.no\/dreyers\/wp-json\/wp\/v2\/media\/24147"}],"wp:attachment":[{"href":"https:\/\/staging.forenteforlag.no\/dreyers\/wp-json\/wp\/v2\/media?parent=21485"}],"wp:term":[{"taxonomy":"product_brand","embeddable":true,"href":"https:\/\/staging.forenteforlag.no\/dreyers\/wp-json\/wp\/v2\/product_brand?post=21485"},{"taxonomy":"product_cat","embeddable":true,"href":"https:\/\/staging.forenteforlag.no\/dreyers\/wp-json\/wp\/v2\/product_cat?post=21485"},{"taxonomy":"product_tag","embeddable":true,"href":"https:\/\/staging.forenteforlag.no\/dreyers\/wp-json\/wp\/v2\/product_tag?post=21485"}],"curies":[{"name":"wp","href":"https:\/\/api.w.org\/{rel}","templated":true}]}}