{"id":21481,"date":"2009-06-02T02:00:00","date_gmt":"2009-06-02T00:00:00","guid":{"rendered":"https:\/\/dreyersforlag.forenteforlag.no\/produkt\/ostmarksguiden\/"},"modified":"2025-08-27T07:40:35","modified_gmt":"2025-08-27T05:40:35","slug":"ostmarksguiden","status":"publish","type":"product","link":"https:\/\/staging.forenteforlag.no\/dreyers\/produkt\/ostmarksguiden\/","title":{"rendered":"\u00d8stmarksguiden"},"content":{"rendered":"<p>\u00d8stmarka er et eldorado for b\u00e5de korte og lange turer. I denne inspirerende og flotte guiden finner du turbeskrivelser for hele \u00d8stmarka &#8211; fra N\u00f8klevann i vest til \u00d8yeren i \u00f8st, og Enebakk i s\u00f8r til Groruddalen i nord.        I boka loses du gjennom noen av perlene i \u00d8stmarka. Her finnes b\u00e5de krevende turer for de veltrente, toppturer, sykkelturer og familieturer. For hver tur er det informasjon om lengde, tidsforbruk og hvem turen passer for. For \u00e5 gj\u00f8re det enkelt \u00e5 finne fram har vi tegnet alle turene inn p\u00e5 oversiktlige kartutsnitt.         \u00d8stmarksguiden er din perfekte venn for \u00e5 komme deg ut i \u00d8stmarka og oppdage nye veier og stier.<\/p>\n","protected":false},"excerpt":{"rendered":"<p>\u00d8stmarka er et eldorado for b\u00e5de korte og lange turer. I denne inspirerende og flotte guiden finner du turbeskrivelser for hele \u00d8stmarka &#8211; fra N\u00f8klevann i vest til \u00d8yeren i \u00f8st, og Enebakk i s\u00f8r til Groruddalen i nord. I boka loses du gjennom noen av perlene i \u00d8stmarka. Her finnes b\u00e5de krevende turer for [&hellip;]<\/p>\n","protected":false},"featured_media":23988,"template":"","meta":{"_acf_changed":false,"inline_featured_image":false},"product_brand":[],"product_cat":[1785,37],"product_tag":[901,362,838,377,1787,1537,1520,796],"class_list":{"0":"post-21481","1":"product","2":"type-product","3":"status-publish","4":"has-post-thumbnail","6":"product_cat-fripris","7":"product_cat-oslo","8":"product_tag-byguider","9":"product_tag-faglitteratur","10":"product_tag-fotturer","11":"product_tag-oslo","12":"product_tag-reise-og-turguider","13":"product_tag-reisehandboker","14":"product_tag-sykkelturer","15":"product_tag-temareiseguider","16":"pa_format-mykperm","18":"first","19":"instock","20":"shipping-taxable","21":"purchasable","22":"product-type-simple"},"acf":{"anmeldelse":null},"yoast_head":"<!-- This site is optimized with the Yoast SEO plugin v26.6 - https:\/\/yoast.com\/wordpress\/plugins\/seo\/ -->\n<title>\u00d8stmarksguiden - Dreyers Forlag<\/title>\n<meta name=\"robots\" content=\"noindex, follow, max-snippet:-1, max-image-preview:large, max-video-preview:-1\" \/>\n<meta property=\"og:locale\" content=\"nb_NO\" \/>\n<meta property=\"og:type\" content=\"article\" \/>\n<meta property=\"og:title\" content=\"\u00d8stmarksguiden - Dreyers Forlag\" \/>\n<meta property=\"og:description\" content=\"\u00d8stmarka er et eldorado for b\u00e5de korte og lange turer. I denne inspirerende og flotte guiden finner du turbeskrivelser for hele \u00d8stmarka &#8211; fra N\u00f8klevann i vest til \u00d8yeren i \u00f8st, og Enebakk i s\u00f8r til Groruddalen i nord. I boka loses du gjennom noen av perlene i \u00d8stmarka. Her finnes b\u00e5de krevende turer for [&hellip;]\" \/>\n<meta property=\"og:url\" content=\"https:\/\/staging.forenteforlag.no\/dreyers\/produkt\/ostmarksguiden\/\" \/>\n<meta property=\"og:site_name\" content=\"Dreyers Forlag\" \/>\n<meta property=\"article:modified_time\" content=\"2025-08-27T05:40:35+00:00\" \/>\n<meta property=\"og:image\" content=\"https:\/\/staging.forenteforlag.no\/dreyers\/wp-content\/uploads\/sites\/2\/2025\/08\/jpg-5319.jpg\" \/>\n\t<meta property=\"og:image:width\" content=\"280\" \/>\n\t<meta property=\"og:image:height\" content=\"450\" \/>\n\t<meta property=\"og:image:type\" content=\"image\/jpeg\" \/>\n<meta name=\"twitter:card\" content=\"summary_large_image\" \/>\n<meta name=\"twitter:label1\" content=\"Ansl. lesetid\" \/>\n\t<meta name=\"twitter:data1\" content=\"1 minutt\" \/>\n<script type=\"application\/ld+json\" class=\"yoast-schema-graph\">{\"@context\":\"https:\/\/schema.org\",\"@graph\":[{\"@type\":\"WebPage\",\"@id\":\"https:\/\/staging.forenteforlag.no\/dreyers\/produkt\/ostmarksguiden\/\",\"url\":\"https:\/\/staging.forenteforlag.no\/dreyers\/produkt\/ostmarksguiden\/\",\"name\":\"\u00d8stmarksguiden - Dreyers Forlag\",\"isPartOf\":{\"@id\":\"https:\/\/staging.forenteforlag.no\/dreyers\/#website\"},\"primaryImageOfPage\":{\"@id\":\"https:\/\/staging.forenteforlag.no\/dreyers\/produkt\/ostmarksguiden\/#primaryimage\"},\"image\":{\"@id\":\"https:\/\/staging.forenteforlag.no\/dreyers\/produkt\/ostmarksguiden\/#primaryimage\"},\"thumbnailUrl\":\"https:\/\/staging.forenteforlag.no\/dreyers\/wp-content\/uploads\/sites\/2\/2025\/08\/jpg-5319.jpg\",\"datePublished\":\"2009-06-02T00:00:00+00:00\",\"dateModified\":\"2025-08-27T05:40:35+00:00\",\"breadcrumb\":{\"@id\":\"https:\/\/staging.forenteforlag.no\/dreyers\/produkt\/ostmarksguiden\/#breadcrumb\"},\"inLanguage\":\"nb-NO\",\"potentialAction\":[{\"@type\":\"ReadAction\",\"target\":[\"https:\/\/staging.forenteforlag.no\/dreyers\/produkt\/ostmarksguiden\/\"]}]},{\"@type\":\"ImageObject\",\"inLanguage\":\"nb-NO\",\"@id\":\"https:\/\/staging.forenteforlag.no\/dreyers\/produkt\/ostmarksguiden\/#primaryimage\",\"url\":\"https:\/\/staging.forenteforlag.no\/dreyers\/wp-content\/uploads\/sites\/2\/2025\/08\/jpg-5319.jpg\",\"contentUrl\":\"https:\/\/staging.forenteforlag.no\/dreyers\/wp-content\/uploads\/sites\/2\/2025\/08\/jpg-5319.jpg\",\"width\":280,\"height\":450},{\"@type\":\"BreadcrumbList\",\"@id\":\"https:\/\/staging.forenteforlag.no\/dreyers\/produkt\/ostmarksguiden\/#breadcrumb\",\"itemListElement\":[{\"@type\":\"ListItem\",\"position\":1,\"name\":\"Hjem\",\"item\":\"https:\/\/staging.forenteforlag.no\/dreyers\/\"},{\"@type\":\"ListItem\",\"position\":2,\"name\":\"Alle b\u00f8ker\",\"item\":\"https:\/\/staging.forenteforlag.no\/dreyers\/butikk\/\"},{\"@type\":\"ListItem\",\"position\":3,\"name\":\"\u00d8stmarksguiden\"}]},{\"@type\":\"WebSite\",\"@id\":\"https:\/\/staging.forenteforlag.no\/dreyers\/#website\",\"url\":\"https:\/\/staging.forenteforlag.no\/dreyers\/\",\"name\":\"Dreyers Forlag\",\"description\":\"\",\"potentialAction\":[{\"@type\":\"SearchAction\",\"target\":{\"@type\":\"EntryPoint\",\"urlTemplate\":\"https:\/\/staging.forenteforlag.no\/dreyers\/?s={search_term_string}\"},\"query-input\":{\"@type\":\"PropertyValueSpecification\",\"valueRequired\":true,\"valueName\":\"search_term_string\"}}],\"inLanguage\":\"nb-NO\"}]}<\/script>\n<!-- \/ Yoast SEO plugin. -->","yoast_head_json":{"title":"\u00d8stmarksguiden - Dreyers Forlag","robots":{"index":"noindex","follow":"follow","max-snippet":"max-snippet:-1","max-image-preview":"max-image-preview:large","max-video-preview":"max-video-preview:-1"},"og_locale":"nb_NO","og_type":"article","og_title":"\u00d8stmarksguiden - Dreyers Forlag","og_description":"\u00d8stmarka er et eldorado for b\u00e5de korte og lange turer. I denne inspirerende og flotte guiden finner du turbeskrivelser for hele \u00d8stmarka &#8211; fra N\u00f8klevann i vest til \u00d8yeren i \u00f8st, og Enebakk i s\u00f8r til Groruddalen i nord. I boka loses du gjennom noen av perlene i \u00d8stmarka. Her finnes b\u00e5de krevende turer for [&hellip;]","og_url":"https:\/\/staging.forenteforlag.no\/dreyers\/produkt\/ostmarksguiden\/","og_site_name":"Dreyers Forlag","article_modified_time":"2025-08-27T05:40:35+00:00","og_image":[{"width":280,"height":450,"url":"https:\/\/staging.forenteforlag.no\/dreyers\/wp-content\/uploads\/sites\/2\/2025\/08\/jpg-5319.jpg","type":"image\/jpeg"}],"twitter_card":"summary_large_image","twitter_misc":{"Ansl. lesetid":"1 minutt"},"schema":{"@context":"https:\/\/schema.org","@graph":[{"@type":"WebPage","@id":"https:\/\/staging.forenteforlag.no\/dreyers\/produkt\/ostmarksguiden\/","url":"https:\/\/staging.forenteforlag.no\/dreyers\/produkt\/ostmarksguiden\/","name":"\u00d8stmarksguiden - Dreyers Forlag","isPartOf":{"@id":"https:\/\/staging.forenteforlag.no\/dreyers\/#website"},"primaryImageOfPage":{"@id":"https:\/\/staging.forenteforlag.no\/dreyers\/produkt\/ostmarksguiden\/#primaryimage"},"image":{"@id":"https:\/\/staging.forenteforlag.no\/dreyers\/produkt\/ostmarksguiden\/#primaryimage"},"thumbnailUrl":"https:\/\/staging.forenteforlag.no\/dreyers\/wp-content\/uploads\/sites\/2\/2025\/08\/jpg-5319.jpg","datePublished":"2009-06-02T00:00:00+00:00","dateModified":"2025-08-27T05:40:35+00:00","breadcrumb":{"@id":"https:\/\/staging.forenteforlag.no\/dreyers\/produkt\/ostmarksguiden\/#breadcrumb"},"inLanguage":"nb-NO","potentialAction":[{"@type":"ReadAction","target":["https:\/\/staging.forenteforlag.no\/dreyers\/produkt\/ostmarksguiden\/"]}]},{"@type":"ImageObject","inLanguage":"nb-NO","@id":"https:\/\/staging.forenteforlag.no\/dreyers\/produkt\/ostmarksguiden\/#primaryimage","url":"https:\/\/staging.forenteforlag.no\/dreyers\/wp-content\/uploads\/sites\/2\/2025\/08\/jpg-5319.jpg","contentUrl":"https:\/\/staging.forenteforlag.no\/dreyers\/wp-content\/uploads\/sites\/2\/2025\/08\/jpg-5319.jpg","width":280,"height":450},{"@type":"BreadcrumbList","@id":"https:\/\/staging.forenteforlag.no\/dreyers\/produkt\/ostmarksguiden\/#breadcrumb","itemListElement":[{"@type":"ListItem","position":1,"name":"Hjem","item":"https:\/\/staging.forenteforlag.no\/dreyers\/"},{"@type":"ListItem","position":2,"name":"Alle b\u00f8ker","item":"https:\/\/staging.forenteforlag.no\/dreyers\/butikk\/"},{"@type":"ListItem","position":3,"name":"\u00d8stmarksguiden"}]},{"@type":"WebSite","@id":"https:\/\/staging.forenteforlag.no\/dreyers\/#website","url":"https:\/\/staging.forenteforlag.no\/dreyers\/","name":"Dreyers Forlag","description":"","potentialAction":[{"@type":"SearchAction","target":{"@type":"EntryPoint","urlTemplate":"https:\/\/staging.forenteforlag.no\/dreyers\/?s={search_term_string}"},"query-input":{"@type":"PropertyValueSpecification","valueRequired":true,"valueName":"search_term_string"}}],"inLanguage":"nb-NO"}]}},"_links":{"self":[{"href":"https:\/\/staging.forenteforlag.no\/dreyers\/wp-json\/wp\/v2\/product\/21481","targetHints":{"allow":["GET"]}}],"collection":[{"href":"https:\/\/staging.forenteforlag.no\/dreyers\/wp-json\/wp\/v2\/product"}],"about":[{"href":"https:\/\/staging.forenteforlag.no\/dreyers\/wp-json\/wp\/v2\/types\/product"}],"wp:featuredmedia":[{"embeddable":true,"href":"https:\/\/staging.forenteforlag.no\/dreyers\/wp-json\/wp\/v2\/media\/23988"}],"wp:attachment":[{"href":"https:\/\/staging.forenteforlag.no\/dreyers\/wp-json\/wp\/v2\/media?parent=21481"}],"wp:term":[{"taxonomy":"product_brand","embeddable":true,"href":"https:\/\/staging.forenteforlag.no\/dreyers\/wp-json\/wp\/v2\/product_brand?post=21481"},{"taxonomy":"product_cat","embeddable":true,"href":"https:\/\/staging.forenteforlag.no\/dreyers\/wp-json\/wp\/v2\/product_cat?post=21481"},{"taxonomy":"product_tag","embeddable":true,"href":"https:\/\/staging.forenteforlag.no\/dreyers\/wp-json\/wp\/v2\/product_tag?post=21481"}],"curies":[{"name":"wp","href":"https:\/\/api.w.org\/{rel}","templated":true}]}}