{"id":21458,"date":"2011-08-16T02:00:00","date_gmt":"2011-08-16T00:00:00","guid":{"rendered":"https:\/\/dreyersforlag.forenteforlag.no\/produkt\/nordmarka-og-hakadalen\/"},"modified":"2025-08-27T09:30:09","modified_gmt":"2025-08-27T07:30:09","slug":"nordmarka-og-hakadalen","status":"publish","type":"product","link":"https:\/\/staging.forenteforlag.no\/dreyers\/produkt\/nordmarka-og-hakadalen\/","title":{"rendered":"Nordmarka og Hakadalen"},"content":{"rendered":"<p>Denne boken inneholder mye spennende historie fra den nord\u00f8stlige delen av Nordmarka. Det er virksomheten ved Hakedals Verk som har preget dette omr\u00e5det opp gjennom tidene, f\u00f8rst som jernverk, senere som en skogs- og jordbruksbedrift. Skogen var sv\u00e6rt verdifull, og fl\u00f8ting, s\u00e6rlig gjennom J\u00e6ringsvassdraget, var viktigste utdriftsm\u00e5te, noe som er n\u00f8ye beskrevet i boken.  Det oppsto ogs\u00e5 mange grensetvister i denne delen av marka. Boken gir en grundig innf\u00f8ring i utviklingen av disse tvistene, hvor grensene g\u00e5r i dag og hvor grensemerkene fortsatt kan finnes i terrenget.<\/p>\n","protected":false},"excerpt":{"rendered":"<p>Denne boken inneholder mye spennende historie fra den nord\u00f8stlige delen av Nordmarka. Det er virksomheten ved Hakedals Verk som har preget dette omr\u00e5det opp gjennom tidene, f\u00f8rst som jernverk, senere som en skogs- og jordbruksbedrift. Skogen var sv\u00e6rt verdifull, og fl\u00f8ting, s\u00e6rlig gjennom J\u00e6ringsvassdraget, var viktigste utdriftsm\u00e5te, noe som er n\u00f8ye beskrevet i boken. Det [&hellip;]<\/p>\n","protected":false},"featured_media":24183,"template":"","meta":{"_acf_changed":false,"inline_featured_image":false},"product_brand":[],"product_cat":[1785,37],"product_tag":[684,362,525,443,377],"class_list":{"0":"post-21458","1":"product","2":"type-product","3":"status-publish","4":"has-post-thumbnail","6":"product_cat-fripris","7":"product_cat-oslo","8":"product_tag-akershus","9":"product_tag-faglitteratur","10":"product_tag-lokalhistorie","11":"product_tag-naturskildringer","12":"product_tag-oslo","13":"pa_format-innbundet","15":"first","16":"instock","17":"shipping-taxable","18":"purchasable","19":"product-type-simple"},"acf":{"anmeldelse":null},"yoast_head":"<!-- This site is optimized with the Yoast SEO plugin v26.6 - https:\/\/yoast.com\/wordpress\/plugins\/seo\/ -->\n<title>Nordmarka og Hakadalen - Dreyers Forlag<\/title>\n<meta name=\"robots\" content=\"noindex, follow, max-snippet:-1, max-image-preview:large, max-video-preview:-1\" \/>\n<meta property=\"og:locale\" content=\"nb_NO\" \/>\n<meta property=\"og:type\" content=\"article\" \/>\n<meta property=\"og:title\" content=\"Nordmarka og Hakadalen - Dreyers Forlag\" \/>\n<meta property=\"og:description\" content=\"Denne boken inneholder mye spennende historie fra den nord\u00f8stlige delen av Nordmarka. Det er virksomheten ved Hakedals Verk som har preget dette omr\u00e5det opp gjennom tidene, f\u00f8rst som jernverk, senere som en skogs- og jordbruksbedrift. Skogen var sv\u00e6rt verdifull, og fl\u00f8ting, s\u00e6rlig gjennom J\u00e6ringsvassdraget, var viktigste utdriftsm\u00e5te, noe som er n\u00f8ye beskrevet i boken. Det [&hellip;]\" \/>\n<meta property=\"og:url\" content=\"https:\/\/staging.forenteforlag.no\/dreyers\/produkt\/nordmarka-og-hakadalen\/\" \/>\n<meta property=\"og:site_name\" content=\"Dreyers Forlag\" \/>\n<meta property=\"article:modified_time\" content=\"2025-08-27T07:30:09+00:00\" \/>\n<meta property=\"og:image\" content=\"https:\/\/staging.forenteforlag.no\/dreyers\/wp-content\/uploads\/sites\/2\/2025\/08\/jpg-7069.jpg\" \/>\n\t<meta property=\"og:image:width\" content=\"406\" \/>\n\t<meta property=\"og:image:height\" content=\"449\" \/>\n\t<meta property=\"og:image:type\" content=\"image\/jpeg\" \/>\n<meta name=\"twitter:card\" content=\"summary_large_image\" \/>\n<script type=\"application\/ld+json\" class=\"yoast-schema-graph\">{\"@context\":\"https:\/\/schema.org\",\"@graph\":[{\"@type\":\"WebPage\",\"@id\":\"https:\/\/staging.forenteforlag.no\/dreyers\/produkt\/nordmarka-og-hakadalen\/\",\"url\":\"https:\/\/staging.forenteforlag.no\/dreyers\/produkt\/nordmarka-og-hakadalen\/\",\"name\":\"Nordmarka og Hakadalen - Dreyers Forlag\",\"isPartOf\":{\"@id\":\"https:\/\/staging.forenteforlag.no\/dreyers\/#website\"},\"primaryImageOfPage\":{\"@id\":\"https:\/\/staging.forenteforlag.no\/dreyers\/produkt\/nordmarka-og-hakadalen\/#primaryimage\"},\"image\":{\"@id\":\"https:\/\/staging.forenteforlag.no\/dreyers\/produkt\/nordmarka-og-hakadalen\/#primaryimage\"},\"thumbnailUrl\":\"https:\/\/staging.forenteforlag.no\/dreyers\/wp-content\/uploads\/sites\/2\/2025\/08\/jpg-7069.jpg\",\"datePublished\":\"2011-08-16T00:00:00+00:00\",\"dateModified\":\"2025-08-27T07:30:09+00:00\",\"breadcrumb\":{\"@id\":\"https:\/\/staging.forenteforlag.no\/dreyers\/produkt\/nordmarka-og-hakadalen\/#breadcrumb\"},\"inLanguage\":\"nb-NO\",\"potentialAction\":[{\"@type\":\"ReadAction\",\"target\":[\"https:\/\/staging.forenteforlag.no\/dreyers\/produkt\/nordmarka-og-hakadalen\/\"]}]},{\"@type\":\"ImageObject\",\"inLanguage\":\"nb-NO\",\"@id\":\"https:\/\/staging.forenteforlag.no\/dreyers\/produkt\/nordmarka-og-hakadalen\/#primaryimage\",\"url\":\"https:\/\/staging.forenteforlag.no\/dreyers\/wp-content\/uploads\/sites\/2\/2025\/08\/jpg-7069.jpg\",\"contentUrl\":\"https:\/\/staging.forenteforlag.no\/dreyers\/wp-content\/uploads\/sites\/2\/2025\/08\/jpg-7069.jpg\",\"width\":406,\"height\":449},{\"@type\":\"BreadcrumbList\",\"@id\":\"https:\/\/staging.forenteforlag.no\/dreyers\/produkt\/nordmarka-og-hakadalen\/#breadcrumb\",\"itemListElement\":[{\"@type\":\"ListItem\",\"position\":1,\"name\":\"Hjem\",\"item\":\"https:\/\/staging.forenteforlag.no\/dreyers\/\"},{\"@type\":\"ListItem\",\"position\":2,\"name\":\"Alle b\u00f8ker\",\"item\":\"https:\/\/staging.forenteforlag.no\/dreyers\/butikk\/\"},{\"@type\":\"ListItem\",\"position\":3,\"name\":\"Nordmarka og Hakadalen\"}]},{\"@type\":\"WebSite\",\"@id\":\"https:\/\/staging.forenteforlag.no\/dreyers\/#website\",\"url\":\"https:\/\/staging.forenteforlag.no\/dreyers\/\",\"name\":\"Dreyers Forlag\",\"description\":\"\",\"potentialAction\":[{\"@type\":\"SearchAction\",\"target\":{\"@type\":\"EntryPoint\",\"urlTemplate\":\"https:\/\/staging.forenteforlag.no\/dreyers\/?s={search_term_string}\"},\"query-input\":{\"@type\":\"PropertyValueSpecification\",\"valueRequired\":true,\"valueName\":\"search_term_string\"}}],\"inLanguage\":\"nb-NO\"}]}<\/script>\n<!-- \/ Yoast SEO plugin. -->","yoast_head_json":{"title":"Nordmarka og Hakadalen - Dreyers Forlag","robots":{"index":"noindex","follow":"follow","max-snippet":"max-snippet:-1","max-image-preview":"max-image-preview:large","max-video-preview":"max-video-preview:-1"},"og_locale":"nb_NO","og_type":"article","og_title":"Nordmarka og Hakadalen - Dreyers Forlag","og_description":"Denne boken inneholder mye spennende historie fra den nord\u00f8stlige delen av Nordmarka. Det er virksomheten ved Hakedals Verk som har preget dette omr\u00e5det opp gjennom tidene, f\u00f8rst som jernverk, senere som en skogs- og jordbruksbedrift. Skogen var sv\u00e6rt verdifull, og fl\u00f8ting, s\u00e6rlig gjennom J\u00e6ringsvassdraget, var viktigste utdriftsm\u00e5te, noe som er n\u00f8ye beskrevet i boken. Det [&hellip;]","og_url":"https:\/\/staging.forenteforlag.no\/dreyers\/produkt\/nordmarka-og-hakadalen\/","og_site_name":"Dreyers Forlag","article_modified_time":"2025-08-27T07:30:09+00:00","og_image":[{"width":406,"height":449,"url":"https:\/\/staging.forenteforlag.no\/dreyers\/wp-content\/uploads\/sites\/2\/2025\/08\/jpg-7069.jpg","type":"image\/jpeg"}],"twitter_card":"summary_large_image","schema":{"@context":"https:\/\/schema.org","@graph":[{"@type":"WebPage","@id":"https:\/\/staging.forenteforlag.no\/dreyers\/produkt\/nordmarka-og-hakadalen\/","url":"https:\/\/staging.forenteforlag.no\/dreyers\/produkt\/nordmarka-og-hakadalen\/","name":"Nordmarka og Hakadalen - Dreyers Forlag","isPartOf":{"@id":"https:\/\/staging.forenteforlag.no\/dreyers\/#website"},"primaryImageOfPage":{"@id":"https:\/\/staging.forenteforlag.no\/dreyers\/produkt\/nordmarka-og-hakadalen\/#primaryimage"},"image":{"@id":"https:\/\/staging.forenteforlag.no\/dreyers\/produkt\/nordmarka-og-hakadalen\/#primaryimage"},"thumbnailUrl":"https:\/\/staging.forenteforlag.no\/dreyers\/wp-content\/uploads\/sites\/2\/2025\/08\/jpg-7069.jpg","datePublished":"2011-08-16T00:00:00+00:00","dateModified":"2025-08-27T07:30:09+00:00","breadcrumb":{"@id":"https:\/\/staging.forenteforlag.no\/dreyers\/produkt\/nordmarka-og-hakadalen\/#breadcrumb"},"inLanguage":"nb-NO","potentialAction":[{"@type":"ReadAction","target":["https:\/\/staging.forenteforlag.no\/dreyers\/produkt\/nordmarka-og-hakadalen\/"]}]},{"@type":"ImageObject","inLanguage":"nb-NO","@id":"https:\/\/staging.forenteforlag.no\/dreyers\/produkt\/nordmarka-og-hakadalen\/#primaryimage","url":"https:\/\/staging.forenteforlag.no\/dreyers\/wp-content\/uploads\/sites\/2\/2025\/08\/jpg-7069.jpg","contentUrl":"https:\/\/staging.forenteforlag.no\/dreyers\/wp-content\/uploads\/sites\/2\/2025\/08\/jpg-7069.jpg","width":406,"height":449},{"@type":"BreadcrumbList","@id":"https:\/\/staging.forenteforlag.no\/dreyers\/produkt\/nordmarka-og-hakadalen\/#breadcrumb","itemListElement":[{"@type":"ListItem","position":1,"name":"Hjem","item":"https:\/\/staging.forenteforlag.no\/dreyers\/"},{"@type":"ListItem","position":2,"name":"Alle b\u00f8ker","item":"https:\/\/staging.forenteforlag.no\/dreyers\/butikk\/"},{"@type":"ListItem","position":3,"name":"Nordmarka og Hakadalen"}]},{"@type":"WebSite","@id":"https:\/\/staging.forenteforlag.no\/dreyers\/#website","url":"https:\/\/staging.forenteforlag.no\/dreyers\/","name":"Dreyers Forlag","description":"","potentialAction":[{"@type":"SearchAction","target":{"@type":"EntryPoint","urlTemplate":"https:\/\/staging.forenteforlag.no\/dreyers\/?s={search_term_string}"},"query-input":{"@type":"PropertyValueSpecification","valueRequired":true,"valueName":"search_term_string"}}],"inLanguage":"nb-NO"}]}},"_links":{"self":[{"href":"https:\/\/staging.forenteforlag.no\/dreyers\/wp-json\/wp\/v2\/product\/21458","targetHints":{"allow":["GET"]}}],"collection":[{"href":"https:\/\/staging.forenteforlag.no\/dreyers\/wp-json\/wp\/v2\/product"}],"about":[{"href":"https:\/\/staging.forenteforlag.no\/dreyers\/wp-json\/wp\/v2\/types\/product"}],"wp:featuredmedia":[{"embeddable":true,"href":"https:\/\/staging.forenteforlag.no\/dreyers\/wp-json\/wp\/v2\/media\/24183"}],"wp:attachment":[{"href":"https:\/\/staging.forenteforlag.no\/dreyers\/wp-json\/wp\/v2\/media?parent=21458"}],"wp:term":[{"taxonomy":"product_brand","embeddable":true,"href":"https:\/\/staging.forenteforlag.no\/dreyers\/wp-json\/wp\/v2\/product_brand?post=21458"},{"taxonomy":"product_cat","embeddable":true,"href":"https:\/\/staging.forenteforlag.no\/dreyers\/wp-json\/wp\/v2\/product_cat?post=21458"},{"taxonomy":"product_tag","embeddable":true,"href":"https:\/\/staging.forenteforlag.no\/dreyers\/wp-json\/wp\/v2\/product_tag?post=21458"}],"curies":[{"name":"wp","href":"https:\/\/api.w.org\/{rel}","templated":true}]}}