{"id":21435,"date":"2012-04-12T02:00:00","date_gmt":"2012-04-12T00:00:00","guid":{"rendered":"https:\/\/dreyersforlag.forenteforlag.no\/produkt\/52-norske-dikt\/"},"modified":"2025-09-04T14:25:34","modified_gmt":"2025-09-04T12:25:34","slug":"52-norske-dikt","status":"publish","type":"product","link":"https:\/\/staging.forenteforlag.no\/dreyers\/produkt\/52-norske-dikt\/","title":{"rendered":"52 norske dikt"},"content":{"rendered":"<p>Diktene i denne antologien er valgt ut og kommentert av professor emeritus Asbj\u00f8rn Aarnes. Diktene er av mange kjente norske lyrikere, og blir presentert kronologisk, fra 1800-tallets Welhaven og Wergeland via Hagerup, Hauge, Boyson, Skj\u00e6raasen, Kaste og \u00d8verland og s\u00e5 videre, til Synne Lea og Ronny Spaans, f\u00f8dt p\u00e5 1970-tallet. De fleste av de 52 diktene har v\u00e6rt presentert i avisen Dag og Tid, inspirert av redakt\u00f8r Svein Gjerd\u00e5ker. En sentral dikter for Aarnes har v\u00e6rt Emil Boyson, og en annen som setter Boysons dikt h\u00f8yt er maleren og vennen K\u00e5re Tveter. Derfor har diktene i denne samlingen f\u00e5tt f\u00f8lge av utvalgte bilder av K\u00e5re Tveter.<\/p>\n","protected":false},"excerpt":{"rendered":"<p>Diktene i denne antologien er valgt ut og kommentert av professor emeritus Asbj\u00f8rn Aarnes. Diktene er av mange kjente norske lyrikere, og blir presentert kronologisk, fra 1800-tallets Welhaven og Wergeland via Hagerup, Hauge, Boyson, Skj\u00e6raasen, Kaste og \u00d8verland og s\u00e5 videre, til Synne Lea og Ronny Spaans, f\u00f8dt p\u00e5 1970-tallet. De fleste av de 52 [&hellip;]<\/p>\n","protected":false},"featured_media":0,"template":"","meta":{"_acf_changed":false,"inline_featured_image":false},"product_brand":[],"product_cat":[1785,43],"product_tag":[511,1076,370],"class_list":{"0":"post-21435","1":"product","2":"type-product","3":"status-publish","5":"product_cat-fripris","6":"product_cat-lyrikk","7":"product_tag-lyrikk","8":"product_tag-prosalyrikk","9":"product_tag-skjonnlitteratur","10":"pa_format-innbundet","12":"first","13":"instock","14":"shipping-taxable","15":"purchasable","16":"product-type-simple"},"acf":{"anmeldelse":null},"yoast_head":"<!-- This site is optimized with the Yoast SEO plugin v26.6 - https:\/\/yoast.com\/wordpress\/plugins\/seo\/ -->\n<title>52 norske dikt - Dreyers Forlag<\/title>\n<meta name=\"robots\" content=\"noindex, follow, max-snippet:-1, max-image-preview:large, max-video-preview:-1\" \/>\n<meta property=\"og:locale\" content=\"nb_NO\" \/>\n<meta property=\"og:type\" content=\"article\" \/>\n<meta property=\"og:title\" content=\"52 norske dikt - Dreyers Forlag\" \/>\n<meta property=\"og:description\" content=\"Diktene i denne antologien er valgt ut og kommentert av professor emeritus Asbj\u00f8rn Aarnes. Diktene er av mange kjente norske lyrikere, og blir presentert kronologisk, fra 1800-tallets Welhaven og Wergeland via Hagerup, Hauge, Boyson, Skj\u00e6raasen, Kaste og \u00d8verland og s\u00e5 videre, til Synne Lea og Ronny Spaans, f\u00f8dt p\u00e5 1970-tallet. De fleste av de 52 [&hellip;]\" \/>\n<meta property=\"og:url\" content=\"https:\/\/staging.forenteforlag.no\/dreyers\/produkt\/52-norske-dikt\/\" \/>\n<meta property=\"og:site_name\" content=\"Dreyers Forlag\" \/>\n<meta property=\"article:modified_time\" content=\"2025-09-04T12:25:34+00:00\" \/>\n<meta property=\"og:image\" content=\"https:\/\/staging.forenteforlag.no\/dreyers\/wp-content\/uploads\/sites\/2\/2025\/02\/dreyers-hvit.jpg\" \/>\n\t<meta property=\"og:image:width\" content=\"1200\" \/>\n\t<meta property=\"og:image:height\" content=\"800\" \/>\n\t<meta property=\"og:image:type\" content=\"image\/jpeg\" \/>\n<meta name=\"twitter:card\" content=\"summary_large_image\" \/>\n<meta name=\"twitter:label1\" content=\"Ansl. lesetid\" \/>\n\t<meta name=\"twitter:data1\" content=\"1 minutt\" \/>\n<script type=\"application\/ld+json\" class=\"yoast-schema-graph\">{\"@context\":\"https:\/\/schema.org\",\"@graph\":[{\"@type\":\"WebPage\",\"@id\":\"https:\/\/staging.forenteforlag.no\/dreyers\/produkt\/52-norske-dikt\/\",\"url\":\"https:\/\/staging.forenteforlag.no\/dreyers\/produkt\/52-norske-dikt\/\",\"name\":\"52 norske dikt - Dreyers Forlag\",\"isPartOf\":{\"@id\":\"https:\/\/staging.forenteforlag.no\/dreyers\/#website\"},\"datePublished\":\"2012-04-12T00:00:00+00:00\",\"dateModified\":\"2025-09-04T12:25:34+00:00\",\"breadcrumb\":{\"@id\":\"https:\/\/staging.forenteforlag.no\/dreyers\/produkt\/52-norske-dikt\/#breadcrumb\"},\"inLanguage\":\"nb-NO\",\"potentialAction\":[{\"@type\":\"ReadAction\",\"target\":[\"https:\/\/staging.forenteforlag.no\/dreyers\/produkt\/52-norske-dikt\/\"]}]},{\"@type\":\"BreadcrumbList\",\"@id\":\"https:\/\/staging.forenteforlag.no\/dreyers\/produkt\/52-norske-dikt\/#breadcrumb\",\"itemListElement\":[{\"@type\":\"ListItem\",\"position\":1,\"name\":\"Hjem\",\"item\":\"https:\/\/staging.forenteforlag.no\/dreyers\/\"},{\"@type\":\"ListItem\",\"position\":2,\"name\":\"Alle b\u00f8ker\",\"item\":\"https:\/\/staging.forenteforlag.no\/dreyers\/butikk\/\"},{\"@type\":\"ListItem\",\"position\":3,\"name\":\"52 norske dikt\"}]},{\"@type\":\"WebSite\",\"@id\":\"https:\/\/staging.forenteforlag.no\/dreyers\/#website\",\"url\":\"https:\/\/staging.forenteforlag.no\/dreyers\/\",\"name\":\"Dreyers Forlag\",\"description\":\"\",\"potentialAction\":[{\"@type\":\"SearchAction\",\"target\":{\"@type\":\"EntryPoint\",\"urlTemplate\":\"https:\/\/staging.forenteforlag.no\/dreyers\/?s={search_term_string}\"},\"query-input\":{\"@type\":\"PropertyValueSpecification\",\"valueRequired\":true,\"valueName\":\"search_term_string\"}}],\"inLanguage\":\"nb-NO\"}]}<\/script>\n<!-- \/ Yoast SEO plugin. -->","yoast_head_json":{"title":"52 norske dikt - Dreyers Forlag","robots":{"index":"noindex","follow":"follow","max-snippet":"max-snippet:-1","max-image-preview":"max-image-preview:large","max-video-preview":"max-video-preview:-1"},"og_locale":"nb_NO","og_type":"article","og_title":"52 norske dikt - Dreyers Forlag","og_description":"Diktene i denne antologien er valgt ut og kommentert av professor emeritus Asbj\u00f8rn Aarnes. Diktene er av mange kjente norske lyrikere, og blir presentert kronologisk, fra 1800-tallets Welhaven og Wergeland via Hagerup, Hauge, Boyson, Skj\u00e6raasen, Kaste og \u00d8verland og s\u00e5 videre, til Synne Lea og Ronny Spaans, f\u00f8dt p\u00e5 1970-tallet. De fleste av de 52 [&hellip;]","og_url":"https:\/\/staging.forenteforlag.no\/dreyers\/produkt\/52-norske-dikt\/","og_site_name":"Dreyers Forlag","article_modified_time":"2025-09-04T12:25:34+00:00","og_image":[{"width":1200,"height":800,"url":"https:\/\/staging.forenteforlag.no\/dreyers\/wp-content\/uploads\/sites\/2\/2025\/02\/dreyers-hvit.jpg","type":"image\/jpeg"}],"twitter_card":"summary_large_image","twitter_misc":{"Ansl. lesetid":"1 minutt"},"schema":{"@context":"https:\/\/schema.org","@graph":[{"@type":"WebPage","@id":"https:\/\/staging.forenteforlag.no\/dreyers\/produkt\/52-norske-dikt\/","url":"https:\/\/staging.forenteforlag.no\/dreyers\/produkt\/52-norske-dikt\/","name":"52 norske dikt - Dreyers Forlag","isPartOf":{"@id":"https:\/\/staging.forenteforlag.no\/dreyers\/#website"},"datePublished":"2012-04-12T00:00:00+00:00","dateModified":"2025-09-04T12:25:34+00:00","breadcrumb":{"@id":"https:\/\/staging.forenteforlag.no\/dreyers\/produkt\/52-norske-dikt\/#breadcrumb"},"inLanguage":"nb-NO","potentialAction":[{"@type":"ReadAction","target":["https:\/\/staging.forenteforlag.no\/dreyers\/produkt\/52-norske-dikt\/"]}]},{"@type":"BreadcrumbList","@id":"https:\/\/staging.forenteforlag.no\/dreyers\/produkt\/52-norske-dikt\/#breadcrumb","itemListElement":[{"@type":"ListItem","position":1,"name":"Hjem","item":"https:\/\/staging.forenteforlag.no\/dreyers\/"},{"@type":"ListItem","position":2,"name":"Alle b\u00f8ker","item":"https:\/\/staging.forenteforlag.no\/dreyers\/butikk\/"},{"@type":"ListItem","position":3,"name":"52 norske dikt"}]},{"@type":"WebSite","@id":"https:\/\/staging.forenteforlag.no\/dreyers\/#website","url":"https:\/\/staging.forenteforlag.no\/dreyers\/","name":"Dreyers Forlag","description":"","potentialAction":[{"@type":"SearchAction","target":{"@type":"EntryPoint","urlTemplate":"https:\/\/staging.forenteforlag.no\/dreyers\/?s={search_term_string}"},"query-input":{"@type":"PropertyValueSpecification","valueRequired":true,"valueName":"search_term_string"}}],"inLanguage":"nb-NO"}]}},"_links":{"self":[{"href":"https:\/\/staging.forenteforlag.no\/dreyers\/wp-json\/wp\/v2\/product\/21435","targetHints":{"allow":["GET"]}}],"collection":[{"href":"https:\/\/staging.forenteforlag.no\/dreyers\/wp-json\/wp\/v2\/product"}],"about":[{"href":"https:\/\/staging.forenteforlag.no\/dreyers\/wp-json\/wp\/v2\/types\/product"}],"wp:attachment":[{"href":"https:\/\/staging.forenteforlag.no\/dreyers\/wp-json\/wp\/v2\/media?parent=21435"}],"wp:term":[{"taxonomy":"product_brand","embeddable":true,"href":"https:\/\/staging.forenteforlag.no\/dreyers\/wp-json\/wp\/v2\/product_brand?post=21435"},{"taxonomy":"product_cat","embeddable":true,"href":"https:\/\/staging.forenteforlag.no\/dreyers\/wp-json\/wp\/v2\/product_cat?post=21435"},{"taxonomy":"product_tag","embeddable":true,"href":"https:\/\/staging.forenteforlag.no\/dreyers\/wp-json\/wp\/v2\/product_tag?post=21435"}],"curies":[{"name":"wp","href":"https:\/\/api.w.org\/{rel}","templated":true}]}}