{"id":21428,"date":"2012-05-21T02:00:00","date_gmt":"2012-05-21T00:00:00","guid":{"rendered":"https:\/\/dreyersforlag.forenteforlag.no\/produkt\/sicilia\/"},"modified":"2025-09-05T09:28:15","modified_gmt":"2025-09-05T07:28:15","slug":"sicilia","status":"publish","type":"product","link":"https:\/\/staging.forenteforlag.no\/dreyers\/produkt\/sicilia\/","title":{"rendered":"Sicilia"},"content":{"rendered":"<p>Sicilia er en \u00f8y med sterke kontraster og g\u00e5tefulle motsetninger. \u00d8ya b\u00e6rer minner om mer enn tre tusen \u00e5rs menneskelig skaperkraft og maktkamper. Her har ur-sicilianere, f\u00f8nikere, grekere, romere, vandaler, gotere, arabere, normannere, spanjoler, franskmenn og italienere satt synlige spor i arkitektur, gastronomi og kultur. Her finns ogs\u00e5 alle varianter av naturens undere og ubarmhjertighet, fra uendelig gavmildhet og skj\u00f8nnhet til brutale og livsfarlige krefter. Den erfarne reisejournalisten Lise Foss tar oss i denne boka med p\u00e5 spennende vandring gjennom Sicilias dramatiske natur og historie. Turguiden for den som vil oppleve det ekte Sicilia.<\/p>\n","protected":false},"excerpt":{"rendered":"<p>Sicilia er en \u00f8y med sterke kontraster og g\u00e5tefulle motsetninger. \u00d8ya b\u00e6rer minner om mer enn tre tusen \u00e5rs menneskelig skaperkraft og maktkamper. Her har ur-sicilianere, f\u00f8nikere, grekere, romere, vandaler, gotere, arabere, normannere, spanjoler, franskmenn og italienere satt synlige spor i arkitektur, gastronomi og kultur. Her finns ogs\u00e5 alle varianter av naturens undere og ubarmhjertighet, [&hellip;]<\/p>\n","protected":false},"featured_media":24060,"template":"","meta":{"_acf_changed":false,"inline_featured_image":false},"product_brand":[],"product_cat":[1785,30],"product_tag":[901,362,838,650,1787,1537,796],"class_list":{"0":"post-21428","1":"product","2":"type-product","3":"status-publish","4":"has-post-thumbnail","6":"product_cat-fripris","7":"product_cat-reise-og-geografi","8":"product_tag-byguider","9":"product_tag-faglitteratur","10":"product_tag-fotturer","11":"product_tag-italia","12":"product_tag-reise-og-turguider","13":"product_tag-reisehandboker","14":"product_tag-temareiseguider","15":"pa_format-mykperm","17":"first","18":"instock","19":"shipping-taxable","20":"purchasable","21":"product-type-simple"},"acf":{"anmeldelse":null},"yoast_head":"<!-- This site is optimized with the Yoast SEO plugin v26.6 - https:\/\/yoast.com\/wordpress\/plugins\/seo\/ -->\n<title>Sicilia - Dreyers Forlag<\/title>\n<meta name=\"robots\" content=\"noindex, follow, max-snippet:-1, max-image-preview:large, max-video-preview:-1\" \/>\n<meta property=\"og:locale\" content=\"nb_NO\" \/>\n<meta property=\"og:type\" content=\"article\" \/>\n<meta property=\"og:title\" content=\"Sicilia - Dreyers Forlag\" \/>\n<meta property=\"og:description\" content=\"Sicilia er en \u00f8y med sterke kontraster og g\u00e5tefulle motsetninger. \u00d8ya b\u00e6rer minner om mer enn tre tusen \u00e5rs menneskelig skaperkraft og maktkamper. Her har ur-sicilianere, f\u00f8nikere, grekere, romere, vandaler, gotere, arabere, normannere, spanjoler, franskmenn og italienere satt synlige spor i arkitektur, gastronomi og kultur. Her finns ogs\u00e5 alle varianter av naturens undere og ubarmhjertighet, [&hellip;]\" \/>\n<meta property=\"og:url\" content=\"https:\/\/staging.forenteforlag.no\/dreyers\/produkt\/sicilia\/\" \/>\n<meta property=\"og:site_name\" content=\"Dreyers Forlag\" \/>\n<meta property=\"article:modified_time\" content=\"2025-09-05T07:28:15+00:00\" \/>\n<meta property=\"og:image\" content=\"https:\/\/staging.forenteforlag.no\/dreyers\/wp-content\/uploads\/sites\/2\/2025\/08\/jpg-5897.jpg\" \/>\n\t<meta property=\"og:image:width\" content=\"277\" \/>\n\t<meta property=\"og:image:height\" content=\"449\" \/>\n\t<meta property=\"og:image:type\" content=\"image\/jpeg\" \/>\n<meta name=\"twitter:card\" content=\"summary_large_image\" \/>\n<script type=\"application\/ld+json\" class=\"yoast-schema-graph\">{\"@context\":\"https:\/\/schema.org\",\"@graph\":[{\"@type\":\"WebPage\",\"@id\":\"https:\/\/staging.forenteforlag.no\/dreyers\/produkt\/sicilia\/\",\"url\":\"https:\/\/staging.forenteforlag.no\/dreyers\/produkt\/sicilia\/\",\"name\":\"Sicilia - Dreyers Forlag\",\"isPartOf\":{\"@id\":\"https:\/\/staging.forenteforlag.no\/dreyers\/#website\"},\"primaryImageOfPage\":{\"@id\":\"https:\/\/staging.forenteforlag.no\/dreyers\/produkt\/sicilia\/#primaryimage\"},\"image\":{\"@id\":\"https:\/\/staging.forenteforlag.no\/dreyers\/produkt\/sicilia\/#primaryimage\"},\"thumbnailUrl\":\"https:\/\/staging.forenteforlag.no\/dreyers\/wp-content\/uploads\/sites\/2\/2025\/08\/jpg-5897.jpg\",\"datePublished\":\"2012-05-21T00:00:00+00:00\",\"dateModified\":\"2025-09-05T07:28:15+00:00\",\"breadcrumb\":{\"@id\":\"https:\/\/staging.forenteforlag.no\/dreyers\/produkt\/sicilia\/#breadcrumb\"},\"inLanguage\":\"nb-NO\",\"potentialAction\":[{\"@type\":\"ReadAction\",\"target\":[\"https:\/\/staging.forenteforlag.no\/dreyers\/produkt\/sicilia\/\"]}]},{\"@type\":\"ImageObject\",\"inLanguage\":\"nb-NO\",\"@id\":\"https:\/\/staging.forenteforlag.no\/dreyers\/produkt\/sicilia\/#primaryimage\",\"url\":\"https:\/\/staging.forenteforlag.no\/dreyers\/wp-content\/uploads\/sites\/2\/2025\/08\/jpg-5897.jpg\",\"contentUrl\":\"https:\/\/staging.forenteforlag.no\/dreyers\/wp-content\/uploads\/sites\/2\/2025\/08\/jpg-5897.jpg\",\"width\":277,\"height\":449},{\"@type\":\"BreadcrumbList\",\"@id\":\"https:\/\/staging.forenteforlag.no\/dreyers\/produkt\/sicilia\/#breadcrumb\",\"itemListElement\":[{\"@type\":\"ListItem\",\"position\":1,\"name\":\"Hjem\",\"item\":\"https:\/\/staging.forenteforlag.no\/dreyers\/\"},{\"@type\":\"ListItem\",\"position\":2,\"name\":\"Alle b\u00f8ker\",\"item\":\"https:\/\/staging.forenteforlag.no\/dreyers\/butikk\/\"},{\"@type\":\"ListItem\",\"position\":3,\"name\":\"Sicilia\"}]},{\"@type\":\"WebSite\",\"@id\":\"https:\/\/staging.forenteforlag.no\/dreyers\/#website\",\"url\":\"https:\/\/staging.forenteforlag.no\/dreyers\/\",\"name\":\"Dreyers Forlag\",\"description\":\"\",\"potentialAction\":[{\"@type\":\"SearchAction\",\"target\":{\"@type\":\"EntryPoint\",\"urlTemplate\":\"https:\/\/staging.forenteforlag.no\/dreyers\/?s={search_term_string}\"},\"query-input\":{\"@type\":\"PropertyValueSpecification\",\"valueRequired\":true,\"valueName\":\"search_term_string\"}}],\"inLanguage\":\"nb-NO\"}]}<\/script>\n<!-- \/ Yoast SEO plugin. -->","yoast_head_json":{"title":"Sicilia - Dreyers Forlag","robots":{"index":"noindex","follow":"follow","max-snippet":"max-snippet:-1","max-image-preview":"max-image-preview:large","max-video-preview":"max-video-preview:-1"},"og_locale":"nb_NO","og_type":"article","og_title":"Sicilia - Dreyers Forlag","og_description":"Sicilia er en \u00f8y med sterke kontraster og g\u00e5tefulle motsetninger. \u00d8ya b\u00e6rer minner om mer enn tre tusen \u00e5rs menneskelig skaperkraft og maktkamper. Her har ur-sicilianere, f\u00f8nikere, grekere, romere, vandaler, gotere, arabere, normannere, spanjoler, franskmenn og italienere satt synlige spor i arkitektur, gastronomi og kultur. Her finns ogs\u00e5 alle varianter av naturens undere og ubarmhjertighet, [&hellip;]","og_url":"https:\/\/staging.forenteforlag.no\/dreyers\/produkt\/sicilia\/","og_site_name":"Dreyers Forlag","article_modified_time":"2025-09-05T07:28:15+00:00","og_image":[{"width":277,"height":449,"url":"https:\/\/staging.forenteforlag.no\/dreyers\/wp-content\/uploads\/sites\/2\/2025\/08\/jpg-5897.jpg","type":"image\/jpeg"}],"twitter_card":"summary_large_image","schema":{"@context":"https:\/\/schema.org","@graph":[{"@type":"WebPage","@id":"https:\/\/staging.forenteforlag.no\/dreyers\/produkt\/sicilia\/","url":"https:\/\/staging.forenteforlag.no\/dreyers\/produkt\/sicilia\/","name":"Sicilia - Dreyers Forlag","isPartOf":{"@id":"https:\/\/staging.forenteforlag.no\/dreyers\/#website"},"primaryImageOfPage":{"@id":"https:\/\/staging.forenteforlag.no\/dreyers\/produkt\/sicilia\/#primaryimage"},"image":{"@id":"https:\/\/staging.forenteforlag.no\/dreyers\/produkt\/sicilia\/#primaryimage"},"thumbnailUrl":"https:\/\/staging.forenteforlag.no\/dreyers\/wp-content\/uploads\/sites\/2\/2025\/08\/jpg-5897.jpg","datePublished":"2012-05-21T00:00:00+00:00","dateModified":"2025-09-05T07:28:15+00:00","breadcrumb":{"@id":"https:\/\/staging.forenteforlag.no\/dreyers\/produkt\/sicilia\/#breadcrumb"},"inLanguage":"nb-NO","potentialAction":[{"@type":"ReadAction","target":["https:\/\/staging.forenteforlag.no\/dreyers\/produkt\/sicilia\/"]}]},{"@type":"ImageObject","inLanguage":"nb-NO","@id":"https:\/\/staging.forenteforlag.no\/dreyers\/produkt\/sicilia\/#primaryimage","url":"https:\/\/staging.forenteforlag.no\/dreyers\/wp-content\/uploads\/sites\/2\/2025\/08\/jpg-5897.jpg","contentUrl":"https:\/\/staging.forenteforlag.no\/dreyers\/wp-content\/uploads\/sites\/2\/2025\/08\/jpg-5897.jpg","width":277,"height":449},{"@type":"BreadcrumbList","@id":"https:\/\/staging.forenteforlag.no\/dreyers\/produkt\/sicilia\/#breadcrumb","itemListElement":[{"@type":"ListItem","position":1,"name":"Hjem","item":"https:\/\/staging.forenteforlag.no\/dreyers\/"},{"@type":"ListItem","position":2,"name":"Alle b\u00f8ker","item":"https:\/\/staging.forenteforlag.no\/dreyers\/butikk\/"},{"@type":"ListItem","position":3,"name":"Sicilia"}]},{"@type":"WebSite","@id":"https:\/\/staging.forenteforlag.no\/dreyers\/#website","url":"https:\/\/staging.forenteforlag.no\/dreyers\/","name":"Dreyers Forlag","description":"","potentialAction":[{"@type":"SearchAction","target":{"@type":"EntryPoint","urlTemplate":"https:\/\/staging.forenteforlag.no\/dreyers\/?s={search_term_string}"},"query-input":{"@type":"PropertyValueSpecification","valueRequired":true,"valueName":"search_term_string"}}],"inLanguage":"nb-NO"}]}},"_links":{"self":[{"href":"https:\/\/staging.forenteforlag.no\/dreyers\/wp-json\/wp\/v2\/product\/21428","targetHints":{"allow":["GET"]}}],"collection":[{"href":"https:\/\/staging.forenteforlag.no\/dreyers\/wp-json\/wp\/v2\/product"}],"about":[{"href":"https:\/\/staging.forenteforlag.no\/dreyers\/wp-json\/wp\/v2\/types\/product"}],"wp:featuredmedia":[{"embeddable":true,"href":"https:\/\/staging.forenteforlag.no\/dreyers\/wp-json\/wp\/v2\/media\/24060"}],"wp:attachment":[{"href":"https:\/\/staging.forenteforlag.no\/dreyers\/wp-json\/wp\/v2\/media?parent=21428"}],"wp:term":[{"taxonomy":"product_brand","embeddable":true,"href":"https:\/\/staging.forenteforlag.no\/dreyers\/wp-json\/wp\/v2\/product_brand?post=21428"},{"taxonomy":"product_cat","embeddable":true,"href":"https:\/\/staging.forenteforlag.no\/dreyers\/wp-json\/wp\/v2\/product_cat?post=21428"},{"taxonomy":"product_tag","embeddable":true,"href":"https:\/\/staging.forenteforlag.no\/dreyers\/wp-json\/wp\/v2\/product_tag?post=21428"}],"curies":[{"name":"wp","href":"https:\/\/api.w.org\/{rel}","templated":true}]}}