{"id":21405,"date":"2013-05-14T02:00:00","date_gmt":"2013-05-14T00:00:00","guid":{"rendered":"https:\/\/dreyersforlag.forenteforlag.no\/produkt\/nordmarka-2\/"},"modified":"2025-08-27T07:45:24","modified_gmt":"2025-08-27T05:45:24","slug":"nordmarka-2","status":"publish","type":"product","link":"https:\/\/staging.forenteforlag.no\/dreyers\/produkt\/nordmarka-2\/","title":{"rendered":"Nordmarka"},"content":{"rendered":"<p>Nordmarka har et sammensatt og rikt biologisk milj\u00f8. I denne boka blir du kjent med omr\u00e5dets geologi, klima og vannveier foruten dets flora og fauna i alle aspekter fra sopp og blomster til insekter, fisk og fugler. Kunnskap vil alltid forsterke naturopplevelsen, og ved \u00e5 bryte litt p\u00e5 ditt vanlige vandringsm\u00f8nster, venter nye opplevelser, ofte i forbausende kort avstand fra allfarvei og stier der de andre g\u00e5r. Nordmarka er ogs\u00e5 en naturressurs, og boka beskriver hvordan Marka har v\u00e6rt utnyttet til gruvedrift, kullbrenning og t\u00f8mmerproduksjon og som vann- og str\u00f8mkilde, foruten til setring, jakt og fiske. Boka avsluttes med kapitler om hvem som eier Marka og hvordan den ble kartlagt. Det er ogs\u00e5 beskrivelser med kart over alle naturreservatene i omr\u00e5det, det v\u00e6re seg private, kommunale eller statlige.<\/p>\n","protected":false},"excerpt":{"rendered":"<p>Nordmarka har et sammensatt og rikt biologisk milj\u00f8. I denne boka blir du kjent med omr\u00e5dets geologi, klima og vannveier foruten dets flora og fauna i alle aspekter fra sopp og blomster til insekter, fisk og fugler. Kunnskap vil alltid forsterke naturopplevelsen, og ved \u00e5 bryte litt p\u00e5 ditt vanlige vandringsm\u00f8nster, venter nye opplevelser, ofte [&hellip;]<\/p>\n","protected":false},"featured_media":24003,"template":"","meta":{"_acf_changed":false,"inline_featured_image":false},"product_brand":[],"product_cat":[29,37],"product_tag":[684,1493,862,362,723,1571,525,851,377,1618],"class_list":{"0":"post-21405","1":"product","2":"type-product","3":"status-publish","4":"has-post-thumbnail","6":"product_cat-natur-friluftsliv-og-sport","7":"product_cat-oslo","8":"product_tag-akershus","9":"product_tag-botanikk","10":"product_tag-buskerud","11":"product_tag-faglitteratur","12":"product_tag-friluftsliv","13":"product_tag-geologi","14":"product_tag-lokalhistorie","15":"product_tag-oppland","16":"product_tag-oslo","17":"product_tag-vegetasjonsomrader","18":"pa_format-innbundet","20":"first","21":"outofstock","22":"shipping-taxable","23":"purchasable","24":"product-type-simple"},"acf":{"anmeldelse":null},"yoast_head":"<!-- This site is optimized with the Yoast SEO plugin v26.6 - https:\/\/yoast.com\/wordpress\/plugins\/seo\/ -->\n<title>Nordmarka - Dreyers Forlag<\/title>\n<meta name=\"robots\" content=\"noindex, follow, max-snippet:-1, max-image-preview:large, max-video-preview:-1\" \/>\n<meta property=\"og:locale\" content=\"nb_NO\" \/>\n<meta property=\"og:type\" content=\"article\" \/>\n<meta property=\"og:title\" content=\"Nordmarka - Dreyers Forlag\" \/>\n<meta property=\"og:description\" content=\"Nordmarka har et sammensatt og rikt biologisk milj\u00f8. I denne boka blir du kjent med omr\u00e5dets geologi, klima og vannveier foruten dets flora og fauna i alle aspekter fra sopp og blomster til insekter, fisk og fugler. Kunnskap vil alltid forsterke naturopplevelsen, og ved \u00e5 bryte litt p\u00e5 ditt vanlige vandringsm\u00f8nster, venter nye opplevelser, ofte [&hellip;]\" \/>\n<meta property=\"og:url\" content=\"https:\/\/staging.forenteforlag.no\/dreyers\/produkt\/nordmarka-2\/\" \/>\n<meta property=\"og:site_name\" content=\"Dreyers Forlag\" \/>\n<meta property=\"article:modified_time\" content=\"2025-08-27T05:45:24+00:00\" \/>\n<meta property=\"og:image\" content=\"https:\/\/staging.forenteforlag.no\/dreyers\/wp-content\/uploads\/sites\/2\/2025\/08\/jpg-5401.jpg\" \/>\n\t<meta property=\"og:image:width\" content=\"462\" \/>\n\t<meta property=\"og:image:height\" content=\"449\" \/>\n\t<meta property=\"og:image:type\" content=\"image\/jpeg\" \/>\n<meta name=\"twitter:card\" content=\"summary_large_image\" \/>\n<meta name=\"twitter:label1\" content=\"Ansl. lesetid\" \/>\n\t<meta name=\"twitter:data1\" content=\"1 minutt\" \/>\n<script type=\"application\/ld+json\" class=\"yoast-schema-graph\">{\"@context\":\"https:\/\/schema.org\",\"@graph\":[{\"@type\":\"WebPage\",\"@id\":\"https:\/\/staging.forenteforlag.no\/dreyers\/produkt\/nordmarka-2\/\",\"url\":\"https:\/\/staging.forenteforlag.no\/dreyers\/produkt\/nordmarka-2\/\",\"name\":\"Nordmarka - Dreyers Forlag\",\"isPartOf\":{\"@id\":\"https:\/\/staging.forenteforlag.no\/dreyers\/#website\"},\"primaryImageOfPage\":{\"@id\":\"https:\/\/staging.forenteforlag.no\/dreyers\/produkt\/nordmarka-2\/#primaryimage\"},\"image\":{\"@id\":\"https:\/\/staging.forenteforlag.no\/dreyers\/produkt\/nordmarka-2\/#primaryimage\"},\"thumbnailUrl\":\"https:\/\/staging.forenteforlag.no\/dreyers\/wp-content\/uploads\/sites\/2\/2025\/08\/jpg-5401.jpg\",\"datePublished\":\"2013-05-14T00:00:00+00:00\",\"dateModified\":\"2025-08-27T05:45:24+00:00\",\"breadcrumb\":{\"@id\":\"https:\/\/staging.forenteforlag.no\/dreyers\/produkt\/nordmarka-2\/#breadcrumb\"},\"inLanguage\":\"nb-NO\",\"potentialAction\":[{\"@type\":\"ReadAction\",\"target\":[\"https:\/\/staging.forenteforlag.no\/dreyers\/produkt\/nordmarka-2\/\"]}]},{\"@type\":\"ImageObject\",\"inLanguage\":\"nb-NO\",\"@id\":\"https:\/\/staging.forenteforlag.no\/dreyers\/produkt\/nordmarka-2\/#primaryimage\",\"url\":\"https:\/\/staging.forenteforlag.no\/dreyers\/wp-content\/uploads\/sites\/2\/2025\/08\/jpg-5401.jpg\",\"contentUrl\":\"https:\/\/staging.forenteforlag.no\/dreyers\/wp-content\/uploads\/sites\/2\/2025\/08\/jpg-5401.jpg\",\"width\":462,\"height\":449},{\"@type\":\"BreadcrumbList\",\"@id\":\"https:\/\/staging.forenteforlag.no\/dreyers\/produkt\/nordmarka-2\/#breadcrumb\",\"itemListElement\":[{\"@type\":\"ListItem\",\"position\":1,\"name\":\"Hjem\",\"item\":\"https:\/\/staging.forenteforlag.no\/dreyers\/\"},{\"@type\":\"ListItem\",\"position\":2,\"name\":\"Alle b\u00f8ker\",\"item\":\"https:\/\/staging.forenteforlag.no\/dreyers\/butikk\/\"},{\"@type\":\"ListItem\",\"position\":3,\"name\":\"Nordmarka\"}]},{\"@type\":\"WebSite\",\"@id\":\"https:\/\/staging.forenteforlag.no\/dreyers\/#website\",\"url\":\"https:\/\/staging.forenteforlag.no\/dreyers\/\",\"name\":\"Dreyers Forlag\",\"description\":\"\",\"potentialAction\":[{\"@type\":\"SearchAction\",\"target\":{\"@type\":\"EntryPoint\",\"urlTemplate\":\"https:\/\/staging.forenteforlag.no\/dreyers\/?s={search_term_string}\"},\"query-input\":{\"@type\":\"PropertyValueSpecification\",\"valueRequired\":true,\"valueName\":\"search_term_string\"}}],\"inLanguage\":\"nb-NO\"}]}<\/script>\n<!-- \/ Yoast SEO plugin. -->","yoast_head_json":{"title":"Nordmarka - Dreyers Forlag","robots":{"index":"noindex","follow":"follow","max-snippet":"max-snippet:-1","max-image-preview":"max-image-preview:large","max-video-preview":"max-video-preview:-1"},"og_locale":"nb_NO","og_type":"article","og_title":"Nordmarka - Dreyers Forlag","og_description":"Nordmarka har et sammensatt og rikt biologisk milj\u00f8. I denne boka blir du kjent med omr\u00e5dets geologi, klima og vannveier foruten dets flora og fauna i alle aspekter fra sopp og blomster til insekter, fisk og fugler. Kunnskap vil alltid forsterke naturopplevelsen, og ved \u00e5 bryte litt p\u00e5 ditt vanlige vandringsm\u00f8nster, venter nye opplevelser, ofte [&hellip;]","og_url":"https:\/\/staging.forenteforlag.no\/dreyers\/produkt\/nordmarka-2\/","og_site_name":"Dreyers Forlag","article_modified_time":"2025-08-27T05:45:24+00:00","og_image":[{"width":462,"height":449,"url":"https:\/\/staging.forenteforlag.no\/dreyers\/wp-content\/uploads\/sites\/2\/2025\/08\/jpg-5401.jpg","type":"image\/jpeg"}],"twitter_card":"summary_large_image","twitter_misc":{"Ansl. lesetid":"1 minutt"},"schema":{"@context":"https:\/\/schema.org","@graph":[{"@type":"WebPage","@id":"https:\/\/staging.forenteforlag.no\/dreyers\/produkt\/nordmarka-2\/","url":"https:\/\/staging.forenteforlag.no\/dreyers\/produkt\/nordmarka-2\/","name":"Nordmarka - Dreyers Forlag","isPartOf":{"@id":"https:\/\/staging.forenteforlag.no\/dreyers\/#website"},"primaryImageOfPage":{"@id":"https:\/\/staging.forenteforlag.no\/dreyers\/produkt\/nordmarka-2\/#primaryimage"},"image":{"@id":"https:\/\/staging.forenteforlag.no\/dreyers\/produkt\/nordmarka-2\/#primaryimage"},"thumbnailUrl":"https:\/\/staging.forenteforlag.no\/dreyers\/wp-content\/uploads\/sites\/2\/2025\/08\/jpg-5401.jpg","datePublished":"2013-05-14T00:00:00+00:00","dateModified":"2025-08-27T05:45:24+00:00","breadcrumb":{"@id":"https:\/\/staging.forenteforlag.no\/dreyers\/produkt\/nordmarka-2\/#breadcrumb"},"inLanguage":"nb-NO","potentialAction":[{"@type":"ReadAction","target":["https:\/\/staging.forenteforlag.no\/dreyers\/produkt\/nordmarka-2\/"]}]},{"@type":"ImageObject","inLanguage":"nb-NO","@id":"https:\/\/staging.forenteforlag.no\/dreyers\/produkt\/nordmarka-2\/#primaryimage","url":"https:\/\/staging.forenteforlag.no\/dreyers\/wp-content\/uploads\/sites\/2\/2025\/08\/jpg-5401.jpg","contentUrl":"https:\/\/staging.forenteforlag.no\/dreyers\/wp-content\/uploads\/sites\/2\/2025\/08\/jpg-5401.jpg","width":462,"height":449},{"@type":"BreadcrumbList","@id":"https:\/\/staging.forenteforlag.no\/dreyers\/produkt\/nordmarka-2\/#breadcrumb","itemListElement":[{"@type":"ListItem","position":1,"name":"Hjem","item":"https:\/\/staging.forenteforlag.no\/dreyers\/"},{"@type":"ListItem","position":2,"name":"Alle b\u00f8ker","item":"https:\/\/staging.forenteforlag.no\/dreyers\/butikk\/"},{"@type":"ListItem","position":3,"name":"Nordmarka"}]},{"@type":"WebSite","@id":"https:\/\/staging.forenteforlag.no\/dreyers\/#website","url":"https:\/\/staging.forenteforlag.no\/dreyers\/","name":"Dreyers Forlag","description":"","potentialAction":[{"@type":"SearchAction","target":{"@type":"EntryPoint","urlTemplate":"https:\/\/staging.forenteforlag.no\/dreyers\/?s={search_term_string}"},"query-input":{"@type":"PropertyValueSpecification","valueRequired":true,"valueName":"search_term_string"}}],"inLanguage":"nb-NO"}]}},"_links":{"self":[{"href":"https:\/\/staging.forenteforlag.no\/dreyers\/wp-json\/wp\/v2\/product\/21405","targetHints":{"allow":["GET"]}}],"collection":[{"href":"https:\/\/staging.forenteforlag.no\/dreyers\/wp-json\/wp\/v2\/product"}],"about":[{"href":"https:\/\/staging.forenteforlag.no\/dreyers\/wp-json\/wp\/v2\/types\/product"}],"wp:featuredmedia":[{"embeddable":true,"href":"https:\/\/staging.forenteforlag.no\/dreyers\/wp-json\/wp\/v2\/media\/24003"}],"wp:attachment":[{"href":"https:\/\/staging.forenteforlag.no\/dreyers\/wp-json\/wp\/v2\/media?parent=21405"}],"wp:term":[{"taxonomy":"product_brand","embeddable":true,"href":"https:\/\/staging.forenteforlag.no\/dreyers\/wp-json\/wp\/v2\/product_brand?post=21405"},{"taxonomy":"product_cat","embeddable":true,"href":"https:\/\/staging.forenteforlag.no\/dreyers\/wp-json\/wp\/v2\/product_cat?post=21405"},{"taxonomy":"product_tag","embeddable":true,"href":"https:\/\/staging.forenteforlag.no\/dreyers\/wp-json\/wp\/v2\/product_tag?post=21405"}],"curies":[{"name":"wp","href":"https:\/\/api.w.org\/{rel}","templated":true}]}}