{"id":21388,"date":"2014-01-01T01:00:00","date_gmt":"2014-01-01T00:00:00","guid":{"rendered":"https:\/\/dreyersforlag.forenteforlag.no\/produkt\/er-det-liv-er-det-sopp\/"},"modified":"2025-09-04T14:11:55","modified_gmt":"2025-09-04T12:11:55","slug":"er-det-liv-er-det-sopp","status":"publish","type":"product","link":"https:\/\/staging.forenteforlag.no\/dreyers\/produkt\/er-det-liv-er-det-sopp\/","title":{"rendered":"Er det liv, er det sopp!"},"content":{"rendered":"<p>Sjampinjongsuppe, plagsom fotsopp og r\u00f8d fluesopp, det er ofte stikkord for hva mange forbinder med sopp til daglig. Mange aner ikke at de er omgitt av sopp fra vugge til grav, fra morgen til kveld. I en vanlig hverdag vil de st\u00f8te p\u00e5 sopp eller sopp-produkter opp til flere ganger. Noen er i\u00f8ynefallende og behagelige som br\u00f8d, ost, \u00f8l, vin og virksomme medisiner, andre er mer usynlige eller plagsomme som mugg, meldugg p\u00e5 solb\u00e6rbuskene, ringorm eller utslett p\u00e5 tunga. Overalt i v\u00e5r hverdag svever det soppsporer omkring, og gitt de riktige betingelser, s\u00e5 er de i virksomhet, enten til godt eller vondt.<br \/>\nDenne boken beskriver hvordan soppene har erobret verden og inng\u00e5r i absolutt alle livsmilj\u00f8er, fra skog og fjell til menneskets egen komplekse kropp. Den beskriver ogs\u00e5 soppenes enest\u00e5ende tilpasningsevne til alle livets ytringsformer. I mange tilfeller har de utviklet meget fascinerende og velbalanserte samarbeidsformer med andre organismer.<\/p>\n","protected":false},"excerpt":{"rendered":"<p>Sjampinjongsuppe, plagsom fotsopp og r\u00f8d fluesopp, det er ofte stikkord for hva mange forbinder med sopp til daglig. Mange aner ikke at de er omgitt av sopp fra vugge til grav, fra morgen til kveld. I en vanlig hverdag vil de st\u00f8te p\u00e5 sopp eller sopp-produkter opp til flere ganger. Noen er i\u00f8ynefallende og behagelige [&hellip;]<\/p>\n","protected":false},"featured_media":24071,"template":"","meta":{"_acf_changed":false,"inline_featured_image":false},"product_brand":[],"product_cat":[1785,29],"product_tag":[362,480],"class_list":{"0":"post-21388","1":"product","2":"type-product","3":"status-publish","4":"has-post-thumbnail","6":"product_cat-fripris","7":"product_cat-natur-friluftsliv-og-sport","8":"product_tag-faglitteratur","9":"product_tag-sopp","10":"pa_format-innbundet","12":"first","13":"instock","14":"shipping-taxable","15":"purchasable","16":"product-type-simple"},"acf":{"anmeldelse":null},"yoast_head":"<!-- This site is optimized with the Yoast SEO plugin v26.6 - https:\/\/yoast.com\/wordpress\/plugins\/seo\/ -->\n<title>Er det liv, er det sopp! - Dreyers Forlag<\/title>\n<meta name=\"robots\" content=\"noindex, follow, max-snippet:-1, max-image-preview:large, max-video-preview:-1\" \/>\n<meta property=\"og:locale\" content=\"nb_NO\" \/>\n<meta property=\"og:type\" content=\"article\" \/>\n<meta property=\"og:title\" content=\"Er det liv, er det sopp! - Dreyers Forlag\" \/>\n<meta property=\"og:description\" content=\"Sjampinjongsuppe, plagsom fotsopp og r\u00f8d fluesopp, det er ofte stikkord for hva mange forbinder med sopp til daglig. Mange aner ikke at de er omgitt av sopp fra vugge til grav, fra morgen til kveld. I en vanlig hverdag vil de st\u00f8te p\u00e5 sopp eller sopp-produkter opp til flere ganger. Noen er i\u00f8ynefallende og behagelige [&hellip;]\" \/>\n<meta property=\"og:url\" content=\"https:\/\/staging.forenteforlag.no\/dreyers\/produkt\/er-det-liv-er-det-sopp\/\" \/>\n<meta property=\"og:site_name\" content=\"Dreyers Forlag\" \/>\n<meta property=\"article:modified_time\" content=\"2025-09-04T12:11:55+00:00\" \/>\n<meta property=\"og:image\" content=\"https:\/\/staging.forenteforlag.no\/dreyers\/wp-content\/uploads\/sites\/2\/2025\/08\/jpg-5970.jpg\" \/>\n\t<meta property=\"og:image:width\" content=\"493\" \/>\n\t<meta property=\"og:image:height\" content=\"450\" \/>\n\t<meta property=\"og:image:type\" content=\"image\/jpeg\" \/>\n<meta name=\"twitter:card\" content=\"summary_large_image\" \/>\n<meta name=\"twitter:label1\" content=\"Ansl. lesetid\" \/>\n\t<meta name=\"twitter:data1\" content=\"1 minutt\" \/>\n<script type=\"application\/ld+json\" class=\"yoast-schema-graph\">{\"@context\":\"https:\/\/schema.org\",\"@graph\":[{\"@type\":\"WebPage\",\"@id\":\"https:\/\/staging.forenteforlag.no\/dreyers\/produkt\/er-det-liv-er-det-sopp\/\",\"url\":\"https:\/\/staging.forenteforlag.no\/dreyers\/produkt\/er-det-liv-er-det-sopp\/\",\"name\":\"Er det liv, er det sopp! - Dreyers Forlag\",\"isPartOf\":{\"@id\":\"https:\/\/staging.forenteforlag.no\/dreyers\/#website\"},\"primaryImageOfPage\":{\"@id\":\"https:\/\/staging.forenteforlag.no\/dreyers\/produkt\/er-det-liv-er-det-sopp\/#primaryimage\"},\"image\":{\"@id\":\"https:\/\/staging.forenteforlag.no\/dreyers\/produkt\/er-det-liv-er-det-sopp\/#primaryimage\"},\"thumbnailUrl\":\"https:\/\/staging.forenteforlag.no\/dreyers\/wp-content\/uploads\/sites\/2\/2025\/08\/jpg-5970.jpg\",\"datePublished\":\"2014-01-01T00:00:00+00:00\",\"dateModified\":\"2025-09-04T12:11:55+00:00\",\"breadcrumb\":{\"@id\":\"https:\/\/staging.forenteforlag.no\/dreyers\/produkt\/er-det-liv-er-det-sopp\/#breadcrumb\"},\"inLanguage\":\"nb-NO\",\"potentialAction\":[{\"@type\":\"ReadAction\",\"target\":[\"https:\/\/staging.forenteforlag.no\/dreyers\/produkt\/er-det-liv-er-det-sopp\/\"]}]},{\"@type\":\"ImageObject\",\"inLanguage\":\"nb-NO\",\"@id\":\"https:\/\/staging.forenteforlag.no\/dreyers\/produkt\/er-det-liv-er-det-sopp\/#primaryimage\",\"url\":\"https:\/\/staging.forenteforlag.no\/dreyers\/wp-content\/uploads\/sites\/2\/2025\/08\/jpg-5970.jpg\",\"contentUrl\":\"https:\/\/staging.forenteforlag.no\/dreyers\/wp-content\/uploads\/sites\/2\/2025\/08\/jpg-5970.jpg\",\"width\":493,\"height\":450},{\"@type\":\"BreadcrumbList\",\"@id\":\"https:\/\/staging.forenteforlag.no\/dreyers\/produkt\/er-det-liv-er-det-sopp\/#breadcrumb\",\"itemListElement\":[{\"@type\":\"ListItem\",\"position\":1,\"name\":\"Hjem\",\"item\":\"https:\/\/staging.forenteforlag.no\/dreyers\/\"},{\"@type\":\"ListItem\",\"position\":2,\"name\":\"Alle b\u00f8ker\",\"item\":\"https:\/\/staging.forenteforlag.no\/dreyers\/butikk\/\"},{\"@type\":\"ListItem\",\"position\":3,\"name\":\"Er det liv, er det sopp!\"}]},{\"@type\":\"WebSite\",\"@id\":\"https:\/\/staging.forenteforlag.no\/dreyers\/#website\",\"url\":\"https:\/\/staging.forenteforlag.no\/dreyers\/\",\"name\":\"Dreyers Forlag\",\"description\":\"\",\"potentialAction\":[{\"@type\":\"SearchAction\",\"target\":{\"@type\":\"EntryPoint\",\"urlTemplate\":\"https:\/\/staging.forenteforlag.no\/dreyers\/?s={search_term_string}\"},\"query-input\":{\"@type\":\"PropertyValueSpecification\",\"valueRequired\":true,\"valueName\":\"search_term_string\"}}],\"inLanguage\":\"nb-NO\"}]}<\/script>\n<!-- \/ Yoast SEO plugin. -->","yoast_head_json":{"title":"Er det liv, er det sopp! - Dreyers Forlag","robots":{"index":"noindex","follow":"follow","max-snippet":"max-snippet:-1","max-image-preview":"max-image-preview:large","max-video-preview":"max-video-preview:-1"},"og_locale":"nb_NO","og_type":"article","og_title":"Er det liv, er det sopp! - Dreyers Forlag","og_description":"Sjampinjongsuppe, plagsom fotsopp og r\u00f8d fluesopp, det er ofte stikkord for hva mange forbinder med sopp til daglig. Mange aner ikke at de er omgitt av sopp fra vugge til grav, fra morgen til kveld. I en vanlig hverdag vil de st\u00f8te p\u00e5 sopp eller sopp-produkter opp til flere ganger. Noen er i\u00f8ynefallende og behagelige [&hellip;]","og_url":"https:\/\/staging.forenteforlag.no\/dreyers\/produkt\/er-det-liv-er-det-sopp\/","og_site_name":"Dreyers Forlag","article_modified_time":"2025-09-04T12:11:55+00:00","og_image":[{"width":493,"height":450,"url":"https:\/\/staging.forenteforlag.no\/dreyers\/wp-content\/uploads\/sites\/2\/2025\/08\/jpg-5970.jpg","type":"image\/jpeg"}],"twitter_card":"summary_large_image","twitter_misc":{"Ansl. lesetid":"1 minutt"},"schema":{"@context":"https:\/\/schema.org","@graph":[{"@type":"WebPage","@id":"https:\/\/staging.forenteforlag.no\/dreyers\/produkt\/er-det-liv-er-det-sopp\/","url":"https:\/\/staging.forenteforlag.no\/dreyers\/produkt\/er-det-liv-er-det-sopp\/","name":"Er det liv, er det sopp! - Dreyers Forlag","isPartOf":{"@id":"https:\/\/staging.forenteforlag.no\/dreyers\/#website"},"primaryImageOfPage":{"@id":"https:\/\/staging.forenteforlag.no\/dreyers\/produkt\/er-det-liv-er-det-sopp\/#primaryimage"},"image":{"@id":"https:\/\/staging.forenteforlag.no\/dreyers\/produkt\/er-det-liv-er-det-sopp\/#primaryimage"},"thumbnailUrl":"https:\/\/staging.forenteforlag.no\/dreyers\/wp-content\/uploads\/sites\/2\/2025\/08\/jpg-5970.jpg","datePublished":"2014-01-01T00:00:00+00:00","dateModified":"2025-09-04T12:11:55+00:00","breadcrumb":{"@id":"https:\/\/staging.forenteforlag.no\/dreyers\/produkt\/er-det-liv-er-det-sopp\/#breadcrumb"},"inLanguage":"nb-NO","potentialAction":[{"@type":"ReadAction","target":["https:\/\/staging.forenteforlag.no\/dreyers\/produkt\/er-det-liv-er-det-sopp\/"]}]},{"@type":"ImageObject","inLanguage":"nb-NO","@id":"https:\/\/staging.forenteforlag.no\/dreyers\/produkt\/er-det-liv-er-det-sopp\/#primaryimage","url":"https:\/\/staging.forenteforlag.no\/dreyers\/wp-content\/uploads\/sites\/2\/2025\/08\/jpg-5970.jpg","contentUrl":"https:\/\/staging.forenteforlag.no\/dreyers\/wp-content\/uploads\/sites\/2\/2025\/08\/jpg-5970.jpg","width":493,"height":450},{"@type":"BreadcrumbList","@id":"https:\/\/staging.forenteforlag.no\/dreyers\/produkt\/er-det-liv-er-det-sopp\/#breadcrumb","itemListElement":[{"@type":"ListItem","position":1,"name":"Hjem","item":"https:\/\/staging.forenteforlag.no\/dreyers\/"},{"@type":"ListItem","position":2,"name":"Alle b\u00f8ker","item":"https:\/\/staging.forenteforlag.no\/dreyers\/butikk\/"},{"@type":"ListItem","position":3,"name":"Er det liv, er det sopp!"}]},{"@type":"WebSite","@id":"https:\/\/staging.forenteforlag.no\/dreyers\/#website","url":"https:\/\/staging.forenteforlag.no\/dreyers\/","name":"Dreyers Forlag","description":"","potentialAction":[{"@type":"SearchAction","target":{"@type":"EntryPoint","urlTemplate":"https:\/\/staging.forenteforlag.no\/dreyers\/?s={search_term_string}"},"query-input":{"@type":"PropertyValueSpecification","valueRequired":true,"valueName":"search_term_string"}}],"inLanguage":"nb-NO"}]}},"_links":{"self":[{"href":"https:\/\/staging.forenteforlag.no\/dreyers\/wp-json\/wp\/v2\/product\/21388","targetHints":{"allow":["GET"]}}],"collection":[{"href":"https:\/\/staging.forenteforlag.no\/dreyers\/wp-json\/wp\/v2\/product"}],"about":[{"href":"https:\/\/staging.forenteforlag.no\/dreyers\/wp-json\/wp\/v2\/types\/product"}],"wp:featuredmedia":[{"embeddable":true,"href":"https:\/\/staging.forenteforlag.no\/dreyers\/wp-json\/wp\/v2\/media\/24071"}],"wp:attachment":[{"href":"https:\/\/staging.forenteforlag.no\/dreyers\/wp-json\/wp\/v2\/media?parent=21388"}],"wp:term":[{"taxonomy":"product_brand","embeddable":true,"href":"https:\/\/staging.forenteforlag.no\/dreyers\/wp-json\/wp\/v2\/product_brand?post=21388"},{"taxonomy":"product_cat","embeddable":true,"href":"https:\/\/staging.forenteforlag.no\/dreyers\/wp-json\/wp\/v2\/product_cat?post=21388"},{"taxonomy":"product_tag","embeddable":true,"href":"https:\/\/staging.forenteforlag.no\/dreyers\/wp-json\/wp\/v2\/product_tag?post=21388"}],"curies":[{"name":"wp","href":"https:\/\/api.w.org\/{rel}","templated":true}]}}