{"id":21382,"date":"2014-11-05T01:00:00","date_gmt":"2014-11-05T00:00:00","guid":{"rendered":"https:\/\/dreyersforlag.forenteforlag.no\/produkt\/gresk-blod\/"},"modified":"2025-09-04T14:03:08","modified_gmt":"2025-09-04T12:03:08","slug":"gresk-blod","status":"publish","type":"product","link":"https:\/\/staging.forenteforlag.no\/dreyers\/produkt\/gresk-blod\/","title":{"rendered":"Gresk blod"},"content":{"rendered":"<p>Hva er det med Hellas? Sivilisasjonens vugge, et ferieparadis for solhungrige turister, men ogs\u00e5 et land i \u00f8konomisk, politisk og sosial krise. Europas problemer har rammet Hellas kraftigere enn andre land, enten det gjelder arbeidsl\u00f8shet, h\u00f8yreekstremisme, korrupsjon, generasjonskonflikt, barnl\u00f8shet, masseinnvandring eller utflytting. Midt i dette st\u00e5r likevel den nasjonale identitet sterkt blant grekere. Hvordan skal man forst\u00e5 Hellas og den greske mentaliteten?<\/p>\n<p>Alexander Zlatanos Ibsen er en halvt gresk nordmann. I denne boken utforsker han sider ved dagens greske samfunn som verken er lett synlige for turister eller tilstrekkelig belyst i norske medier. Gjennom intervjuer, forklarende analyser og historiske tilbakeblikk tegner han et n\u00e6rbilde av et land med en dramatisk fortid og en vanskelig n\u00e5tid &#8211; et land som er mer aktuelt enn noengang.<\/p>\n","protected":false},"excerpt":{"rendered":"<p>Hva er det med Hellas? Sivilisasjonens vugge, et ferieparadis for solhungrige turister, men ogs\u00e5 et land i \u00f8konomisk, politisk og sosial krise. Europas problemer har rammet Hellas kraftigere enn andre land, enten det gjelder arbeidsl\u00f8shet, h\u00f8yreekstremisme, korrupsjon, generasjonskonflikt, barnl\u00f8shet, masseinnvandring eller utflytting. Midt i dette st\u00e5r likevel den nasjonale identitet sterkt blant grekere. Hvordan skal [&hellip;]<\/p>\n","protected":false},"featured_media":24406,"template":"","meta":{"_acf_changed":false,"inline_featured_image":false},"product_brand":[],"product_cat":[1785,32],"product_tag":[607,362,559,392],"class_list":{"0":"post-21382","1":"product","2":"type-product","3":"status-publish","4":"has-post-thumbnail","6":"product_cat-fripris","7":"product_cat-samfunn-og-politikk","8":"product_tag-bedriftshistorie","9":"product_tag-faglitteratur","10":"product_tag-hellas","11":"product_tag-samfunnsanalyse","12":"pa_format-innbundet","14":"first","15":"instock","16":"shipping-taxable","17":"purchasable","18":"product-type-simple"},"acf":{"anmeldelse":null},"yoast_head":"<!-- This site is optimized with the Yoast SEO plugin v26.6 - https:\/\/yoast.com\/wordpress\/plugins\/seo\/ -->\n<title>Gresk blod - Dreyers Forlag<\/title>\n<meta name=\"robots\" content=\"noindex, follow, max-snippet:-1, max-image-preview:large, max-video-preview:-1\" \/>\n<meta property=\"og:locale\" content=\"nb_NO\" \/>\n<meta property=\"og:type\" content=\"article\" \/>\n<meta property=\"og:title\" content=\"Gresk blod - Dreyers Forlag\" \/>\n<meta property=\"og:description\" content=\"Hva er det med Hellas? Sivilisasjonens vugge, et ferieparadis for solhungrige turister, men ogs\u00e5 et land i \u00f8konomisk, politisk og sosial krise. Europas problemer har rammet Hellas kraftigere enn andre land, enten det gjelder arbeidsl\u00f8shet, h\u00f8yreekstremisme, korrupsjon, generasjonskonflikt, barnl\u00f8shet, masseinnvandring eller utflytting. Midt i dette st\u00e5r likevel den nasjonale identitet sterkt blant grekere. Hvordan skal [&hellip;]\" \/>\n<meta property=\"og:url\" content=\"https:\/\/staging.forenteforlag.no\/dreyers\/produkt\/gresk-blod\/\" \/>\n<meta property=\"og:site_name\" content=\"Dreyers Forlag\" \/>\n<meta property=\"article:modified_time\" content=\"2025-09-04T12:03:08+00:00\" \/>\n<meta property=\"og:image\" content=\"https:\/\/staging.forenteforlag.no\/dreyers\/wp-content\/uploads\/sites\/2\/2025\/08\/jpg-9113.jpg\" \/>\n\t<meta property=\"og:image:width\" content=\"327\" \/>\n\t<meta property=\"og:image:height\" content=\"450\" \/>\n\t<meta property=\"og:image:type\" content=\"image\/jpeg\" \/>\n<meta name=\"twitter:card\" content=\"summary_large_image\" \/>\n<meta name=\"twitter:label1\" content=\"Ansl. lesetid\" \/>\n\t<meta name=\"twitter:data1\" content=\"1 minutt\" \/>\n<script type=\"application\/ld+json\" class=\"yoast-schema-graph\">{\"@context\":\"https:\/\/schema.org\",\"@graph\":[{\"@type\":\"WebPage\",\"@id\":\"https:\/\/staging.forenteforlag.no\/dreyers\/produkt\/gresk-blod\/\",\"url\":\"https:\/\/staging.forenteforlag.no\/dreyers\/produkt\/gresk-blod\/\",\"name\":\"Gresk blod - Dreyers Forlag\",\"isPartOf\":{\"@id\":\"https:\/\/staging.forenteforlag.no\/dreyers\/#website\"},\"primaryImageOfPage\":{\"@id\":\"https:\/\/staging.forenteforlag.no\/dreyers\/produkt\/gresk-blod\/#primaryimage\"},\"image\":{\"@id\":\"https:\/\/staging.forenteforlag.no\/dreyers\/produkt\/gresk-blod\/#primaryimage\"},\"thumbnailUrl\":\"https:\/\/staging.forenteforlag.no\/dreyers\/wp-content\/uploads\/sites\/2\/2025\/08\/jpg-9113.jpg\",\"datePublished\":\"2014-11-05T00:00:00+00:00\",\"dateModified\":\"2025-09-04T12:03:08+00:00\",\"breadcrumb\":{\"@id\":\"https:\/\/staging.forenteforlag.no\/dreyers\/produkt\/gresk-blod\/#breadcrumb\"},\"inLanguage\":\"nb-NO\",\"potentialAction\":[{\"@type\":\"ReadAction\",\"target\":[\"https:\/\/staging.forenteforlag.no\/dreyers\/produkt\/gresk-blod\/\"]}]},{\"@type\":\"ImageObject\",\"inLanguage\":\"nb-NO\",\"@id\":\"https:\/\/staging.forenteforlag.no\/dreyers\/produkt\/gresk-blod\/#primaryimage\",\"url\":\"https:\/\/staging.forenteforlag.no\/dreyers\/wp-content\/uploads\/sites\/2\/2025\/08\/jpg-9113.jpg\",\"contentUrl\":\"https:\/\/staging.forenteforlag.no\/dreyers\/wp-content\/uploads\/sites\/2\/2025\/08\/jpg-9113.jpg\",\"width\":327,\"height\":450},{\"@type\":\"BreadcrumbList\",\"@id\":\"https:\/\/staging.forenteforlag.no\/dreyers\/produkt\/gresk-blod\/#breadcrumb\",\"itemListElement\":[{\"@type\":\"ListItem\",\"position\":1,\"name\":\"Hjem\",\"item\":\"https:\/\/staging.forenteforlag.no\/dreyers\/\"},{\"@type\":\"ListItem\",\"position\":2,\"name\":\"Alle b\u00f8ker\",\"item\":\"https:\/\/staging.forenteforlag.no\/dreyers\/butikk\/\"},{\"@type\":\"ListItem\",\"position\":3,\"name\":\"Gresk blod\"}]},{\"@type\":\"WebSite\",\"@id\":\"https:\/\/staging.forenteforlag.no\/dreyers\/#website\",\"url\":\"https:\/\/staging.forenteforlag.no\/dreyers\/\",\"name\":\"Dreyers Forlag\",\"description\":\"\",\"potentialAction\":[{\"@type\":\"SearchAction\",\"target\":{\"@type\":\"EntryPoint\",\"urlTemplate\":\"https:\/\/staging.forenteforlag.no\/dreyers\/?s={search_term_string}\"},\"query-input\":{\"@type\":\"PropertyValueSpecification\",\"valueRequired\":true,\"valueName\":\"search_term_string\"}}],\"inLanguage\":\"nb-NO\"}]}<\/script>\n<!-- \/ Yoast SEO plugin. -->","yoast_head_json":{"title":"Gresk blod - Dreyers Forlag","robots":{"index":"noindex","follow":"follow","max-snippet":"max-snippet:-1","max-image-preview":"max-image-preview:large","max-video-preview":"max-video-preview:-1"},"og_locale":"nb_NO","og_type":"article","og_title":"Gresk blod - Dreyers Forlag","og_description":"Hva er det med Hellas? Sivilisasjonens vugge, et ferieparadis for solhungrige turister, men ogs\u00e5 et land i \u00f8konomisk, politisk og sosial krise. Europas problemer har rammet Hellas kraftigere enn andre land, enten det gjelder arbeidsl\u00f8shet, h\u00f8yreekstremisme, korrupsjon, generasjonskonflikt, barnl\u00f8shet, masseinnvandring eller utflytting. Midt i dette st\u00e5r likevel den nasjonale identitet sterkt blant grekere. Hvordan skal [&hellip;]","og_url":"https:\/\/staging.forenteforlag.no\/dreyers\/produkt\/gresk-blod\/","og_site_name":"Dreyers Forlag","article_modified_time":"2025-09-04T12:03:08+00:00","og_image":[{"width":327,"height":450,"url":"https:\/\/staging.forenteforlag.no\/dreyers\/wp-content\/uploads\/sites\/2\/2025\/08\/jpg-9113.jpg","type":"image\/jpeg"}],"twitter_card":"summary_large_image","twitter_misc":{"Ansl. lesetid":"1 minutt"},"schema":{"@context":"https:\/\/schema.org","@graph":[{"@type":"WebPage","@id":"https:\/\/staging.forenteforlag.no\/dreyers\/produkt\/gresk-blod\/","url":"https:\/\/staging.forenteforlag.no\/dreyers\/produkt\/gresk-blod\/","name":"Gresk blod - Dreyers Forlag","isPartOf":{"@id":"https:\/\/staging.forenteforlag.no\/dreyers\/#website"},"primaryImageOfPage":{"@id":"https:\/\/staging.forenteforlag.no\/dreyers\/produkt\/gresk-blod\/#primaryimage"},"image":{"@id":"https:\/\/staging.forenteforlag.no\/dreyers\/produkt\/gresk-blod\/#primaryimage"},"thumbnailUrl":"https:\/\/staging.forenteforlag.no\/dreyers\/wp-content\/uploads\/sites\/2\/2025\/08\/jpg-9113.jpg","datePublished":"2014-11-05T00:00:00+00:00","dateModified":"2025-09-04T12:03:08+00:00","breadcrumb":{"@id":"https:\/\/staging.forenteforlag.no\/dreyers\/produkt\/gresk-blod\/#breadcrumb"},"inLanguage":"nb-NO","potentialAction":[{"@type":"ReadAction","target":["https:\/\/staging.forenteforlag.no\/dreyers\/produkt\/gresk-blod\/"]}]},{"@type":"ImageObject","inLanguage":"nb-NO","@id":"https:\/\/staging.forenteforlag.no\/dreyers\/produkt\/gresk-blod\/#primaryimage","url":"https:\/\/staging.forenteforlag.no\/dreyers\/wp-content\/uploads\/sites\/2\/2025\/08\/jpg-9113.jpg","contentUrl":"https:\/\/staging.forenteforlag.no\/dreyers\/wp-content\/uploads\/sites\/2\/2025\/08\/jpg-9113.jpg","width":327,"height":450},{"@type":"BreadcrumbList","@id":"https:\/\/staging.forenteforlag.no\/dreyers\/produkt\/gresk-blod\/#breadcrumb","itemListElement":[{"@type":"ListItem","position":1,"name":"Hjem","item":"https:\/\/staging.forenteforlag.no\/dreyers\/"},{"@type":"ListItem","position":2,"name":"Alle b\u00f8ker","item":"https:\/\/staging.forenteforlag.no\/dreyers\/butikk\/"},{"@type":"ListItem","position":3,"name":"Gresk blod"}]},{"@type":"WebSite","@id":"https:\/\/staging.forenteforlag.no\/dreyers\/#website","url":"https:\/\/staging.forenteforlag.no\/dreyers\/","name":"Dreyers Forlag","description":"","potentialAction":[{"@type":"SearchAction","target":{"@type":"EntryPoint","urlTemplate":"https:\/\/staging.forenteforlag.no\/dreyers\/?s={search_term_string}"},"query-input":{"@type":"PropertyValueSpecification","valueRequired":true,"valueName":"search_term_string"}}],"inLanguage":"nb-NO"}]}},"_links":{"self":[{"href":"https:\/\/staging.forenteforlag.no\/dreyers\/wp-json\/wp\/v2\/product\/21382","targetHints":{"allow":["GET"]}}],"collection":[{"href":"https:\/\/staging.forenteforlag.no\/dreyers\/wp-json\/wp\/v2\/product"}],"about":[{"href":"https:\/\/staging.forenteforlag.no\/dreyers\/wp-json\/wp\/v2\/types\/product"}],"wp:featuredmedia":[{"embeddable":true,"href":"https:\/\/staging.forenteforlag.no\/dreyers\/wp-json\/wp\/v2\/media\/24406"}],"wp:attachment":[{"href":"https:\/\/staging.forenteforlag.no\/dreyers\/wp-json\/wp\/v2\/media?parent=21382"}],"wp:term":[{"taxonomy":"product_brand","embeddable":true,"href":"https:\/\/staging.forenteforlag.no\/dreyers\/wp-json\/wp\/v2\/product_brand?post=21382"},{"taxonomy":"product_cat","embeddable":true,"href":"https:\/\/staging.forenteforlag.no\/dreyers\/wp-json\/wp\/v2\/product_cat?post=21382"},{"taxonomy":"product_tag","embeddable":true,"href":"https:\/\/staging.forenteforlag.no\/dreyers\/wp-json\/wp\/v2\/product_tag?post=21382"}],"curies":[{"name":"wp","href":"https:\/\/api.w.org\/{rel}","templated":true}]}}