{"id":21360,"date":"2015-08-11T02:00:00","date_gmt":"2015-08-11T00:00:00","guid":{"rendered":"https:\/\/dreyersforlag.forenteforlag.no\/produkt\/oslos-elleve-byer\/"},"modified":"2025-08-27T07:52:30","modified_gmt":"2025-08-27T05:52:30","slug":"oslos-elleve-byer","status":"publish","type":"product","link":"https:\/\/staging.forenteforlag.no\/dreyers\/produkt\/oslos-elleve-byer\/","title":{"rendered":"Oslos elleve byer"},"content":{"rendered":"<p>Leif Gjerland deler i denne boken Oslos byutvikling inn i elleve, tydelig atskilte \u00abbyer\u00bb. I Oslo bruker vi gjerne betegnelsene Middelalderby, Havneby, Drabantby og Fjordby. Og ikke minst Hovedstaden<br \/>\n \u00abstad\u00bb betyr jo ogs\u00e5 by. <\/p>\n<p>Noen byer er knyttet til en epoke, gjerne med en ny verditenkning, mens andre \u00abbyer\u00bb har kommet sammen med geografiske endringer. Vi kjenner ofte til hva som skiller det ene byutviklingstrinnet fra det forrige og det neste. Men hva utl\u00f8ste forandringen? Denne boka \u00f8nsker s\u00e6rlig \u00e5 belyse startpunktene, hvilke enkeltepisoder og krefter som markerte overgangen mot en ny \u00abby\u00bb. <\/p>\n<p>Bortsett fra Middelalderbyen, er det ingen av Oslos \u00abbyer\u00bb som helt forsvinner n\u00e5r de med tiden avl\u00f8ses av noe annet og nytt. De fleste fortsetter \u00e5 utvikle seg, og lever side om side med det som dukker opp. Dette gir byen \u00ab\u00e5rringer\u00bb, som det burde v\u00e6re lett \u00e5 se. De ligger rundt oss og venter p\u00e5 \u00e5 bli oppdaget og gjenkjent. Derfor avsluttes hvert kapittel i boka med tips om hvor det g\u00e5r an \u00e5 finne spor etter den opprinnelige byen. &#8211; God byjakt!<\/p>\n","protected":false},"excerpt":{"rendered":"<p>Leif Gjerland deler i denne boken Oslos byutvikling inn i elleve, tydelig atskilte \u00abbyer\u00bb. I Oslo bruker vi gjerne betegnelsene Middelalderby, Havneby, Drabantby og Fjordby. Og ikke minst Hovedstaden \u00abstad\u00bb betyr jo ogs\u00e5 by. Noen byer er knyttet til en epoke, gjerne med en ny verditenkning, mens andre \u00abbyer\u00bb har kommet sammen med geografiske endringer. [&hellip;]<\/p>\n","protected":false},"featured_media":24019,"template":"","meta":{"_acf_changed":false,"inline_featured_image":false},"product_brand":[],"product_cat":[1785,37],"product_tag":[362,525,377],"class_list":{"0":"post-21360","1":"product","2":"type-product","3":"status-publish","4":"has-post-thumbnail","6":"product_cat-fripris","7":"product_cat-oslo","8":"product_tag-faglitteratur","9":"product_tag-lokalhistorie","10":"product_tag-oslo","11":"pa_format-innbundet","13":"first","14":"instock","15":"shipping-taxable","16":"purchasable","17":"product-type-simple"},"acf":{"anmeldelse":null},"yoast_head":"<!-- This site is optimized with the Yoast SEO plugin v26.6 - https:\/\/yoast.com\/wordpress\/plugins\/seo\/ -->\n<title>Oslos elleve byer - Dreyers Forlag<\/title>\n<meta name=\"robots\" content=\"noindex, follow, max-snippet:-1, max-image-preview:large, max-video-preview:-1\" \/>\n<meta property=\"og:locale\" content=\"nb_NO\" \/>\n<meta property=\"og:type\" content=\"article\" \/>\n<meta property=\"og:title\" content=\"Oslos elleve byer - Dreyers Forlag\" \/>\n<meta property=\"og:description\" content=\"Leif Gjerland deler i denne boken Oslos byutvikling inn i elleve, tydelig atskilte \u00abbyer\u00bb. I Oslo bruker vi gjerne betegnelsene Middelalderby, Havneby, Drabantby og Fjordby. Og ikke minst Hovedstaden \u00abstad\u00bb betyr jo ogs\u00e5 by. Noen byer er knyttet til en epoke, gjerne med en ny verditenkning, mens andre \u00abbyer\u00bb har kommet sammen med geografiske endringer. [&hellip;]\" \/>\n<meta property=\"og:url\" content=\"https:\/\/staging.forenteforlag.no\/dreyers\/produkt\/oslos-elleve-byer\/\" \/>\n<meta property=\"og:site_name\" content=\"Dreyers Forlag\" \/>\n<meta property=\"article:modified_time\" content=\"2025-08-27T05:52:30+00:00\" \/>\n<meta property=\"og:image\" content=\"https:\/\/staging.forenteforlag.no\/dreyers\/wp-content\/uploads\/sites\/2\/2025\/08\/jpg-5500.jpg\" \/>\n\t<meta property=\"og:image:width\" content=\"591\" \/>\n\t<meta property=\"og:image:height\" content=\"539\" \/>\n\t<meta property=\"og:image:type\" content=\"image\/jpeg\" \/>\n<meta name=\"twitter:card\" content=\"summary_large_image\" \/>\n<meta name=\"twitter:label1\" content=\"Ansl. lesetid\" \/>\n\t<meta name=\"twitter:data1\" content=\"1 minutt\" \/>\n<script type=\"application\/ld+json\" class=\"yoast-schema-graph\">{\"@context\":\"https:\/\/schema.org\",\"@graph\":[{\"@type\":\"WebPage\",\"@id\":\"https:\/\/staging.forenteforlag.no\/dreyers\/produkt\/oslos-elleve-byer\/\",\"url\":\"https:\/\/staging.forenteforlag.no\/dreyers\/produkt\/oslos-elleve-byer\/\",\"name\":\"Oslos elleve byer - Dreyers Forlag\",\"isPartOf\":{\"@id\":\"https:\/\/staging.forenteforlag.no\/dreyers\/#website\"},\"primaryImageOfPage\":{\"@id\":\"https:\/\/staging.forenteforlag.no\/dreyers\/produkt\/oslos-elleve-byer\/#primaryimage\"},\"image\":{\"@id\":\"https:\/\/staging.forenteforlag.no\/dreyers\/produkt\/oslos-elleve-byer\/#primaryimage\"},\"thumbnailUrl\":\"https:\/\/staging.forenteforlag.no\/dreyers\/wp-content\/uploads\/sites\/2\/2025\/08\/jpg-5500.jpg\",\"datePublished\":\"2015-08-11T00:00:00+00:00\",\"dateModified\":\"2025-08-27T05:52:30+00:00\",\"breadcrumb\":{\"@id\":\"https:\/\/staging.forenteforlag.no\/dreyers\/produkt\/oslos-elleve-byer\/#breadcrumb\"},\"inLanguage\":\"nb-NO\",\"potentialAction\":[{\"@type\":\"ReadAction\",\"target\":[\"https:\/\/staging.forenteforlag.no\/dreyers\/produkt\/oslos-elleve-byer\/\"]}]},{\"@type\":\"ImageObject\",\"inLanguage\":\"nb-NO\",\"@id\":\"https:\/\/staging.forenteforlag.no\/dreyers\/produkt\/oslos-elleve-byer\/#primaryimage\",\"url\":\"https:\/\/staging.forenteforlag.no\/dreyers\/wp-content\/uploads\/sites\/2\/2025\/08\/jpg-5500.jpg\",\"contentUrl\":\"https:\/\/staging.forenteforlag.no\/dreyers\/wp-content\/uploads\/sites\/2\/2025\/08\/jpg-5500.jpg\",\"width\":591,\"height\":539},{\"@type\":\"BreadcrumbList\",\"@id\":\"https:\/\/staging.forenteforlag.no\/dreyers\/produkt\/oslos-elleve-byer\/#breadcrumb\",\"itemListElement\":[{\"@type\":\"ListItem\",\"position\":1,\"name\":\"Hjem\",\"item\":\"https:\/\/staging.forenteforlag.no\/dreyers\/\"},{\"@type\":\"ListItem\",\"position\":2,\"name\":\"Alle b\u00f8ker\",\"item\":\"https:\/\/staging.forenteforlag.no\/dreyers\/butikk\/\"},{\"@type\":\"ListItem\",\"position\":3,\"name\":\"Oslos elleve byer\"}]},{\"@type\":\"WebSite\",\"@id\":\"https:\/\/staging.forenteforlag.no\/dreyers\/#website\",\"url\":\"https:\/\/staging.forenteforlag.no\/dreyers\/\",\"name\":\"Dreyers Forlag\",\"description\":\"\",\"potentialAction\":[{\"@type\":\"SearchAction\",\"target\":{\"@type\":\"EntryPoint\",\"urlTemplate\":\"https:\/\/staging.forenteforlag.no\/dreyers\/?s={search_term_string}\"},\"query-input\":{\"@type\":\"PropertyValueSpecification\",\"valueRequired\":true,\"valueName\":\"search_term_string\"}}],\"inLanguage\":\"nb-NO\"}]}<\/script>\n<!-- \/ Yoast SEO plugin. -->","yoast_head_json":{"title":"Oslos elleve byer - Dreyers Forlag","robots":{"index":"noindex","follow":"follow","max-snippet":"max-snippet:-1","max-image-preview":"max-image-preview:large","max-video-preview":"max-video-preview:-1"},"og_locale":"nb_NO","og_type":"article","og_title":"Oslos elleve byer - Dreyers Forlag","og_description":"Leif Gjerland deler i denne boken Oslos byutvikling inn i elleve, tydelig atskilte \u00abbyer\u00bb. I Oslo bruker vi gjerne betegnelsene Middelalderby, Havneby, Drabantby og Fjordby. Og ikke minst Hovedstaden \u00abstad\u00bb betyr jo ogs\u00e5 by. Noen byer er knyttet til en epoke, gjerne med en ny verditenkning, mens andre \u00abbyer\u00bb har kommet sammen med geografiske endringer. [&hellip;]","og_url":"https:\/\/staging.forenteforlag.no\/dreyers\/produkt\/oslos-elleve-byer\/","og_site_name":"Dreyers Forlag","article_modified_time":"2025-08-27T05:52:30+00:00","og_image":[{"width":591,"height":539,"url":"https:\/\/staging.forenteforlag.no\/dreyers\/wp-content\/uploads\/sites\/2\/2025\/08\/jpg-5500.jpg","type":"image\/jpeg"}],"twitter_card":"summary_large_image","twitter_misc":{"Ansl. lesetid":"1 minutt"},"schema":{"@context":"https:\/\/schema.org","@graph":[{"@type":"WebPage","@id":"https:\/\/staging.forenteforlag.no\/dreyers\/produkt\/oslos-elleve-byer\/","url":"https:\/\/staging.forenteforlag.no\/dreyers\/produkt\/oslos-elleve-byer\/","name":"Oslos elleve byer - Dreyers Forlag","isPartOf":{"@id":"https:\/\/staging.forenteforlag.no\/dreyers\/#website"},"primaryImageOfPage":{"@id":"https:\/\/staging.forenteforlag.no\/dreyers\/produkt\/oslos-elleve-byer\/#primaryimage"},"image":{"@id":"https:\/\/staging.forenteforlag.no\/dreyers\/produkt\/oslos-elleve-byer\/#primaryimage"},"thumbnailUrl":"https:\/\/staging.forenteforlag.no\/dreyers\/wp-content\/uploads\/sites\/2\/2025\/08\/jpg-5500.jpg","datePublished":"2015-08-11T00:00:00+00:00","dateModified":"2025-08-27T05:52:30+00:00","breadcrumb":{"@id":"https:\/\/staging.forenteforlag.no\/dreyers\/produkt\/oslos-elleve-byer\/#breadcrumb"},"inLanguage":"nb-NO","potentialAction":[{"@type":"ReadAction","target":["https:\/\/staging.forenteforlag.no\/dreyers\/produkt\/oslos-elleve-byer\/"]}]},{"@type":"ImageObject","inLanguage":"nb-NO","@id":"https:\/\/staging.forenteforlag.no\/dreyers\/produkt\/oslos-elleve-byer\/#primaryimage","url":"https:\/\/staging.forenteforlag.no\/dreyers\/wp-content\/uploads\/sites\/2\/2025\/08\/jpg-5500.jpg","contentUrl":"https:\/\/staging.forenteforlag.no\/dreyers\/wp-content\/uploads\/sites\/2\/2025\/08\/jpg-5500.jpg","width":591,"height":539},{"@type":"BreadcrumbList","@id":"https:\/\/staging.forenteforlag.no\/dreyers\/produkt\/oslos-elleve-byer\/#breadcrumb","itemListElement":[{"@type":"ListItem","position":1,"name":"Hjem","item":"https:\/\/staging.forenteforlag.no\/dreyers\/"},{"@type":"ListItem","position":2,"name":"Alle b\u00f8ker","item":"https:\/\/staging.forenteforlag.no\/dreyers\/butikk\/"},{"@type":"ListItem","position":3,"name":"Oslos elleve byer"}]},{"@type":"WebSite","@id":"https:\/\/staging.forenteforlag.no\/dreyers\/#website","url":"https:\/\/staging.forenteforlag.no\/dreyers\/","name":"Dreyers Forlag","description":"","potentialAction":[{"@type":"SearchAction","target":{"@type":"EntryPoint","urlTemplate":"https:\/\/staging.forenteforlag.no\/dreyers\/?s={search_term_string}"},"query-input":{"@type":"PropertyValueSpecification","valueRequired":true,"valueName":"search_term_string"}}],"inLanguage":"nb-NO"}]}},"_links":{"self":[{"href":"https:\/\/staging.forenteforlag.no\/dreyers\/wp-json\/wp\/v2\/product\/21360","targetHints":{"allow":["GET"]}}],"collection":[{"href":"https:\/\/staging.forenteforlag.no\/dreyers\/wp-json\/wp\/v2\/product"}],"about":[{"href":"https:\/\/staging.forenteforlag.no\/dreyers\/wp-json\/wp\/v2\/types\/product"}],"wp:featuredmedia":[{"embeddable":true,"href":"https:\/\/staging.forenteforlag.no\/dreyers\/wp-json\/wp\/v2\/media\/24019"}],"wp:attachment":[{"href":"https:\/\/staging.forenteforlag.no\/dreyers\/wp-json\/wp\/v2\/media?parent=21360"}],"wp:term":[{"taxonomy":"product_brand","embeddable":true,"href":"https:\/\/staging.forenteforlag.no\/dreyers\/wp-json\/wp\/v2\/product_brand?post=21360"},{"taxonomy":"product_cat","embeddable":true,"href":"https:\/\/staging.forenteforlag.no\/dreyers\/wp-json\/wp\/v2\/product_cat?post=21360"},{"taxonomy":"product_tag","embeddable":true,"href":"https:\/\/staging.forenteforlag.no\/dreyers\/wp-json\/wp\/v2\/product_tag?post=21360"}],"curies":[{"name":"wp","href":"https:\/\/api.w.org\/{rel}","templated":true}]}}