{"id":21351,"date":"2016-06-16T02:00:00","date_gmt":"2016-06-16T00:00:00","guid":{"rendered":"https:\/\/dreyersforlag.forenteforlag.no\/produkt\/jotunheimen-4\/"},"modified":"2025-08-27T09:03:31","modified_gmt":"2025-08-27T07:03:31","slug":"jotunheimen-4","status":"publish","type":"product","link":"https:\/\/staging.forenteforlag.no\/dreyers\/produkt\/jotunheimen-4\/","title":{"rendered":"Jotunheimen"},"content":{"rendered":"<p>Jotunheimen er Norges best bes\u00f8kte turomr\u00e5de. Helt siden 1850-tallet har det v\u00e6rt en av de mest popul\u00e6re omr\u00e5dene for fjellvandring. Her finner vi de to h\u00f8yeste fjellene i Nord-Europa, og ingen andre steder i Norge er det flere 2000-meters topper. Landskapet byr p\u00e5 en imponerende vill, vakker og variert natur. <\/p>\n<p>Denne boka forteller Jotunheimens historie fra steinalderen til i dag, med s\u00e6rlig vekt p\u00e5 \u00abGullalderen\u00bb, 1800-1900-tallet, da de mest ber\u00f8mte foregangsmennene og -kvinnene inntok fjellet. Det var fra f\u00f8r lokal bosetting i det r\u00f8ffe h\u00f8yfjellsmilj\u00f8et, med setring sommerstid og jakt p\u00e5 h\u00f8sten, men n\u00e5 begynte borgerskapet i byene \u00e5 oppdage rekreasjonsmulighetene i fjellivet. <\/p>\n<p>Den Norske Turistforening ble stiftet p\u00e5 denne tiden, og det var n\u00e5 at norske og utenlandske fjellklatrere gjorde de f\u00f8rste, spektakul\u00e6re fjellbestigningene. Store Skagast\u00f8lstind fikk sin f\u00f8rstebestigning, og steds- og rutenavn ble satt b\u00e5de her og andre steder i Jotunheimen; som for eksempel Mohns skar og Heftyes renne. <\/p>\n<p>Kunstnere kom ogs\u00e5 opp i h\u00f8yfjellet, og i den nye nasjonen Norge ble fjellet selve emblemet p\u00e5 norsk nasjonal \u00e5nd, b\u00e5de i tekst og bilder, og i musikk. Edvard Grieg skrev ned budeien Gjendine Sl\u00e5liens melodier og foreviget dem i klassisk drakt. Men scenemusikken til Ibsens Peer Gynt skrev han 14 \u00e5r f\u00f8r han selv opplevde fjellryggen ved Gjende der Peers bukkeritt finner sted! <\/p>\n<p>Det er ikke f\u00e5 b\u00f8ker som har blitt utgitt om dette fjellomr\u00e5det, og bokas forfatter har gjennomg\u00e5tt n\u00e6r sagt \u00aballe\u00bb tilgjengelige kilder, for \u00e5 kunne gi en mest mulig komplett fremstilling av fjellfolk og oppdagelser gjennom tidene. Boka er rik p\u00e5 spennende detaljer, ogs\u00e5 for dem som kjenner Jotunheimen godt fra f\u00f8r.<\/p>\n","protected":false},"excerpt":{"rendered":"<p>Jotunheimen er Norges best bes\u00f8kte turomr\u00e5de. Helt siden 1850-tallet har det v\u00e6rt en av de mest popul\u00e6re omr\u00e5dene for fjellvandring. Her finner vi de to h\u00f8yeste fjellene i Nord-Europa, og ingen andre steder i Norge er det flere 2000-meters topper. Landskapet byr p\u00e5 en imponerende vill, vakker og variert natur. Denne boka forteller Jotunheimens historie [&hellip;]<\/p>\n","protected":false},"featured_media":24153,"template":"","meta":{"_acf_changed":false,"inline_featured_image":false},"product_brand":[],"product_cat":[1785,29],"product_tag":[394,441,557,607,362,1038,851,682],"class_list":{"0":"post-21351","1":"product","2":"type-product","3":"status-publish","4":"has-post-thumbnail","6":"product_cat-fripris","7":"product_cat-natur-friluftsliv-og-sport","8":"product_tag-1800-tallet","9":"product_tag-1900-tallet","10":"product_tag-2000-tallet","11":"product_tag-bedriftshistorie","12":"product_tag-faglitteratur","13":"product_tag-fjellomrader","14":"product_tag-oppland","15":"product_tag-sogn-og-fjordane","16":"pa_format-innbundet","18":"first","19":"instock","20":"shipping-taxable","21":"purchasable","22":"product-type-simple"},"acf":{"anmeldelse":null},"yoast_head":"<!-- This site is optimized with the Yoast SEO plugin v26.6 - https:\/\/yoast.com\/wordpress\/plugins\/seo\/ -->\n<title>Jotunheimen - Dreyers Forlag<\/title>\n<meta name=\"robots\" content=\"noindex, follow, max-snippet:-1, max-image-preview:large, max-video-preview:-1\" \/>\n<meta property=\"og:locale\" content=\"nb_NO\" \/>\n<meta property=\"og:type\" content=\"article\" \/>\n<meta property=\"og:title\" content=\"Jotunheimen - Dreyers Forlag\" \/>\n<meta property=\"og:description\" content=\"Jotunheimen er Norges best bes\u00f8kte turomr\u00e5de. Helt siden 1850-tallet har det v\u00e6rt en av de mest popul\u00e6re omr\u00e5dene for fjellvandring. Her finner vi de to h\u00f8yeste fjellene i Nord-Europa, og ingen andre steder i Norge er det flere 2000-meters topper. Landskapet byr p\u00e5 en imponerende vill, vakker og variert natur. Denne boka forteller Jotunheimens historie [&hellip;]\" \/>\n<meta property=\"og:url\" content=\"https:\/\/staging.forenteforlag.no\/dreyers\/produkt\/jotunheimen-4\/\" \/>\n<meta property=\"og:site_name\" content=\"Dreyers Forlag\" \/>\n<meta property=\"article:modified_time\" content=\"2025-08-27T07:03:31+00:00\" \/>\n<meta property=\"og:image\" content=\"https:\/\/staging.forenteforlag.no\/dreyers\/wp-content\/uploads\/sites\/2\/2025\/08\/jpg-6717.jpg\" \/>\n\t<meta property=\"og:image:width\" content=\"591\" \/>\n\t<meta property=\"og:image:height\" content=\"652\" \/>\n\t<meta property=\"og:image:type\" content=\"image\/jpeg\" \/>\n<meta name=\"twitter:card\" content=\"summary_large_image\" \/>\n<meta name=\"twitter:label1\" content=\"Ansl. lesetid\" \/>\n\t<meta name=\"twitter:data1\" content=\"1 minutt\" \/>\n<script type=\"application\/ld+json\" class=\"yoast-schema-graph\">{\"@context\":\"https:\/\/schema.org\",\"@graph\":[{\"@type\":\"WebPage\",\"@id\":\"https:\/\/staging.forenteforlag.no\/dreyers\/produkt\/jotunheimen-4\/\",\"url\":\"https:\/\/staging.forenteforlag.no\/dreyers\/produkt\/jotunheimen-4\/\",\"name\":\"Jotunheimen - Dreyers Forlag\",\"isPartOf\":{\"@id\":\"https:\/\/staging.forenteforlag.no\/dreyers\/#website\"},\"primaryImageOfPage\":{\"@id\":\"https:\/\/staging.forenteforlag.no\/dreyers\/produkt\/jotunheimen-4\/#primaryimage\"},\"image\":{\"@id\":\"https:\/\/staging.forenteforlag.no\/dreyers\/produkt\/jotunheimen-4\/#primaryimage\"},\"thumbnailUrl\":\"https:\/\/staging.forenteforlag.no\/dreyers\/wp-content\/uploads\/sites\/2\/2025\/08\/jpg-6717.jpg\",\"datePublished\":\"2016-06-16T00:00:00+00:00\",\"dateModified\":\"2025-08-27T07:03:31+00:00\",\"breadcrumb\":{\"@id\":\"https:\/\/staging.forenteforlag.no\/dreyers\/produkt\/jotunheimen-4\/#breadcrumb\"},\"inLanguage\":\"nb-NO\",\"potentialAction\":[{\"@type\":\"ReadAction\",\"target\":[\"https:\/\/staging.forenteforlag.no\/dreyers\/produkt\/jotunheimen-4\/\"]}]},{\"@type\":\"ImageObject\",\"inLanguage\":\"nb-NO\",\"@id\":\"https:\/\/staging.forenteforlag.no\/dreyers\/produkt\/jotunheimen-4\/#primaryimage\",\"url\":\"https:\/\/staging.forenteforlag.no\/dreyers\/wp-content\/uploads\/sites\/2\/2025\/08\/jpg-6717.jpg\",\"contentUrl\":\"https:\/\/staging.forenteforlag.no\/dreyers\/wp-content\/uploads\/sites\/2\/2025\/08\/jpg-6717.jpg\",\"width\":591,\"height\":652},{\"@type\":\"BreadcrumbList\",\"@id\":\"https:\/\/staging.forenteforlag.no\/dreyers\/produkt\/jotunheimen-4\/#breadcrumb\",\"itemListElement\":[{\"@type\":\"ListItem\",\"position\":1,\"name\":\"Hjem\",\"item\":\"https:\/\/staging.forenteforlag.no\/dreyers\/\"},{\"@type\":\"ListItem\",\"position\":2,\"name\":\"Alle b\u00f8ker\",\"item\":\"https:\/\/staging.forenteforlag.no\/dreyers\/butikk\/\"},{\"@type\":\"ListItem\",\"position\":3,\"name\":\"Jotunheimen\"}]},{\"@type\":\"WebSite\",\"@id\":\"https:\/\/staging.forenteforlag.no\/dreyers\/#website\",\"url\":\"https:\/\/staging.forenteforlag.no\/dreyers\/\",\"name\":\"Dreyers Forlag\",\"description\":\"\",\"potentialAction\":[{\"@type\":\"SearchAction\",\"target\":{\"@type\":\"EntryPoint\",\"urlTemplate\":\"https:\/\/staging.forenteforlag.no\/dreyers\/?s={search_term_string}\"},\"query-input\":{\"@type\":\"PropertyValueSpecification\",\"valueRequired\":true,\"valueName\":\"search_term_string\"}}],\"inLanguage\":\"nb-NO\"}]}<\/script>\n<!-- \/ Yoast SEO plugin. -->","yoast_head_json":{"title":"Jotunheimen - Dreyers Forlag","robots":{"index":"noindex","follow":"follow","max-snippet":"max-snippet:-1","max-image-preview":"max-image-preview:large","max-video-preview":"max-video-preview:-1"},"og_locale":"nb_NO","og_type":"article","og_title":"Jotunheimen - Dreyers Forlag","og_description":"Jotunheimen er Norges best bes\u00f8kte turomr\u00e5de. Helt siden 1850-tallet har det v\u00e6rt en av de mest popul\u00e6re omr\u00e5dene for fjellvandring. Her finner vi de to h\u00f8yeste fjellene i Nord-Europa, og ingen andre steder i Norge er det flere 2000-meters topper. Landskapet byr p\u00e5 en imponerende vill, vakker og variert natur. Denne boka forteller Jotunheimens historie [&hellip;]","og_url":"https:\/\/staging.forenteforlag.no\/dreyers\/produkt\/jotunheimen-4\/","og_site_name":"Dreyers Forlag","article_modified_time":"2025-08-27T07:03:31+00:00","og_image":[{"width":591,"height":652,"url":"https:\/\/staging.forenteforlag.no\/dreyers\/wp-content\/uploads\/sites\/2\/2025\/08\/jpg-6717.jpg","type":"image\/jpeg"}],"twitter_card":"summary_large_image","twitter_misc":{"Ansl. lesetid":"1 minutt"},"schema":{"@context":"https:\/\/schema.org","@graph":[{"@type":"WebPage","@id":"https:\/\/staging.forenteforlag.no\/dreyers\/produkt\/jotunheimen-4\/","url":"https:\/\/staging.forenteforlag.no\/dreyers\/produkt\/jotunheimen-4\/","name":"Jotunheimen - Dreyers Forlag","isPartOf":{"@id":"https:\/\/staging.forenteforlag.no\/dreyers\/#website"},"primaryImageOfPage":{"@id":"https:\/\/staging.forenteforlag.no\/dreyers\/produkt\/jotunheimen-4\/#primaryimage"},"image":{"@id":"https:\/\/staging.forenteforlag.no\/dreyers\/produkt\/jotunheimen-4\/#primaryimage"},"thumbnailUrl":"https:\/\/staging.forenteforlag.no\/dreyers\/wp-content\/uploads\/sites\/2\/2025\/08\/jpg-6717.jpg","datePublished":"2016-06-16T00:00:00+00:00","dateModified":"2025-08-27T07:03:31+00:00","breadcrumb":{"@id":"https:\/\/staging.forenteforlag.no\/dreyers\/produkt\/jotunheimen-4\/#breadcrumb"},"inLanguage":"nb-NO","potentialAction":[{"@type":"ReadAction","target":["https:\/\/staging.forenteforlag.no\/dreyers\/produkt\/jotunheimen-4\/"]}]},{"@type":"ImageObject","inLanguage":"nb-NO","@id":"https:\/\/staging.forenteforlag.no\/dreyers\/produkt\/jotunheimen-4\/#primaryimage","url":"https:\/\/staging.forenteforlag.no\/dreyers\/wp-content\/uploads\/sites\/2\/2025\/08\/jpg-6717.jpg","contentUrl":"https:\/\/staging.forenteforlag.no\/dreyers\/wp-content\/uploads\/sites\/2\/2025\/08\/jpg-6717.jpg","width":591,"height":652},{"@type":"BreadcrumbList","@id":"https:\/\/staging.forenteforlag.no\/dreyers\/produkt\/jotunheimen-4\/#breadcrumb","itemListElement":[{"@type":"ListItem","position":1,"name":"Hjem","item":"https:\/\/staging.forenteforlag.no\/dreyers\/"},{"@type":"ListItem","position":2,"name":"Alle b\u00f8ker","item":"https:\/\/staging.forenteforlag.no\/dreyers\/butikk\/"},{"@type":"ListItem","position":3,"name":"Jotunheimen"}]},{"@type":"WebSite","@id":"https:\/\/staging.forenteforlag.no\/dreyers\/#website","url":"https:\/\/staging.forenteforlag.no\/dreyers\/","name":"Dreyers Forlag","description":"","potentialAction":[{"@type":"SearchAction","target":{"@type":"EntryPoint","urlTemplate":"https:\/\/staging.forenteforlag.no\/dreyers\/?s={search_term_string}"},"query-input":{"@type":"PropertyValueSpecification","valueRequired":true,"valueName":"search_term_string"}}],"inLanguage":"nb-NO"}]}},"_links":{"self":[{"href":"https:\/\/staging.forenteforlag.no\/dreyers\/wp-json\/wp\/v2\/product\/21351","targetHints":{"allow":["GET"]}}],"collection":[{"href":"https:\/\/staging.forenteforlag.no\/dreyers\/wp-json\/wp\/v2\/product"}],"about":[{"href":"https:\/\/staging.forenteforlag.no\/dreyers\/wp-json\/wp\/v2\/types\/product"}],"wp:featuredmedia":[{"embeddable":true,"href":"https:\/\/staging.forenteforlag.no\/dreyers\/wp-json\/wp\/v2\/media\/24153"}],"wp:attachment":[{"href":"https:\/\/staging.forenteforlag.no\/dreyers\/wp-json\/wp\/v2\/media?parent=21351"}],"wp:term":[{"taxonomy":"product_brand","embeddable":true,"href":"https:\/\/staging.forenteforlag.no\/dreyers\/wp-json\/wp\/v2\/product_brand?post=21351"},{"taxonomy":"product_cat","embeddable":true,"href":"https:\/\/staging.forenteforlag.no\/dreyers\/wp-json\/wp\/v2\/product_cat?post=21351"},{"taxonomy":"product_tag","embeddable":true,"href":"https:\/\/staging.forenteforlag.no\/dreyers\/wp-json\/wp\/v2\/product_tag?post=21351"}],"curies":[{"name":"wp","href":"https:\/\/api.w.org\/{rel}","templated":true}]}}