{"id":21347,"date":"2016-08-17T02:00:00","date_gmt":"2016-08-17T00:00:00","guid":{"rendered":"https:\/\/dreyersforlag.forenteforlag.no\/produkt\/til-fots-i-follomarka\/"},"modified":"2025-09-04T13:55:09","modified_gmt":"2025-09-04T11:55:09","slug":"til-fots-i-follomarka","status":"publish","type":"product","link":"https:\/\/staging.forenteforlag.no\/dreyers\/produkt\/til-fots-i-follomarka\/","title":{"rendered":"Til fots i Follomarka"},"content":{"rendered":"<p>Til fots i Follomarka beskriver 50 fotturer i kommunene Nesodden, Frogn, Vestby og \u00c5s. Det er mulig \u00e5 g\u00e5 langs kysten, helt fra Hvervenbukta i nord til Moss i s\u00f8r, via Nesset innerst i Bunnefjorden og Nesoddtangen. Den 135 km lange strekningen er delt inn i ni etapper. I tillegg er det en variert og rikholdig meny av spennende turer i skog og mark, med kulturminner som gamle brygger, isdammer og husmannsplasser. Velkommen til gode turopplevelser mellom Oslofjorden og Bunnefjorden, og mellom Oslo i nord og Moss i s\u00f8r.<\/p>\n<p>GOD TUR i Follomarka!<\/p>\n","protected":false},"excerpt":{"rendered":"<p>Til fots i Follomarka beskriver 50 fotturer i kommunene Nesodden, Frogn, Vestby og \u00c5s. Det er mulig \u00e5 g\u00e5 langs kysten, helt fra Hvervenbukta i nord til Moss i s\u00f8r, via Nesset innerst i Bunnefjorden og Nesoddtangen. Den 135 km lange strekningen er delt inn i ni etapper. I tillegg er det en variert og [&hellip;]<\/p>\n","protected":false},"featured_media":24168,"template":"","meta":{"_acf_changed":false,"inline_featured_image":false},"product_brand":[],"product_cat":[38,1785,30],"product_tag":[684,901,362,838,1787,1537,796],"class_list":{"0":"post-21347","1":"product","2":"type-product","3":"status-publish","4":"has-post-thumbnail","6":"product_cat-diverse-lokallitteratur","7":"product_cat-fripris","8":"product_cat-reise-og-geografi","9":"product_tag-akershus","10":"product_tag-byguider","11":"product_tag-faglitteratur","12":"product_tag-fotturer","13":"product_tag-reise-og-turguider","14":"product_tag-reisehandboker","15":"product_tag-temareiseguider","16":"pa_format-mykperm","18":"first","19":"instock","20":"shipping-taxable","21":"purchasable","22":"product-type-simple"},"acf":{"anmeldelse":null},"yoast_head":"<!-- This site is optimized with the Yoast SEO plugin v26.6 - https:\/\/yoast.com\/wordpress\/plugins\/seo\/ -->\n<title>Til fots i Follomarka - Dreyers Forlag<\/title>\n<meta name=\"robots\" content=\"noindex, follow, max-snippet:-1, max-image-preview:large, max-video-preview:-1\" \/>\n<meta property=\"og:locale\" content=\"nb_NO\" \/>\n<meta property=\"og:type\" content=\"article\" \/>\n<meta property=\"og:title\" content=\"Til fots i Follomarka - Dreyers Forlag\" \/>\n<meta property=\"og:description\" content=\"Til fots i Follomarka beskriver 50 fotturer i kommunene Nesodden, Frogn, Vestby og \u00c5s. Det er mulig \u00e5 g\u00e5 langs kysten, helt fra Hvervenbukta i nord til Moss i s\u00f8r, via Nesset innerst i Bunnefjorden og Nesoddtangen. Den 135 km lange strekningen er delt inn i ni etapper. I tillegg er det en variert og [&hellip;]\" \/>\n<meta property=\"og:url\" content=\"https:\/\/staging.forenteforlag.no\/dreyers\/produkt\/til-fots-i-follomarka\/\" \/>\n<meta property=\"og:site_name\" content=\"Dreyers Forlag\" \/>\n<meta property=\"article:modified_time\" content=\"2025-09-04T11:55:09+00:00\" \/>\n<meta property=\"og:image\" content=\"https:\/\/staging.forenteforlag.no\/dreyers\/wp-content\/uploads\/sites\/2\/2025\/08\/jpg-6952.jpg\" \/>\n\t<meta property=\"og:image:width\" content=\"377\" \/>\n\t<meta property=\"og:image:height\" content=\"606\" \/>\n\t<meta property=\"og:image:type\" content=\"image\/jpeg\" \/>\n<meta name=\"twitter:card\" content=\"summary_large_image\" \/>\n<script type=\"application\/ld+json\" class=\"yoast-schema-graph\">{\"@context\":\"https:\/\/schema.org\",\"@graph\":[{\"@type\":\"WebPage\",\"@id\":\"https:\/\/staging.forenteforlag.no\/dreyers\/produkt\/til-fots-i-follomarka\/\",\"url\":\"https:\/\/staging.forenteforlag.no\/dreyers\/produkt\/til-fots-i-follomarka\/\",\"name\":\"Til fots i Follomarka - Dreyers Forlag\",\"isPartOf\":{\"@id\":\"https:\/\/staging.forenteforlag.no\/dreyers\/#website\"},\"primaryImageOfPage\":{\"@id\":\"https:\/\/staging.forenteforlag.no\/dreyers\/produkt\/til-fots-i-follomarka\/#primaryimage\"},\"image\":{\"@id\":\"https:\/\/staging.forenteforlag.no\/dreyers\/produkt\/til-fots-i-follomarka\/#primaryimage\"},\"thumbnailUrl\":\"https:\/\/staging.forenteforlag.no\/dreyers\/wp-content\/uploads\/sites\/2\/2025\/08\/jpg-6952.jpg\",\"datePublished\":\"2016-08-17T00:00:00+00:00\",\"dateModified\":\"2025-09-04T11:55:09+00:00\",\"breadcrumb\":{\"@id\":\"https:\/\/staging.forenteforlag.no\/dreyers\/produkt\/til-fots-i-follomarka\/#breadcrumb\"},\"inLanguage\":\"nb-NO\",\"potentialAction\":[{\"@type\":\"ReadAction\",\"target\":[\"https:\/\/staging.forenteforlag.no\/dreyers\/produkt\/til-fots-i-follomarka\/\"]}]},{\"@type\":\"ImageObject\",\"inLanguage\":\"nb-NO\",\"@id\":\"https:\/\/staging.forenteforlag.no\/dreyers\/produkt\/til-fots-i-follomarka\/#primaryimage\",\"url\":\"https:\/\/staging.forenteforlag.no\/dreyers\/wp-content\/uploads\/sites\/2\/2025\/08\/jpg-6952.jpg\",\"contentUrl\":\"https:\/\/staging.forenteforlag.no\/dreyers\/wp-content\/uploads\/sites\/2\/2025\/08\/jpg-6952.jpg\",\"width\":377,\"height\":606},{\"@type\":\"BreadcrumbList\",\"@id\":\"https:\/\/staging.forenteforlag.no\/dreyers\/produkt\/til-fots-i-follomarka\/#breadcrumb\",\"itemListElement\":[{\"@type\":\"ListItem\",\"position\":1,\"name\":\"Hjem\",\"item\":\"https:\/\/staging.forenteforlag.no\/dreyers\/\"},{\"@type\":\"ListItem\",\"position\":2,\"name\":\"Alle b\u00f8ker\",\"item\":\"https:\/\/staging.forenteforlag.no\/dreyers\/butikk\/\"},{\"@type\":\"ListItem\",\"position\":3,\"name\":\"Til fots i Follomarka\"}]},{\"@type\":\"WebSite\",\"@id\":\"https:\/\/staging.forenteforlag.no\/dreyers\/#website\",\"url\":\"https:\/\/staging.forenteforlag.no\/dreyers\/\",\"name\":\"Dreyers Forlag\",\"description\":\"\",\"potentialAction\":[{\"@type\":\"SearchAction\",\"target\":{\"@type\":\"EntryPoint\",\"urlTemplate\":\"https:\/\/staging.forenteforlag.no\/dreyers\/?s={search_term_string}\"},\"query-input\":{\"@type\":\"PropertyValueSpecification\",\"valueRequired\":true,\"valueName\":\"search_term_string\"}}],\"inLanguage\":\"nb-NO\"}]}<\/script>\n<!-- \/ Yoast SEO plugin. -->","yoast_head_json":{"title":"Til fots i Follomarka - Dreyers Forlag","robots":{"index":"noindex","follow":"follow","max-snippet":"max-snippet:-1","max-image-preview":"max-image-preview:large","max-video-preview":"max-video-preview:-1"},"og_locale":"nb_NO","og_type":"article","og_title":"Til fots i Follomarka - Dreyers Forlag","og_description":"Til fots i Follomarka beskriver 50 fotturer i kommunene Nesodden, Frogn, Vestby og \u00c5s. Det er mulig \u00e5 g\u00e5 langs kysten, helt fra Hvervenbukta i nord til Moss i s\u00f8r, via Nesset innerst i Bunnefjorden og Nesoddtangen. Den 135 km lange strekningen er delt inn i ni etapper. I tillegg er det en variert og [&hellip;]","og_url":"https:\/\/staging.forenteforlag.no\/dreyers\/produkt\/til-fots-i-follomarka\/","og_site_name":"Dreyers Forlag","article_modified_time":"2025-09-04T11:55:09+00:00","og_image":[{"width":377,"height":606,"url":"https:\/\/staging.forenteforlag.no\/dreyers\/wp-content\/uploads\/sites\/2\/2025\/08\/jpg-6952.jpg","type":"image\/jpeg"}],"twitter_card":"summary_large_image","schema":{"@context":"https:\/\/schema.org","@graph":[{"@type":"WebPage","@id":"https:\/\/staging.forenteforlag.no\/dreyers\/produkt\/til-fots-i-follomarka\/","url":"https:\/\/staging.forenteforlag.no\/dreyers\/produkt\/til-fots-i-follomarka\/","name":"Til fots i Follomarka - Dreyers Forlag","isPartOf":{"@id":"https:\/\/staging.forenteforlag.no\/dreyers\/#website"},"primaryImageOfPage":{"@id":"https:\/\/staging.forenteforlag.no\/dreyers\/produkt\/til-fots-i-follomarka\/#primaryimage"},"image":{"@id":"https:\/\/staging.forenteforlag.no\/dreyers\/produkt\/til-fots-i-follomarka\/#primaryimage"},"thumbnailUrl":"https:\/\/staging.forenteforlag.no\/dreyers\/wp-content\/uploads\/sites\/2\/2025\/08\/jpg-6952.jpg","datePublished":"2016-08-17T00:00:00+00:00","dateModified":"2025-09-04T11:55:09+00:00","breadcrumb":{"@id":"https:\/\/staging.forenteforlag.no\/dreyers\/produkt\/til-fots-i-follomarka\/#breadcrumb"},"inLanguage":"nb-NO","potentialAction":[{"@type":"ReadAction","target":["https:\/\/staging.forenteforlag.no\/dreyers\/produkt\/til-fots-i-follomarka\/"]}]},{"@type":"ImageObject","inLanguage":"nb-NO","@id":"https:\/\/staging.forenteforlag.no\/dreyers\/produkt\/til-fots-i-follomarka\/#primaryimage","url":"https:\/\/staging.forenteforlag.no\/dreyers\/wp-content\/uploads\/sites\/2\/2025\/08\/jpg-6952.jpg","contentUrl":"https:\/\/staging.forenteforlag.no\/dreyers\/wp-content\/uploads\/sites\/2\/2025\/08\/jpg-6952.jpg","width":377,"height":606},{"@type":"BreadcrumbList","@id":"https:\/\/staging.forenteforlag.no\/dreyers\/produkt\/til-fots-i-follomarka\/#breadcrumb","itemListElement":[{"@type":"ListItem","position":1,"name":"Hjem","item":"https:\/\/staging.forenteforlag.no\/dreyers\/"},{"@type":"ListItem","position":2,"name":"Alle b\u00f8ker","item":"https:\/\/staging.forenteforlag.no\/dreyers\/butikk\/"},{"@type":"ListItem","position":3,"name":"Til fots i Follomarka"}]},{"@type":"WebSite","@id":"https:\/\/staging.forenteforlag.no\/dreyers\/#website","url":"https:\/\/staging.forenteforlag.no\/dreyers\/","name":"Dreyers Forlag","description":"","potentialAction":[{"@type":"SearchAction","target":{"@type":"EntryPoint","urlTemplate":"https:\/\/staging.forenteforlag.no\/dreyers\/?s={search_term_string}"},"query-input":{"@type":"PropertyValueSpecification","valueRequired":true,"valueName":"search_term_string"}}],"inLanguage":"nb-NO"}]}},"_links":{"self":[{"href":"https:\/\/staging.forenteforlag.no\/dreyers\/wp-json\/wp\/v2\/product\/21347","targetHints":{"allow":["GET"]}}],"collection":[{"href":"https:\/\/staging.forenteforlag.no\/dreyers\/wp-json\/wp\/v2\/product"}],"about":[{"href":"https:\/\/staging.forenteforlag.no\/dreyers\/wp-json\/wp\/v2\/types\/product"}],"wp:featuredmedia":[{"embeddable":true,"href":"https:\/\/staging.forenteforlag.no\/dreyers\/wp-json\/wp\/v2\/media\/24168"}],"wp:attachment":[{"href":"https:\/\/staging.forenteforlag.no\/dreyers\/wp-json\/wp\/v2\/media?parent=21347"}],"wp:term":[{"taxonomy":"product_brand","embeddable":true,"href":"https:\/\/staging.forenteforlag.no\/dreyers\/wp-json\/wp\/v2\/product_brand?post=21347"},{"taxonomy":"product_cat","embeddable":true,"href":"https:\/\/staging.forenteforlag.no\/dreyers\/wp-json\/wp\/v2\/product_cat?post=21347"},{"taxonomy":"product_tag","embeddable":true,"href":"https:\/\/staging.forenteforlag.no\/dreyers\/wp-json\/wp\/v2\/product_tag?post=21347"}],"curies":[{"name":"wp","href":"https:\/\/api.w.org\/{rel}","templated":true}]}}