{"id":21324,"date":"2017-09-29T02:00:00","date_gmt":"2017-09-29T00:00:00","guid":{"rendered":"https:\/\/dreyersforlag.forenteforlag.no\/produkt\/jesus-fra-nasaret\/"},"modified":"2025-09-04T13:46:29","modified_gmt":"2025-09-04T11:46:29","slug":"jesus-fra-nasaret","status":"publish","type":"product","link":"https:\/\/staging.forenteforlag.no\/dreyers\/produkt\/jesus-fra-nasaret\/","title":{"rendered":"Jesus fra Nasaret"},"content":{"rendered":"<p>If\u00f8lge verdens st\u00f8rste religion er Jesus fra Nasaret b\u00e5de et menneske som har levd her i v\u00e5r verden, og et guddommelig vesen som eksisterer til evig tid. P\u00e5standen om at han har levd, kan unders\u00f8kes historiefaglig p\u00e5 samme m\u00e5te som andre p\u00e5stander om vanlige mennesker &#8211; men hva med p\u00e5standen om at han er guddommelig? Kan historiefaglige unders\u00f8kelser bevise eller motbevise at Jesus gikk p\u00e5 vannet, helbredet syke &#8211; og sto opp fra de d\u00f8de for s\u00e5 \u00e5 bli tatt opp til himmelen? \u00abJa, s\u00e5 absolutt!\u00bb sier noen forskere. Andre svarer like bombastisk \u00abNei!\u00bb<br \/>\nI l\u00f8pet av de siste tjuefem \u00e5rene har forskningsfeltet \u00abDen historiske Jesus\u00bb eksplodert i et mylder av fors\u00f8k p\u00e5 \u00e5 komme fram til vitenskapelig baserte oppfatninger om hvem og hva Jesus egentlig var. Kildematerialet blir presset til det ytterste, og grensene mellom fag og forkynnelse blir utfordret i alle retninger. I denne boken tar historiker Per Bjarne Ravn\u00e5 utgangspunkt i sentrale deler av denne forskningslitteraturen, og unders\u00f8ker hvor tett p\u00e5 sp\u00f8rsm\u00e5let om Jesus guddommelighet det er mulig \u00e5 komme f\u00f8r man g\u00e5r over fra faglig basert viten til religi\u00f8s tro. Boken er en levende og interessant innf\u00f8ring for allmenne lesere i et komplekst og ofte kontroversielt tema.<\/p>\n","protected":false},"excerpt":{"rendered":"<p>If\u00f8lge verdens st\u00f8rste religion er Jesus fra Nasaret b\u00e5de et menneske som har levd her i v\u00e5r verden, og et guddommelig vesen som eksisterer til evig tid. P\u00e5standen om at han har levd, kan unders\u00f8kes historiefaglig p\u00e5 samme m\u00e5te som andre p\u00e5stander om vanlige mennesker &#8211; men hva med p\u00e5standen om at han er guddommelig? [&hellip;]<\/p>\n","protected":false},"featured_media":24453,"template":"","meta":{"_acf_changed":false,"inline_featured_image":false},"product_brand":[],"product_cat":[20,1785,23],"product_tag":[607,565,362,680],"class_list":{"0":"post-21324","1":"product","2":"type-product","3":"status-publish","4":"has-post-thumbnail","6":"product_cat-biografier-og-memoarer","7":"product_cat-fripris","8":"product_cat-historie","9":"product_tag-bedriftshistorie","10":"product_tag-etterforskning","11":"product_tag-faglitteratur","12":"product_tag-jesus","13":"pa_format-innbundet","15":"first","16":"instock","17":"shipping-taxable","18":"purchasable","19":"product-type-simple"},"acf":{"anmeldelse":null},"yoast_head":"<!-- This site is optimized with the Yoast SEO plugin v26.6 - https:\/\/yoast.com\/wordpress\/plugins\/seo\/ -->\n<title>Jesus fra Nasaret - Dreyers Forlag<\/title>\n<meta name=\"robots\" content=\"noindex, follow, max-snippet:-1, max-image-preview:large, max-video-preview:-1\" \/>\n<meta property=\"og:locale\" content=\"nb_NO\" \/>\n<meta property=\"og:type\" content=\"article\" \/>\n<meta property=\"og:title\" content=\"Jesus fra Nasaret - Dreyers Forlag\" \/>\n<meta property=\"og:description\" content=\"If\u00f8lge verdens st\u00f8rste religion er Jesus fra Nasaret b\u00e5de et menneske som har levd her i v\u00e5r verden, og et guddommelig vesen som eksisterer til evig tid. P\u00e5standen om at han har levd, kan unders\u00f8kes historiefaglig p\u00e5 samme m\u00e5te som andre p\u00e5stander om vanlige mennesker &#8211; men hva med p\u00e5standen om at han er guddommelig? [&hellip;]\" \/>\n<meta property=\"og:url\" content=\"https:\/\/staging.forenteforlag.no\/dreyers\/produkt\/jesus-fra-nasaret\/\" \/>\n<meta property=\"og:site_name\" content=\"Dreyers Forlag\" \/>\n<meta property=\"article:modified_time\" content=\"2025-09-04T11:46:29+00:00\" \/>\n<meta property=\"og:image\" content=\"https:\/\/staging.forenteforlag.no\/dreyers\/wp-content\/uploads\/sites\/2\/2025\/08\/jpg-9542.jpg\" \/>\n\t<meta property=\"og:image:width\" content=\"582\" \/>\n\t<meta property=\"og:image:height\" content=\"821\" \/>\n\t<meta property=\"og:image:type\" content=\"image\/jpeg\" \/>\n<meta name=\"twitter:card\" content=\"summary_large_image\" \/>\n<meta name=\"twitter:label1\" content=\"Ansl. lesetid\" \/>\n\t<meta name=\"twitter:data1\" content=\"1 minutt\" \/>\n<script type=\"application\/ld+json\" class=\"yoast-schema-graph\">{\"@context\":\"https:\/\/schema.org\",\"@graph\":[{\"@type\":\"WebPage\",\"@id\":\"https:\/\/staging.forenteforlag.no\/dreyers\/produkt\/jesus-fra-nasaret\/\",\"url\":\"https:\/\/staging.forenteforlag.no\/dreyers\/produkt\/jesus-fra-nasaret\/\",\"name\":\"Jesus fra Nasaret - Dreyers Forlag\",\"isPartOf\":{\"@id\":\"https:\/\/staging.forenteforlag.no\/dreyers\/#website\"},\"primaryImageOfPage\":{\"@id\":\"https:\/\/staging.forenteforlag.no\/dreyers\/produkt\/jesus-fra-nasaret\/#primaryimage\"},\"image\":{\"@id\":\"https:\/\/staging.forenteforlag.no\/dreyers\/produkt\/jesus-fra-nasaret\/#primaryimage\"},\"thumbnailUrl\":\"https:\/\/staging.forenteforlag.no\/dreyers\/wp-content\/uploads\/sites\/2\/2025\/08\/jpg-9542.jpg\",\"datePublished\":\"2017-09-29T00:00:00+00:00\",\"dateModified\":\"2025-09-04T11:46:29+00:00\",\"breadcrumb\":{\"@id\":\"https:\/\/staging.forenteforlag.no\/dreyers\/produkt\/jesus-fra-nasaret\/#breadcrumb\"},\"inLanguage\":\"nb-NO\",\"potentialAction\":[{\"@type\":\"ReadAction\",\"target\":[\"https:\/\/staging.forenteforlag.no\/dreyers\/produkt\/jesus-fra-nasaret\/\"]}]},{\"@type\":\"ImageObject\",\"inLanguage\":\"nb-NO\",\"@id\":\"https:\/\/staging.forenteforlag.no\/dreyers\/produkt\/jesus-fra-nasaret\/#primaryimage\",\"url\":\"https:\/\/staging.forenteforlag.no\/dreyers\/wp-content\/uploads\/sites\/2\/2025\/08\/jpg-9542.jpg\",\"contentUrl\":\"https:\/\/staging.forenteforlag.no\/dreyers\/wp-content\/uploads\/sites\/2\/2025\/08\/jpg-9542.jpg\",\"width\":582,\"height\":821},{\"@type\":\"BreadcrumbList\",\"@id\":\"https:\/\/staging.forenteforlag.no\/dreyers\/produkt\/jesus-fra-nasaret\/#breadcrumb\",\"itemListElement\":[{\"@type\":\"ListItem\",\"position\":1,\"name\":\"Hjem\",\"item\":\"https:\/\/staging.forenteforlag.no\/dreyers\/\"},{\"@type\":\"ListItem\",\"position\":2,\"name\":\"Alle b\u00f8ker\",\"item\":\"https:\/\/staging.forenteforlag.no\/dreyers\/butikk\/\"},{\"@type\":\"ListItem\",\"position\":3,\"name\":\"Jesus fra Nasaret\"}]},{\"@type\":\"WebSite\",\"@id\":\"https:\/\/staging.forenteforlag.no\/dreyers\/#website\",\"url\":\"https:\/\/staging.forenteforlag.no\/dreyers\/\",\"name\":\"Dreyers Forlag\",\"description\":\"\",\"potentialAction\":[{\"@type\":\"SearchAction\",\"target\":{\"@type\":\"EntryPoint\",\"urlTemplate\":\"https:\/\/staging.forenteforlag.no\/dreyers\/?s={search_term_string}\"},\"query-input\":{\"@type\":\"PropertyValueSpecification\",\"valueRequired\":true,\"valueName\":\"search_term_string\"}}],\"inLanguage\":\"nb-NO\"}]}<\/script>\n<!-- \/ Yoast SEO plugin. -->","yoast_head_json":{"title":"Jesus fra Nasaret - Dreyers Forlag","robots":{"index":"noindex","follow":"follow","max-snippet":"max-snippet:-1","max-image-preview":"max-image-preview:large","max-video-preview":"max-video-preview:-1"},"og_locale":"nb_NO","og_type":"article","og_title":"Jesus fra Nasaret - Dreyers Forlag","og_description":"If\u00f8lge verdens st\u00f8rste religion er Jesus fra Nasaret b\u00e5de et menneske som har levd her i v\u00e5r verden, og et guddommelig vesen som eksisterer til evig tid. P\u00e5standen om at han har levd, kan unders\u00f8kes historiefaglig p\u00e5 samme m\u00e5te som andre p\u00e5stander om vanlige mennesker &#8211; men hva med p\u00e5standen om at han er guddommelig? [&hellip;]","og_url":"https:\/\/staging.forenteforlag.no\/dreyers\/produkt\/jesus-fra-nasaret\/","og_site_name":"Dreyers Forlag","article_modified_time":"2025-09-04T11:46:29+00:00","og_image":[{"width":582,"height":821,"url":"https:\/\/staging.forenteforlag.no\/dreyers\/wp-content\/uploads\/sites\/2\/2025\/08\/jpg-9542.jpg","type":"image\/jpeg"}],"twitter_card":"summary_large_image","twitter_misc":{"Ansl. lesetid":"1 minutt"},"schema":{"@context":"https:\/\/schema.org","@graph":[{"@type":"WebPage","@id":"https:\/\/staging.forenteforlag.no\/dreyers\/produkt\/jesus-fra-nasaret\/","url":"https:\/\/staging.forenteforlag.no\/dreyers\/produkt\/jesus-fra-nasaret\/","name":"Jesus fra Nasaret - Dreyers Forlag","isPartOf":{"@id":"https:\/\/staging.forenteforlag.no\/dreyers\/#website"},"primaryImageOfPage":{"@id":"https:\/\/staging.forenteforlag.no\/dreyers\/produkt\/jesus-fra-nasaret\/#primaryimage"},"image":{"@id":"https:\/\/staging.forenteforlag.no\/dreyers\/produkt\/jesus-fra-nasaret\/#primaryimage"},"thumbnailUrl":"https:\/\/staging.forenteforlag.no\/dreyers\/wp-content\/uploads\/sites\/2\/2025\/08\/jpg-9542.jpg","datePublished":"2017-09-29T00:00:00+00:00","dateModified":"2025-09-04T11:46:29+00:00","breadcrumb":{"@id":"https:\/\/staging.forenteforlag.no\/dreyers\/produkt\/jesus-fra-nasaret\/#breadcrumb"},"inLanguage":"nb-NO","potentialAction":[{"@type":"ReadAction","target":["https:\/\/staging.forenteforlag.no\/dreyers\/produkt\/jesus-fra-nasaret\/"]}]},{"@type":"ImageObject","inLanguage":"nb-NO","@id":"https:\/\/staging.forenteforlag.no\/dreyers\/produkt\/jesus-fra-nasaret\/#primaryimage","url":"https:\/\/staging.forenteforlag.no\/dreyers\/wp-content\/uploads\/sites\/2\/2025\/08\/jpg-9542.jpg","contentUrl":"https:\/\/staging.forenteforlag.no\/dreyers\/wp-content\/uploads\/sites\/2\/2025\/08\/jpg-9542.jpg","width":582,"height":821},{"@type":"BreadcrumbList","@id":"https:\/\/staging.forenteforlag.no\/dreyers\/produkt\/jesus-fra-nasaret\/#breadcrumb","itemListElement":[{"@type":"ListItem","position":1,"name":"Hjem","item":"https:\/\/staging.forenteforlag.no\/dreyers\/"},{"@type":"ListItem","position":2,"name":"Alle b\u00f8ker","item":"https:\/\/staging.forenteforlag.no\/dreyers\/butikk\/"},{"@type":"ListItem","position":3,"name":"Jesus fra Nasaret"}]},{"@type":"WebSite","@id":"https:\/\/staging.forenteforlag.no\/dreyers\/#website","url":"https:\/\/staging.forenteforlag.no\/dreyers\/","name":"Dreyers Forlag","description":"","potentialAction":[{"@type":"SearchAction","target":{"@type":"EntryPoint","urlTemplate":"https:\/\/staging.forenteforlag.no\/dreyers\/?s={search_term_string}"},"query-input":{"@type":"PropertyValueSpecification","valueRequired":true,"valueName":"search_term_string"}}],"inLanguage":"nb-NO"}]}},"_links":{"self":[{"href":"https:\/\/staging.forenteforlag.no\/dreyers\/wp-json\/wp\/v2\/product\/21324","targetHints":{"allow":["GET"]}}],"collection":[{"href":"https:\/\/staging.forenteforlag.no\/dreyers\/wp-json\/wp\/v2\/product"}],"about":[{"href":"https:\/\/staging.forenteforlag.no\/dreyers\/wp-json\/wp\/v2\/types\/product"}],"wp:featuredmedia":[{"embeddable":true,"href":"https:\/\/staging.forenteforlag.no\/dreyers\/wp-json\/wp\/v2\/media\/24453"}],"wp:attachment":[{"href":"https:\/\/staging.forenteforlag.no\/dreyers\/wp-json\/wp\/v2\/media?parent=21324"}],"wp:term":[{"taxonomy":"product_brand","embeddable":true,"href":"https:\/\/staging.forenteforlag.no\/dreyers\/wp-json\/wp\/v2\/product_brand?post=21324"},{"taxonomy":"product_cat","embeddable":true,"href":"https:\/\/staging.forenteforlag.no\/dreyers\/wp-json\/wp\/v2\/product_cat?post=21324"},{"taxonomy":"product_tag","embeddable":true,"href":"https:\/\/staging.forenteforlag.no\/dreyers\/wp-json\/wp\/v2\/product_tag?post=21324"}],"curies":[{"name":"wp","href":"https:\/\/api.w.org\/{rel}","templated":true}]}}