{"id":21318,"date":"2017-11-02T01:00:00","date_gmt":"2017-11-02T00:00:00","guid":{"rendered":"https:\/\/dreyersforlag.forenteforlag.no\/produkt\/det-internasjonale-gjennombruddet-2\/"},"modified":"2026-02-09T11:29:19","modified_gmt":"2026-02-09T10:29:19","slug":"det-internasjonale-gjennombruddet-2","status":"publish","type":"product","link":"https:\/\/staging.forenteforlag.no\/dreyers\/produkt\/det-internasjonale-gjennombruddet-2\/","title":{"rendered":"Det internasjonale gjennombruddet"},"content":{"rendered":"<p>Boken forteller historien om da Norge debuterte p\u00e5 den globale arena som r\u00e5dgiver i utvikling, og da verden p\u00e5 samme tid kom til Norge som migranter og flyktninger fra Asia, Latin-Amerika og Afrika. Boken viser hvordan samspillet mellom disse to verdenshistoriske bevegelsene forandret Norge. P\u00e5 begynnelsen av 1960-tallet startet den norske staten med \u00e5 bygge et humanit\u00e6rpolitisk kompleks som skulle legge grunnlaget for at den politiske ledelsen noen ti\u00e5r senere erkl\u00e6rte at Norge skulle bli en humanit\u00e6r stormakt. Nesten parallelt med dette kom de f\u00f8rste pakistanerne til Norge, som en fortropp i en stadig voksende migrasjonsbevegelse. I l\u00f8pet av de siste ti\u00e5rene f\u00f8rte det til en radikal endring av landets befolkning, religioner og kulturer. Boken fremmer originale og tydelige fortolkninger av hva som skjedde, og dokumenterer hvordan Norges m\u00f8te med verden og verdens m\u00f8te med Norge ble styrt av hva forfatteren kaller en ny humanit\u00e6rpolitisk elite. Forfatteren viser at sp\u00f8rsm\u00e5let om det norske og norske verdier &#8211; som under det nasjonale gjennombruddet p\u00e5 1800-tallet &#8211; igjen er blitt aktuelt, bare p\u00e5 helt andre m\u00e5ter. Boken diskuterer grunnleggende sp\u00f8rsm\u00e5l som: Finnes det norske verdier og norsk kultur? Og finnes Norge?<\/p>\n","protected":false},"excerpt":{"rendered":"<p>Boken forteller historien om da Norge debuterte p\u00e5 den globale arena som r\u00e5dgiver i utvikling, og da verden p\u00e5 samme tid kom til Norge som migranter og flyktninger fra Asia, Latin-Amerika og Afrika. Boken viser hvordan samspillet mellom disse to verdenshistoriske bevegelsene forandret Norge. P\u00e5 begynnelsen av 1960-tallet startet den norske staten med \u00e5 bygge [&hellip;]<\/p>\n","protected":false},"featured_media":24246,"template":"","meta":{"_acf_changed":false,"inline_featured_image":false},"product_brand":[],"product_cat":[1785,23],"product_tag":[607,362,439,392],"class_list":{"0":"post-21318","1":"product","2":"type-product","3":"status-publish","4":"has-post-thumbnail","6":"product_cat-fripris","7":"product_cat-historie","8":"product_tag-bedriftshistorie","9":"product_tag-faglitteratur","10":"product_tag-nord-norge","11":"product_tag-samfunnsanalyse","12":"pa_format-innbundet","14":"first","15":"instock","16":"shipping-taxable","17":"purchasable","18":"product-type-simple"},"acf":{"anmeldelse":null},"yoast_head":"<!-- This site is optimized with the Yoast SEO plugin v26.6 - https:\/\/yoast.com\/wordpress\/plugins\/seo\/ -->\n<title>Det internasjonale gjennombruddet - Dreyers Forlag<\/title>\n<meta name=\"robots\" content=\"noindex, follow, max-snippet:-1, max-image-preview:large, max-video-preview:-1\" \/>\n<meta property=\"og:locale\" content=\"nb_NO\" \/>\n<meta property=\"og:type\" content=\"article\" \/>\n<meta property=\"og:title\" content=\"Det internasjonale gjennombruddet - Dreyers Forlag\" \/>\n<meta property=\"og:description\" content=\"Boken forteller historien om da Norge debuterte p\u00e5 den globale arena som r\u00e5dgiver i utvikling, og da verden p\u00e5 samme tid kom til Norge som migranter og flyktninger fra Asia, Latin-Amerika og Afrika. Boken viser hvordan samspillet mellom disse to verdenshistoriske bevegelsene forandret Norge. P\u00e5 begynnelsen av 1960-tallet startet den norske staten med \u00e5 bygge [&hellip;]\" \/>\n<meta property=\"og:url\" content=\"https:\/\/staging.forenteforlag.no\/dreyers\/produkt\/det-internasjonale-gjennombruddet-2\/\" \/>\n<meta property=\"og:site_name\" content=\"Dreyers Forlag\" \/>\n<meta property=\"article:modified_time\" content=\"2026-02-09T10:29:19+00:00\" \/>\n<meta property=\"og:image\" content=\"https:\/\/staging.forenteforlag.no\/dreyers\/wp-content\/uploads\/sites\/2\/2025\/08\/jpg-7668.jpg\" \/>\n\t<meta property=\"og:image:width\" content=\"378\" \/>\n\t<meta property=\"og:image:height\" content=\"534\" \/>\n\t<meta property=\"og:image:type\" content=\"image\/jpeg\" \/>\n<meta name=\"twitter:card\" content=\"summary_large_image\" \/>\n<meta name=\"twitter:label1\" content=\"Ansl. lesetid\" \/>\n\t<meta name=\"twitter:data1\" content=\"1 minutt\" \/>\n<script type=\"application\/ld+json\" class=\"yoast-schema-graph\">{\"@context\":\"https:\/\/schema.org\",\"@graph\":[{\"@type\":\"WebPage\",\"@id\":\"https:\/\/staging.forenteforlag.no\/dreyers\/produkt\/det-internasjonale-gjennombruddet-2\/\",\"url\":\"https:\/\/staging.forenteforlag.no\/dreyers\/produkt\/det-internasjonale-gjennombruddet-2\/\",\"name\":\"Det internasjonale gjennombruddet - Dreyers Forlag\",\"isPartOf\":{\"@id\":\"https:\/\/staging.forenteforlag.no\/dreyers\/#website\"},\"primaryImageOfPage\":{\"@id\":\"https:\/\/staging.forenteforlag.no\/dreyers\/produkt\/det-internasjonale-gjennombruddet-2\/#primaryimage\"},\"image\":{\"@id\":\"https:\/\/staging.forenteforlag.no\/dreyers\/produkt\/det-internasjonale-gjennombruddet-2\/#primaryimage\"},\"thumbnailUrl\":\"https:\/\/staging.forenteforlag.no\/dreyers\/wp-content\/uploads\/sites\/2\/2025\/08\/jpg-7668.jpg\",\"datePublished\":\"2017-11-02T00:00:00+00:00\",\"dateModified\":\"2026-02-09T10:29:19+00:00\",\"breadcrumb\":{\"@id\":\"https:\/\/staging.forenteforlag.no\/dreyers\/produkt\/det-internasjonale-gjennombruddet-2\/#breadcrumb\"},\"inLanguage\":\"nb-NO\",\"potentialAction\":[{\"@type\":\"ReadAction\",\"target\":[\"https:\/\/staging.forenteforlag.no\/dreyers\/produkt\/det-internasjonale-gjennombruddet-2\/\"]}]},{\"@type\":\"ImageObject\",\"inLanguage\":\"nb-NO\",\"@id\":\"https:\/\/staging.forenteforlag.no\/dreyers\/produkt\/det-internasjonale-gjennombruddet-2\/#primaryimage\",\"url\":\"https:\/\/staging.forenteforlag.no\/dreyers\/wp-content\/uploads\/sites\/2\/2025\/08\/jpg-7668.jpg\",\"contentUrl\":\"https:\/\/staging.forenteforlag.no\/dreyers\/wp-content\/uploads\/sites\/2\/2025\/08\/jpg-7668.jpg\",\"width\":378,\"height\":534},{\"@type\":\"BreadcrumbList\",\"@id\":\"https:\/\/staging.forenteforlag.no\/dreyers\/produkt\/det-internasjonale-gjennombruddet-2\/#breadcrumb\",\"itemListElement\":[{\"@type\":\"ListItem\",\"position\":1,\"name\":\"Hjem\",\"item\":\"https:\/\/staging.forenteforlag.no\/dreyers\/\"},{\"@type\":\"ListItem\",\"position\":2,\"name\":\"Alle b\u00f8ker\",\"item\":\"https:\/\/staging.forenteforlag.no\/dreyers\/butikk\/\"},{\"@type\":\"ListItem\",\"position\":3,\"name\":\"Det internasjonale gjennombruddet\"}]},{\"@type\":\"WebSite\",\"@id\":\"https:\/\/staging.forenteforlag.no\/dreyers\/#website\",\"url\":\"https:\/\/staging.forenteforlag.no\/dreyers\/\",\"name\":\"Dreyers Forlag\",\"description\":\"\",\"potentialAction\":[{\"@type\":\"SearchAction\",\"target\":{\"@type\":\"EntryPoint\",\"urlTemplate\":\"https:\/\/staging.forenteforlag.no\/dreyers\/?s={search_term_string}\"},\"query-input\":{\"@type\":\"PropertyValueSpecification\",\"valueRequired\":true,\"valueName\":\"search_term_string\"}}],\"inLanguage\":\"nb-NO\"}]}<\/script>\n<!-- \/ Yoast SEO plugin. -->","yoast_head_json":{"title":"Det internasjonale gjennombruddet - Dreyers Forlag","robots":{"index":"noindex","follow":"follow","max-snippet":"max-snippet:-1","max-image-preview":"max-image-preview:large","max-video-preview":"max-video-preview:-1"},"og_locale":"nb_NO","og_type":"article","og_title":"Det internasjonale gjennombruddet - Dreyers Forlag","og_description":"Boken forteller historien om da Norge debuterte p\u00e5 den globale arena som r\u00e5dgiver i utvikling, og da verden p\u00e5 samme tid kom til Norge som migranter og flyktninger fra Asia, Latin-Amerika og Afrika. Boken viser hvordan samspillet mellom disse to verdenshistoriske bevegelsene forandret Norge. P\u00e5 begynnelsen av 1960-tallet startet den norske staten med \u00e5 bygge [&hellip;]","og_url":"https:\/\/staging.forenteforlag.no\/dreyers\/produkt\/det-internasjonale-gjennombruddet-2\/","og_site_name":"Dreyers Forlag","article_modified_time":"2026-02-09T10:29:19+00:00","og_image":[{"width":378,"height":534,"url":"https:\/\/staging.forenteforlag.no\/dreyers\/wp-content\/uploads\/sites\/2\/2025\/08\/jpg-7668.jpg","type":"image\/jpeg"}],"twitter_card":"summary_large_image","twitter_misc":{"Ansl. lesetid":"1 minutt"},"schema":{"@context":"https:\/\/schema.org","@graph":[{"@type":"WebPage","@id":"https:\/\/staging.forenteforlag.no\/dreyers\/produkt\/det-internasjonale-gjennombruddet-2\/","url":"https:\/\/staging.forenteforlag.no\/dreyers\/produkt\/det-internasjonale-gjennombruddet-2\/","name":"Det internasjonale gjennombruddet - Dreyers Forlag","isPartOf":{"@id":"https:\/\/staging.forenteforlag.no\/dreyers\/#website"},"primaryImageOfPage":{"@id":"https:\/\/staging.forenteforlag.no\/dreyers\/produkt\/det-internasjonale-gjennombruddet-2\/#primaryimage"},"image":{"@id":"https:\/\/staging.forenteforlag.no\/dreyers\/produkt\/det-internasjonale-gjennombruddet-2\/#primaryimage"},"thumbnailUrl":"https:\/\/staging.forenteforlag.no\/dreyers\/wp-content\/uploads\/sites\/2\/2025\/08\/jpg-7668.jpg","datePublished":"2017-11-02T00:00:00+00:00","dateModified":"2026-02-09T10:29:19+00:00","breadcrumb":{"@id":"https:\/\/staging.forenteforlag.no\/dreyers\/produkt\/det-internasjonale-gjennombruddet-2\/#breadcrumb"},"inLanguage":"nb-NO","potentialAction":[{"@type":"ReadAction","target":["https:\/\/staging.forenteforlag.no\/dreyers\/produkt\/det-internasjonale-gjennombruddet-2\/"]}]},{"@type":"ImageObject","inLanguage":"nb-NO","@id":"https:\/\/staging.forenteforlag.no\/dreyers\/produkt\/det-internasjonale-gjennombruddet-2\/#primaryimage","url":"https:\/\/staging.forenteforlag.no\/dreyers\/wp-content\/uploads\/sites\/2\/2025\/08\/jpg-7668.jpg","contentUrl":"https:\/\/staging.forenteforlag.no\/dreyers\/wp-content\/uploads\/sites\/2\/2025\/08\/jpg-7668.jpg","width":378,"height":534},{"@type":"BreadcrumbList","@id":"https:\/\/staging.forenteforlag.no\/dreyers\/produkt\/det-internasjonale-gjennombruddet-2\/#breadcrumb","itemListElement":[{"@type":"ListItem","position":1,"name":"Hjem","item":"https:\/\/staging.forenteforlag.no\/dreyers\/"},{"@type":"ListItem","position":2,"name":"Alle b\u00f8ker","item":"https:\/\/staging.forenteforlag.no\/dreyers\/butikk\/"},{"@type":"ListItem","position":3,"name":"Det internasjonale gjennombruddet"}]},{"@type":"WebSite","@id":"https:\/\/staging.forenteforlag.no\/dreyers\/#website","url":"https:\/\/staging.forenteforlag.no\/dreyers\/","name":"Dreyers Forlag","description":"","potentialAction":[{"@type":"SearchAction","target":{"@type":"EntryPoint","urlTemplate":"https:\/\/staging.forenteforlag.no\/dreyers\/?s={search_term_string}"},"query-input":{"@type":"PropertyValueSpecification","valueRequired":true,"valueName":"search_term_string"}}],"inLanguage":"nb-NO"}]}},"_links":{"self":[{"href":"https:\/\/staging.forenteforlag.no\/dreyers\/wp-json\/wp\/v2\/product\/21318","targetHints":{"allow":["GET"]}}],"collection":[{"href":"https:\/\/staging.forenteforlag.no\/dreyers\/wp-json\/wp\/v2\/product"}],"about":[{"href":"https:\/\/staging.forenteforlag.no\/dreyers\/wp-json\/wp\/v2\/types\/product"}],"wp:featuredmedia":[{"embeddable":true,"href":"https:\/\/staging.forenteforlag.no\/dreyers\/wp-json\/wp\/v2\/media\/24246"}],"wp:attachment":[{"href":"https:\/\/staging.forenteforlag.no\/dreyers\/wp-json\/wp\/v2\/media?parent=21318"}],"wp:term":[{"taxonomy":"product_brand","embeddable":true,"href":"https:\/\/staging.forenteforlag.no\/dreyers\/wp-json\/wp\/v2\/product_brand?post=21318"},{"taxonomy":"product_cat","embeddable":true,"href":"https:\/\/staging.forenteforlag.no\/dreyers\/wp-json\/wp\/v2\/product_cat?post=21318"},{"taxonomy":"product_tag","embeddable":true,"href":"https:\/\/staging.forenteforlag.no\/dreyers\/wp-json\/wp\/v2\/product_tag?post=21318"}],"curies":[{"name":"wp","href":"https:\/\/api.w.org\/{rel}","templated":true}]}}