{"id":21316,"date":"2017-11-28T01:00:00","date_gmt":"2017-11-28T00:00:00","guid":{"rendered":"https:\/\/dreyersforlag.forenteforlag.no\/produkt\/norges-politiske-system-etter-1814-2\/"},"modified":"2025-09-04T13:46:12","modified_gmt":"2025-09-04T11:46:12","slug":"norges-politiske-system-etter-1814-2","status":"publish","type":"product","link":"https:\/\/staging.forenteforlag.no\/dreyers\/produkt\/norges-politiske-system-etter-1814-2\/","title":{"rendered":"Norges politiske system etter 1814"},"content":{"rendered":"<p>Norges politiske system etter 1814 handler om de sentrale politiske institusjoner og normer som har preget det politiske systemet fra 1814 og til i dag. Hovedvekten er lagt p\u00e5 relasjonen mellom Storting og ut\u00f8vende myndighet.<\/p>\n<p>Trond Nordby skriver inng\u00e5ende om Grunnloven, Stortingets indre organisering, stortings.kontrollen og sentralforvaltningen. Institu.sjonell endring analyseres hovedsakelig i lys av en \u00f8konomisk-sosial kontekst. Nordby avviser blant annet gammel l\u00e6re om n\u00e5r parlamentarismen vant fram, hva det bet\u00f8d for forholdet mellom Storting og den ut\u00f8vende myndighet. Under parlamentarismen blir den l\u00f8pende maktkampen mellom de politiske statsmakter avgjort av styrkeforholdet mellom opposisjon og regjering samt dens grunnlag i Stortinget. Ut over dette har Stortinget i nyere tid b\u00e5de mistet makt og blitt langt mektigere. Blant annet har de folkevalgte trukket seg tilbake som lovgiver, takket v\u00e6re frivillig liberalisering og som f\u00f8lge av tilknytningen til EU-systemet gjennom E\u00d8S-avtalen. P\u00e5 den andre siden har Stortinget siden 1990-tallet trappet opp kontrollen og tatt over st\u00f8rre deler av det som tradisjonelt l\u00e5 under domenet til ut\u00f8vende myndighet.<\/p>\n","protected":false},"excerpt":{"rendered":"<p>Norges politiske system etter 1814 handler om de sentrale politiske institusjoner og normer som har preget det politiske systemet fra 1814 og til i dag. Hovedvekten er lagt p\u00e5 relasjonen mellom Storting og ut\u00f8vende myndighet. Trond Nordby skriver inng\u00e5ende om Grunnloven, Stortingets indre organisering, stortings.kontrollen og sentralforvaltningen. Institu.sjonell endring analyseres hovedsakelig i lys av en [&hellip;]<\/p>\n","protected":false},"featured_media":24465,"template":"","meta":{"_acf_changed":false,"inline_featured_image":false},"product_brand":[],"product_cat":[1785,23],"product_tag":[362,502,439,655],"class_list":{"0":"post-21316","1":"product","2":"type-product","3":"status-publish","4":"has-post-thumbnail","6":"product_cat-fripris","7":"product_cat-historie","8":"product_tag-faglitteratur","9":"product_tag-laereboker-hoyere-utd","10":"product_tag-nord-norge","11":"product_tag-politisk-styring","12":"pa_format-mykperm","14":"first","15":"instock","16":"shipping-taxable","17":"purchasable","18":"product-type-simple"},"acf":{"anmeldelse":null},"yoast_head":"<!-- This site is optimized with the Yoast SEO plugin v26.6 - https:\/\/yoast.com\/wordpress\/plugins\/seo\/ -->\n<title>Norges politiske system etter 1814 - Dreyers Forlag<\/title>\n<meta name=\"robots\" content=\"noindex, follow, max-snippet:-1, max-image-preview:large, max-video-preview:-1\" \/>\n<meta property=\"og:locale\" content=\"nb_NO\" \/>\n<meta property=\"og:type\" content=\"article\" \/>\n<meta property=\"og:title\" content=\"Norges politiske system etter 1814 - Dreyers Forlag\" \/>\n<meta property=\"og:description\" content=\"Norges politiske system etter 1814 handler om de sentrale politiske institusjoner og normer som har preget det politiske systemet fra 1814 og til i dag. Hovedvekten er lagt p\u00e5 relasjonen mellom Storting og ut\u00f8vende myndighet. Trond Nordby skriver inng\u00e5ende om Grunnloven, Stortingets indre organisering, stortings.kontrollen og sentralforvaltningen. Institu.sjonell endring analyseres hovedsakelig i lys av en [&hellip;]\" \/>\n<meta property=\"og:url\" content=\"https:\/\/staging.forenteforlag.no\/dreyers\/produkt\/norges-politiske-system-etter-1814-2\/\" \/>\n<meta property=\"og:site_name\" content=\"Dreyers Forlag\" \/>\n<meta property=\"article:modified_time\" content=\"2025-09-04T11:46:12+00:00\" \/>\n<meta property=\"og:image\" content=\"https:\/\/staging.forenteforlag.no\/dreyers\/wp-content\/uploads\/sites\/2\/2025\/08\/jpg-9650.jpg\" \/>\n\t<meta property=\"og:image:width\" content=\"378\" \/>\n\t<meta property=\"og:image:height\" content=\"605\" \/>\n\t<meta property=\"og:image:type\" content=\"image\/jpeg\" \/>\n<meta name=\"twitter:card\" content=\"summary_large_image\" \/>\n<meta name=\"twitter:label1\" content=\"Ansl. lesetid\" \/>\n\t<meta name=\"twitter:data1\" content=\"1 minutt\" \/>\n<script type=\"application\/ld+json\" class=\"yoast-schema-graph\">{\"@context\":\"https:\/\/schema.org\",\"@graph\":[{\"@type\":\"WebPage\",\"@id\":\"https:\/\/staging.forenteforlag.no\/dreyers\/produkt\/norges-politiske-system-etter-1814-2\/\",\"url\":\"https:\/\/staging.forenteforlag.no\/dreyers\/produkt\/norges-politiske-system-etter-1814-2\/\",\"name\":\"Norges politiske system etter 1814 - Dreyers Forlag\",\"isPartOf\":{\"@id\":\"https:\/\/staging.forenteforlag.no\/dreyers\/#website\"},\"primaryImageOfPage\":{\"@id\":\"https:\/\/staging.forenteforlag.no\/dreyers\/produkt\/norges-politiske-system-etter-1814-2\/#primaryimage\"},\"image\":{\"@id\":\"https:\/\/staging.forenteforlag.no\/dreyers\/produkt\/norges-politiske-system-etter-1814-2\/#primaryimage\"},\"thumbnailUrl\":\"https:\/\/staging.forenteforlag.no\/dreyers\/wp-content\/uploads\/sites\/2\/2025\/08\/jpg-9650.jpg\",\"datePublished\":\"2017-11-28T00:00:00+00:00\",\"dateModified\":\"2025-09-04T11:46:12+00:00\",\"breadcrumb\":{\"@id\":\"https:\/\/staging.forenteforlag.no\/dreyers\/produkt\/norges-politiske-system-etter-1814-2\/#breadcrumb\"},\"inLanguage\":\"nb-NO\",\"potentialAction\":[{\"@type\":\"ReadAction\",\"target\":[\"https:\/\/staging.forenteforlag.no\/dreyers\/produkt\/norges-politiske-system-etter-1814-2\/\"]}]},{\"@type\":\"ImageObject\",\"inLanguage\":\"nb-NO\",\"@id\":\"https:\/\/staging.forenteforlag.no\/dreyers\/produkt\/norges-politiske-system-etter-1814-2\/#primaryimage\",\"url\":\"https:\/\/staging.forenteforlag.no\/dreyers\/wp-content\/uploads\/sites\/2\/2025\/08\/jpg-9650.jpg\",\"contentUrl\":\"https:\/\/staging.forenteforlag.no\/dreyers\/wp-content\/uploads\/sites\/2\/2025\/08\/jpg-9650.jpg\",\"width\":378,\"height\":605},{\"@type\":\"BreadcrumbList\",\"@id\":\"https:\/\/staging.forenteforlag.no\/dreyers\/produkt\/norges-politiske-system-etter-1814-2\/#breadcrumb\",\"itemListElement\":[{\"@type\":\"ListItem\",\"position\":1,\"name\":\"Hjem\",\"item\":\"https:\/\/staging.forenteforlag.no\/dreyers\/\"},{\"@type\":\"ListItem\",\"position\":2,\"name\":\"Alle b\u00f8ker\",\"item\":\"https:\/\/staging.forenteforlag.no\/dreyers\/butikk\/\"},{\"@type\":\"ListItem\",\"position\":3,\"name\":\"Norges politiske system etter 1814\"}]},{\"@type\":\"WebSite\",\"@id\":\"https:\/\/staging.forenteforlag.no\/dreyers\/#website\",\"url\":\"https:\/\/staging.forenteforlag.no\/dreyers\/\",\"name\":\"Dreyers Forlag\",\"description\":\"\",\"potentialAction\":[{\"@type\":\"SearchAction\",\"target\":{\"@type\":\"EntryPoint\",\"urlTemplate\":\"https:\/\/staging.forenteforlag.no\/dreyers\/?s={search_term_string}\"},\"query-input\":{\"@type\":\"PropertyValueSpecification\",\"valueRequired\":true,\"valueName\":\"search_term_string\"}}],\"inLanguage\":\"nb-NO\"}]}<\/script>\n<!-- \/ Yoast SEO plugin. -->","yoast_head_json":{"title":"Norges politiske system etter 1814 - Dreyers Forlag","robots":{"index":"noindex","follow":"follow","max-snippet":"max-snippet:-1","max-image-preview":"max-image-preview:large","max-video-preview":"max-video-preview:-1"},"og_locale":"nb_NO","og_type":"article","og_title":"Norges politiske system etter 1814 - Dreyers Forlag","og_description":"Norges politiske system etter 1814 handler om de sentrale politiske institusjoner og normer som har preget det politiske systemet fra 1814 og til i dag. Hovedvekten er lagt p\u00e5 relasjonen mellom Storting og ut\u00f8vende myndighet. Trond Nordby skriver inng\u00e5ende om Grunnloven, Stortingets indre organisering, stortings.kontrollen og sentralforvaltningen. Institu.sjonell endring analyseres hovedsakelig i lys av en [&hellip;]","og_url":"https:\/\/staging.forenteforlag.no\/dreyers\/produkt\/norges-politiske-system-etter-1814-2\/","og_site_name":"Dreyers Forlag","article_modified_time":"2025-09-04T11:46:12+00:00","og_image":[{"width":378,"height":605,"url":"https:\/\/staging.forenteforlag.no\/dreyers\/wp-content\/uploads\/sites\/2\/2025\/08\/jpg-9650.jpg","type":"image\/jpeg"}],"twitter_card":"summary_large_image","twitter_misc":{"Ansl. lesetid":"1 minutt"},"schema":{"@context":"https:\/\/schema.org","@graph":[{"@type":"WebPage","@id":"https:\/\/staging.forenteforlag.no\/dreyers\/produkt\/norges-politiske-system-etter-1814-2\/","url":"https:\/\/staging.forenteforlag.no\/dreyers\/produkt\/norges-politiske-system-etter-1814-2\/","name":"Norges politiske system etter 1814 - Dreyers Forlag","isPartOf":{"@id":"https:\/\/staging.forenteforlag.no\/dreyers\/#website"},"primaryImageOfPage":{"@id":"https:\/\/staging.forenteforlag.no\/dreyers\/produkt\/norges-politiske-system-etter-1814-2\/#primaryimage"},"image":{"@id":"https:\/\/staging.forenteforlag.no\/dreyers\/produkt\/norges-politiske-system-etter-1814-2\/#primaryimage"},"thumbnailUrl":"https:\/\/staging.forenteforlag.no\/dreyers\/wp-content\/uploads\/sites\/2\/2025\/08\/jpg-9650.jpg","datePublished":"2017-11-28T00:00:00+00:00","dateModified":"2025-09-04T11:46:12+00:00","breadcrumb":{"@id":"https:\/\/staging.forenteforlag.no\/dreyers\/produkt\/norges-politiske-system-etter-1814-2\/#breadcrumb"},"inLanguage":"nb-NO","potentialAction":[{"@type":"ReadAction","target":["https:\/\/staging.forenteforlag.no\/dreyers\/produkt\/norges-politiske-system-etter-1814-2\/"]}]},{"@type":"ImageObject","inLanguage":"nb-NO","@id":"https:\/\/staging.forenteforlag.no\/dreyers\/produkt\/norges-politiske-system-etter-1814-2\/#primaryimage","url":"https:\/\/staging.forenteforlag.no\/dreyers\/wp-content\/uploads\/sites\/2\/2025\/08\/jpg-9650.jpg","contentUrl":"https:\/\/staging.forenteforlag.no\/dreyers\/wp-content\/uploads\/sites\/2\/2025\/08\/jpg-9650.jpg","width":378,"height":605},{"@type":"BreadcrumbList","@id":"https:\/\/staging.forenteforlag.no\/dreyers\/produkt\/norges-politiske-system-etter-1814-2\/#breadcrumb","itemListElement":[{"@type":"ListItem","position":1,"name":"Hjem","item":"https:\/\/staging.forenteforlag.no\/dreyers\/"},{"@type":"ListItem","position":2,"name":"Alle b\u00f8ker","item":"https:\/\/staging.forenteforlag.no\/dreyers\/butikk\/"},{"@type":"ListItem","position":3,"name":"Norges politiske system etter 1814"}]},{"@type":"WebSite","@id":"https:\/\/staging.forenteforlag.no\/dreyers\/#website","url":"https:\/\/staging.forenteforlag.no\/dreyers\/","name":"Dreyers Forlag","description":"","potentialAction":[{"@type":"SearchAction","target":{"@type":"EntryPoint","urlTemplate":"https:\/\/staging.forenteforlag.no\/dreyers\/?s={search_term_string}"},"query-input":{"@type":"PropertyValueSpecification","valueRequired":true,"valueName":"search_term_string"}}],"inLanguage":"nb-NO"}]}},"_links":{"self":[{"href":"https:\/\/staging.forenteforlag.no\/dreyers\/wp-json\/wp\/v2\/product\/21316","targetHints":{"allow":["GET"]}}],"collection":[{"href":"https:\/\/staging.forenteforlag.no\/dreyers\/wp-json\/wp\/v2\/product"}],"about":[{"href":"https:\/\/staging.forenteforlag.no\/dreyers\/wp-json\/wp\/v2\/types\/product"}],"wp:featuredmedia":[{"embeddable":true,"href":"https:\/\/staging.forenteforlag.no\/dreyers\/wp-json\/wp\/v2\/media\/24465"}],"wp:attachment":[{"href":"https:\/\/staging.forenteforlag.no\/dreyers\/wp-json\/wp\/v2\/media?parent=21316"}],"wp:term":[{"taxonomy":"product_brand","embeddable":true,"href":"https:\/\/staging.forenteforlag.no\/dreyers\/wp-json\/wp\/v2\/product_brand?post=21316"},{"taxonomy":"product_cat","embeddable":true,"href":"https:\/\/staging.forenteforlag.no\/dreyers\/wp-json\/wp\/v2\/product_cat?post=21316"},{"taxonomy":"product_tag","embeddable":true,"href":"https:\/\/staging.forenteforlag.no\/dreyers\/wp-json\/wp\/v2\/product_tag?post=21316"}],"curies":[{"name":"wp","href":"https:\/\/api.w.org\/{rel}","templated":true}]}}