{"id":21314,"date":"2017-12-04T01:00:00","date_gmt":"2017-12-04T00:00:00","guid":{"rendered":"https:\/\/dreyersforlag.forenteforlag.no\/produkt\/oslonavn\/"},"modified":"2025-08-27T12:02:48","modified_gmt":"2025-08-27T10:02:48","slug":"oslonavn","status":"publish","type":"product","link":"https:\/\/staging.forenteforlag.no\/dreyers\/produkt\/oslonavn\/","title":{"rendered":"Oslonavn"},"content":{"rendered":"<p>Oppf\u00f8lger til Leif Gjerlands popul\u00e6re bok Navn i Oslo. Denne gangen tar han for seg seks hovedtemaer i Oslos navneflora. En inngangsport til byens navnehistorie er Meglernes mareritt. Hva gj\u00f8r en megler n\u00e5r det h\u00f8yt prisete salgsobjektet ligger f.eks. i Slimeveien?  Et annet hovedtema i boka er Jorda rundt i Oslo. D\u00e5rlig r\u00e5d f\u00f8r ferien? Ta p\u00e5 solbriller og dra p\u00e5 din egen Oslo-safari med trikk og buss til sju str\u00f8k i byen med eksotiske utenlandske navn. Topp det hele med Ramsalte navn. Oslo er en kystby. Det forteller flere av navnene mer om. Til slutt tar Gjerland for seg navn fra vikingtiden i De gamle guders navn.<\/p>\n","protected":false},"excerpt":{"rendered":"<p>Oppf\u00f8lger til Leif Gjerlands popul\u00e6re bok Navn i Oslo. Denne gangen tar han for seg seks hovedtemaer i Oslos navneflora. En inngangsport til byens navnehistorie er Meglernes mareritt. Hva gj\u00f8r en megler n\u00e5r det h\u00f8yt prisete salgsobjektet ligger f.eks. i Slimeveien? Et annet hovedtema i boka er Jorda rundt i Oslo. D\u00e5rlig r\u00e5d f\u00f8r ferien? [&hellip;]<\/p>\n","protected":false},"featured_media":24377,"template":"","meta":{"_acf_changed":false,"inline_featured_image":false},"product_brand":[],"product_cat":[37],"product_tag":[362,361,525,377,1280],"class_list":{"0":"post-21314","1":"product","2":"type-product","3":"status-publish","4":"has-post-thumbnail","6":"product_cat-oslo","7":"product_tag-faglitteratur","8":"product_tag-kulturhistorie","9":"product_tag-lokalhistorie","10":"product_tag-oslo","11":"product_tag-stedsnavn","12":"pa_format-innbundet","14":"first","15":"outofstock","16":"shipping-taxable","17":"purchasable","18":"product-type-simple"},"acf":{"anmeldelse":null},"yoast_head":"<!-- This site is optimized with the Yoast SEO plugin v26.6 - https:\/\/yoast.com\/wordpress\/plugins\/seo\/ -->\n<title>Oslonavn - Dreyers Forlag<\/title>\n<meta name=\"robots\" content=\"noindex, follow, max-snippet:-1, max-image-preview:large, max-video-preview:-1\" \/>\n<meta property=\"og:locale\" content=\"nb_NO\" \/>\n<meta property=\"og:type\" content=\"article\" \/>\n<meta property=\"og:title\" content=\"Oslonavn - Dreyers Forlag\" \/>\n<meta property=\"og:description\" content=\"Oppf\u00f8lger til Leif Gjerlands popul\u00e6re bok Navn i Oslo. Denne gangen tar han for seg seks hovedtemaer i Oslos navneflora. En inngangsport til byens navnehistorie er Meglernes mareritt. Hva gj\u00f8r en megler n\u00e5r det h\u00f8yt prisete salgsobjektet ligger f.eks. i Slimeveien? Et annet hovedtema i boka er Jorda rundt i Oslo. D\u00e5rlig r\u00e5d f\u00f8r ferien? [&hellip;]\" \/>\n<meta property=\"og:url\" content=\"https:\/\/staging.forenteforlag.no\/dreyers\/produkt\/oslonavn\/\" \/>\n<meta property=\"og:site_name\" content=\"Dreyers Forlag\" \/>\n<meta property=\"article:modified_time\" content=\"2025-08-27T10:02:48+00:00\" \/>\n<meta property=\"og:image\" content=\"https:\/\/staging.forenteforlag.no\/dreyers\/wp-content\/uploads\/sites\/2\/2025\/08\/jpg-8877.jpg\" \/>\n\t<meta property=\"og:image:width\" content=\"378\" \/>\n\t<meta property=\"og:image:height\" content=\"385\" \/>\n\t<meta property=\"og:image:type\" content=\"image\/jpeg\" \/>\n<meta name=\"twitter:card\" content=\"summary_large_image\" \/>\n<meta name=\"twitter:label1\" content=\"Ansl. lesetid\" \/>\n\t<meta name=\"twitter:data1\" content=\"1 minutt\" \/>\n<script type=\"application\/ld+json\" class=\"yoast-schema-graph\">{\"@context\":\"https:\/\/schema.org\",\"@graph\":[{\"@type\":\"WebPage\",\"@id\":\"https:\/\/staging.forenteforlag.no\/dreyers\/produkt\/oslonavn\/\",\"url\":\"https:\/\/staging.forenteforlag.no\/dreyers\/produkt\/oslonavn\/\",\"name\":\"Oslonavn - Dreyers Forlag\",\"isPartOf\":{\"@id\":\"https:\/\/staging.forenteforlag.no\/dreyers\/#website\"},\"primaryImageOfPage\":{\"@id\":\"https:\/\/staging.forenteforlag.no\/dreyers\/produkt\/oslonavn\/#primaryimage\"},\"image\":{\"@id\":\"https:\/\/staging.forenteforlag.no\/dreyers\/produkt\/oslonavn\/#primaryimage\"},\"thumbnailUrl\":\"https:\/\/staging.forenteforlag.no\/dreyers\/wp-content\/uploads\/sites\/2\/2025\/08\/jpg-8877.jpg\",\"datePublished\":\"2017-12-04T00:00:00+00:00\",\"dateModified\":\"2025-08-27T10:02:48+00:00\",\"breadcrumb\":{\"@id\":\"https:\/\/staging.forenteforlag.no\/dreyers\/produkt\/oslonavn\/#breadcrumb\"},\"inLanguage\":\"nb-NO\",\"potentialAction\":[{\"@type\":\"ReadAction\",\"target\":[\"https:\/\/staging.forenteforlag.no\/dreyers\/produkt\/oslonavn\/\"]}]},{\"@type\":\"ImageObject\",\"inLanguage\":\"nb-NO\",\"@id\":\"https:\/\/staging.forenteforlag.no\/dreyers\/produkt\/oslonavn\/#primaryimage\",\"url\":\"https:\/\/staging.forenteforlag.no\/dreyers\/wp-content\/uploads\/sites\/2\/2025\/08\/jpg-8877.jpg\",\"contentUrl\":\"https:\/\/staging.forenteforlag.no\/dreyers\/wp-content\/uploads\/sites\/2\/2025\/08\/jpg-8877.jpg\",\"width\":378,\"height\":385},{\"@type\":\"BreadcrumbList\",\"@id\":\"https:\/\/staging.forenteforlag.no\/dreyers\/produkt\/oslonavn\/#breadcrumb\",\"itemListElement\":[{\"@type\":\"ListItem\",\"position\":1,\"name\":\"Hjem\",\"item\":\"https:\/\/staging.forenteforlag.no\/dreyers\/\"},{\"@type\":\"ListItem\",\"position\":2,\"name\":\"Alle b\u00f8ker\",\"item\":\"https:\/\/staging.forenteforlag.no\/dreyers\/butikk\/\"},{\"@type\":\"ListItem\",\"position\":3,\"name\":\"Oslonavn\"}]},{\"@type\":\"WebSite\",\"@id\":\"https:\/\/staging.forenteforlag.no\/dreyers\/#website\",\"url\":\"https:\/\/staging.forenteforlag.no\/dreyers\/\",\"name\":\"Dreyers Forlag\",\"description\":\"\",\"potentialAction\":[{\"@type\":\"SearchAction\",\"target\":{\"@type\":\"EntryPoint\",\"urlTemplate\":\"https:\/\/staging.forenteforlag.no\/dreyers\/?s={search_term_string}\"},\"query-input\":{\"@type\":\"PropertyValueSpecification\",\"valueRequired\":true,\"valueName\":\"search_term_string\"}}],\"inLanguage\":\"nb-NO\"}]}<\/script>\n<!-- \/ Yoast SEO plugin. -->","yoast_head_json":{"title":"Oslonavn - Dreyers Forlag","robots":{"index":"noindex","follow":"follow","max-snippet":"max-snippet:-1","max-image-preview":"max-image-preview:large","max-video-preview":"max-video-preview:-1"},"og_locale":"nb_NO","og_type":"article","og_title":"Oslonavn - Dreyers Forlag","og_description":"Oppf\u00f8lger til Leif Gjerlands popul\u00e6re bok Navn i Oslo. Denne gangen tar han for seg seks hovedtemaer i Oslos navneflora. En inngangsport til byens navnehistorie er Meglernes mareritt. Hva gj\u00f8r en megler n\u00e5r det h\u00f8yt prisete salgsobjektet ligger f.eks. i Slimeveien? Et annet hovedtema i boka er Jorda rundt i Oslo. D\u00e5rlig r\u00e5d f\u00f8r ferien? [&hellip;]","og_url":"https:\/\/staging.forenteforlag.no\/dreyers\/produkt\/oslonavn\/","og_site_name":"Dreyers Forlag","article_modified_time":"2025-08-27T10:02:48+00:00","og_image":[{"width":378,"height":385,"url":"https:\/\/staging.forenteforlag.no\/dreyers\/wp-content\/uploads\/sites\/2\/2025\/08\/jpg-8877.jpg","type":"image\/jpeg"}],"twitter_card":"summary_large_image","twitter_misc":{"Ansl. lesetid":"1 minutt"},"schema":{"@context":"https:\/\/schema.org","@graph":[{"@type":"WebPage","@id":"https:\/\/staging.forenteforlag.no\/dreyers\/produkt\/oslonavn\/","url":"https:\/\/staging.forenteforlag.no\/dreyers\/produkt\/oslonavn\/","name":"Oslonavn - Dreyers Forlag","isPartOf":{"@id":"https:\/\/staging.forenteforlag.no\/dreyers\/#website"},"primaryImageOfPage":{"@id":"https:\/\/staging.forenteforlag.no\/dreyers\/produkt\/oslonavn\/#primaryimage"},"image":{"@id":"https:\/\/staging.forenteforlag.no\/dreyers\/produkt\/oslonavn\/#primaryimage"},"thumbnailUrl":"https:\/\/staging.forenteforlag.no\/dreyers\/wp-content\/uploads\/sites\/2\/2025\/08\/jpg-8877.jpg","datePublished":"2017-12-04T00:00:00+00:00","dateModified":"2025-08-27T10:02:48+00:00","breadcrumb":{"@id":"https:\/\/staging.forenteforlag.no\/dreyers\/produkt\/oslonavn\/#breadcrumb"},"inLanguage":"nb-NO","potentialAction":[{"@type":"ReadAction","target":["https:\/\/staging.forenteforlag.no\/dreyers\/produkt\/oslonavn\/"]}]},{"@type":"ImageObject","inLanguage":"nb-NO","@id":"https:\/\/staging.forenteforlag.no\/dreyers\/produkt\/oslonavn\/#primaryimage","url":"https:\/\/staging.forenteforlag.no\/dreyers\/wp-content\/uploads\/sites\/2\/2025\/08\/jpg-8877.jpg","contentUrl":"https:\/\/staging.forenteforlag.no\/dreyers\/wp-content\/uploads\/sites\/2\/2025\/08\/jpg-8877.jpg","width":378,"height":385},{"@type":"BreadcrumbList","@id":"https:\/\/staging.forenteforlag.no\/dreyers\/produkt\/oslonavn\/#breadcrumb","itemListElement":[{"@type":"ListItem","position":1,"name":"Hjem","item":"https:\/\/staging.forenteforlag.no\/dreyers\/"},{"@type":"ListItem","position":2,"name":"Alle b\u00f8ker","item":"https:\/\/staging.forenteforlag.no\/dreyers\/butikk\/"},{"@type":"ListItem","position":3,"name":"Oslonavn"}]},{"@type":"WebSite","@id":"https:\/\/staging.forenteforlag.no\/dreyers\/#website","url":"https:\/\/staging.forenteforlag.no\/dreyers\/","name":"Dreyers Forlag","description":"","potentialAction":[{"@type":"SearchAction","target":{"@type":"EntryPoint","urlTemplate":"https:\/\/staging.forenteforlag.no\/dreyers\/?s={search_term_string}"},"query-input":{"@type":"PropertyValueSpecification","valueRequired":true,"valueName":"search_term_string"}}],"inLanguage":"nb-NO"}]}},"_links":{"self":[{"href":"https:\/\/staging.forenteforlag.no\/dreyers\/wp-json\/wp\/v2\/product\/21314","targetHints":{"allow":["GET"]}}],"collection":[{"href":"https:\/\/staging.forenteforlag.no\/dreyers\/wp-json\/wp\/v2\/product"}],"about":[{"href":"https:\/\/staging.forenteforlag.no\/dreyers\/wp-json\/wp\/v2\/types\/product"}],"wp:featuredmedia":[{"embeddable":true,"href":"https:\/\/staging.forenteforlag.no\/dreyers\/wp-json\/wp\/v2\/media\/24377"}],"wp:attachment":[{"href":"https:\/\/staging.forenteforlag.no\/dreyers\/wp-json\/wp\/v2\/media?parent=21314"}],"wp:term":[{"taxonomy":"product_brand","embeddable":true,"href":"https:\/\/staging.forenteforlag.no\/dreyers\/wp-json\/wp\/v2\/product_brand?post=21314"},{"taxonomy":"product_cat","embeddable":true,"href":"https:\/\/staging.forenteforlag.no\/dreyers\/wp-json\/wp\/v2\/product_cat?post=21314"},{"taxonomy":"product_tag","embeddable":true,"href":"https:\/\/staging.forenteforlag.no\/dreyers\/wp-json\/wp\/v2\/product_tag?post=21314"}],"curies":[{"name":"wp","href":"https:\/\/api.w.org\/{rel}","templated":true}]}}