{"id":21310,"date":"2018-02-06T01:00:00","date_gmt":"2018-02-06T00:00:00","guid":{"rendered":"https:\/\/dreyersforlag.forenteforlag.no\/produkt\/kapitalismens-historie\/"},"modified":"2026-01-12T08:00:43","modified_gmt":"2026-01-12T07:00:43","slug":"kapitalismens-historie","status":"publish","type":"product","link":"https:\/\/staging.forenteforlag.no\/dreyers\/produkt\/kapitalismens-historie\/","title":{"rendered":"Kapitalismens historie"},"content":{"rendered":"<p>Siden finanskrisen rammet verden i 2008, har \u00abkapitalismen\u00bb igjen v\u00e6rt gjenstand for kritikk. Etter Sovjetunionens fall, da det eneste \u00abalternative systemet\u00bb br\u00f8t sammen, fremsto kapitalismen som overlegen alle andre \u00f8konomiske organisasjonsformer, og p\u00e5 sett og vis som historiens endestasjon. Omveltningene som fulgte med finans.krisen, og de uforutsigbare f\u00f8lgene av dem, har imidlertid gitt ny aktualitet til sp\u00f8rsm\u00e5l vi trodde var avleggs: Hva er \u00abkapitalismens\u00bb fortrinn og ulemper, hvilke motsetninger og utviklingsmuligheter bor i den?<br \/>\nJ\u00fcrgen Kocka, en av de ledende ekspertene p\u00e5 dette emnet i Tyskland og internasjonalt, leverer her en grundig innf\u00f8ring i kapitalismens opprinnelse og framvekst fra tidlig nytid og framover, samt dens globale utbredelse p\u00e5 1800- og 1900-tallet. Han tar ikke bare for seg handels- og industrialiseringsprosesser, men ogs\u00e5 de varige endringene i arbeidsliv og levek\u00e5r. Denne innf\u00f8ringen gir dermed b\u00e5de et suverent historisk overblikk og en kritisk analyse av det \u00f8konomiske regimet som i dag er med p\u00e5 \u00e5 styre menneskers handlinger, selv i de mest avsidesliggende hj\u00f8rner av verden.<\/p>\n","protected":false},"excerpt":{"rendered":"<p>Siden finanskrisen rammet verden i 2008, har \u00abkapitalismen\u00bb igjen v\u00e6rt gjenstand for kritikk. Etter Sovjetunionens fall, da det eneste \u00abalternative systemet\u00bb br\u00f8t sammen, fremsto kapitalismen som overlegen alle andre \u00f8konomiske organisasjonsformer, og p\u00e5 sett og vis som historiens endestasjon. Omveltningene som fulgte med finans.krisen, og de uforutsigbare f\u00f8lgene av dem, har imidlertid gitt ny aktualitet [&hellip;]<\/p>\n","protected":false},"featured_media":24408,"template":"","meta":{"_acf_changed":false,"inline_featured_image":false},"product_brand":[],"product_cat":[1785,23],"product_tag":[362],"class_list":{"0":"post-21310","1":"product","2":"type-product","3":"status-publish","4":"has-post-thumbnail","6":"product_cat-fripris","7":"product_cat-historie","8":"product_tag-faglitteratur","9":"pa_format-mykperm","11":"first","12":"midlertidig-utsolgt","13":"shipping-taxable","14":"purchasable","15":"product-type-simple"},"acf":{"anmeldelse":null},"yoast_head":"<!-- This site is optimized with the Yoast SEO plugin v26.6 - https:\/\/yoast.com\/wordpress\/plugins\/seo\/ -->\n<title>Kapitalismens historie - Dreyers Forlag<\/title>\n<meta name=\"robots\" content=\"noindex, follow, max-snippet:-1, max-image-preview:large, max-video-preview:-1\" \/>\n<meta property=\"og:locale\" content=\"nb_NO\" \/>\n<meta property=\"og:type\" content=\"article\" \/>\n<meta property=\"og:title\" content=\"Kapitalismens historie - Dreyers Forlag\" \/>\n<meta property=\"og:description\" content=\"Siden finanskrisen rammet verden i 2008, har \u00abkapitalismen\u00bb igjen v\u00e6rt gjenstand for kritikk. Etter Sovjetunionens fall, da det eneste \u00abalternative systemet\u00bb br\u00f8t sammen, fremsto kapitalismen som overlegen alle andre \u00f8konomiske organisasjonsformer, og p\u00e5 sett og vis som historiens endestasjon. Omveltningene som fulgte med finans.krisen, og de uforutsigbare f\u00f8lgene av dem, har imidlertid gitt ny aktualitet [&hellip;]\" \/>\n<meta property=\"og:url\" content=\"https:\/\/staging.forenteforlag.no\/dreyers\/produkt\/kapitalismens-historie\/\" \/>\n<meta property=\"og:site_name\" content=\"Dreyers Forlag\" \/>\n<meta property=\"article:modified_time\" content=\"2026-01-12T07:00:43+00:00\" \/>\n<meta property=\"og:image\" content=\"https:\/\/staging.forenteforlag.no\/dreyers\/wp-content\/uploads\/sites\/2\/2025\/08\/jpg-9122.jpg\" \/>\n\t<meta property=\"og:image:width\" content=\"378\" \/>\n\t<meta property=\"og:image:height\" content=\"591\" \/>\n\t<meta property=\"og:image:type\" content=\"image\/jpeg\" \/>\n<meta name=\"twitter:card\" content=\"summary_large_image\" \/>\n<meta name=\"twitter:label1\" content=\"Ansl. lesetid\" \/>\n\t<meta name=\"twitter:data1\" content=\"1 minutt\" \/>\n<script type=\"application\/ld+json\" class=\"yoast-schema-graph\">{\"@context\":\"https:\/\/schema.org\",\"@graph\":[{\"@type\":\"WebPage\",\"@id\":\"https:\/\/staging.forenteforlag.no\/dreyers\/produkt\/kapitalismens-historie\/\",\"url\":\"https:\/\/staging.forenteforlag.no\/dreyers\/produkt\/kapitalismens-historie\/\",\"name\":\"Kapitalismens historie - Dreyers Forlag\",\"isPartOf\":{\"@id\":\"https:\/\/staging.forenteforlag.no\/dreyers\/#website\"},\"primaryImageOfPage\":{\"@id\":\"https:\/\/staging.forenteforlag.no\/dreyers\/produkt\/kapitalismens-historie\/#primaryimage\"},\"image\":{\"@id\":\"https:\/\/staging.forenteforlag.no\/dreyers\/produkt\/kapitalismens-historie\/#primaryimage\"},\"thumbnailUrl\":\"https:\/\/staging.forenteforlag.no\/dreyers\/wp-content\/uploads\/sites\/2\/2025\/08\/jpg-9122.jpg\",\"datePublished\":\"2018-02-06T00:00:00+00:00\",\"dateModified\":\"2026-01-12T07:00:43+00:00\",\"breadcrumb\":{\"@id\":\"https:\/\/staging.forenteforlag.no\/dreyers\/produkt\/kapitalismens-historie\/#breadcrumb\"},\"inLanguage\":\"nb-NO\",\"potentialAction\":[{\"@type\":\"ReadAction\",\"target\":[\"https:\/\/staging.forenteforlag.no\/dreyers\/produkt\/kapitalismens-historie\/\"]}]},{\"@type\":\"ImageObject\",\"inLanguage\":\"nb-NO\",\"@id\":\"https:\/\/staging.forenteforlag.no\/dreyers\/produkt\/kapitalismens-historie\/#primaryimage\",\"url\":\"https:\/\/staging.forenteforlag.no\/dreyers\/wp-content\/uploads\/sites\/2\/2025\/08\/jpg-9122.jpg\",\"contentUrl\":\"https:\/\/staging.forenteforlag.no\/dreyers\/wp-content\/uploads\/sites\/2\/2025\/08\/jpg-9122.jpg\",\"width\":378,\"height\":591},{\"@type\":\"BreadcrumbList\",\"@id\":\"https:\/\/staging.forenteforlag.no\/dreyers\/produkt\/kapitalismens-historie\/#breadcrumb\",\"itemListElement\":[{\"@type\":\"ListItem\",\"position\":1,\"name\":\"Hjem\",\"item\":\"https:\/\/staging.forenteforlag.no\/dreyers\/\"},{\"@type\":\"ListItem\",\"position\":2,\"name\":\"Alle b\u00f8ker\",\"item\":\"https:\/\/staging.forenteforlag.no\/dreyers\/butikk\/\"},{\"@type\":\"ListItem\",\"position\":3,\"name\":\"Kapitalismens historie\"}]},{\"@type\":\"WebSite\",\"@id\":\"https:\/\/staging.forenteforlag.no\/dreyers\/#website\",\"url\":\"https:\/\/staging.forenteforlag.no\/dreyers\/\",\"name\":\"Dreyers Forlag\",\"description\":\"\",\"potentialAction\":[{\"@type\":\"SearchAction\",\"target\":{\"@type\":\"EntryPoint\",\"urlTemplate\":\"https:\/\/staging.forenteforlag.no\/dreyers\/?s={search_term_string}\"},\"query-input\":{\"@type\":\"PropertyValueSpecification\",\"valueRequired\":true,\"valueName\":\"search_term_string\"}}],\"inLanguage\":\"nb-NO\"}]}<\/script>\n<!-- \/ Yoast SEO plugin. -->","yoast_head_json":{"title":"Kapitalismens historie - Dreyers Forlag","robots":{"index":"noindex","follow":"follow","max-snippet":"max-snippet:-1","max-image-preview":"max-image-preview:large","max-video-preview":"max-video-preview:-1"},"og_locale":"nb_NO","og_type":"article","og_title":"Kapitalismens historie - Dreyers Forlag","og_description":"Siden finanskrisen rammet verden i 2008, har \u00abkapitalismen\u00bb igjen v\u00e6rt gjenstand for kritikk. Etter Sovjetunionens fall, da det eneste \u00abalternative systemet\u00bb br\u00f8t sammen, fremsto kapitalismen som overlegen alle andre \u00f8konomiske organisasjonsformer, og p\u00e5 sett og vis som historiens endestasjon. Omveltningene som fulgte med finans.krisen, og de uforutsigbare f\u00f8lgene av dem, har imidlertid gitt ny aktualitet [&hellip;]","og_url":"https:\/\/staging.forenteforlag.no\/dreyers\/produkt\/kapitalismens-historie\/","og_site_name":"Dreyers Forlag","article_modified_time":"2026-01-12T07:00:43+00:00","og_image":[{"width":378,"height":591,"url":"https:\/\/staging.forenteforlag.no\/dreyers\/wp-content\/uploads\/sites\/2\/2025\/08\/jpg-9122.jpg","type":"image\/jpeg"}],"twitter_card":"summary_large_image","twitter_misc":{"Ansl. lesetid":"1 minutt"},"schema":{"@context":"https:\/\/schema.org","@graph":[{"@type":"WebPage","@id":"https:\/\/staging.forenteforlag.no\/dreyers\/produkt\/kapitalismens-historie\/","url":"https:\/\/staging.forenteforlag.no\/dreyers\/produkt\/kapitalismens-historie\/","name":"Kapitalismens historie - Dreyers Forlag","isPartOf":{"@id":"https:\/\/staging.forenteforlag.no\/dreyers\/#website"},"primaryImageOfPage":{"@id":"https:\/\/staging.forenteforlag.no\/dreyers\/produkt\/kapitalismens-historie\/#primaryimage"},"image":{"@id":"https:\/\/staging.forenteforlag.no\/dreyers\/produkt\/kapitalismens-historie\/#primaryimage"},"thumbnailUrl":"https:\/\/staging.forenteforlag.no\/dreyers\/wp-content\/uploads\/sites\/2\/2025\/08\/jpg-9122.jpg","datePublished":"2018-02-06T00:00:00+00:00","dateModified":"2026-01-12T07:00:43+00:00","breadcrumb":{"@id":"https:\/\/staging.forenteforlag.no\/dreyers\/produkt\/kapitalismens-historie\/#breadcrumb"},"inLanguage":"nb-NO","potentialAction":[{"@type":"ReadAction","target":["https:\/\/staging.forenteforlag.no\/dreyers\/produkt\/kapitalismens-historie\/"]}]},{"@type":"ImageObject","inLanguage":"nb-NO","@id":"https:\/\/staging.forenteforlag.no\/dreyers\/produkt\/kapitalismens-historie\/#primaryimage","url":"https:\/\/staging.forenteforlag.no\/dreyers\/wp-content\/uploads\/sites\/2\/2025\/08\/jpg-9122.jpg","contentUrl":"https:\/\/staging.forenteforlag.no\/dreyers\/wp-content\/uploads\/sites\/2\/2025\/08\/jpg-9122.jpg","width":378,"height":591},{"@type":"BreadcrumbList","@id":"https:\/\/staging.forenteforlag.no\/dreyers\/produkt\/kapitalismens-historie\/#breadcrumb","itemListElement":[{"@type":"ListItem","position":1,"name":"Hjem","item":"https:\/\/staging.forenteforlag.no\/dreyers\/"},{"@type":"ListItem","position":2,"name":"Alle b\u00f8ker","item":"https:\/\/staging.forenteforlag.no\/dreyers\/butikk\/"},{"@type":"ListItem","position":3,"name":"Kapitalismens historie"}]},{"@type":"WebSite","@id":"https:\/\/staging.forenteforlag.no\/dreyers\/#website","url":"https:\/\/staging.forenteforlag.no\/dreyers\/","name":"Dreyers Forlag","description":"","potentialAction":[{"@type":"SearchAction","target":{"@type":"EntryPoint","urlTemplate":"https:\/\/staging.forenteforlag.no\/dreyers\/?s={search_term_string}"},"query-input":{"@type":"PropertyValueSpecification","valueRequired":true,"valueName":"search_term_string"}}],"inLanguage":"nb-NO"}]}},"_links":{"self":[{"href":"https:\/\/staging.forenteforlag.no\/dreyers\/wp-json\/wp\/v2\/product\/21310","targetHints":{"allow":["GET"]}}],"collection":[{"href":"https:\/\/staging.forenteforlag.no\/dreyers\/wp-json\/wp\/v2\/product"}],"about":[{"href":"https:\/\/staging.forenteforlag.no\/dreyers\/wp-json\/wp\/v2\/types\/product"}],"wp:featuredmedia":[{"embeddable":true,"href":"https:\/\/staging.forenteforlag.no\/dreyers\/wp-json\/wp\/v2\/media\/24408"}],"wp:attachment":[{"href":"https:\/\/staging.forenteforlag.no\/dreyers\/wp-json\/wp\/v2\/media?parent=21310"}],"wp:term":[{"taxonomy":"product_brand","embeddable":true,"href":"https:\/\/staging.forenteforlag.no\/dreyers\/wp-json\/wp\/v2\/product_brand?post=21310"},{"taxonomy":"product_cat","embeddable":true,"href":"https:\/\/staging.forenteforlag.no\/dreyers\/wp-json\/wp\/v2\/product_cat?post=21310"},{"taxonomy":"product_tag","embeddable":true,"href":"https:\/\/staging.forenteforlag.no\/dreyers\/wp-json\/wp\/v2\/product_tag?post=21310"}],"curies":[{"name":"wp","href":"https:\/\/api.w.org\/{rel}","templated":true}]}}