{"id":21309,"date":"2018-02-15T01:00:00","date_gmt":"2018-02-15T00:00:00","guid":{"rendered":"https:\/\/dreyersforlag.forenteforlag.no\/produkt\/den-guddommelige-komedie\/"},"modified":"2025-09-04T13:42:59","modified_gmt":"2025-09-04T11:42:59","slug":"den-guddommelige-komedie","status":"publish","type":"product","link":"https:\/\/staging.forenteforlag.no\/dreyers\/produkt\/den-guddommelige-komedie\/","title":{"rendered":"Den guddommelige komedie"},"content":{"rendered":"<p>Asbj\u00f8rn Bjornes er i gang med \u00e5 oversette hele Den guddommelige komedie fra italiensk til bokm\u00e5l. Denne boken utgj\u00f8r f\u00f8rste del: Inferno, og er forsynt med solide forklaringer.<br \/>\nCa. 1307 begynte Dante Alighieri (1265-1321) \u00e5 skrive sitt hovedverk Den guddommelige komedie. I dette visjonsdiktet skildrer Dante en reise han foretok i det hinsidige i p\u00e5skeuken 1300. Verkets f\u00f8rste del, Inferno, starter med at Dante har g\u00e5tt seg vill i en m\u00f8rk og ugjennomtrengelig skog. Hans dikterforbilde Vergil, sendt av Beatrice, kommer og redder ham. Vergil skal f\u00f8re Dante gjennom Helvetet og opp til Det jordiske paradis p\u00e5 Skj\u00e6rsildfjellet. P\u00e5 vandringen m\u00f8ter de mange menneskeskjebner, og de st\u00f8ter p\u00e5 farer som lurer og djevler som truer.<br \/>\nKomedien, som Dante kalte verket (fordi det ender godt, i Paradiset), er en perle i verdenslitteraturen. Leseren inviteres med p\u00e5 en dannelsesreise. Her er filosofiske og teologiske tanker, samt et vell av kulturhistoriske referanser og poetisk skj\u00f8nnhet. Fordelt p\u00e5 100 sanger inneholder Komedien hele middelalderens tidl\u00f8se viten. Inferno (Helvetet) best\u00e5r av 34 sanger. Andre del, Purgatoriet (Skj\u00e6rsilden), inneholder 33 sanger, og det samme gj\u00f8r Paradiset, verkets tredje del. P\u00e5 grunn av dets opph\u00f8yde stil har ettertiden gitt Komedien tilnavnet divina, guddommelig. Forord ved Henrik Syse.<\/p>\n","protected":false},"excerpt":{"rendered":"<p>Asbj\u00f8rn Bjornes er i gang med \u00e5 oversette hele Den guddommelige komedie fra italiensk til bokm\u00e5l. Denne boken utgj\u00f8r f\u00f8rste del: Inferno, og er forsynt med solide forklaringer. Ca. 1307 begynte Dante Alighieri (1265-1321) \u00e5 skrive sitt hovedverk Den guddommelige komedie. I dette visjonsdiktet skildrer Dante en reise han foretok i det hinsidige i p\u00e5skeuken [&hellip;]<\/p>\n","protected":false},"featured_media":24175,"template":"","meta":{"_acf_changed":false,"inline_featured_image":false},"product_brand":[],"product_cat":[1785,43],"product_tag":[1467,1631,511,1076,370],"class_list":{"0":"post-21309","1":"product","2":"type-product","3":"status-publish","4":"has-post-thumbnail","6":"product_cat-fripris","7":"product_cat-lyrikk","8":"product_tag-epos","9":"product_tag-himmel-og-helvete","10":"product_tag-lyrikk","11":"product_tag-prosalyrikk","12":"product_tag-skjonnlitteratur","13":"pa_format-innbundet","15":"first","16":"instock","17":"shipping-taxable","18":"purchasable","19":"product-type-simple"},"acf":{"anmeldelse":null},"yoast_head":"<!-- This site is optimized with the Yoast SEO plugin v26.6 - https:\/\/yoast.com\/wordpress\/plugins\/seo\/ -->\n<title>Den guddommelige komedie - Dreyers Forlag<\/title>\n<meta name=\"robots\" content=\"noindex, follow, max-snippet:-1, max-image-preview:large, max-video-preview:-1\" \/>\n<meta property=\"og:locale\" content=\"nb_NO\" \/>\n<meta property=\"og:type\" content=\"article\" \/>\n<meta property=\"og:title\" content=\"Den guddommelige komedie - Dreyers Forlag\" \/>\n<meta property=\"og:description\" content=\"Asbj\u00f8rn Bjornes er i gang med \u00e5 oversette hele Den guddommelige komedie fra italiensk til bokm\u00e5l. Denne boken utgj\u00f8r f\u00f8rste del: Inferno, og er forsynt med solide forklaringer. Ca. 1307 begynte Dante Alighieri (1265-1321) \u00e5 skrive sitt hovedverk Den guddommelige komedie. I dette visjonsdiktet skildrer Dante en reise han foretok i det hinsidige i p\u00e5skeuken [&hellip;]\" \/>\n<meta property=\"og:url\" content=\"https:\/\/staging.forenteforlag.no\/dreyers\/produkt\/den-guddommelige-komedie\/\" \/>\n<meta property=\"og:site_name\" content=\"Dreyers Forlag\" \/>\n<meta property=\"article:modified_time\" content=\"2025-09-04T11:42:59+00:00\" \/>\n<meta property=\"og:image\" content=\"https:\/\/staging.forenteforlag.no\/dreyers\/wp-content\/uploads\/sites\/2\/2025\/08\/jpg-7018.jpg\" \/>\n\t<meta property=\"og:image:width\" content=\"378\" \/>\n\t<meta property=\"og:image:height\" content=\"539\" \/>\n\t<meta property=\"og:image:type\" content=\"image\/jpeg\" \/>\n<meta name=\"twitter:card\" content=\"summary_large_image\" \/>\n<meta name=\"twitter:label1\" content=\"Ansl. lesetid\" \/>\n\t<meta name=\"twitter:data1\" content=\"1 minutt\" \/>\n<script type=\"application\/ld+json\" class=\"yoast-schema-graph\">{\"@context\":\"https:\/\/schema.org\",\"@graph\":[{\"@type\":\"WebPage\",\"@id\":\"https:\/\/staging.forenteforlag.no\/dreyers\/produkt\/den-guddommelige-komedie\/\",\"url\":\"https:\/\/staging.forenteforlag.no\/dreyers\/produkt\/den-guddommelige-komedie\/\",\"name\":\"Den guddommelige komedie - Dreyers Forlag\",\"isPartOf\":{\"@id\":\"https:\/\/staging.forenteforlag.no\/dreyers\/#website\"},\"primaryImageOfPage\":{\"@id\":\"https:\/\/staging.forenteforlag.no\/dreyers\/produkt\/den-guddommelige-komedie\/#primaryimage\"},\"image\":{\"@id\":\"https:\/\/staging.forenteforlag.no\/dreyers\/produkt\/den-guddommelige-komedie\/#primaryimage\"},\"thumbnailUrl\":\"https:\/\/staging.forenteforlag.no\/dreyers\/wp-content\/uploads\/sites\/2\/2025\/08\/jpg-7018.jpg\",\"datePublished\":\"2018-02-15T00:00:00+00:00\",\"dateModified\":\"2025-09-04T11:42:59+00:00\",\"breadcrumb\":{\"@id\":\"https:\/\/staging.forenteforlag.no\/dreyers\/produkt\/den-guddommelige-komedie\/#breadcrumb\"},\"inLanguage\":\"nb-NO\",\"potentialAction\":[{\"@type\":\"ReadAction\",\"target\":[\"https:\/\/staging.forenteforlag.no\/dreyers\/produkt\/den-guddommelige-komedie\/\"]}]},{\"@type\":\"ImageObject\",\"inLanguage\":\"nb-NO\",\"@id\":\"https:\/\/staging.forenteforlag.no\/dreyers\/produkt\/den-guddommelige-komedie\/#primaryimage\",\"url\":\"https:\/\/staging.forenteforlag.no\/dreyers\/wp-content\/uploads\/sites\/2\/2025\/08\/jpg-7018.jpg\",\"contentUrl\":\"https:\/\/staging.forenteforlag.no\/dreyers\/wp-content\/uploads\/sites\/2\/2025\/08\/jpg-7018.jpg\",\"width\":378,\"height\":539},{\"@type\":\"BreadcrumbList\",\"@id\":\"https:\/\/staging.forenteforlag.no\/dreyers\/produkt\/den-guddommelige-komedie\/#breadcrumb\",\"itemListElement\":[{\"@type\":\"ListItem\",\"position\":1,\"name\":\"Hjem\",\"item\":\"https:\/\/staging.forenteforlag.no\/dreyers\/\"},{\"@type\":\"ListItem\",\"position\":2,\"name\":\"Alle b\u00f8ker\",\"item\":\"https:\/\/staging.forenteforlag.no\/dreyers\/butikk\/\"},{\"@type\":\"ListItem\",\"position\":3,\"name\":\"Den guddommelige komedie\"}]},{\"@type\":\"WebSite\",\"@id\":\"https:\/\/staging.forenteforlag.no\/dreyers\/#website\",\"url\":\"https:\/\/staging.forenteforlag.no\/dreyers\/\",\"name\":\"Dreyers Forlag\",\"description\":\"\",\"potentialAction\":[{\"@type\":\"SearchAction\",\"target\":{\"@type\":\"EntryPoint\",\"urlTemplate\":\"https:\/\/staging.forenteforlag.no\/dreyers\/?s={search_term_string}\"},\"query-input\":{\"@type\":\"PropertyValueSpecification\",\"valueRequired\":true,\"valueName\":\"search_term_string\"}}],\"inLanguage\":\"nb-NO\"}]}<\/script>\n<!-- \/ Yoast SEO plugin. -->","yoast_head_json":{"title":"Den guddommelige komedie - Dreyers Forlag","robots":{"index":"noindex","follow":"follow","max-snippet":"max-snippet:-1","max-image-preview":"max-image-preview:large","max-video-preview":"max-video-preview:-1"},"og_locale":"nb_NO","og_type":"article","og_title":"Den guddommelige komedie - Dreyers Forlag","og_description":"Asbj\u00f8rn Bjornes er i gang med \u00e5 oversette hele Den guddommelige komedie fra italiensk til bokm\u00e5l. Denne boken utgj\u00f8r f\u00f8rste del: Inferno, og er forsynt med solide forklaringer. Ca. 1307 begynte Dante Alighieri (1265-1321) \u00e5 skrive sitt hovedverk Den guddommelige komedie. I dette visjonsdiktet skildrer Dante en reise han foretok i det hinsidige i p\u00e5skeuken [&hellip;]","og_url":"https:\/\/staging.forenteforlag.no\/dreyers\/produkt\/den-guddommelige-komedie\/","og_site_name":"Dreyers Forlag","article_modified_time":"2025-09-04T11:42:59+00:00","og_image":[{"width":378,"height":539,"url":"https:\/\/staging.forenteforlag.no\/dreyers\/wp-content\/uploads\/sites\/2\/2025\/08\/jpg-7018.jpg","type":"image\/jpeg"}],"twitter_card":"summary_large_image","twitter_misc":{"Ansl. lesetid":"1 minutt"},"schema":{"@context":"https:\/\/schema.org","@graph":[{"@type":"WebPage","@id":"https:\/\/staging.forenteforlag.no\/dreyers\/produkt\/den-guddommelige-komedie\/","url":"https:\/\/staging.forenteforlag.no\/dreyers\/produkt\/den-guddommelige-komedie\/","name":"Den guddommelige komedie - Dreyers Forlag","isPartOf":{"@id":"https:\/\/staging.forenteforlag.no\/dreyers\/#website"},"primaryImageOfPage":{"@id":"https:\/\/staging.forenteforlag.no\/dreyers\/produkt\/den-guddommelige-komedie\/#primaryimage"},"image":{"@id":"https:\/\/staging.forenteforlag.no\/dreyers\/produkt\/den-guddommelige-komedie\/#primaryimage"},"thumbnailUrl":"https:\/\/staging.forenteforlag.no\/dreyers\/wp-content\/uploads\/sites\/2\/2025\/08\/jpg-7018.jpg","datePublished":"2018-02-15T00:00:00+00:00","dateModified":"2025-09-04T11:42:59+00:00","breadcrumb":{"@id":"https:\/\/staging.forenteforlag.no\/dreyers\/produkt\/den-guddommelige-komedie\/#breadcrumb"},"inLanguage":"nb-NO","potentialAction":[{"@type":"ReadAction","target":["https:\/\/staging.forenteforlag.no\/dreyers\/produkt\/den-guddommelige-komedie\/"]}]},{"@type":"ImageObject","inLanguage":"nb-NO","@id":"https:\/\/staging.forenteforlag.no\/dreyers\/produkt\/den-guddommelige-komedie\/#primaryimage","url":"https:\/\/staging.forenteforlag.no\/dreyers\/wp-content\/uploads\/sites\/2\/2025\/08\/jpg-7018.jpg","contentUrl":"https:\/\/staging.forenteforlag.no\/dreyers\/wp-content\/uploads\/sites\/2\/2025\/08\/jpg-7018.jpg","width":378,"height":539},{"@type":"BreadcrumbList","@id":"https:\/\/staging.forenteforlag.no\/dreyers\/produkt\/den-guddommelige-komedie\/#breadcrumb","itemListElement":[{"@type":"ListItem","position":1,"name":"Hjem","item":"https:\/\/staging.forenteforlag.no\/dreyers\/"},{"@type":"ListItem","position":2,"name":"Alle b\u00f8ker","item":"https:\/\/staging.forenteforlag.no\/dreyers\/butikk\/"},{"@type":"ListItem","position":3,"name":"Den guddommelige komedie"}]},{"@type":"WebSite","@id":"https:\/\/staging.forenteforlag.no\/dreyers\/#website","url":"https:\/\/staging.forenteforlag.no\/dreyers\/","name":"Dreyers Forlag","description":"","potentialAction":[{"@type":"SearchAction","target":{"@type":"EntryPoint","urlTemplate":"https:\/\/staging.forenteforlag.no\/dreyers\/?s={search_term_string}"},"query-input":{"@type":"PropertyValueSpecification","valueRequired":true,"valueName":"search_term_string"}}],"inLanguage":"nb-NO"}]}},"_links":{"self":[{"href":"https:\/\/staging.forenteforlag.no\/dreyers\/wp-json\/wp\/v2\/product\/21309","targetHints":{"allow":["GET"]}}],"collection":[{"href":"https:\/\/staging.forenteforlag.no\/dreyers\/wp-json\/wp\/v2\/product"}],"about":[{"href":"https:\/\/staging.forenteforlag.no\/dreyers\/wp-json\/wp\/v2\/types\/product"}],"wp:featuredmedia":[{"embeddable":true,"href":"https:\/\/staging.forenteforlag.no\/dreyers\/wp-json\/wp\/v2\/media\/24175"}],"wp:attachment":[{"href":"https:\/\/staging.forenteforlag.no\/dreyers\/wp-json\/wp\/v2\/media?parent=21309"}],"wp:term":[{"taxonomy":"product_brand","embeddable":true,"href":"https:\/\/staging.forenteforlag.no\/dreyers\/wp-json\/wp\/v2\/product_brand?post=21309"},{"taxonomy":"product_cat","embeddable":true,"href":"https:\/\/staging.forenteforlag.no\/dreyers\/wp-json\/wp\/v2\/product_cat?post=21309"},{"taxonomy":"product_tag","embeddable":true,"href":"https:\/\/staging.forenteforlag.no\/dreyers\/wp-json\/wp\/v2\/product_tag?post=21309"}],"curies":[{"name":"wp","href":"https:\/\/api.w.org\/{rel}","templated":true}]}}