{"id":21305,"date":"2018-11-09T01:00:00","date_gmt":"2018-11-09T00:00:00","guid":{"rendered":"https:\/\/dreyersforlag.forenteforlag.no\/produkt\/klassisk-retorikk\/"},"modified":"2025-08-27T08:15:11","modified_gmt":"2025-08-27T06:15:11","slug":"klassisk-retorikk","status":"publish","type":"product","link":"https:\/\/staging.forenteforlag.no\/dreyers\/produkt\/klassisk-retorikk\/","title":{"rendered":"Klassisk retorikk"},"content":{"rendered":"<p>Retorikk er ikke bare en praktisk ferdighet, men ogs\u00e5 et fag: l\u00e6ren om hvordan overtalelse finner sted. Dette faget ble etablert av Aristo.teles (384-322 f.Kr.) og hans verk er fortsatt grunnleggende i retorikkstudiet; her finner vi blant annet l\u00e6ren om de tre overtalelsesmidlene, etos, patos og logos.<br \/>\nFra antikken og frem til 1800-tallet var retorikken et viktig skolefag og et sentralt dannelses.innhold, i f\u00f8rste rekke formidlet gjennom romerne Cicero og Quintilian. I v\u00e5r egen tid har retorikken f\u00e5tt en renessanse b\u00e5de i skoleverket og i offentligheten, og retorikkstudiet har spredt seg til nye felter og utviklet nye metoder. Store deler av begrepsapparatet g\u00e5r likevel fortsatt tilbake til grekerne og romerne, og for \u00e5 forst\u00e5 det m\u00e5 vi g\u00e5 til kildene.<br \/>\nKlassisk retorikk gir en grunnleggende innf\u00f8ring i de sentrale begrepene i gresk og romersk retorikk og viser med eksempler hvordan disse begrepene ogs\u00e5 kan brukes til \u00e5 forst\u00e5 v\u00e5r egen tids retorikk. Den viser hvordan vi kan overtale andre, men ogs\u00e5 hvordan andre overtaler oss.<\/p>\n","protected":false},"excerpt":{"rendered":"<p>Retorikk er ikke bare en praktisk ferdighet, men ogs\u00e5 et fag: l\u00e6ren om hvordan overtalelse finner sted. Dette faget ble etablert av Aristo.teles (384-322 f.Kr.) og hans verk er fortsatt grunnleggende i retorikkstudiet; her finner vi blant annet l\u00e6ren om de tre overtalelsesmidlene, etos, patos og logos. Fra antikken og frem til 1800-tallet var retorikken [&hellip;]<\/p>\n","protected":false},"featured_media":24064,"template":"","meta":{"_acf_changed":false,"inline_featured_image":false},"product_brand":[],"product_cat":[1785,33],"product_tag":[897,362,559,587,912],"class_list":{"0":"post-21305","1":"product","2":"type-product","3":"status-publish","4":"has-post-thumbnail","6":"product_cat-fripris","7":"product_cat-sprak","8":"product_tag-antikken","9":"product_tag-faglitteratur","10":"product_tag-hellas","11":"product_tag-muntlig-kommunikasjon","12":"product_tag-romerriket","13":"pa_format-mykperm","15":"first","16":"instock","17":"shipping-taxable","18":"purchasable","19":"product-type-simple"},"acf":{"anmeldelse":null},"yoast_head":"<!-- This site is optimized with the Yoast SEO plugin v26.6 - https:\/\/yoast.com\/wordpress\/plugins\/seo\/ -->\n<title>Klassisk retorikk - Dreyers Forlag<\/title>\n<meta name=\"robots\" content=\"noindex, follow, max-snippet:-1, max-image-preview:large, max-video-preview:-1\" \/>\n<meta property=\"og:locale\" content=\"nb_NO\" \/>\n<meta property=\"og:type\" content=\"article\" \/>\n<meta property=\"og:title\" content=\"Klassisk retorikk - Dreyers Forlag\" \/>\n<meta property=\"og:description\" content=\"Retorikk er ikke bare en praktisk ferdighet, men ogs\u00e5 et fag: l\u00e6ren om hvordan overtalelse finner sted. Dette faget ble etablert av Aristo.teles (384-322 f.Kr.) og hans verk er fortsatt grunnleggende i retorikkstudiet; her finner vi blant annet l\u00e6ren om de tre overtalelsesmidlene, etos, patos og logos. Fra antikken og frem til 1800-tallet var retorikken [&hellip;]\" \/>\n<meta property=\"og:url\" content=\"https:\/\/staging.forenteforlag.no\/dreyers\/produkt\/klassisk-retorikk\/\" \/>\n<meta property=\"og:site_name\" content=\"Dreyers Forlag\" \/>\n<meta property=\"article:modified_time\" content=\"2025-08-27T06:15:11+00:00\" \/>\n<meta property=\"og:image\" content=\"https:\/\/staging.forenteforlag.no\/dreyers\/wp-content\/uploads\/sites\/2\/2025\/08\/jpg-5927-scaled.jpg\" \/>\n\t<meta property=\"og:image:width\" content=\"1181\" \/>\n\t<meta property=\"og:image:height\" content=\"1920\" \/>\n\t<meta property=\"og:image:type\" content=\"image\/jpeg\" \/>\n<meta name=\"twitter:card\" content=\"summary_large_image\" \/>\n<meta name=\"twitter:label1\" content=\"Ansl. lesetid\" \/>\n\t<meta name=\"twitter:data1\" content=\"1 minutt\" \/>\n<script type=\"application\/ld+json\" class=\"yoast-schema-graph\">{\"@context\":\"https:\/\/schema.org\",\"@graph\":[{\"@type\":\"WebPage\",\"@id\":\"https:\/\/staging.forenteforlag.no\/dreyers\/produkt\/klassisk-retorikk\/\",\"url\":\"https:\/\/staging.forenteforlag.no\/dreyers\/produkt\/klassisk-retorikk\/\",\"name\":\"Klassisk retorikk - Dreyers Forlag\",\"isPartOf\":{\"@id\":\"https:\/\/staging.forenteforlag.no\/dreyers\/#website\"},\"primaryImageOfPage\":{\"@id\":\"https:\/\/staging.forenteforlag.no\/dreyers\/produkt\/klassisk-retorikk\/#primaryimage\"},\"image\":{\"@id\":\"https:\/\/staging.forenteforlag.no\/dreyers\/produkt\/klassisk-retorikk\/#primaryimage\"},\"thumbnailUrl\":\"https:\/\/staging.forenteforlag.no\/dreyers\/wp-content\/uploads\/sites\/2\/2025\/08\/jpg-5927-scaled.jpg\",\"datePublished\":\"2018-11-09T00:00:00+00:00\",\"dateModified\":\"2025-08-27T06:15:11+00:00\",\"breadcrumb\":{\"@id\":\"https:\/\/staging.forenteforlag.no\/dreyers\/produkt\/klassisk-retorikk\/#breadcrumb\"},\"inLanguage\":\"nb-NO\",\"potentialAction\":[{\"@type\":\"ReadAction\",\"target\":[\"https:\/\/staging.forenteforlag.no\/dreyers\/produkt\/klassisk-retorikk\/\"]}]},{\"@type\":\"ImageObject\",\"inLanguage\":\"nb-NO\",\"@id\":\"https:\/\/staging.forenteforlag.no\/dreyers\/produkt\/klassisk-retorikk\/#primaryimage\",\"url\":\"https:\/\/staging.forenteforlag.no\/dreyers\/wp-content\/uploads\/sites\/2\/2025\/08\/jpg-5927-scaled.jpg\",\"contentUrl\":\"https:\/\/staging.forenteforlag.no\/dreyers\/wp-content\/uploads\/sites\/2\/2025\/08\/jpg-5927-scaled.jpg\",\"width\":1181,\"height\":1920},{\"@type\":\"BreadcrumbList\",\"@id\":\"https:\/\/staging.forenteforlag.no\/dreyers\/produkt\/klassisk-retorikk\/#breadcrumb\",\"itemListElement\":[{\"@type\":\"ListItem\",\"position\":1,\"name\":\"Hjem\",\"item\":\"https:\/\/staging.forenteforlag.no\/dreyers\/\"},{\"@type\":\"ListItem\",\"position\":2,\"name\":\"Alle b\u00f8ker\",\"item\":\"https:\/\/staging.forenteforlag.no\/dreyers\/butikk\/\"},{\"@type\":\"ListItem\",\"position\":3,\"name\":\"Klassisk retorikk\"}]},{\"@type\":\"WebSite\",\"@id\":\"https:\/\/staging.forenteforlag.no\/dreyers\/#website\",\"url\":\"https:\/\/staging.forenteforlag.no\/dreyers\/\",\"name\":\"Dreyers Forlag\",\"description\":\"\",\"potentialAction\":[{\"@type\":\"SearchAction\",\"target\":{\"@type\":\"EntryPoint\",\"urlTemplate\":\"https:\/\/staging.forenteforlag.no\/dreyers\/?s={search_term_string}\"},\"query-input\":{\"@type\":\"PropertyValueSpecification\",\"valueRequired\":true,\"valueName\":\"search_term_string\"}}],\"inLanguage\":\"nb-NO\"}]}<\/script>\n<!-- \/ Yoast SEO plugin. -->","yoast_head_json":{"title":"Klassisk retorikk - Dreyers Forlag","robots":{"index":"noindex","follow":"follow","max-snippet":"max-snippet:-1","max-image-preview":"max-image-preview:large","max-video-preview":"max-video-preview:-1"},"og_locale":"nb_NO","og_type":"article","og_title":"Klassisk retorikk - Dreyers Forlag","og_description":"Retorikk er ikke bare en praktisk ferdighet, men ogs\u00e5 et fag: l\u00e6ren om hvordan overtalelse finner sted. Dette faget ble etablert av Aristo.teles (384-322 f.Kr.) og hans verk er fortsatt grunnleggende i retorikkstudiet; her finner vi blant annet l\u00e6ren om de tre overtalelsesmidlene, etos, patos og logos. Fra antikken og frem til 1800-tallet var retorikken [&hellip;]","og_url":"https:\/\/staging.forenteforlag.no\/dreyers\/produkt\/klassisk-retorikk\/","og_site_name":"Dreyers Forlag","article_modified_time":"2025-08-27T06:15:11+00:00","og_image":[{"width":1181,"height":1920,"url":"https:\/\/staging.forenteforlag.no\/dreyers\/wp-content\/uploads\/sites\/2\/2025\/08\/jpg-5927-scaled.jpg","type":"image\/jpeg"}],"twitter_card":"summary_large_image","twitter_misc":{"Ansl. lesetid":"1 minutt"},"schema":{"@context":"https:\/\/schema.org","@graph":[{"@type":"WebPage","@id":"https:\/\/staging.forenteforlag.no\/dreyers\/produkt\/klassisk-retorikk\/","url":"https:\/\/staging.forenteforlag.no\/dreyers\/produkt\/klassisk-retorikk\/","name":"Klassisk retorikk - Dreyers Forlag","isPartOf":{"@id":"https:\/\/staging.forenteforlag.no\/dreyers\/#website"},"primaryImageOfPage":{"@id":"https:\/\/staging.forenteforlag.no\/dreyers\/produkt\/klassisk-retorikk\/#primaryimage"},"image":{"@id":"https:\/\/staging.forenteforlag.no\/dreyers\/produkt\/klassisk-retorikk\/#primaryimage"},"thumbnailUrl":"https:\/\/staging.forenteforlag.no\/dreyers\/wp-content\/uploads\/sites\/2\/2025\/08\/jpg-5927-scaled.jpg","datePublished":"2018-11-09T00:00:00+00:00","dateModified":"2025-08-27T06:15:11+00:00","breadcrumb":{"@id":"https:\/\/staging.forenteforlag.no\/dreyers\/produkt\/klassisk-retorikk\/#breadcrumb"},"inLanguage":"nb-NO","potentialAction":[{"@type":"ReadAction","target":["https:\/\/staging.forenteforlag.no\/dreyers\/produkt\/klassisk-retorikk\/"]}]},{"@type":"ImageObject","inLanguage":"nb-NO","@id":"https:\/\/staging.forenteforlag.no\/dreyers\/produkt\/klassisk-retorikk\/#primaryimage","url":"https:\/\/staging.forenteforlag.no\/dreyers\/wp-content\/uploads\/sites\/2\/2025\/08\/jpg-5927-scaled.jpg","contentUrl":"https:\/\/staging.forenteforlag.no\/dreyers\/wp-content\/uploads\/sites\/2\/2025\/08\/jpg-5927-scaled.jpg","width":1181,"height":1920},{"@type":"BreadcrumbList","@id":"https:\/\/staging.forenteforlag.no\/dreyers\/produkt\/klassisk-retorikk\/#breadcrumb","itemListElement":[{"@type":"ListItem","position":1,"name":"Hjem","item":"https:\/\/staging.forenteforlag.no\/dreyers\/"},{"@type":"ListItem","position":2,"name":"Alle b\u00f8ker","item":"https:\/\/staging.forenteforlag.no\/dreyers\/butikk\/"},{"@type":"ListItem","position":3,"name":"Klassisk retorikk"}]},{"@type":"WebSite","@id":"https:\/\/staging.forenteforlag.no\/dreyers\/#website","url":"https:\/\/staging.forenteforlag.no\/dreyers\/","name":"Dreyers Forlag","description":"","potentialAction":[{"@type":"SearchAction","target":{"@type":"EntryPoint","urlTemplate":"https:\/\/staging.forenteforlag.no\/dreyers\/?s={search_term_string}"},"query-input":{"@type":"PropertyValueSpecification","valueRequired":true,"valueName":"search_term_string"}}],"inLanguage":"nb-NO"}]}},"_links":{"self":[{"href":"https:\/\/staging.forenteforlag.no\/dreyers\/wp-json\/wp\/v2\/product\/21305","targetHints":{"allow":["GET"]}}],"collection":[{"href":"https:\/\/staging.forenteforlag.no\/dreyers\/wp-json\/wp\/v2\/product"}],"about":[{"href":"https:\/\/staging.forenteforlag.no\/dreyers\/wp-json\/wp\/v2\/types\/product"}],"wp:featuredmedia":[{"embeddable":true,"href":"https:\/\/staging.forenteforlag.no\/dreyers\/wp-json\/wp\/v2\/media\/24064"}],"wp:attachment":[{"href":"https:\/\/staging.forenteforlag.no\/dreyers\/wp-json\/wp\/v2\/media?parent=21305"}],"wp:term":[{"taxonomy":"product_brand","embeddable":true,"href":"https:\/\/staging.forenteforlag.no\/dreyers\/wp-json\/wp\/v2\/product_brand?post=21305"},{"taxonomy":"product_cat","embeddable":true,"href":"https:\/\/staging.forenteforlag.no\/dreyers\/wp-json\/wp\/v2\/product_cat?post=21305"},{"taxonomy":"product_tag","embeddable":true,"href":"https:\/\/staging.forenteforlag.no\/dreyers\/wp-json\/wp\/v2\/product_tag?post=21305"}],"curies":[{"name":"wp","href":"https:\/\/api.w.org\/{rel}","templated":true}]}}