{"id":21301,"date":"2019-01-03T01:00:00","date_gmt":"2019-01-03T00:00:00","guid":{"rendered":"https:\/\/dreyersforlag.forenteforlag.no\/produkt\/catch-67\/"},"modified":"2025-08-27T11:50:49","modified_gmt":"2025-08-27T09:50:49","slug":"catch-67","status":"publish","type":"product","link":"https:\/\/staging.forenteforlag.no\/dreyers\/produkt\/catch-67\/","title":{"rendered":"Catch-67"},"content":{"rendered":"<p>Siden seksdagerskrigen i 1967 har det p\u00e5g\u00e5tt en debatt i Israel om hvorvidt landet skal beholde omr\u00e5dene som ble erobret i krigen, eller om man skal trekke seg helt eller delvis tilbake. Dette utgj\u00f8r et stort dilemma i israelsk politikk, og h\u00f8yre- og venstresiden i Israel gir helt ulike svar p\u00e5 utfordringen.<br \/>\nDen israelsk-palestinske konflikten preger mange israeleres identitet. Hvor de mener den \u00f8stlige grensen skal g\u00e5, sier noe om hvem de er. Venstresiden hevder at grensen b\u00f8r tilbakef\u00f8res dit den gikk 4. juni 1967. H\u00f8yresiden mener at tilbaketrekning fra Judea og Samaria vil gj\u00f8re Israel svakt, s\u00e5rbart og d\u00f8mt til undergang. Venstresiden innvender at dette er feil, farlig, moralsk uholdbart og vil f\u00f8re til at Israel blir isolert internasjonalt og \u00f8delagt demografisk sett. Begge sider mener at den andre sidens politikk vil bidra til staten Israels kollaps. Goodman hevder at begge sider har rett, og han konkluderer med at konflikten ikke kan l\u00f8ses. Han er likevel forsiktig optimist og beskriver hvordan konfliktens omfang kan reduseres rent praktisk. Gjennom politisk og filosofisk analyse finner Goodman nyanser i handlingsrommet som fremhever pragmatisme, i en konflikt der en omfattende l\u00f8sning virker umulig. Catch-67 var en brannfakkel da den kom ut i Israel. Boken er n\u00f8dvendig lesning for \u00e5 forst\u00e5 b\u00e5de hvor konflikten st\u00e5r i dag og hvor Israel er p\u00e5 vei.<\/p>\n","protected":false},"excerpt":{"rendered":"<p>Siden seksdagerskrigen i 1967 har det p\u00e5g\u00e5tt en debatt i Israel om hvorvidt landet skal beholde omr\u00e5dene som ble erobret i krigen, eller om man skal trekke seg helt eller delvis tilbake. Dette utgj\u00f8r et stort dilemma i israelsk politikk, og h\u00f8yre- og venstresiden i Israel gir helt ulike svar p\u00e5 utfordringen. Den israelsk-palestinske konflikten [&hellip;]<\/p>\n","protected":false},"featured_media":24366,"template":"","meta":{"_acf_changed":false,"inline_featured_image":false},"product_brand":[],"product_cat":[1785,32],"product_tag":[1681,362,476,452,962],"class_list":{"0":"post-21301","1":"product","2":"type-product","3":"status-publish","4":"has-post-thumbnail","6":"product_cat-fripris","7":"product_cat-samfunn-og-politikk","8":"product_tag-etniske-konflikter","9":"product_tag-faglitteratur","10":"product_tag-israel","11":"product_tag-joder","12":"product_tag-politisk-teori","13":"pa_format-innbundet","15":"first","16":"instock","17":"shipping-taxable","18":"purchasable","19":"product-type-simple"},"acf":{"anmeldelse":null},"yoast_head":"<!-- This site is optimized with the Yoast SEO plugin v26.6 - https:\/\/yoast.com\/wordpress\/plugins\/seo\/ -->\n<title>Catch-67 - Dreyers Forlag<\/title>\n<meta name=\"robots\" content=\"noindex, follow, max-snippet:-1, max-image-preview:large, max-video-preview:-1\" \/>\n<meta property=\"og:locale\" content=\"nb_NO\" \/>\n<meta property=\"og:type\" content=\"article\" \/>\n<meta property=\"og:title\" content=\"Catch-67 - Dreyers Forlag\" \/>\n<meta property=\"og:description\" content=\"Siden seksdagerskrigen i 1967 har det p\u00e5g\u00e5tt en debatt i Israel om hvorvidt landet skal beholde omr\u00e5dene som ble erobret i krigen, eller om man skal trekke seg helt eller delvis tilbake. Dette utgj\u00f8r et stort dilemma i israelsk politikk, og h\u00f8yre- og venstresiden i Israel gir helt ulike svar p\u00e5 utfordringen. Den israelsk-palestinske konflikten [&hellip;]\" \/>\n<meta property=\"og:url\" content=\"https:\/\/staging.forenteforlag.no\/dreyers\/produkt\/catch-67\/\" \/>\n<meta property=\"og:site_name\" content=\"Dreyers Forlag\" \/>\n<meta property=\"article:modified_time\" content=\"2025-08-27T09:50:49+00:00\" \/>\n<meta property=\"og:image\" content=\"https:\/\/staging.forenteforlag.no\/dreyers\/wp-content\/uploads\/sites\/2\/2025\/08\/jpg-8733.jpg\" \/>\n\t<meta property=\"og:image:width\" content=\"283\" \/>\n\t<meta property=\"og:image:height\" content=\"449\" \/>\n\t<meta property=\"og:image:type\" content=\"image\/jpeg\" \/>\n<meta name=\"twitter:card\" content=\"summary_large_image\" \/>\n<meta name=\"twitter:label1\" content=\"Ansl. lesetid\" \/>\n\t<meta name=\"twitter:data1\" content=\"1 minutt\" \/>\n<script type=\"application\/ld+json\" class=\"yoast-schema-graph\">{\"@context\":\"https:\/\/schema.org\",\"@graph\":[{\"@type\":\"WebPage\",\"@id\":\"https:\/\/staging.forenteforlag.no\/dreyers\/produkt\/catch-67\/\",\"url\":\"https:\/\/staging.forenteforlag.no\/dreyers\/produkt\/catch-67\/\",\"name\":\"Catch-67 - Dreyers Forlag\",\"isPartOf\":{\"@id\":\"https:\/\/staging.forenteforlag.no\/dreyers\/#website\"},\"primaryImageOfPage\":{\"@id\":\"https:\/\/staging.forenteforlag.no\/dreyers\/produkt\/catch-67\/#primaryimage\"},\"image\":{\"@id\":\"https:\/\/staging.forenteforlag.no\/dreyers\/produkt\/catch-67\/#primaryimage\"},\"thumbnailUrl\":\"https:\/\/staging.forenteforlag.no\/dreyers\/wp-content\/uploads\/sites\/2\/2025\/08\/jpg-8733.jpg\",\"datePublished\":\"2019-01-03T00:00:00+00:00\",\"dateModified\":\"2025-08-27T09:50:49+00:00\",\"breadcrumb\":{\"@id\":\"https:\/\/staging.forenteforlag.no\/dreyers\/produkt\/catch-67\/#breadcrumb\"},\"inLanguage\":\"nb-NO\",\"potentialAction\":[{\"@type\":\"ReadAction\",\"target\":[\"https:\/\/staging.forenteforlag.no\/dreyers\/produkt\/catch-67\/\"]}]},{\"@type\":\"ImageObject\",\"inLanguage\":\"nb-NO\",\"@id\":\"https:\/\/staging.forenteforlag.no\/dreyers\/produkt\/catch-67\/#primaryimage\",\"url\":\"https:\/\/staging.forenteforlag.no\/dreyers\/wp-content\/uploads\/sites\/2\/2025\/08\/jpg-8733.jpg\",\"contentUrl\":\"https:\/\/staging.forenteforlag.no\/dreyers\/wp-content\/uploads\/sites\/2\/2025\/08\/jpg-8733.jpg\",\"width\":283,\"height\":449},{\"@type\":\"BreadcrumbList\",\"@id\":\"https:\/\/staging.forenteforlag.no\/dreyers\/produkt\/catch-67\/#breadcrumb\",\"itemListElement\":[{\"@type\":\"ListItem\",\"position\":1,\"name\":\"Hjem\",\"item\":\"https:\/\/staging.forenteforlag.no\/dreyers\/\"},{\"@type\":\"ListItem\",\"position\":2,\"name\":\"Alle b\u00f8ker\",\"item\":\"https:\/\/staging.forenteforlag.no\/dreyers\/butikk\/\"},{\"@type\":\"ListItem\",\"position\":3,\"name\":\"Catch-67\"}]},{\"@type\":\"WebSite\",\"@id\":\"https:\/\/staging.forenteforlag.no\/dreyers\/#website\",\"url\":\"https:\/\/staging.forenteforlag.no\/dreyers\/\",\"name\":\"Dreyers Forlag\",\"description\":\"\",\"potentialAction\":[{\"@type\":\"SearchAction\",\"target\":{\"@type\":\"EntryPoint\",\"urlTemplate\":\"https:\/\/staging.forenteforlag.no\/dreyers\/?s={search_term_string}\"},\"query-input\":{\"@type\":\"PropertyValueSpecification\",\"valueRequired\":true,\"valueName\":\"search_term_string\"}}],\"inLanguage\":\"nb-NO\"}]}<\/script>\n<!-- \/ Yoast SEO plugin. -->","yoast_head_json":{"title":"Catch-67 - Dreyers Forlag","robots":{"index":"noindex","follow":"follow","max-snippet":"max-snippet:-1","max-image-preview":"max-image-preview:large","max-video-preview":"max-video-preview:-1"},"og_locale":"nb_NO","og_type":"article","og_title":"Catch-67 - Dreyers Forlag","og_description":"Siden seksdagerskrigen i 1967 har det p\u00e5g\u00e5tt en debatt i Israel om hvorvidt landet skal beholde omr\u00e5dene som ble erobret i krigen, eller om man skal trekke seg helt eller delvis tilbake. Dette utgj\u00f8r et stort dilemma i israelsk politikk, og h\u00f8yre- og venstresiden i Israel gir helt ulike svar p\u00e5 utfordringen. Den israelsk-palestinske konflikten [&hellip;]","og_url":"https:\/\/staging.forenteforlag.no\/dreyers\/produkt\/catch-67\/","og_site_name":"Dreyers Forlag","article_modified_time":"2025-08-27T09:50:49+00:00","og_image":[{"width":283,"height":449,"url":"https:\/\/staging.forenteforlag.no\/dreyers\/wp-content\/uploads\/sites\/2\/2025\/08\/jpg-8733.jpg","type":"image\/jpeg"}],"twitter_card":"summary_large_image","twitter_misc":{"Ansl. lesetid":"1 minutt"},"schema":{"@context":"https:\/\/schema.org","@graph":[{"@type":"WebPage","@id":"https:\/\/staging.forenteforlag.no\/dreyers\/produkt\/catch-67\/","url":"https:\/\/staging.forenteforlag.no\/dreyers\/produkt\/catch-67\/","name":"Catch-67 - Dreyers Forlag","isPartOf":{"@id":"https:\/\/staging.forenteforlag.no\/dreyers\/#website"},"primaryImageOfPage":{"@id":"https:\/\/staging.forenteforlag.no\/dreyers\/produkt\/catch-67\/#primaryimage"},"image":{"@id":"https:\/\/staging.forenteforlag.no\/dreyers\/produkt\/catch-67\/#primaryimage"},"thumbnailUrl":"https:\/\/staging.forenteforlag.no\/dreyers\/wp-content\/uploads\/sites\/2\/2025\/08\/jpg-8733.jpg","datePublished":"2019-01-03T00:00:00+00:00","dateModified":"2025-08-27T09:50:49+00:00","breadcrumb":{"@id":"https:\/\/staging.forenteforlag.no\/dreyers\/produkt\/catch-67\/#breadcrumb"},"inLanguage":"nb-NO","potentialAction":[{"@type":"ReadAction","target":["https:\/\/staging.forenteforlag.no\/dreyers\/produkt\/catch-67\/"]}]},{"@type":"ImageObject","inLanguage":"nb-NO","@id":"https:\/\/staging.forenteforlag.no\/dreyers\/produkt\/catch-67\/#primaryimage","url":"https:\/\/staging.forenteforlag.no\/dreyers\/wp-content\/uploads\/sites\/2\/2025\/08\/jpg-8733.jpg","contentUrl":"https:\/\/staging.forenteforlag.no\/dreyers\/wp-content\/uploads\/sites\/2\/2025\/08\/jpg-8733.jpg","width":283,"height":449},{"@type":"BreadcrumbList","@id":"https:\/\/staging.forenteforlag.no\/dreyers\/produkt\/catch-67\/#breadcrumb","itemListElement":[{"@type":"ListItem","position":1,"name":"Hjem","item":"https:\/\/staging.forenteforlag.no\/dreyers\/"},{"@type":"ListItem","position":2,"name":"Alle b\u00f8ker","item":"https:\/\/staging.forenteforlag.no\/dreyers\/butikk\/"},{"@type":"ListItem","position":3,"name":"Catch-67"}]},{"@type":"WebSite","@id":"https:\/\/staging.forenteforlag.no\/dreyers\/#website","url":"https:\/\/staging.forenteforlag.no\/dreyers\/","name":"Dreyers Forlag","description":"","potentialAction":[{"@type":"SearchAction","target":{"@type":"EntryPoint","urlTemplate":"https:\/\/staging.forenteforlag.no\/dreyers\/?s={search_term_string}"},"query-input":{"@type":"PropertyValueSpecification","valueRequired":true,"valueName":"search_term_string"}}],"inLanguage":"nb-NO"}]}},"_links":{"self":[{"href":"https:\/\/staging.forenteforlag.no\/dreyers\/wp-json\/wp\/v2\/product\/21301","targetHints":{"allow":["GET"]}}],"collection":[{"href":"https:\/\/staging.forenteforlag.no\/dreyers\/wp-json\/wp\/v2\/product"}],"about":[{"href":"https:\/\/staging.forenteforlag.no\/dreyers\/wp-json\/wp\/v2\/types\/product"}],"wp:featuredmedia":[{"embeddable":true,"href":"https:\/\/staging.forenteforlag.no\/dreyers\/wp-json\/wp\/v2\/media\/24366"}],"wp:attachment":[{"href":"https:\/\/staging.forenteforlag.no\/dreyers\/wp-json\/wp\/v2\/media?parent=21301"}],"wp:term":[{"taxonomy":"product_brand","embeddable":true,"href":"https:\/\/staging.forenteforlag.no\/dreyers\/wp-json\/wp\/v2\/product_brand?post=21301"},{"taxonomy":"product_cat","embeddable":true,"href":"https:\/\/staging.forenteforlag.no\/dreyers\/wp-json\/wp\/v2\/product_cat?post=21301"},{"taxonomy":"product_tag","embeddable":true,"href":"https:\/\/staging.forenteforlag.no\/dreyers\/wp-json\/wp\/v2\/product_tag?post=21301"}],"curies":[{"name":"wp","href":"https:\/\/api.w.org\/{rel}","templated":true}]}}