{"id":21299,"date":"2018-08-02T02:00:00","date_gmt":"2018-08-02T00:00:00","guid":{"rendered":"https:\/\/dreyersforlag.forenteforlag.no\/produkt\/medisinens-historie\/"},"modified":"2025-11-06T09:18:34","modified_gmt":"2025-11-06T08:18:34","slug":"medisinens-historie","status":"publish","type":"product","link":"https:\/\/staging.forenteforlag.no\/dreyers\/produkt\/medisinens-historie\/","title":{"rendered":"Medisinens historie"},"content":{"rendered":"<p>Sykdom og lidelse har alltid v\u00e6rt en del av den menneskelige tilv\u00e6relsen, og vi har med vekslende hell alltid fors\u00f8kt \u00e5 gj\u00f8re noe med det. Dette er beretningen om den vestlige legekunstens utvikling, fra sin spede begynnelse i de eldste tider til 1900-tallets avanserte medisinske disipliner, fra overtro og gode r\u00e5d til vitenskap og forskning. Dette er en bok om de fantastiske fremskrittene vi har gjort, men ogs\u00e5 om de mange feilskj\u00e6rene p\u00e5 veien. Medisinhistoriens store navn, som Hippokrates, Galenos, Harvey, Koch, Pasteur, Ehrlich, Virchow og Fleming, ledsages av mindre begavede skikkelser, med sine underlige teorier og merkelige behandlingsmetoder. <\/p>\n<p>Med sin bakgrunn som lege og professor i psykiatri og empirisk livsfilosofi har Nils Uddenberg de beste forutsetninger for \u00e5 l\u00f8fte frem denne fascinerende og mangefasetterte historien. Den prisbel\u00f8nnede forfatteren gir levende og fargerike skildringer fra den lange kampen p\u00e5 den medisinske fronten, hans fremragende formidlingsevne gj\u00f8r stoffet lett tilgjengelig ogs\u00e5 for lesere uten medisinske forkunnskaper.<\/p>\n","protected":false},"excerpt":{"rendered":"<p>Sykdom og lidelse har alltid v\u00e6rt en del av den menneskelige tilv\u00e6relsen, og vi har med vekslende hell alltid fors\u00f8kt \u00e5 gj\u00f8re noe med det. Dette er beretningen om den vestlige legekunstens utvikling, fra sin spede begynnelse i de eldste tider til 1900-tallets avanserte medisinske disipliner, fra overtro og gode r\u00e5d til vitenskap og forskning. [&hellip;]<\/p>\n","protected":false},"featured_media":24000,"template":"","meta":{"_acf_changed":false,"inline_featured_image":false},"product_brand":[],"product_cat":[1785,23],"product_tag":[362],"class_list":{"0":"post-21299","1":"product","2":"type-product","3":"status-publish","4":"has-post-thumbnail","6":"product_cat-fripris","7":"product_cat-historie","8":"product_tag-faglitteratur","9":"pa_format-innbundet","11":"first","12":"instock","13":"shipping-taxable","14":"purchasable","15":"product-type-simple"},"acf":{"anmeldelse":null},"yoast_head":"<!-- This site is optimized with the Yoast SEO plugin v26.6 - https:\/\/yoast.com\/wordpress\/plugins\/seo\/ -->\n<title>Medisinens historie - Dreyers Forlag<\/title>\n<meta name=\"robots\" content=\"noindex, follow, max-snippet:-1, max-image-preview:large, max-video-preview:-1\" \/>\n<meta property=\"og:locale\" content=\"nb_NO\" \/>\n<meta property=\"og:type\" content=\"article\" \/>\n<meta property=\"og:title\" content=\"Medisinens historie - Dreyers Forlag\" \/>\n<meta property=\"og:description\" content=\"Sykdom og lidelse har alltid v\u00e6rt en del av den menneskelige tilv\u00e6relsen, og vi har med vekslende hell alltid fors\u00f8kt \u00e5 gj\u00f8re noe med det. Dette er beretningen om den vestlige legekunstens utvikling, fra sin spede begynnelse i de eldste tider til 1900-tallets avanserte medisinske disipliner, fra overtro og gode r\u00e5d til vitenskap og forskning. [&hellip;]\" \/>\n<meta property=\"og:url\" content=\"https:\/\/staging.forenteforlag.no\/dreyers\/produkt\/medisinens-historie\/\" \/>\n<meta property=\"og:site_name\" content=\"Dreyers Forlag\" \/>\n<meta property=\"article:modified_time\" content=\"2025-11-06T08:18:34+00:00\" \/>\n<meta property=\"og:image\" content=\"https:\/\/staging.forenteforlag.no\/dreyers\/wp-content\/uploads\/sites\/2\/2025\/08\/jpg-5383.jpg\" \/>\n\t<meta property=\"og:image:width\" content=\"378\" \/>\n\t<meta property=\"og:image:height\" content=\"500\" \/>\n\t<meta property=\"og:image:type\" content=\"image\/jpeg\" \/>\n<meta name=\"twitter:card\" content=\"summary_large_image\" \/>\n<meta name=\"twitter:label1\" content=\"Ansl. lesetid\" \/>\n\t<meta name=\"twitter:data1\" content=\"1 minutt\" \/>\n<script type=\"application\/ld+json\" class=\"yoast-schema-graph\">{\"@context\":\"https:\/\/schema.org\",\"@graph\":[{\"@type\":\"WebPage\",\"@id\":\"https:\/\/staging.forenteforlag.no\/dreyers\/produkt\/medisinens-historie\/\",\"url\":\"https:\/\/staging.forenteforlag.no\/dreyers\/produkt\/medisinens-historie\/\",\"name\":\"Medisinens historie - Dreyers Forlag\",\"isPartOf\":{\"@id\":\"https:\/\/staging.forenteforlag.no\/dreyers\/#website\"},\"primaryImageOfPage\":{\"@id\":\"https:\/\/staging.forenteforlag.no\/dreyers\/produkt\/medisinens-historie\/#primaryimage\"},\"image\":{\"@id\":\"https:\/\/staging.forenteforlag.no\/dreyers\/produkt\/medisinens-historie\/#primaryimage\"},\"thumbnailUrl\":\"https:\/\/staging.forenteforlag.no\/dreyers\/wp-content\/uploads\/sites\/2\/2025\/08\/jpg-5383.jpg\",\"datePublished\":\"2018-08-02T00:00:00+00:00\",\"dateModified\":\"2025-11-06T08:18:34+00:00\",\"breadcrumb\":{\"@id\":\"https:\/\/staging.forenteforlag.no\/dreyers\/produkt\/medisinens-historie\/#breadcrumb\"},\"inLanguage\":\"nb-NO\",\"potentialAction\":[{\"@type\":\"ReadAction\",\"target\":[\"https:\/\/staging.forenteforlag.no\/dreyers\/produkt\/medisinens-historie\/\"]}]},{\"@type\":\"ImageObject\",\"inLanguage\":\"nb-NO\",\"@id\":\"https:\/\/staging.forenteforlag.no\/dreyers\/produkt\/medisinens-historie\/#primaryimage\",\"url\":\"https:\/\/staging.forenteforlag.no\/dreyers\/wp-content\/uploads\/sites\/2\/2025\/08\/jpg-5383.jpg\",\"contentUrl\":\"https:\/\/staging.forenteforlag.no\/dreyers\/wp-content\/uploads\/sites\/2\/2025\/08\/jpg-5383.jpg\",\"width\":378,\"height\":500},{\"@type\":\"BreadcrumbList\",\"@id\":\"https:\/\/staging.forenteforlag.no\/dreyers\/produkt\/medisinens-historie\/#breadcrumb\",\"itemListElement\":[{\"@type\":\"ListItem\",\"position\":1,\"name\":\"Hjem\",\"item\":\"https:\/\/staging.forenteforlag.no\/dreyers\/\"},{\"@type\":\"ListItem\",\"position\":2,\"name\":\"Alle b\u00f8ker\",\"item\":\"https:\/\/staging.forenteforlag.no\/dreyers\/butikk\/\"},{\"@type\":\"ListItem\",\"position\":3,\"name\":\"Medisinens historie\"}]},{\"@type\":\"WebSite\",\"@id\":\"https:\/\/staging.forenteforlag.no\/dreyers\/#website\",\"url\":\"https:\/\/staging.forenteforlag.no\/dreyers\/\",\"name\":\"Dreyers Forlag\",\"description\":\"\",\"potentialAction\":[{\"@type\":\"SearchAction\",\"target\":{\"@type\":\"EntryPoint\",\"urlTemplate\":\"https:\/\/staging.forenteforlag.no\/dreyers\/?s={search_term_string}\"},\"query-input\":{\"@type\":\"PropertyValueSpecification\",\"valueRequired\":true,\"valueName\":\"search_term_string\"}}],\"inLanguage\":\"nb-NO\"}]}<\/script>\n<!-- \/ Yoast SEO plugin. -->","yoast_head_json":{"title":"Medisinens historie - Dreyers Forlag","robots":{"index":"noindex","follow":"follow","max-snippet":"max-snippet:-1","max-image-preview":"max-image-preview:large","max-video-preview":"max-video-preview:-1"},"og_locale":"nb_NO","og_type":"article","og_title":"Medisinens historie - Dreyers Forlag","og_description":"Sykdom og lidelse har alltid v\u00e6rt en del av den menneskelige tilv\u00e6relsen, og vi har med vekslende hell alltid fors\u00f8kt \u00e5 gj\u00f8re noe med det. Dette er beretningen om den vestlige legekunstens utvikling, fra sin spede begynnelse i de eldste tider til 1900-tallets avanserte medisinske disipliner, fra overtro og gode r\u00e5d til vitenskap og forskning. [&hellip;]","og_url":"https:\/\/staging.forenteforlag.no\/dreyers\/produkt\/medisinens-historie\/","og_site_name":"Dreyers Forlag","article_modified_time":"2025-11-06T08:18:34+00:00","og_image":[{"width":378,"height":500,"url":"https:\/\/staging.forenteforlag.no\/dreyers\/wp-content\/uploads\/sites\/2\/2025\/08\/jpg-5383.jpg","type":"image\/jpeg"}],"twitter_card":"summary_large_image","twitter_misc":{"Ansl. lesetid":"1 minutt"},"schema":{"@context":"https:\/\/schema.org","@graph":[{"@type":"WebPage","@id":"https:\/\/staging.forenteforlag.no\/dreyers\/produkt\/medisinens-historie\/","url":"https:\/\/staging.forenteforlag.no\/dreyers\/produkt\/medisinens-historie\/","name":"Medisinens historie - Dreyers Forlag","isPartOf":{"@id":"https:\/\/staging.forenteforlag.no\/dreyers\/#website"},"primaryImageOfPage":{"@id":"https:\/\/staging.forenteforlag.no\/dreyers\/produkt\/medisinens-historie\/#primaryimage"},"image":{"@id":"https:\/\/staging.forenteforlag.no\/dreyers\/produkt\/medisinens-historie\/#primaryimage"},"thumbnailUrl":"https:\/\/staging.forenteforlag.no\/dreyers\/wp-content\/uploads\/sites\/2\/2025\/08\/jpg-5383.jpg","datePublished":"2018-08-02T00:00:00+00:00","dateModified":"2025-11-06T08:18:34+00:00","breadcrumb":{"@id":"https:\/\/staging.forenteforlag.no\/dreyers\/produkt\/medisinens-historie\/#breadcrumb"},"inLanguage":"nb-NO","potentialAction":[{"@type":"ReadAction","target":["https:\/\/staging.forenteforlag.no\/dreyers\/produkt\/medisinens-historie\/"]}]},{"@type":"ImageObject","inLanguage":"nb-NO","@id":"https:\/\/staging.forenteforlag.no\/dreyers\/produkt\/medisinens-historie\/#primaryimage","url":"https:\/\/staging.forenteforlag.no\/dreyers\/wp-content\/uploads\/sites\/2\/2025\/08\/jpg-5383.jpg","contentUrl":"https:\/\/staging.forenteforlag.no\/dreyers\/wp-content\/uploads\/sites\/2\/2025\/08\/jpg-5383.jpg","width":378,"height":500},{"@type":"BreadcrumbList","@id":"https:\/\/staging.forenteforlag.no\/dreyers\/produkt\/medisinens-historie\/#breadcrumb","itemListElement":[{"@type":"ListItem","position":1,"name":"Hjem","item":"https:\/\/staging.forenteforlag.no\/dreyers\/"},{"@type":"ListItem","position":2,"name":"Alle b\u00f8ker","item":"https:\/\/staging.forenteforlag.no\/dreyers\/butikk\/"},{"@type":"ListItem","position":3,"name":"Medisinens historie"}]},{"@type":"WebSite","@id":"https:\/\/staging.forenteforlag.no\/dreyers\/#website","url":"https:\/\/staging.forenteforlag.no\/dreyers\/","name":"Dreyers Forlag","description":"","potentialAction":[{"@type":"SearchAction","target":{"@type":"EntryPoint","urlTemplate":"https:\/\/staging.forenteforlag.no\/dreyers\/?s={search_term_string}"},"query-input":{"@type":"PropertyValueSpecification","valueRequired":true,"valueName":"search_term_string"}}],"inLanguage":"nb-NO"}]}},"_links":{"self":[{"href":"https:\/\/staging.forenteforlag.no\/dreyers\/wp-json\/wp\/v2\/product\/21299","targetHints":{"allow":["GET"]}}],"collection":[{"href":"https:\/\/staging.forenteforlag.no\/dreyers\/wp-json\/wp\/v2\/product"}],"about":[{"href":"https:\/\/staging.forenteforlag.no\/dreyers\/wp-json\/wp\/v2\/types\/product"}],"wp:featuredmedia":[{"embeddable":true,"href":"https:\/\/staging.forenteforlag.no\/dreyers\/wp-json\/wp\/v2\/media\/24000"}],"wp:attachment":[{"href":"https:\/\/staging.forenteforlag.no\/dreyers\/wp-json\/wp\/v2\/media?parent=21299"}],"wp:term":[{"taxonomy":"product_brand","embeddable":true,"href":"https:\/\/staging.forenteforlag.no\/dreyers\/wp-json\/wp\/v2\/product_brand?post=21299"},{"taxonomy":"product_cat","embeddable":true,"href":"https:\/\/staging.forenteforlag.no\/dreyers\/wp-json\/wp\/v2\/product_cat?post=21299"},{"taxonomy":"product_tag","embeddable":true,"href":"https:\/\/staging.forenteforlag.no\/dreyers\/wp-json\/wp\/v2\/product_tag?post=21299"}],"curies":[{"name":"wp","href":"https:\/\/api.w.org\/{rel}","templated":true}]}}