{"id":21298,"date":"2018-08-06T02:00:00","date_gmt":"2018-08-06T00:00:00","guid":{"rendered":"https:\/\/dreyersforlag.forenteforlag.no\/produkt\/fra-nordmarka-og-alaska\/"},"modified":"2025-08-27T10:06:52","modified_gmt":"2025-08-27T08:06:52","slug":"fra-nordmarka-og-alaska","status":"publish","type":"product","link":"https:\/\/staging.forenteforlag.no\/dreyers\/produkt\/fra-nordmarka-og-alaska\/","title":{"rendered":"Fra Nordmarka og Alaska"},"content":{"rendered":"<p>Historiene i denne boka er geografisk fra omr\u00e5der av Nordmarka og Krokskogen, og siste fortelling er fra Alaska. Mye av stoffet er hentet fra L\u00f8venskiolds arkiver, men ogs\u00e5 fra forfatterens turer i Marka og fra Stranger-hyttas spennende illustrerte hyttebok. Et kapittel beskriver de mange private hyttene i Blankvannsomr\u00e5det, et omr\u00e5de som L\u00f8venskiold solgte rundt 1920, for \u00e5 dekke en arveavgift. Et annet dreier seg om salget av Hadelands Almenning, som L\u00f8venskiolds eiendommer grenser til i nord. L\u00f8venskiolds arkiver kan ogs\u00e5 fortelle mye om ulovlig jakt og fiske i Nordmarka etter krigen. Boka gir portretter av Nordmarka-folk som skog.sjef Rolf Hatlinghus, t\u00f8mmerhogger H\u00e5kon \u00d8stensen og markaveteran Herman Mehren, og vi f\u00e5r m\u00f8te neste generasjon L\u00f8venskiold. Av \u00abnye\u00bb gamle kart f\u00e5r vi se skogsbestyrer Olav \u00d8iens mange kart fra 1916 som viser detaljer vi tidligere ikke har visst om. Og Scheels kart over Hadelands Almenning blir publisert her, trolig for f\u00f8rste gang. Bokas siste kapittel er forfatterens beretning fra egen tur over Chilkoot Pass og inn til starten p\u00e5 Yukon River i Alaska, hvor mange nordmenn deltok i det store gullrushet p\u00e5 1800-tallet.<\/p>\n","protected":false},"excerpt":{"rendered":"<p>Historiene i denne boka er geografisk fra omr\u00e5der av Nordmarka og Krokskogen, og siste fortelling er fra Alaska. Mye av stoffet er hentet fra L\u00f8venskiolds arkiver, men ogs\u00e5 fra forfatterens turer i Marka og fra Stranger-hyttas spennende illustrerte hyttebok. Et kapittel beskriver de mange private hyttene i Blankvannsomr\u00e5det, et omr\u00e5de som L\u00f8venskiold solgte rundt 1920, [&hellip;]<\/p>\n","protected":false},"featured_media":24232,"template":"","meta":{"_acf_changed":false,"inline_featured_image":false},"product_brand":[],"product_cat":[1785,37],"product_tag":[684,938,362,525,377],"class_list":{"0":"post-21298","1":"product","2":"type-product","3":"status-publish","4":"has-post-thumbnail","6":"product_cat-fripris","7":"product_cat-oslo","8":"product_tag-akershus","9":"product_tag-alaska","10":"product_tag-faglitteratur","11":"product_tag-lokalhistorie","12":"product_tag-oslo","13":"pa_format-innbundet","15":"first","16":"instock","17":"shipping-taxable","18":"purchasable","19":"product-type-simple"},"acf":{"anmeldelse":null},"yoast_head":"<!-- This site is optimized with the Yoast SEO plugin v26.6 - https:\/\/yoast.com\/wordpress\/plugins\/seo\/ -->\n<title>Fra Nordmarka og Alaska - Dreyers Forlag<\/title>\n<meta name=\"robots\" content=\"noindex, follow, max-snippet:-1, max-image-preview:large, max-video-preview:-1\" \/>\n<meta property=\"og:locale\" content=\"nb_NO\" \/>\n<meta property=\"og:type\" content=\"article\" \/>\n<meta property=\"og:title\" content=\"Fra Nordmarka og Alaska - Dreyers Forlag\" \/>\n<meta property=\"og:description\" content=\"Historiene i denne boka er geografisk fra omr\u00e5der av Nordmarka og Krokskogen, og siste fortelling er fra Alaska. Mye av stoffet er hentet fra L\u00f8venskiolds arkiver, men ogs\u00e5 fra forfatterens turer i Marka og fra Stranger-hyttas spennende illustrerte hyttebok. Et kapittel beskriver de mange private hyttene i Blankvannsomr\u00e5det, et omr\u00e5de som L\u00f8venskiold solgte rundt 1920, [&hellip;]\" \/>\n<meta property=\"og:url\" content=\"https:\/\/staging.forenteforlag.no\/dreyers\/produkt\/fra-nordmarka-og-alaska\/\" \/>\n<meta property=\"og:site_name\" content=\"Dreyers Forlag\" \/>\n<meta property=\"article:modified_time\" content=\"2025-08-27T08:06:52+00:00\" \/>\n<meta property=\"og:image\" content=\"https:\/\/staging.forenteforlag.no\/dreyers\/wp-content\/uploads\/sites\/2\/2025\/08\/jpg-7533.jpg\" \/>\n\t<meta property=\"og:image:width\" content=\"378\" \/>\n\t<meta property=\"og:image:height\" content=\"411\" \/>\n\t<meta property=\"og:image:type\" content=\"image\/jpeg\" \/>\n<meta name=\"twitter:card\" content=\"summary_large_image\" \/>\n<meta name=\"twitter:label1\" content=\"Ansl. lesetid\" \/>\n\t<meta name=\"twitter:data1\" content=\"1 minutt\" \/>\n<script type=\"application\/ld+json\" class=\"yoast-schema-graph\">{\"@context\":\"https:\/\/schema.org\",\"@graph\":[{\"@type\":\"WebPage\",\"@id\":\"https:\/\/staging.forenteforlag.no\/dreyers\/produkt\/fra-nordmarka-og-alaska\/\",\"url\":\"https:\/\/staging.forenteforlag.no\/dreyers\/produkt\/fra-nordmarka-og-alaska\/\",\"name\":\"Fra Nordmarka og Alaska - Dreyers Forlag\",\"isPartOf\":{\"@id\":\"https:\/\/staging.forenteforlag.no\/dreyers\/#website\"},\"primaryImageOfPage\":{\"@id\":\"https:\/\/staging.forenteforlag.no\/dreyers\/produkt\/fra-nordmarka-og-alaska\/#primaryimage\"},\"image\":{\"@id\":\"https:\/\/staging.forenteforlag.no\/dreyers\/produkt\/fra-nordmarka-og-alaska\/#primaryimage\"},\"thumbnailUrl\":\"https:\/\/staging.forenteforlag.no\/dreyers\/wp-content\/uploads\/sites\/2\/2025\/08\/jpg-7533.jpg\",\"datePublished\":\"2018-08-06T00:00:00+00:00\",\"dateModified\":\"2025-08-27T08:06:52+00:00\",\"breadcrumb\":{\"@id\":\"https:\/\/staging.forenteforlag.no\/dreyers\/produkt\/fra-nordmarka-og-alaska\/#breadcrumb\"},\"inLanguage\":\"nb-NO\",\"potentialAction\":[{\"@type\":\"ReadAction\",\"target\":[\"https:\/\/staging.forenteforlag.no\/dreyers\/produkt\/fra-nordmarka-og-alaska\/\"]}]},{\"@type\":\"ImageObject\",\"inLanguage\":\"nb-NO\",\"@id\":\"https:\/\/staging.forenteforlag.no\/dreyers\/produkt\/fra-nordmarka-og-alaska\/#primaryimage\",\"url\":\"https:\/\/staging.forenteforlag.no\/dreyers\/wp-content\/uploads\/sites\/2\/2025\/08\/jpg-7533.jpg\",\"contentUrl\":\"https:\/\/staging.forenteforlag.no\/dreyers\/wp-content\/uploads\/sites\/2\/2025\/08\/jpg-7533.jpg\",\"width\":378,\"height\":411},{\"@type\":\"BreadcrumbList\",\"@id\":\"https:\/\/staging.forenteforlag.no\/dreyers\/produkt\/fra-nordmarka-og-alaska\/#breadcrumb\",\"itemListElement\":[{\"@type\":\"ListItem\",\"position\":1,\"name\":\"Hjem\",\"item\":\"https:\/\/staging.forenteforlag.no\/dreyers\/\"},{\"@type\":\"ListItem\",\"position\":2,\"name\":\"Alle b\u00f8ker\",\"item\":\"https:\/\/staging.forenteforlag.no\/dreyers\/butikk\/\"},{\"@type\":\"ListItem\",\"position\":3,\"name\":\"Fra Nordmarka og Alaska\"}]},{\"@type\":\"WebSite\",\"@id\":\"https:\/\/staging.forenteforlag.no\/dreyers\/#website\",\"url\":\"https:\/\/staging.forenteforlag.no\/dreyers\/\",\"name\":\"Dreyers Forlag\",\"description\":\"\",\"potentialAction\":[{\"@type\":\"SearchAction\",\"target\":{\"@type\":\"EntryPoint\",\"urlTemplate\":\"https:\/\/staging.forenteforlag.no\/dreyers\/?s={search_term_string}\"},\"query-input\":{\"@type\":\"PropertyValueSpecification\",\"valueRequired\":true,\"valueName\":\"search_term_string\"}}],\"inLanguage\":\"nb-NO\"}]}<\/script>\n<!-- \/ Yoast SEO plugin. -->","yoast_head_json":{"title":"Fra Nordmarka og Alaska - Dreyers Forlag","robots":{"index":"noindex","follow":"follow","max-snippet":"max-snippet:-1","max-image-preview":"max-image-preview:large","max-video-preview":"max-video-preview:-1"},"og_locale":"nb_NO","og_type":"article","og_title":"Fra Nordmarka og Alaska - Dreyers Forlag","og_description":"Historiene i denne boka er geografisk fra omr\u00e5der av Nordmarka og Krokskogen, og siste fortelling er fra Alaska. Mye av stoffet er hentet fra L\u00f8venskiolds arkiver, men ogs\u00e5 fra forfatterens turer i Marka og fra Stranger-hyttas spennende illustrerte hyttebok. Et kapittel beskriver de mange private hyttene i Blankvannsomr\u00e5det, et omr\u00e5de som L\u00f8venskiold solgte rundt 1920, [&hellip;]","og_url":"https:\/\/staging.forenteforlag.no\/dreyers\/produkt\/fra-nordmarka-og-alaska\/","og_site_name":"Dreyers Forlag","article_modified_time":"2025-08-27T08:06:52+00:00","og_image":[{"width":378,"height":411,"url":"https:\/\/staging.forenteforlag.no\/dreyers\/wp-content\/uploads\/sites\/2\/2025\/08\/jpg-7533.jpg","type":"image\/jpeg"}],"twitter_card":"summary_large_image","twitter_misc":{"Ansl. lesetid":"1 minutt"},"schema":{"@context":"https:\/\/schema.org","@graph":[{"@type":"WebPage","@id":"https:\/\/staging.forenteforlag.no\/dreyers\/produkt\/fra-nordmarka-og-alaska\/","url":"https:\/\/staging.forenteforlag.no\/dreyers\/produkt\/fra-nordmarka-og-alaska\/","name":"Fra Nordmarka og Alaska - Dreyers Forlag","isPartOf":{"@id":"https:\/\/staging.forenteforlag.no\/dreyers\/#website"},"primaryImageOfPage":{"@id":"https:\/\/staging.forenteforlag.no\/dreyers\/produkt\/fra-nordmarka-og-alaska\/#primaryimage"},"image":{"@id":"https:\/\/staging.forenteforlag.no\/dreyers\/produkt\/fra-nordmarka-og-alaska\/#primaryimage"},"thumbnailUrl":"https:\/\/staging.forenteforlag.no\/dreyers\/wp-content\/uploads\/sites\/2\/2025\/08\/jpg-7533.jpg","datePublished":"2018-08-06T00:00:00+00:00","dateModified":"2025-08-27T08:06:52+00:00","breadcrumb":{"@id":"https:\/\/staging.forenteforlag.no\/dreyers\/produkt\/fra-nordmarka-og-alaska\/#breadcrumb"},"inLanguage":"nb-NO","potentialAction":[{"@type":"ReadAction","target":["https:\/\/staging.forenteforlag.no\/dreyers\/produkt\/fra-nordmarka-og-alaska\/"]}]},{"@type":"ImageObject","inLanguage":"nb-NO","@id":"https:\/\/staging.forenteforlag.no\/dreyers\/produkt\/fra-nordmarka-og-alaska\/#primaryimage","url":"https:\/\/staging.forenteforlag.no\/dreyers\/wp-content\/uploads\/sites\/2\/2025\/08\/jpg-7533.jpg","contentUrl":"https:\/\/staging.forenteforlag.no\/dreyers\/wp-content\/uploads\/sites\/2\/2025\/08\/jpg-7533.jpg","width":378,"height":411},{"@type":"BreadcrumbList","@id":"https:\/\/staging.forenteforlag.no\/dreyers\/produkt\/fra-nordmarka-og-alaska\/#breadcrumb","itemListElement":[{"@type":"ListItem","position":1,"name":"Hjem","item":"https:\/\/staging.forenteforlag.no\/dreyers\/"},{"@type":"ListItem","position":2,"name":"Alle b\u00f8ker","item":"https:\/\/staging.forenteforlag.no\/dreyers\/butikk\/"},{"@type":"ListItem","position":3,"name":"Fra Nordmarka og Alaska"}]},{"@type":"WebSite","@id":"https:\/\/staging.forenteforlag.no\/dreyers\/#website","url":"https:\/\/staging.forenteforlag.no\/dreyers\/","name":"Dreyers Forlag","description":"","potentialAction":[{"@type":"SearchAction","target":{"@type":"EntryPoint","urlTemplate":"https:\/\/staging.forenteforlag.no\/dreyers\/?s={search_term_string}"},"query-input":{"@type":"PropertyValueSpecification","valueRequired":true,"valueName":"search_term_string"}}],"inLanguage":"nb-NO"}]}},"_links":{"self":[{"href":"https:\/\/staging.forenteforlag.no\/dreyers\/wp-json\/wp\/v2\/product\/21298","targetHints":{"allow":["GET"]}}],"collection":[{"href":"https:\/\/staging.forenteforlag.no\/dreyers\/wp-json\/wp\/v2\/product"}],"about":[{"href":"https:\/\/staging.forenteforlag.no\/dreyers\/wp-json\/wp\/v2\/types\/product"}],"wp:featuredmedia":[{"embeddable":true,"href":"https:\/\/staging.forenteforlag.no\/dreyers\/wp-json\/wp\/v2\/media\/24232"}],"wp:attachment":[{"href":"https:\/\/staging.forenteforlag.no\/dreyers\/wp-json\/wp\/v2\/media?parent=21298"}],"wp:term":[{"taxonomy":"product_brand","embeddable":true,"href":"https:\/\/staging.forenteforlag.no\/dreyers\/wp-json\/wp\/v2\/product_brand?post=21298"},{"taxonomy":"product_cat","embeddable":true,"href":"https:\/\/staging.forenteforlag.no\/dreyers\/wp-json\/wp\/v2\/product_cat?post=21298"},{"taxonomy":"product_tag","embeddable":true,"href":"https:\/\/staging.forenteforlag.no\/dreyers\/wp-json\/wp\/v2\/product_tag?post=21298"}],"curies":[{"name":"wp","href":"https:\/\/api.w.org\/{rel}","templated":true}]}}