{"id":21294,"date":"2019-03-07T01:00:00","date_gmt":"2019-03-07T00:00:00","guid":{"rendered":"https:\/\/dreyersforlag.forenteforlag.no\/produkt\/fortellinger-om-motstand\/"},"modified":"2025-08-27T11:58:51","modified_gmt":"2025-08-27T09:58:51","slug":"fortellinger-om-motstand","status":"publish","type":"product","link":"https:\/\/staging.forenteforlag.no\/dreyers\/produkt\/fortellinger-om-motstand\/","title":{"rendered":"Fortellinger om motstand"},"content":{"rendered":"<p>Mer enn 70 \u00e5r etter at den tok slutt utgis det i Norge hvert eneste \u00e5r massevis av nye b\u00f8ker om andre verdenskrig. Leserne vil ha nye temaer, nye perspektiver og b\u00f8ker basert p\u00e5 nye kilder. N\u00e5r de siste tidsvitner er i ferd med \u00e5 g\u00e5 bort, kan det virke som om trangen til \u00e5 sette seg inn i hva de opplevde, bare \u00f8ker blant etterkommerne. \u00abFar fortalte aldri noe\u00bb, er en gjenganger. Denne boken er en samling historier om nordmenns innsats mot okkupanten og hans norske medl\u00f8pere under krigen 1939-45. Stoffet er samlet inn i forbindelse med Krigsdekorasjonsprosjektet. Det er historier fra en rekke forskjellige arenaer, hjemme og ute; fra holdningskampen, v\u00e6pnet kamp og sabotasje. Samlet var motstandskampen avgj\u00f8rende for at nazistene aldri var i n\u00e6rheten av \u00e5 lykkes med sitt nyordningsprosjekt. Selv om enkelte av historiene er fortalt tidligere, er mye av dette trolig ukjent stoff for mange. Dette er veteranenes egne fortellinger, nedskrevet av dem selv, deres barn og i noen tilfeller av journalister eller historikere.<\/p>\n","protected":false},"excerpt":{"rendered":"<p>Mer enn 70 \u00e5r etter at den tok slutt utgis det i Norge hvert eneste \u00e5r massevis av nye b\u00f8ker om andre verdenskrig. Leserne vil ha nye temaer, nye perspektiver og b\u00f8ker basert p\u00e5 nye kilder. N\u00e5r de siste tidsvitner er i ferd med \u00e5 g\u00e5 bort, kan det virke som om trangen til \u00e5 [&hellip;]<\/p>\n","protected":false},"featured_media":24372,"template":"","meta":{"_acf_changed":false,"inline_featured_image":false},"product_brand":[],"product_cat":[20,1785,23],"product_tag":[407,405,362,526,439],"class_list":{"0":"post-21294","1":"product","2":"type-product","3":"status-publish","4":"has-post-thumbnail","6":"product_cat-biografier-og-memoarer","7":"product_cat-fripris","8":"product_cat-historie","9":"product_tag-1939-1945","10":"product_tag-andre-verdenskrig","11":"product_tag-faglitteratur","12":"product_tag-motstandsarbeid","13":"product_tag-nord-norge","14":"pa_format-innbundet","16":"first","17":"instock","18":"shipping-taxable","19":"purchasable","20":"product-type-simple"},"acf":{"anmeldelse":null},"yoast_head":"<!-- This site is optimized with the Yoast SEO plugin v26.6 - https:\/\/yoast.com\/wordpress\/plugins\/seo\/ -->\n<title>Fortellinger om motstand - Dreyers Forlag<\/title>\n<meta name=\"robots\" content=\"noindex, follow, max-snippet:-1, max-image-preview:large, max-video-preview:-1\" \/>\n<meta property=\"og:locale\" content=\"nb_NO\" \/>\n<meta property=\"og:type\" content=\"article\" \/>\n<meta property=\"og:title\" content=\"Fortellinger om motstand - Dreyers Forlag\" \/>\n<meta property=\"og:description\" content=\"Mer enn 70 \u00e5r etter at den tok slutt utgis det i Norge hvert eneste \u00e5r massevis av nye b\u00f8ker om andre verdenskrig. Leserne vil ha nye temaer, nye perspektiver og b\u00f8ker basert p\u00e5 nye kilder. N\u00e5r de siste tidsvitner er i ferd med \u00e5 g\u00e5 bort, kan det virke som om trangen til \u00e5 [&hellip;]\" \/>\n<meta property=\"og:url\" content=\"https:\/\/staging.forenteforlag.no\/dreyers\/produkt\/fortellinger-om-motstand\/\" \/>\n<meta property=\"og:site_name\" content=\"Dreyers Forlag\" \/>\n<meta property=\"article:modified_time\" content=\"2025-08-27T09:58:51+00:00\" \/>\n<meta property=\"og:image\" content=\"https:\/\/staging.forenteforlag.no\/dreyers\/wp-content\/uploads\/sites\/2\/2025\/08\/jpg-8821.jpg\" \/>\n\t<meta property=\"og:image:width\" content=\"283\" \/>\n\t<meta property=\"og:image:height\" content=\"405\" \/>\n\t<meta property=\"og:image:type\" content=\"image\/jpeg\" \/>\n<meta name=\"twitter:card\" content=\"summary_large_image\" \/>\n<meta name=\"twitter:label1\" content=\"Ansl. lesetid\" \/>\n\t<meta name=\"twitter:data1\" content=\"2 minutter\" \/>\n<script type=\"application\/ld+json\" class=\"yoast-schema-graph\">{\"@context\":\"https:\/\/schema.org\",\"@graph\":[{\"@type\":\"WebPage\",\"@id\":\"https:\/\/staging.forenteforlag.no\/dreyers\/produkt\/fortellinger-om-motstand\/\",\"url\":\"https:\/\/staging.forenteforlag.no\/dreyers\/produkt\/fortellinger-om-motstand\/\",\"name\":\"Fortellinger om motstand - Dreyers Forlag\",\"isPartOf\":{\"@id\":\"https:\/\/staging.forenteforlag.no\/dreyers\/#website\"},\"primaryImageOfPage\":{\"@id\":\"https:\/\/staging.forenteforlag.no\/dreyers\/produkt\/fortellinger-om-motstand\/#primaryimage\"},\"image\":{\"@id\":\"https:\/\/staging.forenteforlag.no\/dreyers\/produkt\/fortellinger-om-motstand\/#primaryimage\"},\"thumbnailUrl\":\"https:\/\/staging.forenteforlag.no\/dreyers\/wp-content\/uploads\/sites\/2\/2025\/08\/jpg-8821.jpg\",\"datePublished\":\"2019-03-07T00:00:00+00:00\",\"dateModified\":\"2025-08-27T09:58:51+00:00\",\"breadcrumb\":{\"@id\":\"https:\/\/staging.forenteforlag.no\/dreyers\/produkt\/fortellinger-om-motstand\/#breadcrumb\"},\"inLanguage\":\"nb-NO\",\"potentialAction\":[{\"@type\":\"ReadAction\",\"target\":[\"https:\/\/staging.forenteforlag.no\/dreyers\/produkt\/fortellinger-om-motstand\/\"]}]},{\"@type\":\"ImageObject\",\"inLanguage\":\"nb-NO\",\"@id\":\"https:\/\/staging.forenteforlag.no\/dreyers\/produkt\/fortellinger-om-motstand\/#primaryimage\",\"url\":\"https:\/\/staging.forenteforlag.no\/dreyers\/wp-content\/uploads\/sites\/2\/2025\/08\/jpg-8821.jpg\",\"contentUrl\":\"https:\/\/staging.forenteforlag.no\/dreyers\/wp-content\/uploads\/sites\/2\/2025\/08\/jpg-8821.jpg\",\"width\":283,\"height\":405},{\"@type\":\"BreadcrumbList\",\"@id\":\"https:\/\/staging.forenteforlag.no\/dreyers\/produkt\/fortellinger-om-motstand\/#breadcrumb\",\"itemListElement\":[{\"@type\":\"ListItem\",\"position\":1,\"name\":\"Hjem\",\"item\":\"https:\/\/staging.forenteforlag.no\/dreyers\/\"},{\"@type\":\"ListItem\",\"position\":2,\"name\":\"Alle b\u00f8ker\",\"item\":\"https:\/\/staging.forenteforlag.no\/dreyers\/butikk\/\"},{\"@type\":\"ListItem\",\"position\":3,\"name\":\"Fortellinger om motstand\"}]},{\"@type\":\"WebSite\",\"@id\":\"https:\/\/staging.forenteforlag.no\/dreyers\/#website\",\"url\":\"https:\/\/staging.forenteforlag.no\/dreyers\/\",\"name\":\"Dreyers Forlag\",\"description\":\"\",\"potentialAction\":[{\"@type\":\"SearchAction\",\"target\":{\"@type\":\"EntryPoint\",\"urlTemplate\":\"https:\/\/staging.forenteforlag.no\/dreyers\/?s={search_term_string}\"},\"query-input\":{\"@type\":\"PropertyValueSpecification\",\"valueRequired\":true,\"valueName\":\"search_term_string\"}}],\"inLanguage\":\"nb-NO\"}]}<\/script>\n<!-- \/ Yoast SEO plugin. -->","yoast_head_json":{"title":"Fortellinger om motstand - Dreyers Forlag","robots":{"index":"noindex","follow":"follow","max-snippet":"max-snippet:-1","max-image-preview":"max-image-preview:large","max-video-preview":"max-video-preview:-1"},"og_locale":"nb_NO","og_type":"article","og_title":"Fortellinger om motstand - Dreyers Forlag","og_description":"Mer enn 70 \u00e5r etter at den tok slutt utgis det i Norge hvert eneste \u00e5r massevis av nye b\u00f8ker om andre verdenskrig. Leserne vil ha nye temaer, nye perspektiver og b\u00f8ker basert p\u00e5 nye kilder. N\u00e5r de siste tidsvitner er i ferd med \u00e5 g\u00e5 bort, kan det virke som om trangen til \u00e5 [&hellip;]","og_url":"https:\/\/staging.forenteforlag.no\/dreyers\/produkt\/fortellinger-om-motstand\/","og_site_name":"Dreyers Forlag","article_modified_time":"2025-08-27T09:58:51+00:00","og_image":[{"width":283,"height":405,"url":"https:\/\/staging.forenteforlag.no\/dreyers\/wp-content\/uploads\/sites\/2\/2025\/08\/jpg-8821.jpg","type":"image\/jpeg"}],"twitter_card":"summary_large_image","twitter_misc":{"Ansl. lesetid":"2 minutter"},"schema":{"@context":"https:\/\/schema.org","@graph":[{"@type":"WebPage","@id":"https:\/\/staging.forenteforlag.no\/dreyers\/produkt\/fortellinger-om-motstand\/","url":"https:\/\/staging.forenteforlag.no\/dreyers\/produkt\/fortellinger-om-motstand\/","name":"Fortellinger om motstand - Dreyers Forlag","isPartOf":{"@id":"https:\/\/staging.forenteforlag.no\/dreyers\/#website"},"primaryImageOfPage":{"@id":"https:\/\/staging.forenteforlag.no\/dreyers\/produkt\/fortellinger-om-motstand\/#primaryimage"},"image":{"@id":"https:\/\/staging.forenteforlag.no\/dreyers\/produkt\/fortellinger-om-motstand\/#primaryimage"},"thumbnailUrl":"https:\/\/staging.forenteforlag.no\/dreyers\/wp-content\/uploads\/sites\/2\/2025\/08\/jpg-8821.jpg","datePublished":"2019-03-07T00:00:00+00:00","dateModified":"2025-08-27T09:58:51+00:00","breadcrumb":{"@id":"https:\/\/staging.forenteforlag.no\/dreyers\/produkt\/fortellinger-om-motstand\/#breadcrumb"},"inLanguage":"nb-NO","potentialAction":[{"@type":"ReadAction","target":["https:\/\/staging.forenteforlag.no\/dreyers\/produkt\/fortellinger-om-motstand\/"]}]},{"@type":"ImageObject","inLanguage":"nb-NO","@id":"https:\/\/staging.forenteforlag.no\/dreyers\/produkt\/fortellinger-om-motstand\/#primaryimage","url":"https:\/\/staging.forenteforlag.no\/dreyers\/wp-content\/uploads\/sites\/2\/2025\/08\/jpg-8821.jpg","contentUrl":"https:\/\/staging.forenteforlag.no\/dreyers\/wp-content\/uploads\/sites\/2\/2025\/08\/jpg-8821.jpg","width":283,"height":405},{"@type":"BreadcrumbList","@id":"https:\/\/staging.forenteforlag.no\/dreyers\/produkt\/fortellinger-om-motstand\/#breadcrumb","itemListElement":[{"@type":"ListItem","position":1,"name":"Hjem","item":"https:\/\/staging.forenteforlag.no\/dreyers\/"},{"@type":"ListItem","position":2,"name":"Alle b\u00f8ker","item":"https:\/\/staging.forenteforlag.no\/dreyers\/butikk\/"},{"@type":"ListItem","position":3,"name":"Fortellinger om motstand"}]},{"@type":"WebSite","@id":"https:\/\/staging.forenteforlag.no\/dreyers\/#website","url":"https:\/\/staging.forenteforlag.no\/dreyers\/","name":"Dreyers Forlag","description":"","potentialAction":[{"@type":"SearchAction","target":{"@type":"EntryPoint","urlTemplate":"https:\/\/staging.forenteforlag.no\/dreyers\/?s={search_term_string}"},"query-input":{"@type":"PropertyValueSpecification","valueRequired":true,"valueName":"search_term_string"}}],"inLanguage":"nb-NO"}]}},"_links":{"self":[{"href":"https:\/\/staging.forenteforlag.no\/dreyers\/wp-json\/wp\/v2\/product\/21294","targetHints":{"allow":["GET"]}}],"collection":[{"href":"https:\/\/staging.forenteforlag.no\/dreyers\/wp-json\/wp\/v2\/product"}],"about":[{"href":"https:\/\/staging.forenteforlag.no\/dreyers\/wp-json\/wp\/v2\/types\/product"}],"wp:featuredmedia":[{"embeddable":true,"href":"https:\/\/staging.forenteforlag.no\/dreyers\/wp-json\/wp\/v2\/media\/24372"}],"wp:attachment":[{"href":"https:\/\/staging.forenteforlag.no\/dreyers\/wp-json\/wp\/v2\/media?parent=21294"}],"wp:term":[{"taxonomy":"product_brand","embeddable":true,"href":"https:\/\/staging.forenteforlag.no\/dreyers\/wp-json\/wp\/v2\/product_brand?post=21294"},{"taxonomy":"product_cat","embeddable":true,"href":"https:\/\/staging.forenteforlag.no\/dreyers\/wp-json\/wp\/v2\/product_cat?post=21294"},{"taxonomy":"product_tag","embeddable":true,"href":"https:\/\/staging.forenteforlag.no\/dreyers\/wp-json\/wp\/v2\/product_tag?post=21294"}],"curies":[{"name":"wp","href":"https:\/\/api.w.org\/{rel}","templated":true}]}}