{"id":21292,"date":"2019-03-15T01:00:00","date_gmt":"2019-03-15T00:00:00","guid":{"rendered":"https:\/\/dreyersforlag.forenteforlag.no\/produkt\/identitet\/"},"modified":"2025-08-27T14:13:24","modified_gmt":"2025-08-27T12:13:24","slug":"identitet","status":"publish","type":"product","link":"https:\/\/staging.forenteforlag.no\/dreyers\/produkt\/identitet\/","title":{"rendered":"Identitet"},"content":{"rendered":"<p>Over hele verden styres politikken i \u00f8kende grad av identitetshensyn. Kategorier som nasjonalitet, religion, sekt, rase, etnisitet og kj\u00f8nn har tatt over for bredere, mer inkluderende ideer om hvem vi er. Vi har bygget murer snarere enn bruer.   <\/p>\n<p>I 2014 skrev Francis Fukuyama at amerikanske og globale institusjoner var i ferd med \u00e5 forvitre etter hvert som mektige interessegrupper stadig fikk mer kontroll over staten. To \u00e5r senere gikk sp\u00e5dommene hans i oppfyllelse da flere politiske outsidere kom til makten. Den \u00f8konomiske nasjonalismen og de autorit\u00e6re tendensene deres truer n\u00e5 med \u00e5 destabilisere hele den internasjonale orden. Disse populistiske nasjonalistene s\u00f8ker en direkte karismatisk forbindelse med \u00abfolket\u00bb, som de vanligvis definerer ut fra smale identitetskriterier med en uimotst\u00e5elig appell til en avgrenset gruppe og som ekskluderer store deler av den samlede befolkningen. <\/p>\n<p>Identitet er en sv\u00e6rt betimelig og .n\u00f8dvendig bok: en skarp advarsel om at hvis vi ikke skaper en universell forst\u00e5else av menneskelig verdighet, ford\u00f8mmer vi oss selv til kontinuerlig konflikt.<\/p>\n","protected":false},"excerpt":{"rendered":"<p>Over hele verden styres politikken i \u00f8kende grad av identitetshensyn. Kategorier som nasjonalitet, religion, sekt, rase, etnisitet og kj\u00f8nn har tatt over for bredere, mer inkluderende ideer om hvem vi er. Vi har bygget murer snarere enn bruer. I 2014 skrev Francis Fukuyama at amerikanske og globale institusjoner var i ferd med \u00e5 forvitre etter [&hellip;]<\/p>\n","protected":false},"featured_media":24106,"template":"","meta":{"_acf_changed":false,"inline_featured_image":false},"product_brand":[],"product_cat":[1785,32],"product_tag":[362,375,1724,555,962,392],"class_list":{"0":"post-21292","1":"product","2":"type-product","3":"status-publish","4":"has-post-thumbnail","6":"product_cat-fripris","7":"product_cat-samfunn-og-politikk","8":"product_tag-faglitteratur","9":"product_tag-identitet","10":"product_tag-identitetspolitikk","11":"product_tag-internasjonal-politikk","12":"product_tag-politisk-teori","13":"product_tag-samfunnsanalyse","14":"pa_format-innbundet","16":"first","17":"instock","18":"shipping-taxable","19":"purchasable","20":"product-type-simple"},"acf":{"anmeldelse":null},"yoast_head":"<!-- This site is optimized with the Yoast SEO plugin v26.6 - https:\/\/yoast.com\/wordpress\/plugins\/seo\/ -->\n<title>Identitet - Dreyers Forlag<\/title>\n<meta name=\"robots\" content=\"noindex, follow, max-snippet:-1, max-image-preview:large, max-video-preview:-1\" \/>\n<meta property=\"og:locale\" content=\"nb_NO\" \/>\n<meta property=\"og:type\" content=\"article\" \/>\n<meta property=\"og:title\" content=\"Identitet - Dreyers Forlag\" \/>\n<meta property=\"og:description\" content=\"Over hele verden styres politikken i \u00f8kende grad av identitetshensyn. Kategorier som nasjonalitet, religion, sekt, rase, etnisitet og kj\u00f8nn har tatt over for bredere, mer inkluderende ideer om hvem vi er. Vi har bygget murer snarere enn bruer. I 2014 skrev Francis Fukuyama at amerikanske og globale institusjoner var i ferd med \u00e5 forvitre etter [&hellip;]\" \/>\n<meta property=\"og:url\" content=\"https:\/\/staging.forenteforlag.no\/dreyers\/produkt\/identitet\/\" \/>\n<meta property=\"og:site_name\" content=\"Dreyers Forlag\" \/>\n<meta property=\"article:modified_time\" content=\"2025-08-27T12:13:24+00:00\" \/>\n<meta property=\"og:image\" content=\"https:\/\/staging.forenteforlag.no\/dreyers\/wp-content\/uploads\/sites\/2\/2025\/08\/jpg-6285.jpg\" \/>\n\t<meta property=\"og:image:width\" content=\"283\" \/>\n\t<meta property=\"og:image:height\" content=\"423\" \/>\n\t<meta property=\"og:image:type\" content=\"image\/jpeg\" \/>\n<meta name=\"twitter:card\" content=\"summary_large_image\" \/>\n<meta name=\"twitter:label1\" content=\"Ansl. lesetid\" \/>\n\t<meta name=\"twitter:data1\" content=\"1 minutt\" \/>\n<script type=\"application\/ld+json\" class=\"yoast-schema-graph\">{\"@context\":\"https:\/\/schema.org\",\"@graph\":[{\"@type\":\"WebPage\",\"@id\":\"https:\/\/staging.forenteforlag.no\/dreyers\/produkt\/identitet\/\",\"url\":\"https:\/\/staging.forenteforlag.no\/dreyers\/produkt\/identitet\/\",\"name\":\"Identitet - Dreyers Forlag\",\"isPartOf\":{\"@id\":\"https:\/\/staging.forenteforlag.no\/dreyers\/#website\"},\"primaryImageOfPage\":{\"@id\":\"https:\/\/staging.forenteforlag.no\/dreyers\/produkt\/identitet\/#primaryimage\"},\"image\":{\"@id\":\"https:\/\/staging.forenteforlag.no\/dreyers\/produkt\/identitet\/#primaryimage\"},\"thumbnailUrl\":\"https:\/\/staging.forenteforlag.no\/dreyers\/wp-content\/uploads\/sites\/2\/2025\/08\/jpg-6285.jpg\",\"datePublished\":\"2019-03-15T00:00:00+00:00\",\"dateModified\":\"2025-08-27T12:13:24+00:00\",\"breadcrumb\":{\"@id\":\"https:\/\/staging.forenteforlag.no\/dreyers\/produkt\/identitet\/#breadcrumb\"},\"inLanguage\":\"nb-NO\",\"potentialAction\":[{\"@type\":\"ReadAction\",\"target\":[\"https:\/\/staging.forenteforlag.no\/dreyers\/produkt\/identitet\/\"]}]},{\"@type\":\"ImageObject\",\"inLanguage\":\"nb-NO\",\"@id\":\"https:\/\/staging.forenteforlag.no\/dreyers\/produkt\/identitet\/#primaryimage\",\"url\":\"https:\/\/staging.forenteforlag.no\/dreyers\/wp-content\/uploads\/sites\/2\/2025\/08\/jpg-6285.jpg\",\"contentUrl\":\"https:\/\/staging.forenteforlag.no\/dreyers\/wp-content\/uploads\/sites\/2\/2025\/08\/jpg-6285.jpg\",\"width\":283,\"height\":423},{\"@type\":\"BreadcrumbList\",\"@id\":\"https:\/\/staging.forenteforlag.no\/dreyers\/produkt\/identitet\/#breadcrumb\",\"itemListElement\":[{\"@type\":\"ListItem\",\"position\":1,\"name\":\"Hjem\",\"item\":\"https:\/\/staging.forenteforlag.no\/dreyers\/\"},{\"@type\":\"ListItem\",\"position\":2,\"name\":\"Alle b\u00f8ker\",\"item\":\"https:\/\/staging.forenteforlag.no\/dreyers\/butikk\/\"},{\"@type\":\"ListItem\",\"position\":3,\"name\":\"Identitet\"}]},{\"@type\":\"WebSite\",\"@id\":\"https:\/\/staging.forenteforlag.no\/dreyers\/#website\",\"url\":\"https:\/\/staging.forenteforlag.no\/dreyers\/\",\"name\":\"Dreyers Forlag\",\"description\":\"\",\"potentialAction\":[{\"@type\":\"SearchAction\",\"target\":{\"@type\":\"EntryPoint\",\"urlTemplate\":\"https:\/\/staging.forenteforlag.no\/dreyers\/?s={search_term_string}\"},\"query-input\":{\"@type\":\"PropertyValueSpecification\",\"valueRequired\":true,\"valueName\":\"search_term_string\"}}],\"inLanguage\":\"nb-NO\"}]}<\/script>\n<!-- \/ Yoast SEO plugin. -->","yoast_head_json":{"title":"Identitet - Dreyers Forlag","robots":{"index":"noindex","follow":"follow","max-snippet":"max-snippet:-1","max-image-preview":"max-image-preview:large","max-video-preview":"max-video-preview:-1"},"og_locale":"nb_NO","og_type":"article","og_title":"Identitet - Dreyers Forlag","og_description":"Over hele verden styres politikken i \u00f8kende grad av identitetshensyn. Kategorier som nasjonalitet, religion, sekt, rase, etnisitet og kj\u00f8nn har tatt over for bredere, mer inkluderende ideer om hvem vi er. Vi har bygget murer snarere enn bruer. I 2014 skrev Francis Fukuyama at amerikanske og globale institusjoner var i ferd med \u00e5 forvitre etter [&hellip;]","og_url":"https:\/\/staging.forenteforlag.no\/dreyers\/produkt\/identitet\/","og_site_name":"Dreyers Forlag","article_modified_time":"2025-08-27T12:13:24+00:00","og_image":[{"width":283,"height":423,"url":"https:\/\/staging.forenteforlag.no\/dreyers\/wp-content\/uploads\/sites\/2\/2025\/08\/jpg-6285.jpg","type":"image\/jpeg"}],"twitter_card":"summary_large_image","twitter_misc":{"Ansl. lesetid":"1 minutt"},"schema":{"@context":"https:\/\/schema.org","@graph":[{"@type":"WebPage","@id":"https:\/\/staging.forenteforlag.no\/dreyers\/produkt\/identitet\/","url":"https:\/\/staging.forenteforlag.no\/dreyers\/produkt\/identitet\/","name":"Identitet - Dreyers Forlag","isPartOf":{"@id":"https:\/\/staging.forenteforlag.no\/dreyers\/#website"},"primaryImageOfPage":{"@id":"https:\/\/staging.forenteforlag.no\/dreyers\/produkt\/identitet\/#primaryimage"},"image":{"@id":"https:\/\/staging.forenteforlag.no\/dreyers\/produkt\/identitet\/#primaryimage"},"thumbnailUrl":"https:\/\/staging.forenteforlag.no\/dreyers\/wp-content\/uploads\/sites\/2\/2025\/08\/jpg-6285.jpg","datePublished":"2019-03-15T00:00:00+00:00","dateModified":"2025-08-27T12:13:24+00:00","breadcrumb":{"@id":"https:\/\/staging.forenteforlag.no\/dreyers\/produkt\/identitet\/#breadcrumb"},"inLanguage":"nb-NO","potentialAction":[{"@type":"ReadAction","target":["https:\/\/staging.forenteforlag.no\/dreyers\/produkt\/identitet\/"]}]},{"@type":"ImageObject","inLanguage":"nb-NO","@id":"https:\/\/staging.forenteforlag.no\/dreyers\/produkt\/identitet\/#primaryimage","url":"https:\/\/staging.forenteforlag.no\/dreyers\/wp-content\/uploads\/sites\/2\/2025\/08\/jpg-6285.jpg","contentUrl":"https:\/\/staging.forenteforlag.no\/dreyers\/wp-content\/uploads\/sites\/2\/2025\/08\/jpg-6285.jpg","width":283,"height":423},{"@type":"BreadcrumbList","@id":"https:\/\/staging.forenteforlag.no\/dreyers\/produkt\/identitet\/#breadcrumb","itemListElement":[{"@type":"ListItem","position":1,"name":"Hjem","item":"https:\/\/staging.forenteforlag.no\/dreyers\/"},{"@type":"ListItem","position":2,"name":"Alle b\u00f8ker","item":"https:\/\/staging.forenteforlag.no\/dreyers\/butikk\/"},{"@type":"ListItem","position":3,"name":"Identitet"}]},{"@type":"WebSite","@id":"https:\/\/staging.forenteforlag.no\/dreyers\/#website","url":"https:\/\/staging.forenteforlag.no\/dreyers\/","name":"Dreyers Forlag","description":"","potentialAction":[{"@type":"SearchAction","target":{"@type":"EntryPoint","urlTemplate":"https:\/\/staging.forenteforlag.no\/dreyers\/?s={search_term_string}"},"query-input":{"@type":"PropertyValueSpecification","valueRequired":true,"valueName":"search_term_string"}}],"inLanguage":"nb-NO"}]}},"_links":{"self":[{"href":"https:\/\/staging.forenteforlag.no\/dreyers\/wp-json\/wp\/v2\/product\/21292","targetHints":{"allow":["GET"]}}],"collection":[{"href":"https:\/\/staging.forenteforlag.no\/dreyers\/wp-json\/wp\/v2\/product"}],"about":[{"href":"https:\/\/staging.forenteforlag.no\/dreyers\/wp-json\/wp\/v2\/types\/product"}],"wp:featuredmedia":[{"embeddable":true,"href":"https:\/\/staging.forenteforlag.no\/dreyers\/wp-json\/wp\/v2\/media\/24106"}],"wp:attachment":[{"href":"https:\/\/staging.forenteforlag.no\/dreyers\/wp-json\/wp\/v2\/media?parent=21292"}],"wp:term":[{"taxonomy":"product_brand","embeddable":true,"href":"https:\/\/staging.forenteforlag.no\/dreyers\/wp-json\/wp\/v2\/product_brand?post=21292"},{"taxonomy":"product_cat","embeddable":true,"href":"https:\/\/staging.forenteforlag.no\/dreyers\/wp-json\/wp\/v2\/product_cat?post=21292"},{"taxonomy":"product_tag","embeddable":true,"href":"https:\/\/staging.forenteforlag.no\/dreyers\/wp-json\/wp\/v2\/product_tag?post=21292"}],"curies":[{"name":"wp","href":"https:\/\/api.w.org\/{rel}","templated":true}]}}