{"id":21284,"date":"2019-05-09T02:00:00","date_gmt":"2019-05-09T00:00:00","guid":{"rendered":"https:\/\/dreyersforlag.forenteforlag.no\/produkt\/norsk-litteratur-1830-1875\/"},"modified":"2025-08-27T12:11:09","modified_gmt":"2025-08-27T10:11:09","slug":"norsk-litteratur-1830-1875","status":"publish","type":"product","link":"https:\/\/staging.forenteforlag.no\/dreyers\/produkt\/norsk-litteratur-1830-1875\/","title":{"rendered":"Norsk litteratur 1830-1875"},"content":{"rendered":"<p>Norsk litteratur 1830-1875 er et bredt anlagt fors\u00f8k p\u00e5 \u00e5 forst\u00e5 norsk litteraturhistorie og norsk litteraturforskningshistorie p\u00e5 en ny m\u00e5te, ikke bare for den angitte periode, men hele veien frem mot 2019. Gjennom analyser av begrepene romantikk, realisme og modernisme, slik de har v\u00e6rt brukt i det litter\u00e6re feltet i Norge, lanseres nye forslag til hvordan forholdet mellom disse litteraturhistoriske kjernekategoriene b\u00f8r forst\u00e5s. <\/p>\n<p>Gjennom diskusjoner av de omfattende forskningshistoriene til s\u00e6rlig Henrik Wergeland, Aasmund Olavsson Vinje, Camilla Colletts Amtmandens D\u00f8ttre, Bj\u00f8rnstjerne Bj\u00f8rnsons Synn\u00f8ve Solbakken, noen tidlige skuespill av Henrik Ibsen samt Vinjes forhold til Bj\u00f8rnson, klarlegges de sentrale utviklingslinjene i den litteraturvitenskapelige debatten fra 1830 til i dag. Den litteraturteoretiske betydningen til Johan Sebastian Welhaven, Nicolai Wergeland, A.M. Schweigaard, M.J. Monrad, Ernst Sars, Gerhard Gran, Francis Bull og flere andre diskuteres. Endelig er det en hovedsak \u00e5 unders\u00f8ke likheter og forskjeller mellom det boken kaller idealistiske, realistiske og modernistiske lesem\u00e5ter av litteratur. Blant nyere forskere som vies s\u00e6rlig oppmerksomhet, er Jon Haarberg, Arild Linneberg, Asbj\u00f8rn Aarseth og Toril Moi.<\/p>\n","protected":false},"excerpt":{"rendered":"<p>Norsk litteratur 1830-1875 er et bredt anlagt fors\u00f8k p\u00e5 \u00e5 forst\u00e5 norsk litteraturhistorie og norsk litteraturforskningshistorie p\u00e5 en ny m\u00e5te, ikke bare for den angitte periode, men hele veien frem mot 2019. Gjennom analyser av begrepene romantikk, realisme og modernisme, slik de har v\u00e6rt brukt i det litter\u00e6re feltet i Norge, lanseres nye forslag til [&hellip;]<\/p>\n","protected":false},"featured_media":24397,"template":"","meta":{"_acf_changed":false,"inline_featured_image":false},"product_brand":[],"product_cat":[1785,26],"product_tag":[394,362,497,439],"class_list":{"0":"post-21284","1":"product","2":"type-product","3":"status-publish","4":"has-post-thumbnail","6":"product_cat-fripris","7":"product_cat-kunst-og-kultur","8":"product_tag-1800-tallet","9":"product_tag-faglitteratur","10":"product_tag-litteraturhistorie","11":"product_tag-nord-norge","12":"pa_format-innbundet","14":"first","15":"instock","16":"shipping-taxable","17":"purchasable","18":"product-type-simple"},"acf":{"anmeldelse":null},"yoast_head":"<!-- This site is optimized with the Yoast SEO plugin v26.6 - https:\/\/yoast.com\/wordpress\/plugins\/seo\/ -->\n<title>Norsk litteratur 1830-1875 - Dreyers Forlag<\/title>\n<meta name=\"robots\" content=\"noindex, follow, max-snippet:-1, max-image-preview:large, max-video-preview:-1\" \/>\n<meta property=\"og:locale\" content=\"nb_NO\" \/>\n<meta property=\"og:type\" content=\"article\" \/>\n<meta property=\"og:title\" content=\"Norsk litteratur 1830-1875 - Dreyers Forlag\" \/>\n<meta property=\"og:description\" content=\"Norsk litteratur 1830-1875 er et bredt anlagt fors\u00f8k p\u00e5 \u00e5 forst\u00e5 norsk litteraturhistorie og norsk litteraturforskningshistorie p\u00e5 en ny m\u00e5te, ikke bare for den angitte periode, men hele veien frem mot 2019. Gjennom analyser av begrepene romantikk, realisme og modernisme, slik de har v\u00e6rt brukt i det litter\u00e6re feltet i Norge, lanseres nye forslag til [&hellip;]\" \/>\n<meta property=\"og:url\" content=\"https:\/\/staging.forenteforlag.no\/dreyers\/produkt\/norsk-litteratur-1830-1875\/\" \/>\n<meta property=\"og:site_name\" content=\"Dreyers Forlag\" \/>\n<meta property=\"article:modified_time\" content=\"2025-08-27T10:11:09+00:00\" \/>\n<meta property=\"og:image\" content=\"https:\/\/staging.forenteforlag.no\/dreyers\/wp-content\/uploads\/sites\/2\/2025\/08\/jpg-9013.jpg\" \/>\n\t<meta property=\"og:image:width\" content=\"283\" \/>\n\t<meta property=\"og:image:height\" content=\"400\" \/>\n\t<meta property=\"og:image:type\" content=\"image\/jpeg\" \/>\n<meta name=\"twitter:card\" content=\"summary_large_image\" \/>\n<meta name=\"twitter:label1\" content=\"Ansl. lesetid\" \/>\n\t<meta name=\"twitter:data1\" content=\"1 minutt\" \/>\n<script type=\"application\/ld+json\" class=\"yoast-schema-graph\">{\"@context\":\"https:\/\/schema.org\",\"@graph\":[{\"@type\":\"WebPage\",\"@id\":\"https:\/\/staging.forenteforlag.no\/dreyers\/produkt\/norsk-litteratur-1830-1875\/\",\"url\":\"https:\/\/staging.forenteforlag.no\/dreyers\/produkt\/norsk-litteratur-1830-1875\/\",\"name\":\"Norsk litteratur 1830-1875 - Dreyers Forlag\",\"isPartOf\":{\"@id\":\"https:\/\/staging.forenteforlag.no\/dreyers\/#website\"},\"primaryImageOfPage\":{\"@id\":\"https:\/\/staging.forenteforlag.no\/dreyers\/produkt\/norsk-litteratur-1830-1875\/#primaryimage\"},\"image\":{\"@id\":\"https:\/\/staging.forenteforlag.no\/dreyers\/produkt\/norsk-litteratur-1830-1875\/#primaryimage\"},\"thumbnailUrl\":\"https:\/\/staging.forenteforlag.no\/dreyers\/wp-content\/uploads\/sites\/2\/2025\/08\/jpg-9013.jpg\",\"datePublished\":\"2019-05-09T00:00:00+00:00\",\"dateModified\":\"2025-08-27T10:11:09+00:00\",\"breadcrumb\":{\"@id\":\"https:\/\/staging.forenteforlag.no\/dreyers\/produkt\/norsk-litteratur-1830-1875\/#breadcrumb\"},\"inLanguage\":\"nb-NO\",\"potentialAction\":[{\"@type\":\"ReadAction\",\"target\":[\"https:\/\/staging.forenteforlag.no\/dreyers\/produkt\/norsk-litteratur-1830-1875\/\"]}]},{\"@type\":\"ImageObject\",\"inLanguage\":\"nb-NO\",\"@id\":\"https:\/\/staging.forenteforlag.no\/dreyers\/produkt\/norsk-litteratur-1830-1875\/#primaryimage\",\"url\":\"https:\/\/staging.forenteforlag.no\/dreyers\/wp-content\/uploads\/sites\/2\/2025\/08\/jpg-9013.jpg\",\"contentUrl\":\"https:\/\/staging.forenteforlag.no\/dreyers\/wp-content\/uploads\/sites\/2\/2025\/08\/jpg-9013.jpg\",\"width\":283,\"height\":400},{\"@type\":\"BreadcrumbList\",\"@id\":\"https:\/\/staging.forenteforlag.no\/dreyers\/produkt\/norsk-litteratur-1830-1875\/#breadcrumb\",\"itemListElement\":[{\"@type\":\"ListItem\",\"position\":1,\"name\":\"Hjem\",\"item\":\"https:\/\/staging.forenteforlag.no\/dreyers\/\"},{\"@type\":\"ListItem\",\"position\":2,\"name\":\"Alle b\u00f8ker\",\"item\":\"https:\/\/staging.forenteforlag.no\/dreyers\/butikk\/\"},{\"@type\":\"ListItem\",\"position\":3,\"name\":\"Norsk litteratur 1830-1875\"}]},{\"@type\":\"WebSite\",\"@id\":\"https:\/\/staging.forenteforlag.no\/dreyers\/#website\",\"url\":\"https:\/\/staging.forenteforlag.no\/dreyers\/\",\"name\":\"Dreyers Forlag\",\"description\":\"\",\"potentialAction\":[{\"@type\":\"SearchAction\",\"target\":{\"@type\":\"EntryPoint\",\"urlTemplate\":\"https:\/\/staging.forenteforlag.no\/dreyers\/?s={search_term_string}\"},\"query-input\":{\"@type\":\"PropertyValueSpecification\",\"valueRequired\":true,\"valueName\":\"search_term_string\"}}],\"inLanguage\":\"nb-NO\"}]}<\/script>\n<!-- \/ Yoast SEO plugin. -->","yoast_head_json":{"title":"Norsk litteratur 1830-1875 - Dreyers Forlag","robots":{"index":"noindex","follow":"follow","max-snippet":"max-snippet:-1","max-image-preview":"max-image-preview:large","max-video-preview":"max-video-preview:-1"},"og_locale":"nb_NO","og_type":"article","og_title":"Norsk litteratur 1830-1875 - Dreyers Forlag","og_description":"Norsk litteratur 1830-1875 er et bredt anlagt fors\u00f8k p\u00e5 \u00e5 forst\u00e5 norsk litteraturhistorie og norsk litteraturforskningshistorie p\u00e5 en ny m\u00e5te, ikke bare for den angitte periode, men hele veien frem mot 2019. Gjennom analyser av begrepene romantikk, realisme og modernisme, slik de har v\u00e6rt brukt i det litter\u00e6re feltet i Norge, lanseres nye forslag til [&hellip;]","og_url":"https:\/\/staging.forenteforlag.no\/dreyers\/produkt\/norsk-litteratur-1830-1875\/","og_site_name":"Dreyers Forlag","article_modified_time":"2025-08-27T10:11:09+00:00","og_image":[{"width":283,"height":400,"url":"https:\/\/staging.forenteforlag.no\/dreyers\/wp-content\/uploads\/sites\/2\/2025\/08\/jpg-9013.jpg","type":"image\/jpeg"}],"twitter_card":"summary_large_image","twitter_misc":{"Ansl. lesetid":"1 minutt"},"schema":{"@context":"https:\/\/schema.org","@graph":[{"@type":"WebPage","@id":"https:\/\/staging.forenteforlag.no\/dreyers\/produkt\/norsk-litteratur-1830-1875\/","url":"https:\/\/staging.forenteforlag.no\/dreyers\/produkt\/norsk-litteratur-1830-1875\/","name":"Norsk litteratur 1830-1875 - Dreyers Forlag","isPartOf":{"@id":"https:\/\/staging.forenteforlag.no\/dreyers\/#website"},"primaryImageOfPage":{"@id":"https:\/\/staging.forenteforlag.no\/dreyers\/produkt\/norsk-litteratur-1830-1875\/#primaryimage"},"image":{"@id":"https:\/\/staging.forenteforlag.no\/dreyers\/produkt\/norsk-litteratur-1830-1875\/#primaryimage"},"thumbnailUrl":"https:\/\/staging.forenteforlag.no\/dreyers\/wp-content\/uploads\/sites\/2\/2025\/08\/jpg-9013.jpg","datePublished":"2019-05-09T00:00:00+00:00","dateModified":"2025-08-27T10:11:09+00:00","breadcrumb":{"@id":"https:\/\/staging.forenteforlag.no\/dreyers\/produkt\/norsk-litteratur-1830-1875\/#breadcrumb"},"inLanguage":"nb-NO","potentialAction":[{"@type":"ReadAction","target":["https:\/\/staging.forenteforlag.no\/dreyers\/produkt\/norsk-litteratur-1830-1875\/"]}]},{"@type":"ImageObject","inLanguage":"nb-NO","@id":"https:\/\/staging.forenteforlag.no\/dreyers\/produkt\/norsk-litteratur-1830-1875\/#primaryimage","url":"https:\/\/staging.forenteforlag.no\/dreyers\/wp-content\/uploads\/sites\/2\/2025\/08\/jpg-9013.jpg","contentUrl":"https:\/\/staging.forenteforlag.no\/dreyers\/wp-content\/uploads\/sites\/2\/2025\/08\/jpg-9013.jpg","width":283,"height":400},{"@type":"BreadcrumbList","@id":"https:\/\/staging.forenteforlag.no\/dreyers\/produkt\/norsk-litteratur-1830-1875\/#breadcrumb","itemListElement":[{"@type":"ListItem","position":1,"name":"Hjem","item":"https:\/\/staging.forenteforlag.no\/dreyers\/"},{"@type":"ListItem","position":2,"name":"Alle b\u00f8ker","item":"https:\/\/staging.forenteforlag.no\/dreyers\/butikk\/"},{"@type":"ListItem","position":3,"name":"Norsk litteratur 1830-1875"}]},{"@type":"WebSite","@id":"https:\/\/staging.forenteforlag.no\/dreyers\/#website","url":"https:\/\/staging.forenteforlag.no\/dreyers\/","name":"Dreyers Forlag","description":"","potentialAction":[{"@type":"SearchAction","target":{"@type":"EntryPoint","urlTemplate":"https:\/\/staging.forenteforlag.no\/dreyers\/?s={search_term_string}"},"query-input":{"@type":"PropertyValueSpecification","valueRequired":true,"valueName":"search_term_string"}}],"inLanguage":"nb-NO"}]}},"_links":{"self":[{"href":"https:\/\/staging.forenteforlag.no\/dreyers\/wp-json\/wp\/v2\/product\/21284","targetHints":{"allow":["GET"]}}],"collection":[{"href":"https:\/\/staging.forenteforlag.no\/dreyers\/wp-json\/wp\/v2\/product"}],"about":[{"href":"https:\/\/staging.forenteforlag.no\/dreyers\/wp-json\/wp\/v2\/types\/product"}],"wp:featuredmedia":[{"embeddable":true,"href":"https:\/\/staging.forenteforlag.no\/dreyers\/wp-json\/wp\/v2\/media\/24397"}],"wp:attachment":[{"href":"https:\/\/staging.forenteforlag.no\/dreyers\/wp-json\/wp\/v2\/media?parent=21284"}],"wp:term":[{"taxonomy":"product_brand","embeddable":true,"href":"https:\/\/staging.forenteforlag.no\/dreyers\/wp-json\/wp\/v2\/product_brand?post=21284"},{"taxonomy":"product_cat","embeddable":true,"href":"https:\/\/staging.forenteforlag.no\/dreyers\/wp-json\/wp\/v2\/product_cat?post=21284"},{"taxonomy":"product_tag","embeddable":true,"href":"https:\/\/staging.forenteforlag.no\/dreyers\/wp-json\/wp\/v2\/product_tag?post=21284"}],"curies":[{"name":"wp","href":"https:\/\/api.w.org\/{rel}","templated":true}]}}