{"id":21282,"date":"2019-10-18T02:00:00","date_gmt":"2019-10-18T00:00:00","guid":{"rendered":"https:\/\/dreyersforlag.forenteforlag.no\/produkt\/fragmenter-av-fortid\/"},"modified":"2025-09-04T13:35:46","modified_gmt":"2025-09-04T11:35:46","slug":"fragmenter-av-fortid","status":"publish","type":"product","link":"https:\/\/staging.forenteforlag.no\/dreyers\/produkt\/fragmenter-av-fortid\/","title":{"rendered":"Fragmenter av fortid"},"content":{"rendered":"<p>En av de mange \u00abvendingene\u00bb i russisk politikk, kultur og samfunnsliv fra omkring \u00e5rtusenskiftet er den vi ser i kulturpolitikken, og da kanskje f\u00f8rst og fremst i historiepolitikken og minnekulturen. Eksempler fra de siste ti\u00e5renes l\u00e6reb\u00f8ker i historie, minnesmerker og utstillinger viser hvordan fortiden for styresmaktene fremst\u00e5r som en ressurs. Historien blir en symbolsk kapital, der patriotisme, historisk kontinuitet og nasjonal enhet st\u00e5r i h\u00f8ysetet.<\/p>\n<p>Ogs\u00e5 litteraturen kan ses som en del av den kollektive erindringskulturen, om enn med en mindre tydelig agenda. Tradisjonelt har skj\u00f8nnlitteraturen og dens forfattere spilt en viktig rolle i russisk samfunnsdebatt, og p\u00e5 2000-tallet har elementer av denne tradisjonen gjenoppst\u00e5tt i nye former. Denne boken analyserer russiske prosaverker fra 1999 til 2018 med henblikk p\u00e5 hvordan de tematiserer, bearbeider eller setter sp\u00f8rsm\u00e5lstegn ved fortiden, b\u00e5de det 20. \u00e5rhundrets totalit\u00e6re erfaringer og den fjernere fortiden, tilbake til 1400- og 1500-tallet. Litteraturens bud om hvordan man skal f\u00e5 bukt med historien er sjelden enkle, men desto mer spennende.<\/p>\n","protected":false},"excerpt":{"rendered":"<p>En av de mange \u00abvendingene\u00bb i russisk politikk, kultur og samfunnsliv fra omkring \u00e5rtusenskiftet er den vi ser i kulturpolitikken, og da kanskje f\u00f8rst og fremst i historiepolitikken og minnekulturen. Eksempler fra de siste ti\u00e5renes l\u00e6reb\u00f8ker i historie, minnesmerker og utstillinger viser hvordan fortiden for styresmaktene fremst\u00e5r som en ressurs. Historien blir en symbolsk kapital, [&hellip;]<\/p>\n","protected":false},"featured_media":24460,"template":"","meta":{"_acf_changed":false,"inline_featured_image":false},"product_brand":[],"product_cat":[1785,26],"product_tag":[364,367,362,665,497,532],"class_list":{"0":"post-21282","1":"product","2":"type-product","3":"status-publish","4":"has-post-thumbnail","6":"product_cat-fripris","7":"product_cat-kunst-og-kultur","8":"product_tag-2000-2009","9":"product_tag-2010-2019","10":"product_tag-faglitteratur","11":"product_tag-litteraer-analyse","12":"product_tag-litteraturhistorie","13":"product_tag-russland","14":"pa_format-mykperm","16":"first","17":"instock","18":"shipping-taxable","19":"purchasable","20":"product-type-simple"},"acf":{"anmeldelse":null},"yoast_head":"<!-- This site is optimized with the Yoast SEO plugin v26.6 - https:\/\/yoast.com\/wordpress\/plugins\/seo\/ -->\n<title>Fragmenter av fortid - Dreyers Forlag<\/title>\n<meta name=\"robots\" content=\"noindex, follow, max-snippet:-1, max-image-preview:large, max-video-preview:-1\" \/>\n<meta property=\"og:locale\" content=\"nb_NO\" \/>\n<meta property=\"og:type\" content=\"article\" \/>\n<meta property=\"og:title\" content=\"Fragmenter av fortid - Dreyers Forlag\" \/>\n<meta property=\"og:description\" content=\"En av de mange \u00abvendingene\u00bb i russisk politikk, kultur og samfunnsliv fra omkring \u00e5rtusenskiftet er den vi ser i kulturpolitikken, og da kanskje f\u00f8rst og fremst i historiepolitikken og minnekulturen. Eksempler fra de siste ti\u00e5renes l\u00e6reb\u00f8ker i historie, minnesmerker og utstillinger viser hvordan fortiden for styresmaktene fremst\u00e5r som en ressurs. Historien blir en symbolsk kapital, [&hellip;]\" \/>\n<meta property=\"og:url\" content=\"https:\/\/staging.forenteforlag.no\/dreyers\/produkt\/fragmenter-av-fortid\/\" \/>\n<meta property=\"og:site_name\" content=\"Dreyers Forlag\" \/>\n<meta property=\"article:modified_time\" content=\"2025-09-04T11:35:46+00:00\" \/>\n<meta property=\"og:image\" content=\"https:\/\/staging.forenteforlag.no\/dreyers\/wp-content\/uploads\/sites\/2\/2025\/08\/jpg-9587-scaled.jpg\" \/>\n\t<meta property=\"og:image:width\" content=\"1200\" \/>\n\t<meta property=\"og:image:height\" content=\"1920\" \/>\n\t<meta property=\"og:image:type\" content=\"image\/jpeg\" \/>\n<meta name=\"twitter:card\" content=\"summary_large_image\" \/>\n<meta name=\"twitter:label1\" content=\"Ansl. lesetid\" \/>\n\t<meta name=\"twitter:data1\" content=\"1 minutt\" \/>\n<script type=\"application\/ld+json\" class=\"yoast-schema-graph\">{\"@context\":\"https:\/\/schema.org\",\"@graph\":[{\"@type\":\"WebPage\",\"@id\":\"https:\/\/staging.forenteforlag.no\/dreyers\/produkt\/fragmenter-av-fortid\/\",\"url\":\"https:\/\/staging.forenteforlag.no\/dreyers\/produkt\/fragmenter-av-fortid\/\",\"name\":\"Fragmenter av fortid - Dreyers Forlag\",\"isPartOf\":{\"@id\":\"https:\/\/staging.forenteforlag.no\/dreyers\/#website\"},\"primaryImageOfPage\":{\"@id\":\"https:\/\/staging.forenteforlag.no\/dreyers\/produkt\/fragmenter-av-fortid\/#primaryimage\"},\"image\":{\"@id\":\"https:\/\/staging.forenteforlag.no\/dreyers\/produkt\/fragmenter-av-fortid\/#primaryimage\"},\"thumbnailUrl\":\"https:\/\/staging.forenteforlag.no\/dreyers\/wp-content\/uploads\/sites\/2\/2025\/08\/jpg-9587-scaled.jpg\",\"datePublished\":\"2019-10-18T00:00:00+00:00\",\"dateModified\":\"2025-09-04T11:35:46+00:00\",\"breadcrumb\":{\"@id\":\"https:\/\/staging.forenteforlag.no\/dreyers\/produkt\/fragmenter-av-fortid\/#breadcrumb\"},\"inLanguage\":\"nb-NO\",\"potentialAction\":[{\"@type\":\"ReadAction\",\"target\":[\"https:\/\/staging.forenteforlag.no\/dreyers\/produkt\/fragmenter-av-fortid\/\"]}]},{\"@type\":\"ImageObject\",\"inLanguage\":\"nb-NO\",\"@id\":\"https:\/\/staging.forenteforlag.no\/dreyers\/produkt\/fragmenter-av-fortid\/#primaryimage\",\"url\":\"https:\/\/staging.forenteforlag.no\/dreyers\/wp-content\/uploads\/sites\/2\/2025\/08\/jpg-9587-scaled.jpg\",\"contentUrl\":\"https:\/\/staging.forenteforlag.no\/dreyers\/wp-content\/uploads\/sites\/2\/2025\/08\/jpg-9587-scaled.jpg\",\"width\":1200,\"height\":1920},{\"@type\":\"BreadcrumbList\",\"@id\":\"https:\/\/staging.forenteforlag.no\/dreyers\/produkt\/fragmenter-av-fortid\/#breadcrumb\",\"itemListElement\":[{\"@type\":\"ListItem\",\"position\":1,\"name\":\"Hjem\",\"item\":\"https:\/\/staging.forenteforlag.no\/dreyers\/\"},{\"@type\":\"ListItem\",\"position\":2,\"name\":\"Alle b\u00f8ker\",\"item\":\"https:\/\/staging.forenteforlag.no\/dreyers\/butikk\/\"},{\"@type\":\"ListItem\",\"position\":3,\"name\":\"Fragmenter av fortid\"}]},{\"@type\":\"WebSite\",\"@id\":\"https:\/\/staging.forenteforlag.no\/dreyers\/#website\",\"url\":\"https:\/\/staging.forenteforlag.no\/dreyers\/\",\"name\":\"Dreyers Forlag\",\"description\":\"\",\"potentialAction\":[{\"@type\":\"SearchAction\",\"target\":{\"@type\":\"EntryPoint\",\"urlTemplate\":\"https:\/\/staging.forenteforlag.no\/dreyers\/?s={search_term_string}\"},\"query-input\":{\"@type\":\"PropertyValueSpecification\",\"valueRequired\":true,\"valueName\":\"search_term_string\"}}],\"inLanguage\":\"nb-NO\"}]}<\/script>\n<!-- \/ Yoast SEO plugin. -->","yoast_head_json":{"title":"Fragmenter av fortid - Dreyers Forlag","robots":{"index":"noindex","follow":"follow","max-snippet":"max-snippet:-1","max-image-preview":"max-image-preview:large","max-video-preview":"max-video-preview:-1"},"og_locale":"nb_NO","og_type":"article","og_title":"Fragmenter av fortid - Dreyers Forlag","og_description":"En av de mange \u00abvendingene\u00bb i russisk politikk, kultur og samfunnsliv fra omkring \u00e5rtusenskiftet er den vi ser i kulturpolitikken, og da kanskje f\u00f8rst og fremst i historiepolitikken og minnekulturen. Eksempler fra de siste ti\u00e5renes l\u00e6reb\u00f8ker i historie, minnesmerker og utstillinger viser hvordan fortiden for styresmaktene fremst\u00e5r som en ressurs. Historien blir en symbolsk kapital, [&hellip;]","og_url":"https:\/\/staging.forenteforlag.no\/dreyers\/produkt\/fragmenter-av-fortid\/","og_site_name":"Dreyers Forlag","article_modified_time":"2025-09-04T11:35:46+00:00","og_image":[{"width":1200,"height":1920,"url":"https:\/\/staging.forenteforlag.no\/dreyers\/wp-content\/uploads\/sites\/2\/2025\/08\/jpg-9587-scaled.jpg","type":"image\/jpeg"}],"twitter_card":"summary_large_image","twitter_misc":{"Ansl. lesetid":"1 minutt"},"schema":{"@context":"https:\/\/schema.org","@graph":[{"@type":"WebPage","@id":"https:\/\/staging.forenteforlag.no\/dreyers\/produkt\/fragmenter-av-fortid\/","url":"https:\/\/staging.forenteforlag.no\/dreyers\/produkt\/fragmenter-av-fortid\/","name":"Fragmenter av fortid - Dreyers Forlag","isPartOf":{"@id":"https:\/\/staging.forenteforlag.no\/dreyers\/#website"},"primaryImageOfPage":{"@id":"https:\/\/staging.forenteforlag.no\/dreyers\/produkt\/fragmenter-av-fortid\/#primaryimage"},"image":{"@id":"https:\/\/staging.forenteforlag.no\/dreyers\/produkt\/fragmenter-av-fortid\/#primaryimage"},"thumbnailUrl":"https:\/\/staging.forenteforlag.no\/dreyers\/wp-content\/uploads\/sites\/2\/2025\/08\/jpg-9587-scaled.jpg","datePublished":"2019-10-18T00:00:00+00:00","dateModified":"2025-09-04T11:35:46+00:00","breadcrumb":{"@id":"https:\/\/staging.forenteforlag.no\/dreyers\/produkt\/fragmenter-av-fortid\/#breadcrumb"},"inLanguage":"nb-NO","potentialAction":[{"@type":"ReadAction","target":["https:\/\/staging.forenteforlag.no\/dreyers\/produkt\/fragmenter-av-fortid\/"]}]},{"@type":"ImageObject","inLanguage":"nb-NO","@id":"https:\/\/staging.forenteforlag.no\/dreyers\/produkt\/fragmenter-av-fortid\/#primaryimage","url":"https:\/\/staging.forenteforlag.no\/dreyers\/wp-content\/uploads\/sites\/2\/2025\/08\/jpg-9587-scaled.jpg","contentUrl":"https:\/\/staging.forenteforlag.no\/dreyers\/wp-content\/uploads\/sites\/2\/2025\/08\/jpg-9587-scaled.jpg","width":1200,"height":1920},{"@type":"BreadcrumbList","@id":"https:\/\/staging.forenteforlag.no\/dreyers\/produkt\/fragmenter-av-fortid\/#breadcrumb","itemListElement":[{"@type":"ListItem","position":1,"name":"Hjem","item":"https:\/\/staging.forenteforlag.no\/dreyers\/"},{"@type":"ListItem","position":2,"name":"Alle b\u00f8ker","item":"https:\/\/staging.forenteforlag.no\/dreyers\/butikk\/"},{"@type":"ListItem","position":3,"name":"Fragmenter av fortid"}]},{"@type":"WebSite","@id":"https:\/\/staging.forenteforlag.no\/dreyers\/#website","url":"https:\/\/staging.forenteforlag.no\/dreyers\/","name":"Dreyers Forlag","description":"","potentialAction":[{"@type":"SearchAction","target":{"@type":"EntryPoint","urlTemplate":"https:\/\/staging.forenteforlag.no\/dreyers\/?s={search_term_string}"},"query-input":{"@type":"PropertyValueSpecification","valueRequired":true,"valueName":"search_term_string"}}],"inLanguage":"nb-NO"}]}},"_links":{"self":[{"href":"https:\/\/staging.forenteforlag.no\/dreyers\/wp-json\/wp\/v2\/product\/21282","targetHints":{"allow":["GET"]}}],"collection":[{"href":"https:\/\/staging.forenteforlag.no\/dreyers\/wp-json\/wp\/v2\/product"}],"about":[{"href":"https:\/\/staging.forenteforlag.no\/dreyers\/wp-json\/wp\/v2\/types\/product"}],"wp:featuredmedia":[{"embeddable":true,"href":"https:\/\/staging.forenteforlag.no\/dreyers\/wp-json\/wp\/v2\/media\/24460"}],"wp:attachment":[{"href":"https:\/\/staging.forenteforlag.no\/dreyers\/wp-json\/wp\/v2\/media?parent=21282"}],"wp:term":[{"taxonomy":"product_brand","embeddable":true,"href":"https:\/\/staging.forenteforlag.no\/dreyers\/wp-json\/wp\/v2\/product_brand?post=21282"},{"taxonomy":"product_cat","embeddable":true,"href":"https:\/\/staging.forenteforlag.no\/dreyers\/wp-json\/wp\/v2\/product_cat?post=21282"},{"taxonomy":"product_tag","embeddable":true,"href":"https:\/\/staging.forenteforlag.no\/dreyers\/wp-json\/wp\/v2\/product_tag?post=21282"}],"curies":[{"name":"wp","href":"https:\/\/api.w.org\/{rel}","templated":true}]}}